{"id":109,"date":"2017-06-26T12:21:40","date_gmt":"2017-06-26T12:21:40","guid":{"rendered":"http:\/\/sites.ipleiria.pt\/miaa\/?page_id=109"},"modified":"2019-01-30T16:51:22","modified_gmt":"2019-01-30T16:51:22","slug":"escultura-em-vidro-com-francisco-santos","status":"publish","type":"page","link":"https:\/\/sites.ipleiria.pt\/miaa\/escultura-em-vidro-com-francisco-santos\/","title":{"rendered":"\u00abEscultura em vidro\u00bb com Francisco Santos"},"content":{"rendered":"<p><img loading=\"lazy\" decoding=\"async\" class=\"size-full wp-image-159 aligncenter\" src=\"http:\/\/sites.ipleiria.pt\/miaa\/files\/2017\/06\/Untixtled.png\" alt=\"\" width=\"774\" height=\"581\" srcset=\"https:\/\/sites.ipleiria.pt\/miaa\/files\/2017\/06\/Untixtled.png 774w, https:\/\/sites.ipleiria.pt\/miaa\/files\/2017\/06\/Untixtled-300x225.png 300w, https:\/\/sites.ipleiria.pt\/miaa\/files\/2017\/06\/Untixtled-768x576.png 768w\" sizes=\"auto, (max-width: 774px) 100vw, 774px\" \/><\/p>\n<p>Francisco Santos, artista pl\u00e1stico, no contexto da UC de Laborat\u00f3rio de Artes Pl\u00e1sticas. Nesta aula, o orador apresentou as obras mais emblem\u00e1ticas do seu percurso \u00a0enquanto artista pl\u00e1stico e as obras da exposi\u00e7\u00e3o \u00abO afinador de sil\u00eancios\u00bb. Foram tamb\u00e9m realizadas algumas experi\u00eancias pr\u00e1ticas de transforma\u00e7\u00e3o do vidro, nas quais os estudantes puderam construir algumas pe\u00e7as atrav\u00e9s da t\u00e9cnica de <em>fuzzing<\/em>.<\/p>\n","protected":false},"excerpt":{"rendered":"<p>Francisco Santos, artista pl\u00e1stico, no contexto da UC de Laborat\u00f3rio de Artes Pl\u00e1sticas. Nesta aula, o orador apresentou as obras mais emblem\u00e1ticas do seu percurso \u00a0enquanto artista pl\u00e1stico e as&#8230;<\/p>\n","protected":false},"author":2694,"featured_media":0,"parent":0,"menu_order":0,"comment_status":"closed","ping_status":"closed","template":"templates\/full-width.php","meta":{"footnotes":""},"class_list":["post-109","page","type-page","status-publish","hentry"],"_links":{"self":[{"href":"https:\/\/sites.ipleiria.pt\/miaa\/wp-json\/wp\/v2\/pages\/109","targetHints":{"allow":["GET"]}}],"collection":[{"href":"https:\/\/sites.ipleiria.pt\/miaa\/wp-json\/wp\/v2\/pages"}],"about":[{"href":"https:\/\/sites.ipleiria.pt\/miaa\/wp-json\/wp\/v2\/types\/page"}],"author":[{"embeddable":true,"href":"https:\/\/sites.ipleiria.pt\/miaa\/wp-json\/wp\/v2\/users\/2694"}],"replies":[{"embeddable":true,"href":"https:\/\/sites.ipleiria.pt\/miaa\/wp-json\/wp\/v2\/comments?post=109"}],"version-history":[{"count":5,"href":"https:\/\/sites.ipleiria.pt\/miaa\/wp-json\/wp\/v2\/pages\/109\/revisions"}],"predecessor-version":[{"id":631,"href":"https:\/\/sites.ipleiria.pt\/miaa\/wp-json\/wp\/v2\/pages\/109\/revisions\/631"}],"wp:attachment":[{"href":"https:\/\/sites.ipleiria.pt\/miaa\/wp-json\/wp\/v2\/media?parent=109"}],"curies":[{"name":"wp","href":"https:\/\/api.w.org\/{rel}","templated":true}]}}