{"id":112,"date":"2017-06-26T12:22:03","date_gmt":"2017-06-26T12:22:03","guid":{"rendered":"http:\/\/sites.ipleiria.pt\/miaa\/?page_id=112"},"modified":"2017-06-26T12:22:03","modified_gmt":"2017-06-26T12:22:03","slug":"a-danca-como-forma-de-inclusao","status":"publish","type":"page","link":"https:\/\/sites.ipleiria.pt\/miaa\/a-danca-como-forma-de-inclusao\/","title":{"rendered":"\u00abA Dan\u00e7a como Forma de Inclus\u00e3o\u00bb"},"content":{"rendered":"<p>Projeto Daqui P\u00b4ra C\u00e1 \u2013 Associa\u00e7\u00e3o Impulsar e Escola de Dan\u00e7a Clara Le\u00e3o, no contexto da UC de Artes como Estrat\u00e9gia de Anima\u00e7\u00e3o.<\/p>\n","protected":false},"excerpt":{"rendered":"<p>Projeto Daqui P\u00b4ra C\u00e1 \u2013 Associa\u00e7\u00e3o Impulsar e Escola de Dan\u00e7a Clara Le\u00e3o, no contexto da UC de Artes como Estrat\u00e9gia de Anima\u00e7\u00e3o.<\/p>\n","protected":false},"author":2694,"featured_media":0,"parent":0,"menu_order":0,"comment_status":"closed","ping_status":"closed","template":"","meta":{"footnotes":""},"class_list":["post-112","page","type-page","status-publish","hentry"],"_links":{"self":[{"href":"https:\/\/sites.ipleiria.pt\/miaa\/wp-json\/wp\/v2\/pages\/112","targetHints":{"allow":["GET"]}}],"collection":[{"href":"https:\/\/sites.ipleiria.pt\/miaa\/wp-json\/wp\/v2\/pages"}],"about":[{"href":"https:\/\/sites.ipleiria.pt\/miaa\/wp-json\/wp\/v2\/types\/page"}],"author":[{"embeddable":true,"href":"https:\/\/sites.ipleiria.pt\/miaa\/wp-json\/wp\/v2\/users\/2694"}],"replies":[{"embeddable":true,"href":"https:\/\/sites.ipleiria.pt\/miaa\/wp-json\/wp\/v2\/comments?post=112"}],"version-history":[{"count":1,"href":"https:\/\/sites.ipleiria.pt\/miaa\/wp-json\/wp\/v2\/pages\/112\/revisions"}],"predecessor-version":[{"id":114,"href":"https:\/\/sites.ipleiria.pt\/miaa\/wp-json\/wp\/v2\/pages\/112\/revisions\/114"}],"wp:attachment":[{"href":"https:\/\/sites.ipleiria.pt\/miaa\/wp-json\/wp\/v2\/media?parent=112"}],"curies":[{"name":"wp","href":"https:\/\/api.w.org\/{rel}","templated":true}]}}