{"id":115,"date":"2017-06-26T12:22:23","date_gmt":"2017-06-26T12:22:23","guid":{"rendered":"http:\/\/sites.ipleiria.pt\/miaa\/?page_id=115"},"modified":"2017-06-26T12:22:23","modified_gmt":"2017-06-26T12:22:23","slug":"as-artes-na-intervencao-com-a-populacao-idosa-reflexoes-e-praticas","status":"publish","type":"page","link":"https:\/\/sites.ipleiria.pt\/miaa\/as-artes-na-intervencao-com-a-populacao-idosa-reflexoes-e-praticas\/","title":{"rendered":"\u00abAs Artes na Interven\u00e7\u00e3o com a popula\u00e7\u00e3o idosa: reflex\u00f5es e pr\u00e1ticas\u00bb"},"content":{"rendered":"<p>Miguel Mesquita \u2013 Animador Sociocultural da AMITEI, no contexto da UC de Artes como Estrat\u00e9gia de Anima\u00e7\u00e3o.<\/p>\n","protected":false},"excerpt":{"rendered":"<p>Miguel Mesquita \u2013 Animador Sociocultural da AMITEI, no contexto da UC de Artes como Estrat\u00e9gia de Anima\u00e7\u00e3o.<\/p>\n","protected":false},"author":2694,"featured_media":0,"parent":0,"menu_order":0,"comment_status":"closed","ping_status":"closed","template":"","meta":{"footnotes":""},"class_list":["post-115","page","type-page","status-publish","hentry"],"_links":{"self":[{"href":"https:\/\/sites.ipleiria.pt\/miaa\/wp-json\/wp\/v2\/pages\/115","targetHints":{"allow":["GET"]}}],"collection":[{"href":"https:\/\/sites.ipleiria.pt\/miaa\/wp-json\/wp\/v2\/pages"}],"about":[{"href":"https:\/\/sites.ipleiria.pt\/miaa\/wp-json\/wp\/v2\/types\/page"}],"author":[{"embeddable":true,"href":"https:\/\/sites.ipleiria.pt\/miaa\/wp-json\/wp\/v2\/users\/2694"}],"replies":[{"embeddable":true,"href":"https:\/\/sites.ipleiria.pt\/miaa\/wp-json\/wp\/v2\/comments?post=115"}],"version-history":[{"count":1,"href":"https:\/\/sites.ipleiria.pt\/miaa\/wp-json\/wp\/v2\/pages\/115\/revisions"}],"predecessor-version":[{"id":117,"href":"https:\/\/sites.ipleiria.pt\/miaa\/wp-json\/wp\/v2\/pages\/115\/revisions\/117"}],"wp:attachment":[{"href":"https:\/\/sites.ipleiria.pt\/miaa\/wp-json\/wp\/v2\/media?parent=115"}],"curies":[{"name":"wp","href":"https:\/\/api.w.org\/{rel}","templated":true}]}}