{"id":118,"date":"2017-06-26T12:22:42","date_gmt":"2017-06-26T12:22:42","guid":{"rendered":"http:\/\/sites.ipleiria.pt\/miaa\/?page_id=118"},"modified":"2017-06-26T12:22:42","modified_gmt":"2017-06-26T12:22:42","slug":"cronicas-de-um-bibliotecario-ambulante-um-outro-tipo-de-intervencao","status":"publish","type":"page","link":"https:\/\/sites.ipleiria.pt\/miaa\/cronicas-de-um-bibliotecario-ambulante-um-outro-tipo-de-intervencao\/","title":{"rendered":"\u00abCr\u00f3nicas de um Bibliotec\u00e1rio Ambulante: um outro tipo de interven\u00e7\u00e3o\u00bb"},"content":{"rendered":"<p>Nuno Mar\u00e7al \u2013 Bibliotec\u00e1rio da C\u00e2mara Municipal de Proen\u00e7a-a-Nova, no contexto da UC de Artes como Estrat\u00e9gia de Anima\u00e7\u00e3o.<\/p>\n","protected":false},"excerpt":{"rendered":"<p>Nuno Mar\u00e7al \u2013 Bibliotec\u00e1rio da C\u00e2mara Municipal de Proen\u00e7a-a-Nova, no contexto da UC de Artes como Estrat\u00e9gia de Anima\u00e7\u00e3o.<\/p>\n","protected":false},"author":2694,"featured_media":0,"parent":0,"menu_order":0,"comment_status":"closed","ping_status":"closed","template":"","meta":{"footnotes":""},"class_list":["post-118","page","type-page","status-publish","hentry"],"_links":{"self":[{"href":"https:\/\/sites.ipleiria.pt\/miaa\/wp-json\/wp\/v2\/pages\/118","targetHints":{"allow":["GET"]}}],"collection":[{"href":"https:\/\/sites.ipleiria.pt\/miaa\/wp-json\/wp\/v2\/pages"}],"about":[{"href":"https:\/\/sites.ipleiria.pt\/miaa\/wp-json\/wp\/v2\/types\/page"}],"author":[{"embeddable":true,"href":"https:\/\/sites.ipleiria.pt\/miaa\/wp-json\/wp\/v2\/users\/2694"}],"replies":[{"embeddable":true,"href":"https:\/\/sites.ipleiria.pt\/miaa\/wp-json\/wp\/v2\/comments?post=118"}],"version-history":[{"count":1,"href":"https:\/\/sites.ipleiria.pt\/miaa\/wp-json\/wp\/v2\/pages\/118\/revisions"}],"predecessor-version":[{"id":120,"href":"https:\/\/sites.ipleiria.pt\/miaa\/wp-json\/wp\/v2\/pages\/118\/revisions\/120"}],"wp:attachment":[{"href":"https:\/\/sites.ipleiria.pt\/miaa\/wp-json\/wp\/v2\/media?parent=118"}],"curies":[{"name":"wp","href":"https:\/\/api.w.org\/{rel}","templated":true}]}}