{"id":121,"date":"2017-06-26T12:23:01","date_gmt":"2017-06-26T12:23:01","guid":{"rendered":"http:\/\/sites.ipleiria.pt\/miaa\/?page_id=121"},"modified":"2017-06-26T12:23:33","modified_gmt":"2017-06-26T12:23:33","slug":"as-intervencoes-em-contextos-educativos-novas-abordagens","status":"publish","type":"page","link":"https:\/\/sites.ipleiria.pt\/miaa\/as-intervencoes-em-contextos-educativos-novas-abordagens\/","title":{"rendered":"\u00abAs Interven\u00e7\u00f5es em Contextos Educativos: Novas abordagens\u00bb"},"content":{"rendered":"<p>Rosa Montez \u2013 Educadora de Inf\u00e2ncia, no contexto da UC de Artes como Estrat\u00e9gia de Anima\u00e7\u00e3o.<\/p>\n","protected":false},"excerpt":{"rendered":"<p>Rosa Montez \u2013 Educadora de Inf\u00e2ncia, no contexto da UC de Artes como Estrat\u00e9gia de Anima\u00e7\u00e3o.<\/p>\n","protected":false},"author":2694,"featured_media":0,"parent":0,"menu_order":0,"comment_status":"closed","ping_status":"closed","template":"","meta":{"footnotes":""},"class_list":["post-121","page","type-page","status-publish","hentry"],"_links":{"self":[{"href":"https:\/\/sites.ipleiria.pt\/miaa\/wp-json\/wp\/v2\/pages\/121","targetHints":{"allow":["GET"]}}],"collection":[{"href":"https:\/\/sites.ipleiria.pt\/miaa\/wp-json\/wp\/v2\/pages"}],"about":[{"href":"https:\/\/sites.ipleiria.pt\/miaa\/wp-json\/wp\/v2\/types\/page"}],"author":[{"embeddable":true,"href":"https:\/\/sites.ipleiria.pt\/miaa\/wp-json\/wp\/v2\/users\/2694"}],"replies":[{"embeddable":true,"href":"https:\/\/sites.ipleiria.pt\/miaa\/wp-json\/wp\/v2\/comments?post=121"}],"version-history":[{"count":1,"href":"https:\/\/sites.ipleiria.pt\/miaa\/wp-json\/wp\/v2\/pages\/121\/revisions"}],"predecessor-version":[{"id":123,"href":"https:\/\/sites.ipleiria.pt\/miaa\/wp-json\/wp\/v2\/pages\/121\/revisions\/123"}],"wp:attachment":[{"href":"https:\/\/sites.ipleiria.pt\/miaa\/wp-json\/wp\/v2\/media?parent=121"}],"curies":[{"name":"wp","href":"https:\/\/api.w.org\/{rel}","templated":true}]}}