{"id":124,"date":"2017-06-26T12:23:54","date_gmt":"2017-06-26T12:23:54","guid":{"rendered":"http:\/\/sites.ipleiria.pt\/miaa\/?page_id=124"},"modified":"2017-06-26T12:23:54","modified_gmt":"2017-06-26T12:23:54","slug":"apresentacao-do-projeto-criancas-ao-palco","status":"publish","type":"page","link":"https:\/\/sites.ipleiria.pt\/miaa\/apresentacao-do-projeto-criancas-ao-palco\/","title":{"rendered":"Apresenta\u00e7\u00e3o do &#8220;Projeto crian\u00e7as ao palco&#8221;"},"content":{"rendered":"<p>Com o\u00a0Dr. Paulo Sanches, no contexto da UC Interven\u00e7\u00e3o e Educa\u00e7\u00e3o Art\u00edsticas. Trata-se de um projeto de interven\u00e7\u00e3o em educa\u00e7\u00e3o\u00a0art\u00edstica que, em articula\u00e7\u00e3o com as escolas,\u00a0proporciona\u00a0aos participantes\u00a0a oportunidade de experienciarem e de se\u00a0envolverem em\u00a0atividades de interpreta\u00e7\u00e3o musical com o apoio de professores de educa\u00e7\u00e3o musical e de\u00a0m\u00fasicos profissionais. Trata-se de um projeto que conta com v\u00e1rias edi\u00e7\u00f5es,\u00a0implementado com participantes de idades\u00a0diferentes e em\u00a0diversas localidades da regi\u00e3o.<\/p>\n","protected":false},"excerpt":{"rendered":"<p>Com o\u00a0Dr. Paulo Sanches, no contexto da UC Interven\u00e7\u00e3o e Educa\u00e7\u00e3o Art\u00edsticas. Trata-se de um projeto de interven\u00e7\u00e3o em educa\u00e7\u00e3o\u00a0art\u00edstica que, em articula\u00e7\u00e3o com as escolas,\u00a0proporciona\u00a0aos participantes\u00a0a oportunidade de experienciarem&#8230;<\/p>\n","protected":false},"author":2694,"featured_media":0,"parent":0,"menu_order":0,"comment_status":"closed","ping_status":"closed","template":"","meta":{"footnotes":""},"class_list":["post-124","page","type-page","status-publish","hentry"],"_links":{"self":[{"href":"https:\/\/sites.ipleiria.pt\/miaa\/wp-json\/wp\/v2\/pages\/124","targetHints":{"allow":["GET"]}}],"collection":[{"href":"https:\/\/sites.ipleiria.pt\/miaa\/wp-json\/wp\/v2\/pages"}],"about":[{"href":"https:\/\/sites.ipleiria.pt\/miaa\/wp-json\/wp\/v2\/types\/page"}],"author":[{"embeddable":true,"href":"https:\/\/sites.ipleiria.pt\/miaa\/wp-json\/wp\/v2\/users\/2694"}],"replies":[{"embeddable":true,"href":"https:\/\/sites.ipleiria.pt\/miaa\/wp-json\/wp\/v2\/comments?post=124"}],"version-history":[{"count":1,"href":"https:\/\/sites.ipleiria.pt\/miaa\/wp-json\/wp\/v2\/pages\/124\/revisions"}],"predecessor-version":[{"id":126,"href":"https:\/\/sites.ipleiria.pt\/miaa\/wp-json\/wp\/v2\/pages\/124\/revisions\/126"}],"wp:attachment":[{"href":"https:\/\/sites.ipleiria.pt\/miaa\/wp-json\/wp\/v2\/media?parent=124"}],"curies":[{"name":"wp","href":"https:\/\/api.w.org\/{rel}","templated":true}]}}