{"id":130,"date":"2017-06-26T12:25:04","date_gmt":"2017-06-26T12:25:04","guid":{"rendered":"http:\/\/sites.ipleiria.pt\/miaa\/?page_id=130"},"modified":"2017-06-26T12:29:00","modified_gmt":"2017-06-26T12:29:00","slug":"apresentacao-de-trabalhos-realizados-pelos-estudantes-do-mestrado","status":"publish","type":"page","link":"https:\/\/sites.ipleiria.pt\/miaa\/apresentacao-de-trabalhos-realizados-pelos-estudantes-do-mestrado\/","title":{"rendered":"Apresenta\u00e7\u00e3o de trabalhos realizados pelos estudantes do mestrado"},"content":{"rendered":"<p><strong>. 15-01-2015<\/strong> \u2013 Performances de grupo no dom\u00ednio da m\u00fasica, no \u00e2mbito de um momento musical.<\/p>\n<p><strong>. 28-01-2016<\/strong> &#8211; Performances de grupo no dom\u00ednio da dan\u00e7a, no \u00e2mbito de um momento cultural.<\/p>\n<p><strong>.19-01-2016<\/strong> \u2013 Apresenta\u00e7\u00e3o dos Projetos Integrados de Cria\u00e7\u00e3o Art\u00edstica realizados pelos estudantes.<\/p>\n","protected":false},"excerpt":{"rendered":"<p>. 15-01-2015 \u2013 Performances de grupo no dom\u00ednio da m\u00fasica, no \u00e2mbito de um momento musical. . 28-01-2016 &#8211; Performances de grupo no dom\u00ednio da dan\u00e7a, no \u00e2mbito de um&#8230;<\/p>\n","protected":false},"author":2694,"featured_media":0,"parent":0,"menu_order":0,"comment_status":"closed","ping_status":"closed","template":"","meta":{"footnotes":""},"class_list":["post-130","page","type-page","status-publish","hentry"],"_links":{"self":[{"href":"https:\/\/sites.ipleiria.pt\/miaa\/wp-json\/wp\/v2\/pages\/130","targetHints":{"allow":["GET"]}}],"collection":[{"href":"https:\/\/sites.ipleiria.pt\/miaa\/wp-json\/wp\/v2\/pages"}],"about":[{"href":"https:\/\/sites.ipleiria.pt\/miaa\/wp-json\/wp\/v2\/types\/page"}],"author":[{"embeddable":true,"href":"https:\/\/sites.ipleiria.pt\/miaa\/wp-json\/wp\/v2\/users\/2694"}],"replies":[{"embeddable":true,"href":"https:\/\/sites.ipleiria.pt\/miaa\/wp-json\/wp\/v2\/comments?post=130"}],"version-history":[{"count":2,"href":"https:\/\/sites.ipleiria.pt\/miaa\/wp-json\/wp\/v2\/pages\/130\/revisions"}],"predecessor-version":[{"id":143,"href":"https:\/\/sites.ipleiria.pt\/miaa\/wp-json\/wp\/v2\/pages\/130\/revisions\/143"}],"wp:attachment":[{"href":"https:\/\/sites.ipleiria.pt\/miaa\/wp-json\/wp\/v2\/media?parent=130"}],"curies":[{"name":"wp","href":"https:\/\/api.w.org\/{rel}","templated":true}]}}