{"id":139,"date":"2017-06-26T12:26:18","date_gmt":"2017-06-26T12:26:18","guid":{"rendered":"http:\/\/sites.ipleiria.pt\/miaa\/?page_id=139"},"modified":"2019-01-30T16:56:32","modified_gmt":"2019-01-30T16:56:32","slug":"encontro-animacao-sociocultural-como-forma-de-cooperacao-cultural","status":"publish","type":"page","link":"https:\/\/sites.ipleiria.pt\/miaa\/encontro-animacao-sociocultural-como-forma-de-cooperacao-cultural\/","title":{"rendered":"Encontro: Anima\u00e7\u00e3o Sociocultural como forma de Coopera\u00e7\u00e3o Cultural"},"content":{"rendered":"<p><strong>14 de junho 2016 <\/strong><\/p>\n<p>Organizado pela ESECS e integrado no Projeto \u00abCultural Cooperation Networks Creative Laboratory 2CN-LAab 2016\u00bb Redes de Coopera\u00e7\u00e3o Cultural Transnacionais: Portugal europeu, lus\u00f3fono e iberoamericano.<\/p>\n<p><img loading=\"lazy\" decoding=\"async\" class=\"size-full wp-image-285 aligncenter\" src=\"http:\/\/sites.ipleiria.pt\/miaa\/files\/2017\/06\/imagem-2cnclab-1617.jpg\" alt=\"\" width=\"890\" height=\"710\" srcset=\"https:\/\/sites.ipleiria.pt\/miaa\/files\/2017\/06\/imagem-2cnclab-1617.jpg 890w, https:\/\/sites.ipleiria.pt\/miaa\/files\/2017\/06\/imagem-2cnclab-1617-300x239.jpg 300w, https:\/\/sites.ipleiria.pt\/miaa\/files\/2017\/06\/imagem-2cnclab-1617-768x613.jpg 768w\" sizes=\"auto, (max-width: 890px) 100vw, 890px\" \/><\/p>\n","protected":false},"excerpt":{"rendered":"<p>14 de junho 2016 Organizado pela ESECS e integrado no Projeto \u00abCultural Cooperation Networks Creative Laboratory 2CN-LAab 2016\u00bb Redes de Coopera\u00e7\u00e3o Cultural Transnacionais: Portugal europeu, lus\u00f3fono e iberoamericano.<\/p>\n","protected":false},"author":2694,"featured_media":0,"parent":0,"menu_order":0,"comment_status":"closed","ping_status":"closed","template":"templates\/full-width.php","meta":{"footnotes":""},"class_list":["post-139","page","type-page","status-publish","hentry"],"_links":{"self":[{"href":"https:\/\/sites.ipleiria.pt\/miaa\/wp-json\/wp\/v2\/pages\/139","targetHints":{"allow":["GET"]}}],"collection":[{"href":"https:\/\/sites.ipleiria.pt\/miaa\/wp-json\/wp\/v2\/pages"}],"about":[{"href":"https:\/\/sites.ipleiria.pt\/miaa\/wp-json\/wp\/v2\/types\/page"}],"author":[{"embeddable":true,"href":"https:\/\/sites.ipleiria.pt\/miaa\/wp-json\/wp\/v2\/users\/2694"}],"replies":[{"embeddable":true,"href":"https:\/\/sites.ipleiria.pt\/miaa\/wp-json\/wp\/v2\/comments?post=139"}],"version-history":[{"count":4,"href":"https:\/\/sites.ipleiria.pt\/miaa\/wp-json\/wp\/v2\/pages\/139\/revisions"}],"predecessor-version":[{"id":640,"href":"https:\/\/sites.ipleiria.pt\/miaa\/wp-json\/wp\/v2\/pages\/139\/revisions\/640"}],"wp:attachment":[{"href":"https:\/\/sites.ipleiria.pt\/miaa\/wp-json\/wp\/v2\/media?parent=139"}],"curies":[{"name":"wp","href":"https:\/\/api.w.org\/{rel}","templated":true}]}}