{"id":185,"date":"2017-06-26T15:23:55","date_gmt":"2017-06-26T15:23:55","guid":{"rendered":"http:\/\/sites.ipleiria.pt\/miaa\/?page_id=185"},"modified":"2019-01-30T16:53:11","modified_gmt":"2019-01-30T16:53:11","slug":"exposicao-de-fotografia-nos-aqui","status":"publish","type":"page","link":"https:\/\/sites.ipleiria.pt\/miaa\/exposicao-de-fotografia-nos-aqui\/","title":{"rendered":"Exposi\u00e7\u00e3o de Fotografia &#8220;N\u00f3s&#8230;Aqui!&#8221;"},"content":{"rendered":"<p><a href=\"http:\/\/www.festivalaporta.com\/\"><img loading=\"lazy\" decoding=\"async\" class=\"size-full wp-image-204 aligncenter\" src=\"http:\/\/sites.ipleiria.pt\/miaa\/files\/2017\/06\/logoaporta.png\" alt=\"\" width=\"400\" height=\"267\" srcset=\"https:\/\/sites.ipleiria.pt\/miaa\/files\/2017\/06\/logoaporta.png 400w, https:\/\/sites.ipleiria.pt\/miaa\/files\/2017\/06\/logoaporta-300x200.png 300w\" sizes=\"auto, (max-width: 400px) 100vw, 400px\" \/><\/a><\/p>\n<p>ESTUDANTES DA ESECS &#8211; IPLEIRIA EXP\u00d5EM FOTOGRAFIA NO FESTIVAL &#8220;A PORTA&#8221;<br \/>\n3 de junho | &#8220;Casa Pl\u00e1stica&#8221; (Leiria)<\/p>\n<p>No dia 3 de junho de 2017, foi inaugurada no <a class=\"profileLink\" href=\"https:\/\/www.facebook.com\/festivalaporta\/?fref=mentions\">Festival A Porta<\/a> a exposi\u00e7\u00e3o de fotografia &#8220;N\u00f3s&#8230; Aqui&#8221;, realizada pelos estudantes do curso de Mestrado de Interven\u00e7\u00e3o e Anima\u00e7\u00e3o Art\u00edsticas,<span style=\"line-height: inherit\">\u00a0no contexto do Laborat\u00f3rio de Fotografia e V\u00eddeo.<\/span><\/p>\n<p><img loading=\"lazy\" decoding=\"async\" class=\"alignleft size-full wp-image-198\" src=\"http:\/\/sites.ipleiria.pt\/miaa\/files\/2017\/06\/IMG_20170531_193004.jpg\" alt=\"\" width=\"1134\" height=\"850\" srcset=\"https:\/\/sites.ipleiria.pt\/miaa\/files\/2017\/06\/IMG_20170531_193004.jpg 1134w, https:\/\/sites.ipleiria.pt\/miaa\/files\/2017\/06\/IMG_20170531_193004-300x225.jpg 300w, https:\/\/sites.ipleiria.pt\/miaa\/files\/2017\/06\/IMG_20170531_193004-768x576.jpg 768w, https:\/\/sites.ipleiria.pt\/miaa\/files\/2017\/06\/IMG_20170531_193004-1024x768.jpg 1024w\" sizes=\"auto, (max-width: 1134px) 100vw, 1134px\" \/> <img loading=\"lazy\" decoding=\"async\" class=\"alignleft size-full wp-image-199\" src=\"http:\/\/sites.ipleiria.pt\/miaa\/files\/2017\/06\/IMG_20170531_193508.jpg\" alt=\"\" width=\"1134\" height=\"850\" srcset=\"https:\/\/sites.ipleiria.pt\/miaa\/files\/2017\/06\/IMG_20170531_193508.jpg 1134w, https:\/\/sites.ipleiria.pt\/miaa\/files\/2017\/06\/IMG_20170531_193508-300x225.jpg 300w, https:\/\/sites.ipleiria.pt\/miaa\/files\/2017\/06\/IMG_20170531_193508-768x576.jpg 768w, https:\/\/sites.ipleiria.pt\/miaa\/files\/2017\/06\/IMG_20170531_193508-1024x768.jpg 1024w\" sizes=\"auto, (max-width: 1134px) 100vw, 1134px\" \/> <img loading=\"lazy\" decoding=\"async\" class=\"alignleft size-full wp-image-200\" src=\"http:\/\/sites.ipleiria.pt\/miaa\/files\/2017\/06\/IMG_20170531_201244.jpg\" alt=\"\" width=\"1134\" height=\"850\" srcset=\"https:\/\/sites.ipleiria.pt\/miaa\/files\/2017\/06\/IMG_20170531_201244.jpg 1134w, https:\/\/sites.ipleiria.pt\/miaa\/files\/2017\/06\/IMG_20170531_201244-300x225.jpg 300w, https:\/\/sites.ipleiria.pt\/miaa\/files\/2017\/06\/IMG_20170531_201244-768x576.jpg 768w, https:\/\/sites.ipleiria.pt\/miaa\/files\/2017\/06\/IMG_20170531_201244-1024x768.jpg 1024w\" sizes=\"auto, (max-width: 1134px) 100vw, 1134px\" \/> <img loading=\"lazy\" decoding=\"async\" class=\"alignleft size-full wp-image-201\" src=\"http:\/\/sites.ipleiria.pt\/miaa\/files\/2017\/06\/IMG_20170531_201447.jpg\" alt=\"\" width=\"1134\" height=\"850\" srcset=\"https:\/\/sites.ipleiria.pt\/miaa\/files\/2017\/06\/IMG_20170531_201447.jpg 1134w, https:\/\/sites.ipleiria.pt\/miaa\/files\/2017\/06\/IMG_20170531_201447-300x225.jpg 300w, https:\/\/sites.ipleiria.pt\/miaa\/files\/2017\/06\/IMG_20170531_201447-768x576.jpg 768w, https:\/\/sites.ipleiria.pt\/miaa\/files\/2017\/06\/IMG_20170531_201447-1024x768.jpg 1024w\" sizes=\"auto, (max-width: 1134px) 100vw, 1134px\" \/><img loading=\"lazy\" decoding=\"async\" class=\"alignleft size-full wp-image-203\" src=\"http:\/\/sites.ipleiria.pt\/miaa\/files\/2017\/06\/IMG_20170531_201806.jpg\" alt=\"\" width=\"1134\" height=\"850\" srcset=\"https:\/\/sites.ipleiria.pt\/miaa\/files\/2017\/06\/IMG_20170531_201806.jpg 1134w, https:\/\/sites.ipleiria.pt\/miaa\/files\/2017\/06\/IMG_20170531_201806-300x225.jpg 300w, https:\/\/sites.ipleiria.pt\/miaa\/files\/2017\/06\/IMG_20170531_201806-768x576.jpg 768w, https:\/\/sites.ipleiria.pt\/miaa\/files\/2017\/06\/IMG_20170531_201806-1024x768.jpg 1024w\" sizes=\"auto, (max-width: 1134px) 100vw, 1134px\" \/><\/p>\n<p><img loading=\"lazy\" decoding=\"async\" class=\"alignleft size-full wp-image-186\" src=\"http:\/\/sites.ipleiria.pt\/miaa\/files\/2017\/06\/18620922_1213156112143897_4371747767794937541_o.jpg\" alt=\"\" width=\"2048\" height=\"1536\" srcset=\"https:\/\/sites.ipleiria.pt\/miaa\/files\/2017\/06\/18620922_1213156112143897_4371747767794937541_o.jpg 2048w, https:\/\/sites.ipleiria.pt\/miaa\/files\/2017\/06\/18620922_1213156112143897_4371747767794937541_o-300x225.jpg 300w, https:\/\/sites.ipleiria.pt\/miaa\/files\/2017\/06\/18620922_1213156112143897_4371747767794937541_o-768x576.jpg 768w, https:\/\/sites.ipleiria.pt\/miaa\/files\/2017\/06\/18620922_1213156112143897_4371747767794937541_o-1024x768.jpg 1024w\" sizes=\"auto, (max-width: 2048px) 100vw, 2048px\" \/> <img loading=\"lazy\" decoding=\"async\" class=\"alignleft size-full wp-image-189\" src=\"http:\/\/sites.ipleiria.pt\/miaa\/files\/2017\/06\/18814933_1213291455463696_7895223704085050181_o.jpg\" alt=\"\" width=\"2048\" height=\"1536\" srcset=\"https:\/\/sites.ipleiria.pt\/miaa\/files\/2017\/06\/18814933_1213291455463696_7895223704085050181_o.jpg 2048w, https:\/\/sites.ipleiria.pt\/miaa\/files\/2017\/06\/18814933_1213291455463696_7895223704085050181_o-300x225.jpg 300w, https:\/\/sites.ipleiria.pt\/miaa\/files\/2017\/06\/18814933_1213291455463696_7895223704085050181_o-768x576.jpg 768w, https:\/\/sites.ipleiria.pt\/miaa\/files\/2017\/06\/18814933_1213291455463696_7895223704085050181_o-1024x768.jpg 1024w\" sizes=\"auto, (max-width: 2048px) 100vw, 2048px\" \/><img loading=\"lazy\" decoding=\"async\" class=\"alignleft size-full wp-image-191\" src=\"http:\/\/sites.ipleiria.pt\/miaa\/files\/2017\/06\/18836846_1450258045032718_1939358855833278364_o.jpg\" alt=\"\" width=\"1364\" height=\"2048\" srcset=\"https:\/\/sites.ipleiria.pt\/miaa\/files\/2017\/06\/18836846_1450258045032718_1939358855833278364_o.jpg 1364w, https:\/\/sites.ipleiria.pt\/miaa\/files\/2017\/06\/18836846_1450258045032718_1939358855833278364_o-200x300.jpg 200w, https:\/\/sites.ipleiria.pt\/miaa\/files\/2017\/06\/18836846_1450258045032718_1939358855833278364_o-768x1153.jpg 768w, https:\/\/sites.ipleiria.pt\/miaa\/files\/2017\/06\/18836846_1450258045032718_1939358855833278364_o-682x1024.jpg 682w\" sizes=\"auto, (max-width: 1364px) 100vw, 1364px\" \/><img loading=\"lazy\" decoding=\"async\" class=\"alignleft size-full wp-image-195\" src=\"http:\/\/sites.ipleiria.pt\/miaa\/files\/2017\/06\/18880166_1213292328796942_3327307281682985047_o.jpg\" alt=\"\" width=\"2048\" height=\"1536\" srcset=\"https:\/\/sites.ipleiria.pt\/miaa\/files\/2017\/06\/18880166_1213292328796942_3327307281682985047_o.jpg 2048w, https:\/\/sites.ipleiria.pt\/miaa\/files\/2017\/06\/18880166_1213292328796942_3327307281682985047_o-300x225.jpg 300w, https:\/\/sites.ipleiria.pt\/miaa\/files\/2017\/06\/18880166_1213292328796942_3327307281682985047_o-768x576.jpg 768w, https:\/\/sites.ipleiria.pt\/miaa\/files\/2017\/06\/18880166_1213292328796942_3327307281682985047_o-1024x768.jpg 1024w\" sizes=\"auto, (max-width: 2048px) 100vw, 2048px\" \/> <img loading=\"lazy\" decoding=\"async\" class=\"alignleft size-full wp-image-196\" src=\"http:\/\/sites.ipleiria.pt\/miaa\/files\/2017\/06\/18920804_1213292165463625_3018448361236287948_o.jpg\" alt=\"\" width=\"2048\" height=\"1536\" srcset=\"https:\/\/sites.ipleiria.pt\/miaa\/files\/2017\/06\/18920804_1213292165463625_3018448361236287948_o.jpg 2048w, https:\/\/sites.ipleiria.pt\/miaa\/files\/2017\/06\/18920804_1213292165463625_3018448361236287948_o-300x225.jpg 300w, https:\/\/sites.ipleiria.pt\/miaa\/files\/2017\/06\/18920804_1213292165463625_3018448361236287948_o-768x576.jpg 768w, https:\/\/sites.ipleiria.pt\/miaa\/files\/2017\/06\/18920804_1213292165463625_3018448361236287948_o-1024x768.jpg 1024w\" sizes=\"auto, (max-width: 2048px) 100vw, 2048px\" \/> <img loading=\"lazy\" decoding=\"async\" class=\"alignleft size-full wp-image-197\" src=\"http:\/\/sites.ipleiria.pt\/miaa\/files\/2017\/06\/18922643_1213292198796955_17623121568074058_o.jpg\" alt=\"\" width=\"1536\" height=\"2048\" srcset=\"https:\/\/sites.ipleiria.pt\/miaa\/files\/2017\/06\/18922643_1213292198796955_17623121568074058_o.jpg 1536w, https:\/\/sites.ipleiria.pt\/miaa\/files\/2017\/06\/18922643_1213292198796955_17623121568074058_o-225x300.jpg 225w, https:\/\/sites.ipleiria.pt\/miaa\/files\/2017\/06\/18922643_1213292198796955_17623121568074058_o-768x1024.jpg 768w\" sizes=\"auto, (max-width: 1536px) 100vw, 1536px\" \/><\/p>\n","protected":false},"excerpt":{"rendered":"<p>ESTUDANTES DA ESECS &#8211; IPLEIRIA EXP\u00d5EM FOTOGRAFIA NO FESTIVAL &#8220;A PORTA&#8221; 3 de junho | &#8220;Casa Pl\u00e1stica&#8221; (Leiria) No dia 3 de junho de 2017, foi inaugurada no Festival A&#8230;<\/p>\n","protected":false},"author":2694,"featured_media":0,"parent":0,"menu_order":0,"comment_status":"closed","ping_status":"closed","template":"templates\/full-width.php","meta":{"footnotes":""},"class_list":["post-185","page","type-page","status-publish","hentry"],"_links":{"self":[{"href":"https:\/\/sites.ipleiria.pt\/miaa\/wp-json\/wp\/v2\/pages\/185","targetHints":{"allow":["GET"]}}],"collection":[{"href":"https:\/\/sites.ipleiria.pt\/miaa\/wp-json\/wp\/v2\/pages"}],"about":[{"href":"https:\/\/sites.ipleiria.pt\/miaa\/wp-json\/wp\/v2\/types\/page"}],"author":[{"embeddable":true,"href":"https:\/\/sites.ipleiria.pt\/miaa\/wp-json\/wp\/v2\/users\/2694"}],"replies":[{"embeddable":true,"href":"https:\/\/sites.ipleiria.pt\/miaa\/wp-json\/wp\/v2\/comments?post=185"}],"version-history":[{"count":2,"href":"https:\/\/sites.ipleiria.pt\/miaa\/wp-json\/wp\/v2\/pages\/185\/revisions"}],"predecessor-version":[{"id":633,"href":"https:\/\/sites.ipleiria.pt\/miaa\/wp-json\/wp\/v2\/pages\/185\/revisions\/633"}],"wp:attachment":[{"href":"https:\/\/sites.ipleiria.pt\/miaa\/wp-json\/wp\/v2\/media?parent=185"}],"curies":[{"name":"wp","href":"https:\/\/api.w.org\/{rel}","templated":true}]}}