{"id":19,"date":"2017-06-26T11:26:32","date_gmt":"2017-06-26T11:26:32","guid":{"rendered":"http:\/\/sites.ipleiria.pt\/miaa\/?page_id=19"},"modified":"2017-06-26T11:29:19","modified_gmt":"2017-06-26T11:29:19","slug":"plano-curricular","status":"publish","type":"page","link":"https:\/\/sites.ipleiria.pt\/miaa\/plano-curricular\/","title":{"rendered":"Plano Curricular"},"content":{"rendered":"<table id=\"cp_nnm\" class=\"curricular-plan\" role=\"region\">\n<caption><span style=\"font-size: 13.3333px\"><strong><span style=\"color: #000000;font-family: Arial\"><span style=\"background-color: #dddddd\">1\u00ba Ano<\/span><\/span><\/strong><\/span><\/p>\n<p>&nbsp;<\/p>\n<\/caption>\n<thead>\n<tr>\n<th class=\"curricular_plan_cu_code align-center\">Code<\/th>\n<th class=\"curricular_plan_cu_title\">Curricular Unit<\/th>\n<th class=\"curricular_plan_cu_period\" scope=\"col\">Period<\/th>\n<th class=\"curricular_plan_cu_ects\">ECTS<\/th>\n<th class=\"curricular_plan_cu_duration\">Workload<\/th>\n<\/tr>\n<\/thead>\n<tbody>\n<tr>\n<td class=\"curricular_plan_cu_code align-center\">2082101<\/td>\n<td class=\"curricular_plan_cu_title\">Pr\u00e1ticas Art\u00edsticas Contempor\u00e2neas<\/td>\n<td class=\"curricular_plan_cu_period\">S1<\/td>\n<td class=\"curricular_plan_cu_ects\">5<\/td>\n<td class=\"curricular_plan_cu_duration\">1\u00ba Ano<\/td>\n<\/tr>\n<\/tbody>\n<tbody>\n<tr>\n<td class=\"curricular_plan_cu_code align-center\">2082102<\/td>\n<td class=\"curricular_plan_cu_title\">Laborat\u00f3rio de Dan\u00e7a<\/td>\n<td class=\"curricular_plan_cu_period\">S1<\/td>\n<td class=\"curricular_plan_cu_ects\">5<\/td>\n<td class=\"curricular_plan_cu_duration\">1\u00ba Ano<\/td>\n<\/tr>\n<\/tbody>\n<tbody>\n<tr>\n<td class=\"curricular_plan_cu_code align-center\">2082103<\/td>\n<td class=\"curricular_plan_cu_title\">Laborat\u00f3rio de Teatro<\/td>\n<td class=\"curricular_plan_cu_period\">S1<\/td>\n<td class=\"curricular_plan_cu_ects\">5<\/td>\n<td class=\"curricular_plan_cu_duration\">1\u00ba Ano<\/td>\n<\/tr>\n<\/tbody>\n<tbody>\n<tr>\n<td class=\"curricular_plan_cu_code align-center\">2082104<\/td>\n<td class=\"curricular_plan_cu_title\">Laborat\u00f3rio de M\u00fasica<\/td>\n<td class=\"curricular_plan_cu_period\">S1<\/td>\n<td class=\"curricular_plan_cu_ects\">5<\/td>\n<td class=\"curricular_plan_cu_duration\">1\u00ba Ano<\/td>\n<\/tr>\n<\/tbody>\n<tbody>\n<tr>\n<td class=\"curricular_plan_cu_code align-center\">2082105<\/td>\n<td class=\"curricular_plan_cu_title\">Laborat\u00f3rio de Artes Pl\u00e1sticas<\/td>\n<td class=\"curricular_plan_cu_period\">S1<\/td>\n<td class=\"curricular_plan_cu_ects\">5<\/td>\n<td class=\"curricular_plan_cu_duration\">1\u00ba Ano<\/td>\n<\/tr>\n<\/tbody>\n<tbody>\n<tr>\n<td class=\"curricular_plan_cu_code align-center\">2082106<\/td>\n<td class=\"curricular_plan_cu_title\">Cultura, Turismo e Desenvolvimento<\/td>\n<td class=\"curricular_plan_cu_period\">S1<\/td>\n<td class=\"curricular_plan_cu_ects\">5<\/td>\n<td class=\"curricular_plan_cu_duration\">1\u00ba Ano<\/td>\n<\/tr>\n<\/tbody>\n<tbody>\n<tr>\n<td class=\"curricular_plan_cu_code align-center\">2082107<\/td>\n<td class=\"curricular_plan_cu_title\">Artes como Estrat\u00e9gias de Anima\u00e7\u00e3o<\/td>\n<td class=\"curricular_plan_cu_period\">S2<\/td>\n<td class=\"curricular_plan_cu_ects\">6<\/td>\n<td class=\"curricular_plan_cu_duration\">1\u00ba Ano<\/td>\n<\/tr>\n<\/tbody>\n<tbody>\n<tr>\n<td class=\"curricular_plan_cu_code align-center\">2082108<\/td>\n<td class=\"curricular_plan_cu_title\">Investiga\u00e7\u00e3o em Anima\u00e7\u00e3o Art\u00edstica<\/td>\n<td class=\"curricular_plan_cu_period\">S2<\/td>\n<td class=\"curricular_plan_cu_ects\">6<\/td>\n<td class=\"curricular_plan_cu_duration\">1\u00ba Ano<\/td>\n<\/tr>\n<\/tbody>\n<tbody>\n<tr>\n<td class=\"curricular_plan_cu_code align-center\">2082109<\/td>\n<td class=\"curricular_plan_cu_title\">Laborat\u00f3rio de Fotografia e V\u00eddeo<\/td>\n<td class=\"curricular_plan_cu_period\">S2<\/td>\n<td class=\"curricular_plan_cu_ects\">8<\/td>\n<td class=\"curricular_plan_cu_duration\">1\u00ba Ano<\/td>\n<\/tr>\n<\/tbody>\n<tbody>\n<tr>\n<td class=\"curricular_plan_cu_code align-center\">2082110<\/td>\n<td class=\"curricular_plan_cu_title\">Laborat\u00f3rio de Processos Criativos<\/td>\n<td class=\"curricular_plan_cu_period\">S2<\/td>\n<td class=\"curricular_plan_cu_ects\">10<\/td>\n<td class=\"curricular_plan_cu_duration\">1\u00ba Ano<\/td>\n<\/tr>\n<\/tbody>\n<\/table>\n<p>&nbsp;<\/p>\n<table id=\"cp_9xg\" class=\"curricular-plan\" role=\"region\">\n<caption><span style=\"color: #000000;font-family: Arial\"><span style=\"font-size: 13.3333px;background-color: #dddddd\">2\u00ba Ano<\/span><\/span><\/p>\n<p>&nbsp;<\/p>\n<\/caption>\n<thead>\n<tr>\n<th class=\"curricular_plan_cu_code align-center\">Code<\/th>\n<th class=\"curricular_plan_cu_title\">Curricular Unit<\/th>\n<th class=\"curricular_plan_cu_period\" scope=\"col\">Period<\/th>\n<th class=\"curricular_plan_cu_ects\">ECTS<\/th>\n<th class=\"curricular_plan_cu_duration\">Workload<\/th>\n<\/tr>\n<\/thead>\n<tbody>\n<tr>\n<td class=\"curricular_plan_cu_code align-center\">2082111<\/td>\n<td class=\"curricular_plan_cu_title\">Interven\u00e7\u00e3o e Educa\u00e7\u00e3o Art\u00edstica<\/td>\n<td class=\"curricular_plan_cu_period\">S1<\/td>\n<td class=\"curricular_plan_cu_ects\">6<\/td>\n<td class=\"curricular_plan_cu_duration\">1\u00ba Ano<\/td>\n<\/tr>\n<\/tbody>\n<tbody>\n<tr>\n<td class=\"curricular_plan_cu_code align-center\">2082112<\/td>\n<td class=\"curricular_plan_cu_title\">Projetos Integrados de Cria\u00e7\u00e3o Art\u00edstica<\/td>\n<td class=\"curricular_plan_cu_period\">S1<\/td>\n<td class=\"curricular_plan_cu_ects\">12<\/td>\n<td class=\"curricular_plan_cu_duration\">1\u00ba Ano<\/td>\n<\/tr>\n<\/tbody>\n<tbody>\n<tr>\n<td class=\"curricular_plan_cu_code align-center\">2082113<\/td>\n<td class=\"curricular_plan_cu_title\">Desenho de Projeto<\/td>\n<td class=\"curricular_plan_cu_period\">S1<\/td>\n<td class=\"curricular_plan_cu_ects\">12<\/td>\n<td class=\"curricular_plan_cu_duration\">1\u00ba Ano<\/td>\n<\/tr>\n<\/tbody>\n<tbody>\n<tr>\n<td class=\"curricular_plan_cu_code align-center\">2082114<\/td>\n<td class=\"curricular_plan_cu_title\">Projeto<\/td>\n<td class=\"curricular_plan_cu_period\">S2<\/td>\n<td class=\"curricular_plan_cu_ects\">30<\/td>\n<td class=\"curricular_plan_cu_duration\">1\u00ba Ano<\/td>\n<\/tr>\n<\/tbody>\n<\/table>\n<p>&nbsp;<\/p>\n","protected":false},"excerpt":{"rendered":"<p>1\u00ba Ano &nbsp; Code Curricular Unit Period ECTS Workload 2082101 Pr\u00e1ticas Art\u00edsticas Contempor\u00e2neas S1 5 1\u00ba Ano 2082102 Laborat\u00f3rio de Dan\u00e7a S1 5 1\u00ba Ano 2082103 Laborat\u00f3rio de Teatro S1&#8230;<\/p>\n","protected":false},"author":2694,"featured_media":0,"parent":0,"menu_order":0,"comment_status":"closed","ping_status":"closed","template":"","meta":{"footnotes":""},"class_list":["post-19","page","type-page","status-publish","hentry"],"_links":{"self":[{"href":"https:\/\/sites.ipleiria.pt\/miaa\/wp-json\/wp\/v2\/pages\/19","targetHints":{"allow":["GET"]}}],"collection":[{"href":"https:\/\/sites.ipleiria.pt\/miaa\/wp-json\/wp\/v2\/pages"}],"about":[{"href":"https:\/\/sites.ipleiria.pt\/miaa\/wp-json\/wp\/v2\/types\/page"}],"author":[{"embeddable":true,"href":"https:\/\/sites.ipleiria.pt\/miaa\/wp-json\/wp\/v2\/users\/2694"}],"replies":[{"embeddable":true,"href":"https:\/\/sites.ipleiria.pt\/miaa\/wp-json\/wp\/v2\/comments?post=19"}],"version-history":[{"count":5,"href":"https:\/\/sites.ipleiria.pt\/miaa\/wp-json\/wp\/v2\/pages\/19\/revisions"}],"predecessor-version":[{"id":25,"href":"https:\/\/sites.ipleiria.pt\/miaa\/wp-json\/wp\/v2\/pages\/19\/revisions\/25"}],"wp:attachment":[{"href":"https:\/\/sites.ipleiria.pt\/miaa\/wp-json\/wp\/v2\/media?parent=19"}],"curies":[{"name":"wp","href":"https:\/\/api.w.org\/{rel}","templated":true}]}}