{"id":207,"date":"2017-06-26T15:34:35","date_gmt":"2017-06-26T15:34:35","guid":{"rendered":"http:\/\/sites.ipleiria.pt\/miaa\/?page_id=207"},"modified":"2019-01-30T16:50:14","modified_gmt":"2019-01-30T16:50:14","slug":"aula-aberta-a-imagem-como-instrumento-de-intervencao-social","status":"publish","type":"page","link":"https:\/\/sites.ipleiria.pt\/miaa\/aula-aberta-a-imagem-como-instrumento-de-intervencao-social\/","title":{"rendered":"&#8220;A Imagem como instrumento de Interven\u00e7\u00e3o Social&#8221;"},"content":{"rendered":"<p><strong>30 de abril de 2016<\/strong><\/p>\n<p class=\"p1\">Aula aberta organizada pelos alunos do Laborat\u00f3rio de Fotografia e V\u00eddeo, Mestrado em Interven\u00e7\u00e3o e Anima\u00e7\u00e3o Art\u00edsticas, ESECS &#8211; IPL, integrada no Projeto <span class=\"s1\">SHE<\/span>\/ELA &#8211; Idiomas Femininos \u2013 processos criativos, reflex\u00f5es e resist\u00eancias.<\/p>\n<p class=\"p1\">O projeto SHE, com a curadoria de Genoveva Oliveira, tem o objetivo de perscrutar, real\u00e7ar e difundir o papel da mulher nas artes visuais, na cria\u00e7\u00e3o art\u00edstica, na curadoria, na cr\u00edtica e na investiga\u00e7\u00e3o.<\/p>\n<p><img loading=\"lazy\" decoding=\"async\" class=\"alignleft size-full wp-image-208\" src=\"http:\/\/sites.ipleiria.pt\/miaa\/files\/2017\/06\/DSC_2089.jpg\" alt=\"\" width=\"1024\" height=\"680\" srcset=\"https:\/\/sites.ipleiria.pt\/miaa\/files\/2017\/06\/DSC_2089.jpg 1024w, https:\/\/sites.ipleiria.pt\/miaa\/files\/2017\/06\/DSC_2089-300x199.jpg 300w, https:\/\/sites.ipleiria.pt\/miaa\/files\/2017\/06\/DSC_2089-768x510.jpg 768w\" sizes=\"auto, (max-width: 1024px) 100vw, 1024px\" \/> <img loading=\"lazy\" decoding=\"async\" class=\"alignleft size-full wp-image-209\" src=\"http:\/\/sites.ipleiria.pt\/miaa\/files\/2017\/06\/DSC_2108.jpg\" alt=\"\" width=\"1024\" height=\"680\" srcset=\"https:\/\/sites.ipleiria.pt\/miaa\/files\/2017\/06\/DSC_2108.jpg 1024w, https:\/\/sites.ipleiria.pt\/miaa\/files\/2017\/06\/DSC_2108-300x199.jpg 300w, https:\/\/sites.ipleiria.pt\/miaa\/files\/2017\/06\/DSC_2108-768x510.jpg 768w\" sizes=\"auto, (max-width: 1024px) 100vw, 1024px\" \/> <img loading=\"lazy\" decoding=\"async\" class=\"alignleft size-full wp-image-210\" src=\"http:\/\/sites.ipleiria.pt\/miaa\/files\/2017\/06\/DSC_2113.jpg\" alt=\"\" width=\"1024\" height=\"680\" srcset=\"https:\/\/sites.ipleiria.pt\/miaa\/files\/2017\/06\/DSC_2113.jpg 1024w, https:\/\/sites.ipleiria.pt\/miaa\/files\/2017\/06\/DSC_2113-300x199.jpg 300w, https:\/\/sites.ipleiria.pt\/miaa\/files\/2017\/06\/DSC_2113-768x510.jpg 768w\" sizes=\"auto, (max-width: 1024px) 100vw, 1024px\" \/> <img loading=\"lazy\" decoding=\"async\" class=\"alignleft size-full wp-image-211\" src=\"http:\/\/sites.ipleiria.pt\/miaa\/files\/2017\/06\/DSC_2122.jpg\" alt=\"\" width=\"1024\" height=\"680\" srcset=\"https:\/\/sites.ipleiria.pt\/miaa\/files\/2017\/06\/DSC_2122.jpg 1024w, https:\/\/sites.ipleiria.pt\/miaa\/files\/2017\/06\/DSC_2122-300x199.jpg 300w, https:\/\/sites.ipleiria.pt\/miaa\/files\/2017\/06\/DSC_2122-768x510.jpg 768w\" sizes=\"auto, (max-width: 1024px) 100vw, 1024px\" \/><\/p>\n<p>&nbsp;<\/p>\n<p><em>Fotografias: Ana Moderno<\/em><\/p>\n","protected":false},"excerpt":{"rendered":"<p>30 de abril de 2016 Aula aberta organizada pelos alunos do Laborat\u00f3rio de Fotografia e V\u00eddeo, Mestrado em Interven\u00e7\u00e3o e Anima\u00e7\u00e3o Art\u00edsticas, ESECS &#8211; IPL, integrada no Projeto SHE\/ELA &#8211;&#8230;<\/p>\n","protected":false},"author":2694,"featured_media":0,"parent":0,"menu_order":0,"comment_status":"closed","ping_status":"closed","template":"templates\/full-width.php","meta":{"footnotes":""},"class_list":["post-207","page","type-page","status-publish","hentry"],"_links":{"self":[{"href":"https:\/\/sites.ipleiria.pt\/miaa\/wp-json\/wp\/v2\/pages\/207","targetHints":{"allow":["GET"]}}],"collection":[{"href":"https:\/\/sites.ipleiria.pt\/miaa\/wp-json\/wp\/v2\/pages"}],"about":[{"href":"https:\/\/sites.ipleiria.pt\/miaa\/wp-json\/wp\/v2\/types\/page"}],"author":[{"embeddable":true,"href":"https:\/\/sites.ipleiria.pt\/miaa\/wp-json\/wp\/v2\/users\/2694"}],"replies":[{"embeddable":true,"href":"https:\/\/sites.ipleiria.pt\/miaa\/wp-json\/wp\/v2\/comments?post=207"}],"version-history":[{"count":3,"href":"https:\/\/sites.ipleiria.pt\/miaa\/wp-json\/wp\/v2\/pages\/207\/revisions"}],"predecessor-version":[{"id":627,"href":"https:\/\/sites.ipleiria.pt\/miaa\/wp-json\/wp\/v2\/pages\/207\/revisions\/627"}],"wp:attachment":[{"href":"https:\/\/sites.ipleiria.pt\/miaa\/wp-json\/wp\/v2\/media?parent=207"}],"curies":[{"name":"wp","href":"https:\/\/api.w.org\/{rel}","templated":true}]}}