{"id":253,"date":"2017-06-27T11:25:25","date_gmt":"2017-06-27T11:25:25","guid":{"rendered":"http:\/\/sites.ipleiria.pt\/miaa\/?page_id=253"},"modified":"2019-01-30T16:46:38","modified_gmt":"2019-01-30T16:46:38","slug":"processos-fotograficos","status":"publish","type":"page","link":"https:\/\/sites.ipleiria.pt\/miaa\/processos-fotograficos\/","title":{"rendered":"Processos fotogr\u00e1ficos"},"content":{"rendered":"<p><strong>15 de maio de 2015<\/strong><\/p>\n<p>Pinhole, Cianotipia e impress\u00e3o em Laborat\u00f3rio de Fotografia Anal\u00f3gica<\/p>\n<p>IPDJ Leiria, com Ant\u00f3nio Palmeira<\/p>\n<p><img loading=\"lazy\" decoding=\"async\" class=\"alignleft size-full wp-image-254\" src=\"http:\/\/sites.ipleiria.pt\/miaa\/files\/2017\/06\/DSC_1869.jpg\" alt=\"\" width=\"1134\" height=\"756\" srcset=\"https:\/\/sites.ipleiria.pt\/miaa\/files\/2017\/06\/DSC_1869.jpg 1134w, https:\/\/sites.ipleiria.pt\/miaa\/files\/2017\/06\/DSC_1869-300x200.jpg 300w, https:\/\/sites.ipleiria.pt\/miaa\/files\/2017\/06\/DSC_1869-768x512.jpg 768w, https:\/\/sites.ipleiria.pt\/miaa\/files\/2017\/06\/DSC_1869-1024x683.jpg 1024w\" sizes=\"auto, (max-width: 1134px) 100vw, 1134px\" \/> <img loading=\"lazy\" decoding=\"async\" class=\"alignleft size-full wp-image-255\" src=\"http:\/\/sites.ipleiria.pt\/miaa\/files\/2017\/06\/DSC_1878.jpg\" alt=\"\" width=\"1134\" height=\"756\" srcset=\"https:\/\/sites.ipleiria.pt\/miaa\/files\/2017\/06\/DSC_1878.jpg 1134w, https:\/\/sites.ipleiria.pt\/miaa\/files\/2017\/06\/DSC_1878-300x200.jpg 300w, https:\/\/sites.ipleiria.pt\/miaa\/files\/2017\/06\/DSC_1878-768x512.jpg 768w, https:\/\/sites.ipleiria.pt\/miaa\/files\/2017\/06\/DSC_1878-1024x683.jpg 1024w\" sizes=\"auto, (max-width: 1134px) 100vw, 1134px\" \/> <img loading=\"lazy\" decoding=\"async\" class=\"alignleft size-full wp-image-256\" src=\"http:\/\/sites.ipleiria.pt\/miaa\/files\/2017\/06\/DSC_1909.jpg\" alt=\"\" width=\"1134\" height=\"756\" srcset=\"https:\/\/sites.ipleiria.pt\/miaa\/files\/2017\/06\/DSC_1909.jpg 1134w, https:\/\/sites.ipleiria.pt\/miaa\/files\/2017\/06\/DSC_1909-300x200.jpg 300w, https:\/\/sites.ipleiria.pt\/miaa\/files\/2017\/06\/DSC_1909-768x512.jpg 768w, https:\/\/sites.ipleiria.pt\/miaa\/files\/2017\/06\/DSC_1909-1024x683.jpg 1024w\" sizes=\"auto, (max-width: 1134px) 100vw, 1134px\" \/> <img loading=\"lazy\" decoding=\"async\" class=\"alignleft size-full wp-image-257\" src=\"http:\/\/sites.ipleiria.pt\/miaa\/files\/2017\/06\/DSC_2107.jpg\" alt=\"\" width=\"1134\" height=\"756\" srcset=\"https:\/\/sites.ipleiria.pt\/miaa\/files\/2017\/06\/DSC_2107.jpg 1134w, https:\/\/sites.ipleiria.pt\/miaa\/files\/2017\/06\/DSC_2107-300x200.jpg 300w, https:\/\/sites.ipleiria.pt\/miaa\/files\/2017\/06\/DSC_2107-768x512.jpg 768w, https:\/\/sites.ipleiria.pt\/miaa\/files\/2017\/06\/DSC_2107-1024x683.jpg 1024w\" sizes=\"auto, (max-width: 1134px) 100vw, 1134px\" \/> <img loading=\"lazy\" decoding=\"async\" class=\"alignleft size-full wp-image-258\" src=\"http:\/\/sites.ipleiria.pt\/miaa\/files\/2017\/06\/DSC_2193.jpg\" alt=\"\" width=\"1134\" height=\"756\" srcset=\"https:\/\/sites.ipleiria.pt\/miaa\/files\/2017\/06\/DSC_2193.jpg 1134w, https:\/\/sites.ipleiria.pt\/miaa\/files\/2017\/06\/DSC_2193-300x200.jpg 300w, https:\/\/sites.ipleiria.pt\/miaa\/files\/2017\/06\/DSC_2193-768x512.jpg 768w, https:\/\/sites.ipleiria.pt\/miaa\/files\/2017\/06\/DSC_2193-1024x683.jpg 1024w\" sizes=\"auto, (max-width: 1134px) 100vw, 1134px\" \/> <img loading=\"lazy\" decoding=\"async\" class=\"alignleft size-full wp-image-259\" src=\"http:\/\/sites.ipleiria.pt\/miaa\/files\/2017\/06\/DSC_2199.jpg\" alt=\"\" width=\"1134\" height=\"756\" srcset=\"https:\/\/sites.ipleiria.pt\/miaa\/files\/2017\/06\/DSC_2199.jpg 1134w, https:\/\/sites.ipleiria.pt\/miaa\/files\/2017\/06\/DSC_2199-300x200.jpg 300w, https:\/\/sites.ipleiria.pt\/miaa\/files\/2017\/06\/DSC_2199-768x512.jpg 768w, https:\/\/sites.ipleiria.pt\/miaa\/files\/2017\/06\/DSC_2199-1024x683.jpg 1024w\" sizes=\"auto, (max-width: 1134px) 100vw, 1134px\" \/> <img loading=\"lazy\" decoding=\"async\" class=\"alignleft size-full wp-image-260\" src=\"http:\/\/sites.ipleiria.pt\/miaa\/files\/2017\/06\/DSC_2251.jpg\" alt=\"\" width=\"1134\" height=\"756\" srcset=\"https:\/\/sites.ipleiria.pt\/miaa\/files\/2017\/06\/DSC_2251.jpg 1134w, https:\/\/sites.ipleiria.pt\/miaa\/files\/2017\/06\/DSC_2251-300x200.jpg 300w, https:\/\/sites.ipleiria.pt\/miaa\/files\/2017\/06\/DSC_2251-768x512.jpg 768w, https:\/\/sites.ipleiria.pt\/miaa\/files\/2017\/06\/DSC_2251-1024x683.jpg 1024w\" sizes=\"auto, (max-width: 1134px) 100vw, 1134px\" \/> <img loading=\"lazy\" decoding=\"async\" class=\"alignleft size-full wp-image-261\" src=\"http:\/\/sites.ipleiria.pt\/miaa\/files\/2017\/06\/DSC_2254.jpg\" alt=\"\" width=\"756\" height=\"1134\" srcset=\"https:\/\/sites.ipleiria.pt\/miaa\/files\/2017\/06\/DSC_2254.jpg 756w, https:\/\/sites.ipleiria.pt\/miaa\/files\/2017\/06\/DSC_2254-200x300.jpg 200w, https:\/\/sites.ipleiria.pt\/miaa\/files\/2017\/06\/DSC_2254-683x1024.jpg 683w\" sizes=\"auto, (max-width: 756px) 100vw, 756px\" \/><\/p>\n<p>\u00a9Rosalinda Chaves<\/p>\n","protected":false},"excerpt":{"rendered":"<p>15 de maio de 2015 Pinhole, Cianotipia e impress\u00e3o em Laborat\u00f3rio de Fotografia Anal\u00f3gica IPDJ Leiria, com Ant\u00f3nio Palmeira \u00a9Rosalinda Chaves<\/p>\n","protected":false},"author":2694,"featured_media":0,"parent":0,"menu_order":0,"comment_status":"closed","ping_status":"closed","template":"templates\/full-width.php","meta":{"footnotes":""},"class_list":["post-253","page","type-page","status-publish","hentry"],"_links":{"self":[{"href":"https:\/\/sites.ipleiria.pt\/miaa\/wp-json\/wp\/v2\/pages\/253","targetHints":{"allow":["GET"]}}],"collection":[{"href":"https:\/\/sites.ipleiria.pt\/miaa\/wp-json\/wp\/v2\/pages"}],"about":[{"href":"https:\/\/sites.ipleiria.pt\/miaa\/wp-json\/wp\/v2\/types\/page"}],"author":[{"embeddable":true,"href":"https:\/\/sites.ipleiria.pt\/miaa\/wp-json\/wp\/v2\/users\/2694"}],"replies":[{"embeddable":true,"href":"https:\/\/sites.ipleiria.pt\/miaa\/wp-json\/wp\/v2\/comments?post=253"}],"version-history":[{"count":3,"href":"https:\/\/sites.ipleiria.pt\/miaa\/wp-json\/wp\/v2\/pages\/253\/revisions"}],"predecessor-version":[{"id":619,"href":"https:\/\/sites.ipleiria.pt\/miaa\/wp-json\/wp\/v2\/pages\/253\/revisions\/619"}],"wp:attachment":[{"href":"https:\/\/sites.ipleiria.pt\/miaa\/wp-json\/wp\/v2\/media?parent=253"}],"curies":[{"name":"wp","href":"https:\/\/api.w.org\/{rel}","templated":true}]}}