{"id":26,"date":"2017-06-26T11:30:36","date_gmt":"2017-06-26T11:30:36","guid":{"rendered":"http:\/\/sites.ipleiria.pt\/miaa\/?page_id=26"},"modified":"2017-06-26T11:32:29","modified_gmt":"2017-06-26T11:32:29","slug":"condicoes-de-acesso","status":"publish","type":"page","link":"https:\/\/sites.ipleiria.pt\/miaa\/condicoes-de-acesso\/","title":{"rendered":"Condi\u00e7\u00f5es de acesso"},"content":{"rendered":"<div>\n<p>Podem candidatar-se ao acesso do ciclo de estudos conducente ao grau de mestre em Interven\u00e7\u00e3o e Anima\u00e7\u00e3o Art\u00edsticas:<\/p>\n<ol>\n<li>Licenciados em Anima\u00e7\u00e3o Cultural, Anima\u00e7\u00e3o Sociocultural, Servi\u00e7o Social, Educa\u00e7\u00e3o Social, Educa\u00e7\u00e3o B\u00e1sica, Psicologia<\/li>\n<li>Professores e titulares do grau de licenciado em outras \u00e1reas das ci\u00eancias sociais e humanas<\/li>\n<li>Titulares de um grau acad\u00e9mico superior estrangeiro, reconhecido pelo \u00f3rg\u00e3o cient\u00edfico do estabelecimento de ensino superior como grau de licenciado nas \u00e1reas acima referidas<\/li>\n<li>Detentores de um curr\u00edculo acad\u00e9mico, cient\u00edfico, art\u00edstico ou profissional que seja reconhecido como atestando capacidade para a realiza\u00e7\u00e3o deste ciclo de estudos pelo \u00f3rg\u00e3o cient\u00edfico do estabelecimento de ensino superior<\/li>\n<\/ol>\n<p><em><span class=\"semi-bold\">Estudante internacional<\/span><\/em><br \/>\nTodas as informa\u00e7\u00f5es relacionadas com a candidatura do Estudante Internacional ao IPLeiria devem ser consultadas na\u00a0 p\u00e1gina de <a href=\"https:\/\/www.ipleiria.pt\/internacional\/estudantes-internacionais\/#candidaturas\" target=\"_blank\" rel=\"noopener\">Candidaturas de Estudantes Internacionais<\/a>.<\/p>\n<p>&nbsp;<\/p>\n<\/div>\n<p>Mais informa\u00e7\u00f5es em:\u00a0<a href=\"https:\/\/www.ipleiria.pt\/cursos\/course\/mestrado-em-intervencao-e-animacao-artisticas-2\/\">https:\/\/www.ipleiria.pt\/cursos\/course\/mestrado-em-intervencao-e-animacao-artisticas-2\/<\/a><\/p>\n","protected":false},"excerpt":{"rendered":"<p>Podem candidatar-se ao acesso do ciclo de estudos conducente ao grau de mestre em Interven\u00e7\u00e3o e Anima\u00e7\u00e3o Art\u00edsticas: Licenciados em Anima\u00e7\u00e3o Cultural, Anima\u00e7\u00e3o Sociocultural, Servi\u00e7o Social, Educa\u00e7\u00e3o Social, Educa\u00e7\u00e3o B\u00e1sica,&#8230;<\/p>\n","protected":false},"author":2694,"featured_media":0,"parent":0,"menu_order":0,"comment_status":"closed","ping_status":"closed","template":"","meta":{"footnotes":""},"class_list":["post-26","page","type-page","status-publish","hentry"],"_links":{"self":[{"href":"https:\/\/sites.ipleiria.pt\/miaa\/wp-json\/wp\/v2\/pages\/26","targetHints":{"allow":["GET"]}}],"collection":[{"href":"https:\/\/sites.ipleiria.pt\/miaa\/wp-json\/wp\/v2\/pages"}],"about":[{"href":"https:\/\/sites.ipleiria.pt\/miaa\/wp-json\/wp\/v2\/types\/page"}],"author":[{"embeddable":true,"href":"https:\/\/sites.ipleiria.pt\/miaa\/wp-json\/wp\/v2\/users\/2694"}],"replies":[{"embeddable":true,"href":"https:\/\/sites.ipleiria.pt\/miaa\/wp-json\/wp\/v2\/comments?post=26"}],"version-history":[{"count":4,"href":"https:\/\/sites.ipleiria.pt\/miaa\/wp-json\/wp\/v2\/pages\/26\/revisions"}],"predecessor-version":[{"id":31,"href":"https:\/\/sites.ipleiria.pt\/miaa\/wp-json\/wp\/v2\/pages\/26\/revisions\/31"}],"wp:attachment":[{"href":"https:\/\/sites.ipleiria.pt\/miaa\/wp-json\/wp\/v2\/media?parent=26"}],"curies":[{"name":"wp","href":"https:\/\/api.w.org\/{rel}","templated":true}]}}