{"id":375,"date":"2017-07-13T09:19:53","date_gmt":"2017-07-13T09:19:53","guid":{"rendered":"http:\/\/sites.ipleiria.pt\/miaa\/?page_id=375"},"modified":"2019-01-30T16:41:19","modified_gmt":"2019-01-30T16:41:19","slug":"investigacao","status":"publish","type":"page","link":"https:\/\/sites.ipleiria.pt\/miaa\/investigacao\/","title":{"rendered":"Investiga\u00e7\u00e3o"},"content":{"rendered":"<p><strong>Projetos de investiga\u00e7\u00e3o j\u00e1 defendidos:<\/strong><\/p>\n<p><a href=\"https:\/\/www.iconline.ipleiria.pt\/handle\/10400.8\/2300\">https:\/\/www.iconline.ipleiria.pt\/handle\/10400.8\/2300<\/a><\/p>\n","protected":false},"excerpt":{"rendered":"<p>Projetos de investiga\u00e7\u00e3o j\u00e1 defendidos: https:\/\/www.iconline.ipleiria.pt\/handle\/10400.8\/2300<\/p>\n","protected":false},"author":2694,"featured_media":0,"parent":0,"menu_order":0,"comment_status":"closed","ping_status":"closed","template":"","meta":{"footnotes":""},"class_list":["post-375","page","type-page","status-publish","hentry"],"_links":{"self":[{"href":"https:\/\/sites.ipleiria.pt\/miaa\/wp-json\/wp\/v2\/pages\/375","targetHints":{"allow":["GET"]}}],"collection":[{"href":"https:\/\/sites.ipleiria.pt\/miaa\/wp-json\/wp\/v2\/pages"}],"about":[{"href":"https:\/\/sites.ipleiria.pt\/miaa\/wp-json\/wp\/v2\/types\/page"}],"author":[{"embeddable":true,"href":"https:\/\/sites.ipleiria.pt\/miaa\/wp-json\/wp\/v2\/users\/2694"}],"replies":[{"embeddable":true,"href":"https:\/\/sites.ipleiria.pt\/miaa\/wp-json\/wp\/v2\/comments?post=375"}],"version-history":[{"count":3,"href":"https:\/\/sites.ipleiria.pt\/miaa\/wp-json\/wp\/v2\/pages\/375\/revisions"}],"predecessor-version":[{"id":382,"href":"https:\/\/sites.ipleiria.pt\/miaa\/wp-json\/wp\/v2\/pages\/375\/revisions\/382"}],"wp:attachment":[{"href":"https:\/\/sites.ipleiria.pt\/miaa\/wp-json\/wp\/v2\/media?parent=375"}],"curies":[{"name":"wp","href":"https:\/\/api.w.org\/{rel}","templated":true}]}}