{"id":486,"date":"2017-10-04T14:02:19","date_gmt":"2017-10-04T14:02:19","guid":{"rendered":"http:\/\/sites.ipleiria.pt\/miaa\/?page_id=486"},"modified":"2020-02-10T11:38:43","modified_gmt":"2020-02-10T11:38:43","slug":"trabalhos-ucs","status":"publish","type":"page","link":"https:\/\/sites.ipleiria.pt\/miaa\/trabalhos-ucs\/","title":{"rendered":"Trabalhos UCs"},"content":{"rendered":"\n<ul class=\"wp-block-gallery columns-2 wp-block-gallery-1 is-layout-flex wp-block-gallery-is-layout-flex\"><li class=\"blocks-gallery-item\"><figure><img loading=\"lazy\" decoding=\"async\" width=\"1024\" height=\"680\" src=\"http:\/\/sites.ipleiria.pt\/miaa\/files\/2017\/10\/LABFOTOG_LIGHTPAINTING-1-1024x680.jpg\" alt=\"\" data-id=\"487\" data-link=\"http:\/\/sites.ipleiria.pt\/miaa\/trabalhos-ucs\/labfotog_lightpainting-1\/\" class=\"wp-image-487\" srcset=\"https:\/\/sites.ipleiria.pt\/miaa\/files\/2017\/10\/LABFOTOG_LIGHTPAINTING-1-1024x680.jpg 1024w, https:\/\/sites.ipleiria.pt\/miaa\/files\/2017\/10\/LABFOTOG_LIGHTPAINTING-1-300x199.jpg 300w, https:\/\/sites.ipleiria.pt\/miaa\/files\/2017\/10\/LABFOTOG_LIGHTPAINTING-1-768x510.jpg 768w, https:\/\/sites.ipleiria.pt\/miaa\/files\/2017\/10\/LABFOTOG_LIGHTPAINTING-1-370x246.jpg 370w, https:\/\/sites.ipleiria.pt\/miaa\/files\/2017\/10\/LABFOTOG_LIGHTPAINTING-1-960x638.jpg 960w\" sizes=\"auto, (max-width: 1024px) 100vw, 1024px\" \/><figcaption>Light Painting<\/figcaption><\/figure><\/li><li class=\"blocks-gallery-item\"><figure><img loading=\"lazy\" decoding=\"async\" width=\"1024\" height=\"680\" src=\"http:\/\/sites.ipleiria.pt\/miaa\/files\/2017\/10\/LABFOTOG_LIGHTPAINTING-2-1024x680.jpg\" alt=\"\" data-id=\"488\" data-link=\"http:\/\/sites.ipleiria.pt\/miaa\/trabalhos-ucs\/labfotog_lightpainting-2\/\" class=\"wp-image-488\" srcset=\"https:\/\/sites.ipleiria.pt\/miaa\/files\/2017\/10\/LABFOTOG_LIGHTPAINTING-2-1024x680.jpg 1024w, https:\/\/sites.ipleiria.pt\/miaa\/files\/2017\/10\/LABFOTOG_LIGHTPAINTING-2-300x199.jpg 300w, https:\/\/sites.ipleiria.pt\/miaa\/files\/2017\/10\/LABFOTOG_LIGHTPAINTING-2-768x510.jpg 768w, https:\/\/sites.ipleiria.pt\/miaa\/files\/2017\/10\/LABFOTOG_LIGHTPAINTING-2-370x246.jpg 370w, https:\/\/sites.ipleiria.pt\/miaa\/files\/2017\/10\/LABFOTOG_LIGHTPAINTING-2-960x638.jpg 960w\" sizes=\"auto, (max-width: 1024px) 100vw, 1024px\" \/><figcaption>Light Painting<\/figcaption><\/figure><\/li><li class=\"blocks-gallery-item\"><figure><img loading=\"lazy\" decoding=\"async\" width=\"1024\" height=\"680\" src=\"http:\/\/sites.ipleiria.pt\/miaa\/files\/2017\/10\/LABFOTOG_LIGHTPAINTING-3-1024x680.jpg\" alt=\"\" data-id=\"489\" data-link=\"http:\/\/sites.ipleiria.pt\/miaa\/trabalhos-ucs\/labfotog_lightpainting-3\/\" class=\"wp-image-489\" srcset=\"https:\/\/sites.ipleiria.pt\/miaa\/files\/2017\/10\/LABFOTOG_LIGHTPAINTING-3-1024x680.jpg 1024w, https:\/\/sites.ipleiria.pt\/miaa\/files\/2017\/10\/LABFOTOG_LIGHTPAINTING-3-300x199.jpg 300w, https:\/\/sites.ipleiria.pt\/miaa\/files\/2017\/10\/LABFOTOG_LIGHTPAINTING-3-768x510.jpg 768w, https:\/\/sites.ipleiria.pt\/miaa\/files\/2017\/10\/LABFOTOG_LIGHTPAINTING-3-370x246.jpg 370w, https:\/\/sites.ipleiria.pt\/miaa\/files\/2017\/10\/LABFOTOG_LIGHTPAINTING-3-960x638.jpg 960w\" sizes=\"auto, (max-width: 1024px) 100vw, 1024px\" \/><figcaption>Light Painting<\/figcaption><\/figure><\/li><li class=\"blocks-gallery-item\"><figure><img loading=\"lazy\" decoding=\"async\" width=\"1024\" height=\"614\" src=\"http:\/\/sites.ipleiria.pt\/miaa\/files\/2017\/10\/labproccriat_teatro-de-sombras-1-1024x614.jpg\" alt=\"\" data-id=\"490\" data-link=\"http:\/\/sites.ipleiria.pt\/miaa\/trabalhos-ucs\/labproccriat_teatro-de-sombras-1\/\" class=\"wp-image-490\" srcset=\"https:\/\/sites.ipleiria.pt\/miaa\/files\/2017\/10\/labproccriat_teatro-de-sombras-1-1024x614.jpg 1024w, https:\/\/sites.ipleiria.pt\/miaa\/files\/2017\/10\/labproccriat_teatro-de-sombras-1-300x180.jpg 300w, https:\/\/sites.ipleiria.pt\/miaa\/files\/2017\/10\/labproccriat_teatro-de-sombras-1-768x461.jpg 768w, https:\/\/sites.ipleiria.pt\/miaa\/files\/2017\/10\/labproccriat_teatro-de-sombras-1-370x222.jpg 370w, https:\/\/sites.ipleiria.pt\/miaa\/files\/2017\/10\/labproccriat_teatro-de-sombras-1-960x576.jpg 960w\" sizes=\"auto, (max-width: 1024px) 100vw, 1024px\" \/><figcaption>Teatro de Sombras<\/figcaption><\/figure><\/li><li class=\"blocks-gallery-item\"><figure><img loading=\"lazy\" decoding=\"async\" width=\"1024\" height=\"614\" src=\"http:\/\/sites.ipleiria.pt\/miaa\/files\/2017\/10\/labproccriat_teatro-de-sombras-2-1024x614.jpg\" alt=\"\" data-id=\"491\" data-link=\"http:\/\/sites.ipleiria.pt\/miaa\/trabalhos-ucs\/labproccriat_teatro-de-sombras-2\/\" class=\"wp-image-491\" srcset=\"https:\/\/sites.ipleiria.pt\/miaa\/files\/2017\/10\/labproccriat_teatro-de-sombras-2-1024x614.jpg 1024w, https:\/\/sites.ipleiria.pt\/miaa\/files\/2017\/10\/labproccriat_teatro-de-sombras-2-300x180.jpg 300w, https:\/\/sites.ipleiria.pt\/miaa\/files\/2017\/10\/labproccriat_teatro-de-sombras-2-768x461.jpg 768w, https:\/\/sites.ipleiria.pt\/miaa\/files\/2017\/10\/labproccriat_teatro-de-sombras-2-370x222.jpg 370w, https:\/\/sites.ipleiria.pt\/miaa\/files\/2017\/10\/labproccriat_teatro-de-sombras-2-960x576.jpg 960w\" sizes=\"auto, (max-width: 1024px) 100vw, 1024px\" \/><figcaption>Teatro de Sombras<\/figcaption><\/figure><\/li><li class=\"blocks-gallery-item\"><figure><img loading=\"lazy\" decoding=\"async\" width=\"1024\" height=\"614\" src=\"http:\/\/sites.ipleiria.pt\/miaa\/files\/2017\/10\/labproccriat_teatro-de-sombras-3-1024x614.jpg\" alt=\"\" data-id=\"492\" data-link=\"http:\/\/sites.ipleiria.pt\/miaa\/trabalhos-ucs\/labproccriat_teatro-de-sombras-3\/\" class=\"wp-image-492\" srcset=\"https:\/\/sites.ipleiria.pt\/miaa\/files\/2017\/10\/labproccriat_teatro-de-sombras-3-1024x614.jpg 1024w, https:\/\/sites.ipleiria.pt\/miaa\/files\/2017\/10\/labproccriat_teatro-de-sombras-3-300x180.jpg 300w, https:\/\/sites.ipleiria.pt\/miaa\/files\/2017\/10\/labproccriat_teatro-de-sombras-3-768x461.jpg 768w, https:\/\/sites.ipleiria.pt\/miaa\/files\/2017\/10\/labproccriat_teatro-de-sombras-3-370x222.jpg 370w, https:\/\/sites.ipleiria.pt\/miaa\/files\/2017\/10\/labproccriat_teatro-de-sombras-3-960x576.jpg 960w\" sizes=\"auto, (max-width: 1024px) 100vw, 1024px\" \/><figcaption>Teatro de Sombras<\/figcaption><\/figure><\/li><li class=\"blocks-gallery-item\"><figure><img loading=\"lazy\" decoding=\"async\" width=\"723\" height=\"1024\" src=\"http:\/\/sites.ipleiria.pt\/miaa\/files\/2017\/10\/PICA_ARTESPLASTICAS_ANA-1-723x1024.jpg\" alt=\"\" data-id=\"493\" data-link=\"http:\/\/sites.ipleiria.pt\/miaa\/trabalhos-ucs\/pica_artesplasticas_ana-1\/\" class=\"wp-image-493\" srcset=\"https:\/\/sites.ipleiria.pt\/miaa\/files\/2017\/10\/PICA_ARTESPLASTICAS_ANA-1.jpg 723w, https:\/\/sites.ipleiria.pt\/miaa\/files\/2017\/10\/PICA_ARTESPLASTICAS_ANA-1-212x300.jpg 212w, https:\/\/sites.ipleiria.pt\/miaa\/files\/2017\/10\/PICA_ARTESPLASTICAS_ANA-1-370x524.jpg 370w\" sizes=\"auto, (max-width: 723px) 100vw, 723px\" \/><figcaption>Artes Pl\u00e1sticas<\/figcaption><\/figure><\/li><li class=\"blocks-gallery-item\"><figure><img loading=\"lazy\" decoding=\"async\" width=\"731\" height=\"1024\" src=\"http:\/\/sites.ipleiria.pt\/miaa\/files\/2017\/10\/PICA_ARTESPLASTICAS_ANA-2-731x1024.jpg\" alt=\"\" data-id=\"494\" data-link=\"http:\/\/sites.ipleiria.pt\/miaa\/trabalhos-ucs\/pica_artesplasticas_ana-2\/\" class=\"wp-image-494\" srcset=\"https:\/\/sites.ipleiria.pt\/miaa\/files\/2017\/10\/PICA_ARTESPLASTICAS_ANA-2.jpg 731w, https:\/\/sites.ipleiria.pt\/miaa\/files\/2017\/10\/PICA_ARTESPLASTICAS_ANA-2-214x300.jpg 214w, https:\/\/sites.ipleiria.pt\/miaa\/files\/2017\/10\/PICA_ARTESPLASTICAS_ANA-2-370x518.jpg 370w\" sizes=\"auto, (max-width: 731px) 100vw, 731px\" \/><figcaption>Artes Pl\u00e1sticas<\/figcaption><\/figure><\/li><li class=\"blocks-gallery-item\"><figure><img loading=\"lazy\" decoding=\"async\" width=\"1024\" height=\"703\" src=\"http:\/\/sites.ipleiria.pt\/miaa\/files\/2017\/10\/PICA_ARTESPLASTICAS_ANA-3-1024x703.jpg\" alt=\"\" data-id=\"495\" data-link=\"http:\/\/sites.ipleiria.pt\/miaa\/trabalhos-ucs\/pica_artesplasticas_ana-3\/\" class=\"wp-image-495\" srcset=\"https:\/\/sites.ipleiria.pt\/miaa\/files\/2017\/10\/PICA_ARTESPLASTICAS_ANA-3.jpg 1024w, https:\/\/sites.ipleiria.pt\/miaa\/files\/2017\/10\/PICA_ARTESPLASTICAS_ANA-3-300x206.jpg 300w, https:\/\/sites.ipleiria.pt\/miaa\/files\/2017\/10\/PICA_ARTESPLASTICAS_ANA-3-768x527.jpg 768w, https:\/\/sites.ipleiria.pt\/miaa\/files\/2017\/10\/PICA_ARTESPLASTICAS_ANA-3-370x254.jpg 370w, https:\/\/sites.ipleiria.pt\/miaa\/files\/2017\/10\/PICA_ARTESPLASTICAS_ANA-3-960x659.jpg 960w\" sizes=\"auto, (max-width: 1024px) 100vw, 1024px\" \/><figcaption>Artes Pl\u00e1sticas<\/figcaption><\/figure><\/li><li class=\"blocks-gallery-item\"><figure><img loading=\"lazy\" decoding=\"async\" width=\"1012\" height=\"734\" src=\"http:\/\/sites.ipleiria.pt\/miaa\/files\/2017\/10\/PICA_ARTESPLASTICAS_ANA-4.jpg\" alt=\"\" data-id=\"496\" data-link=\"http:\/\/sites.ipleiria.pt\/miaa\/trabalhos-ucs\/pica_artesplasticas_ana-4\/\" class=\"wp-image-496\" srcset=\"https:\/\/sites.ipleiria.pt\/miaa\/files\/2017\/10\/PICA_ARTESPLASTICAS_ANA-4.jpg 1012w, https:\/\/sites.ipleiria.pt\/miaa\/files\/2017\/10\/PICA_ARTESPLASTICAS_ANA-4-300x218.jpg 300w, https:\/\/sites.ipleiria.pt\/miaa\/files\/2017\/10\/PICA_ARTESPLASTICAS_ANA-4-768x557.jpg 768w, https:\/\/sites.ipleiria.pt\/miaa\/files\/2017\/10\/PICA_ARTESPLASTICAS_ANA-4-370x268.jpg 370w, https:\/\/sites.ipleiria.pt\/miaa\/files\/2017\/10\/PICA_ARTESPLASTICAS_ANA-4-960x696.jpg 960w\" sizes=\"auto, (max-width: 1012px) 100vw, 1012px\" \/><figcaption>Artes Pl\u00e1sticas<\/figcaption><\/figure><\/li><li class=\"blocks-gallery-item\"><figure><img loading=\"lazy\" decoding=\"async\" width=\"614\" height=\"1024\" src=\"http:\/\/sites.ipleiria.pt\/miaa\/files\/2017\/10\/labproccriati_marionetas-e1507125672446-614x1024.jpg\" alt=\"\" data-id=\"497\" data-link=\"http:\/\/sites.ipleiria.pt\/miaa\/trabalhos-ucs\/labproccriati_marionetas\/\" class=\"wp-image-497\" srcset=\"https:\/\/sites.ipleiria.pt\/miaa\/files\/2017\/10\/labproccriati_marionetas-e1507125672446-614x1024.jpg 614w, https:\/\/sites.ipleiria.pt\/miaa\/files\/2017\/10\/labproccriati_marionetas-e1507125672446-180x300.jpg 180w, https:\/\/sites.ipleiria.pt\/miaa\/files\/2017\/10\/labproccriati_marionetas-e1507125672446-768x1280.jpg 768w, https:\/\/sites.ipleiria.pt\/miaa\/files\/2017\/10\/labproccriati_marionetas-e1507125672446-370x617.jpg 370w, https:\/\/sites.ipleiria.pt\/miaa\/files\/2017\/10\/labproccriati_marionetas-e1507125672446-960x1600.jpg 960w, https:\/\/sites.ipleiria.pt\/miaa\/files\/2017\/10\/labproccriati_marionetas-e1507125672446.jpg 1536w\" sizes=\"auto, (max-width: 614px) 100vw, 614px\" \/><figcaption>Marionetas<\/figcaption><\/figure><\/li><li class=\"blocks-gallery-item\"><figure><img loading=\"lazy\" decoding=\"async\" width=\"640\" height=\"425\" src=\"http:\/\/sites.ipleiria.pt\/miaa\/files\/2017\/10\/PICA_FOTOGRAFIA-1.jpg\" alt=\"\" data-id=\"498\" data-link=\"http:\/\/sites.ipleiria.pt\/miaa\/trabalhos-ucs\/pica_fotografia-1\/\" class=\"wp-image-498\" srcset=\"https:\/\/sites.ipleiria.pt\/miaa\/files\/2017\/10\/PICA_FOTOGRAFIA-1.jpg 640w, https:\/\/sites.ipleiria.pt\/miaa\/files\/2017\/10\/PICA_FOTOGRAFIA-1-300x199.jpg 300w, https:\/\/sites.ipleiria.pt\/miaa\/files\/2017\/10\/PICA_FOTOGRAFIA-1-370x246.jpg 370w\" sizes=\"auto, (max-width: 640px) 100vw, 640px\" \/><figcaption><strong>Processos Criativos &#8211; fotografia<\/strong><\/figcaption><\/figure><\/li><li class=\"blocks-gallery-item\"><figure><img loading=\"lazy\" decoding=\"async\" width=\"640\" height=\"425\" src=\"http:\/\/sites.ipleiria.pt\/miaa\/files\/2017\/10\/PICA_FOTOGRAFIA-2.jpg\" alt=\"\" data-id=\"499\" data-link=\"http:\/\/sites.ipleiria.pt\/miaa\/trabalhos-ucs\/pica_fotografia-2\/\" class=\"wp-image-499\" srcset=\"https:\/\/sites.ipleiria.pt\/miaa\/files\/2017\/10\/PICA_FOTOGRAFIA-2.jpg 640w, https:\/\/sites.ipleiria.pt\/miaa\/files\/2017\/10\/PICA_FOTOGRAFIA-2-300x199.jpg 300w, https:\/\/sites.ipleiria.pt\/miaa\/files\/2017\/10\/PICA_FOTOGRAFIA-2-370x246.jpg 370w\" sizes=\"auto, (max-width: 640px) 100vw, 640px\" \/><figcaption><strong>Processos Criativos &#8211; fotografia<\/strong><\/figcaption><\/figure><\/li><li class=\"blocks-gallery-item\"><figure><img loading=\"lazy\" decoding=\"async\" width=\"640\" height=\"415\" src=\"http:\/\/sites.ipleiria.pt\/miaa\/files\/2017\/10\/PICA_FOTOGRAFIA-3.jpg\" alt=\"\" data-id=\"500\" data-link=\"http:\/\/sites.ipleiria.pt\/miaa\/trabalhos-ucs\/pica_fotografia-3\/\" class=\"wp-image-500\" srcset=\"https:\/\/sites.ipleiria.pt\/miaa\/files\/2017\/10\/PICA_FOTOGRAFIA-3.jpg 640w, https:\/\/sites.ipleiria.pt\/miaa\/files\/2017\/10\/PICA_FOTOGRAFIA-3-300x195.jpg 300w, https:\/\/sites.ipleiria.pt\/miaa\/files\/2017\/10\/PICA_FOTOGRAFIA-3-370x240.jpg 370w\" sizes=\"auto, (max-width: 640px) 100vw, 640px\" \/><figcaption><strong>Processos Criativos &#8211; fotografia<\/strong><\/figcaption><\/figure><\/li><\/ul>\n\n\n\n<figure class=\"wp-block-embed-youtube wp-block-embed is-type-video is-provider-youtube wp-embed-aspect-16-9 wp-has-aspect-ratio\"><div class=\"wp-block-embed__wrapper\">\n<iframe loading=\"lazy\" title=\"A Origem\" width=\"970\" height=\"546\" src=\"https:\/\/www.youtube.com\/embed\/pA5mdK67K8s?feature=oembed\" frameborder=\"0\" allow=\"accelerometer; autoplay; encrypted-media; gyroscope; picture-in-picture\" allowfullscreen><\/iframe>\n<\/div><figcaption>Trabalho de grupo &#8220;A Origem&#8221; &#8211; Laborat\u00f3rio de Dan\u00e7a<\/figcaption><\/figure>\n\n\n\n<figure class=\"wp-block-embed-youtube wp-block-embed is-type-video is-provider-youtube wp-embed-aspect-16-9 wp-has-aspect-ratio\"><div class=\"wp-block-embed__wrapper\">\n<iframe loading=\"lazy\" title=\"O Tempo\" width=\"970\" height=\"546\" src=\"https:\/\/www.youtube.com\/embed\/mJzeQgUB5qY?feature=oembed\" frameborder=\"0\" allow=\"accelerometer; autoplay; encrypted-media; gyroscope; picture-in-picture\" allowfullscreen><\/iframe>\n<\/div><figcaption>Trabalho de grupo &#8220;O Tempo&#8221; &#8211; Laborat\u00f3rio de Dan\u00e7a<\/figcaption><\/figure>\n\n\n\n<figure class=\"wp-block-embed-youtube wp-block-embed is-type-video is-provider-youtube wp-embed-aspect-16-9 wp-has-aspect-ratio\"><div class=\"wp-block-embed__wrapper\">\n<iframe loading=\"lazy\" title=\"DAN\u00c7A 30 OUT 2018 J\u00e9ssica + L\u00e9nia + Isabel + Elodie\" width=\"970\" height=\"546\" src=\"https:\/\/www.youtube.com\/embed\/kvbMICCa-Ls?feature=oembed\" frameborder=\"0\" allow=\"accelerometer; autoplay; encrypted-media; gyroscope; picture-in-picture\" allowfullscreen><\/iframe>\n<\/div><figcaption>Trabalho de grupo &#8211; Laborat\u00f3rio de Dan\u00e7a<\/figcaption><\/figure>\n\n\n\n<p><\/p>\n","protected":false},"excerpt":{"rendered":"","protected":false},"author":2694,"featured_media":0,"parent":0,"menu_order":0,"comment_status":"closed","ping_status":"closed","template":"templates\/full-width.php","meta":{"footnotes":""},"class_list":["post-486","page","type-page","status-publish","hentry"],"_links":{"self":[{"href":"https:\/\/sites.ipleiria.pt\/miaa\/wp-json\/wp\/v2\/pages\/486","targetHints":{"allow":["GET"]}}],"collection":[{"href":"https:\/\/sites.ipleiria.pt\/miaa\/wp-json\/wp\/v2\/pages"}],"about":[{"href":"https:\/\/sites.ipleiria.pt\/miaa\/wp-json\/wp\/v2\/types\/page"}],"author":[{"embeddable":true,"href":"https:\/\/sites.ipleiria.pt\/miaa\/wp-json\/wp\/v2\/users\/2694"}],"replies":[{"embeddable":true,"href":"https:\/\/sites.ipleiria.pt\/miaa\/wp-json\/wp\/v2\/comments?post=486"}],"version-history":[{"count":7,"href":"https:\/\/sites.ipleiria.pt\/miaa\/wp-json\/wp\/v2\/pages\/486\/revisions"}],"predecessor-version":[{"id":685,"href":"https:\/\/sites.ipleiria.pt\/miaa\/wp-json\/wp\/v2\/pages\/486\/revisions\/685"}],"wp:attachment":[{"href":"https:\/\/sites.ipleiria.pt\/miaa\/wp-json\/wp\/v2\/media?parent=486"}],"curies":[{"name":"wp","href":"https:\/\/api.w.org\/{rel}","templated":true}]}}