{"id":506,"date":"2018-04-03T14:43:38","date_gmt":"2018-04-03T14:43:38","guid":{"rendered":"http:\/\/sites.ipleiria.pt\/miaa\/?page_id=506"},"modified":"2020-02-10T11:54:36","modified_gmt":"2020-02-10T11:54:36","slug":"projetos-integrados-de-criacao-artistica","status":"publish","type":"page","link":"https:\/\/sites.ipleiria.pt\/miaa\/projetos-integrados-de-criacao-artistica\/","title":{"rendered":"Projetos Integrados de Cria\u00e7\u00e3o Art\u00edstica"},"content":{"rendered":"\n<p>2019\/ 2020<\/p>\n\n\n\n<ul class=\"wp-block-gallery columns-2 wp-block-gallery-1 is-layout-flex wp-block-gallery-is-layout-flex\"><li class=\"blocks-gallery-item\"><figure><img loading=\"lazy\" decoding=\"async\" width=\"1024\" height=\"768\" src=\"http:\/\/sites.ipleiria.pt\/miaa\/files\/2020\/02\/IMG_3673-1024x768.jpg\" alt=\"\" data-id=\"695\" data-link=\"http:\/\/sites.ipleiria.pt\/miaa\/projetos-integrados-de-criacao-artistica\/img_3673\/\" class=\"wp-image-695\" srcset=\"https:\/\/sites.ipleiria.pt\/miaa\/files\/2020\/02\/IMG_3673-1024x768.jpg 1024w, https:\/\/sites.ipleiria.pt\/miaa\/files\/2020\/02\/IMG_3673-300x225.jpg 300w, https:\/\/sites.ipleiria.pt\/miaa\/files\/2020\/02\/IMG_3673-768x576.jpg 768w, https:\/\/sites.ipleiria.pt\/miaa\/files\/2020\/02\/IMG_3673-370x278.jpg 370w, https:\/\/sites.ipleiria.pt\/miaa\/files\/2020\/02\/IMG_3673-960x720.jpg 960w, https:\/\/sites.ipleiria.pt\/miaa\/files\/2020\/02\/IMG_3673.jpg 1600w\" sizes=\"auto, (max-width: 1024px) 100vw, 1024px\" \/><\/figure><\/li><li class=\"blocks-gallery-item\"><figure><img loading=\"lazy\" decoding=\"async\" width=\"1024\" height=\"768\" src=\"http:\/\/sites.ipleiria.pt\/miaa\/files\/2020\/02\/IMG_3687-1024x768.jpg\" alt=\"\" data-id=\"697\" data-link=\"http:\/\/sites.ipleiria.pt\/miaa\/projetos-integrados-de-criacao-artistica\/img_3687\/\" class=\"wp-image-697\" srcset=\"https:\/\/sites.ipleiria.pt\/miaa\/files\/2020\/02\/IMG_3687-1024x768.jpg 1024w, https:\/\/sites.ipleiria.pt\/miaa\/files\/2020\/02\/IMG_3687-300x225.jpg 300w, https:\/\/sites.ipleiria.pt\/miaa\/files\/2020\/02\/IMG_3687-768x576.jpg 768w, https:\/\/sites.ipleiria.pt\/miaa\/files\/2020\/02\/IMG_3687-370x278.jpg 370w, https:\/\/sites.ipleiria.pt\/miaa\/files\/2020\/02\/IMG_3687-960x720.jpg 960w, https:\/\/sites.ipleiria.pt\/miaa\/files\/2020\/02\/IMG_3687.jpg 1600w\" sizes=\"auto, (max-width: 1024px) 100vw, 1024px\" \/><\/figure><\/li><li class=\"blocks-gallery-item\"><figure><img loading=\"lazy\" decoding=\"async\" width=\"1024\" height=\"768\" src=\"http:\/\/sites.ipleiria.pt\/miaa\/files\/2020\/02\/IMG_3696-1024x768.jpg\" alt=\"\" data-id=\"699\" data-link=\"http:\/\/sites.ipleiria.pt\/miaa\/projetos-integrados-de-criacao-artistica\/img_3696\/\" class=\"wp-image-699\" srcset=\"https:\/\/sites.ipleiria.pt\/miaa\/files\/2020\/02\/IMG_3696-1024x768.jpg 1024w, https:\/\/sites.ipleiria.pt\/miaa\/files\/2020\/02\/IMG_3696-300x225.jpg 300w, https:\/\/sites.ipleiria.pt\/miaa\/files\/2020\/02\/IMG_3696-768x576.jpg 768w, https:\/\/sites.ipleiria.pt\/miaa\/files\/2020\/02\/IMG_3696-370x278.jpg 370w, https:\/\/sites.ipleiria.pt\/miaa\/files\/2020\/02\/IMG_3696-960x720.jpg 960w, https:\/\/sites.ipleiria.pt\/miaa\/files\/2020\/02\/IMG_3696.jpg 1600w\" sizes=\"auto, (max-width: 1024px) 100vw, 1024px\" \/><\/figure><\/li><li class=\"blocks-gallery-item\"><figure><img loading=\"lazy\" decoding=\"async\" width=\"1024\" height=\"768\" src=\"http:\/\/sites.ipleiria.pt\/miaa\/files\/2020\/02\/IMG_3699-1024x768.jpg\" alt=\"\" data-id=\"700\" data-link=\"http:\/\/sites.ipleiria.pt\/miaa\/projetos-integrados-de-criacao-artistica\/img_3699\/\" class=\"wp-image-700\" srcset=\"https:\/\/sites.ipleiria.pt\/miaa\/files\/2020\/02\/IMG_3699-1024x768.jpg 1024w, https:\/\/sites.ipleiria.pt\/miaa\/files\/2020\/02\/IMG_3699-300x225.jpg 300w, https:\/\/sites.ipleiria.pt\/miaa\/files\/2020\/02\/IMG_3699-768x576.jpg 768w, https:\/\/sites.ipleiria.pt\/miaa\/files\/2020\/02\/IMG_3699-370x278.jpg 370w, https:\/\/sites.ipleiria.pt\/miaa\/files\/2020\/02\/IMG_3699-960x720.jpg 960w, https:\/\/sites.ipleiria.pt\/miaa\/files\/2020\/02\/IMG_3699.jpg 1600w\" sizes=\"auto, (max-width: 1024px) 100vw, 1024px\" \/><\/figure><\/li><li class=\"blocks-gallery-item\"><figure><img loading=\"lazy\" decoding=\"async\" width=\"1024\" height=\"768\" src=\"http:\/\/sites.ipleiria.pt\/miaa\/files\/2020\/02\/IMG_3704-1024x768.jpg\" alt=\"\" data-id=\"701\" data-link=\"http:\/\/sites.ipleiria.pt\/miaa\/projetos-integrados-de-criacao-artistica\/img_3704\/\" class=\"wp-image-701\" srcset=\"https:\/\/sites.ipleiria.pt\/miaa\/files\/2020\/02\/IMG_3704-1024x768.jpg 1024w, https:\/\/sites.ipleiria.pt\/miaa\/files\/2020\/02\/IMG_3704-300x225.jpg 300w, https:\/\/sites.ipleiria.pt\/miaa\/files\/2020\/02\/IMG_3704-768x576.jpg 768w, https:\/\/sites.ipleiria.pt\/miaa\/files\/2020\/02\/IMG_3704-370x278.jpg 370w, https:\/\/sites.ipleiria.pt\/miaa\/files\/2020\/02\/IMG_3704-960x720.jpg 960w, https:\/\/sites.ipleiria.pt\/miaa\/files\/2020\/02\/IMG_3704.jpg 1600w\" sizes=\"auto, (max-width: 1024px) 100vw, 1024px\" \/><\/figure><\/li><li class=\"blocks-gallery-item\"><figure><img loading=\"lazy\" decoding=\"async\" width=\"1024\" height=\"768\" src=\"http:\/\/sites.ipleiria.pt\/miaa\/files\/2020\/02\/IMG_3495-1024x768.jpg\" alt=\"\" data-id=\"689\" data-link=\"http:\/\/sites.ipleiria.pt\/miaa\/projetos-integrados-de-criacao-artistica\/img_3495\/\" class=\"wp-image-689\" srcset=\"https:\/\/sites.ipleiria.pt\/miaa\/files\/2020\/02\/IMG_3495-1024x768.jpg 1024w, https:\/\/sites.ipleiria.pt\/miaa\/files\/2020\/02\/IMG_3495-300x225.jpg 300w, https:\/\/sites.ipleiria.pt\/miaa\/files\/2020\/02\/IMG_3495-768x576.jpg 768w, https:\/\/sites.ipleiria.pt\/miaa\/files\/2020\/02\/IMG_3495-370x278.jpg 370w, https:\/\/sites.ipleiria.pt\/miaa\/files\/2020\/02\/IMG_3495-960x720.jpg 960w, https:\/\/sites.ipleiria.pt\/miaa\/files\/2020\/02\/IMG_3495.jpg 1600w\" sizes=\"auto, (max-width: 1024px) 100vw, 1024px\" \/><\/figure><\/li><li class=\"blocks-gallery-item\"><figure><img loading=\"lazy\" decoding=\"async\" width=\"768\" height=\"1024\" src=\"http:\/\/sites.ipleiria.pt\/miaa\/files\/2020\/02\/IMG_3527-768x1024.jpg\" alt=\"\" data-id=\"691\" data-link=\"http:\/\/sites.ipleiria.pt\/miaa\/projetos-integrados-de-criacao-artistica\/img_3527\/\" class=\"wp-image-691\" srcset=\"https:\/\/sites.ipleiria.pt\/miaa\/files\/2020\/02\/IMG_3527-768x1024.jpg 768w, https:\/\/sites.ipleiria.pt\/miaa\/files\/2020\/02\/IMG_3527-225x300.jpg 225w, https:\/\/sites.ipleiria.pt\/miaa\/files\/2020\/02\/IMG_3527-370x493.jpg 370w, https:\/\/sites.ipleiria.pt\/miaa\/files\/2020\/02\/IMG_3527-960x1280.jpg 960w, https:\/\/sites.ipleiria.pt\/miaa\/files\/2020\/02\/IMG_3527.jpg 1200w\" sizes=\"auto, (max-width: 768px) 100vw, 768px\" \/><\/figure><\/li><li class=\"blocks-gallery-item\"><figure><img loading=\"lazy\" decoding=\"async\" width=\"1024\" height=\"768\" src=\"http:\/\/sites.ipleiria.pt\/miaa\/files\/2020\/02\/IMG_3535-1024x768.jpg\" alt=\"\" data-id=\"692\" data-link=\"http:\/\/sites.ipleiria.pt\/miaa\/projetos-integrados-de-criacao-artistica\/img_3535\/\" class=\"wp-image-692\" srcset=\"https:\/\/sites.ipleiria.pt\/miaa\/files\/2020\/02\/IMG_3535-1024x768.jpg 1024w, https:\/\/sites.ipleiria.pt\/miaa\/files\/2020\/02\/IMG_3535-300x225.jpg 300w, https:\/\/sites.ipleiria.pt\/miaa\/files\/2020\/02\/IMG_3535-768x576.jpg 768w, https:\/\/sites.ipleiria.pt\/miaa\/files\/2020\/02\/IMG_3535-370x278.jpg 370w, https:\/\/sites.ipleiria.pt\/miaa\/files\/2020\/02\/IMG_3535-960x720.jpg 960w, https:\/\/sites.ipleiria.pt\/miaa\/files\/2020\/02\/IMG_3535.jpg 1600w\" sizes=\"auto, (max-width: 1024px) 100vw, 1024px\" \/><\/figure><\/li><li class=\"blocks-gallery-item\"><figure><img loading=\"lazy\" decoding=\"async\" width=\"1024\" height=\"768\" src=\"http:\/\/sites.ipleiria.pt\/miaa\/files\/2020\/02\/IMG_3557-1024x768.jpg\" alt=\"\" data-id=\"693\" data-link=\"http:\/\/sites.ipleiria.pt\/miaa\/projetos-integrados-de-criacao-artistica\/img_3557\/\" class=\"wp-image-693\" srcset=\"https:\/\/sites.ipleiria.pt\/miaa\/files\/2020\/02\/IMG_3557-1024x768.jpg 1024w, https:\/\/sites.ipleiria.pt\/miaa\/files\/2020\/02\/IMG_3557-300x225.jpg 300w, https:\/\/sites.ipleiria.pt\/miaa\/files\/2020\/02\/IMG_3557-768x576.jpg 768w, https:\/\/sites.ipleiria.pt\/miaa\/files\/2020\/02\/IMG_3557-370x278.jpg 370w, https:\/\/sites.ipleiria.pt\/miaa\/files\/2020\/02\/IMG_3557-960x720.jpg 960w, https:\/\/sites.ipleiria.pt\/miaa\/files\/2020\/02\/IMG_3557.jpg 1600w\" sizes=\"auto, (max-width: 1024px) 100vw, 1024px\" \/><\/figure><\/li><li class=\"blocks-gallery-item\"><figure><img loading=\"lazy\" decoding=\"async\" width=\"1024\" height=\"768\" src=\"http:\/\/sites.ipleiria.pt\/miaa\/files\/2020\/02\/IMG_3575-1024x768.jpg\" alt=\"\" data-id=\"694\" data-link=\"http:\/\/sites.ipleiria.pt\/miaa\/projetos-integrados-de-criacao-artistica\/img_3575\/\" class=\"wp-image-694\" srcset=\"https:\/\/sites.ipleiria.pt\/miaa\/files\/2020\/02\/IMG_3575-1024x768.jpg 1024w, https:\/\/sites.ipleiria.pt\/miaa\/files\/2020\/02\/IMG_3575-300x225.jpg 300w, https:\/\/sites.ipleiria.pt\/miaa\/files\/2020\/02\/IMG_3575-768x576.jpg 768w, https:\/\/sites.ipleiria.pt\/miaa\/files\/2020\/02\/IMG_3575-370x278.jpg 370w, https:\/\/sites.ipleiria.pt\/miaa\/files\/2020\/02\/IMG_3575-960x720.jpg 960w, https:\/\/sites.ipleiria.pt\/miaa\/files\/2020\/02\/IMG_3575.jpg 1600w\" sizes=\"auto, (max-width: 1024px) 100vw, 1024px\" \/><\/figure><\/li><\/ul>\n\n\n\n<p>2017\/ 2018<\/p>\n\n\n\n<ul class=\"wp-block-gallery columns-2 wp-block-gallery-2 is-layout-flex wp-block-gallery-is-layout-flex\"><li class=\"blocks-gallery-item\"><figure><img loading=\"lazy\" decoding=\"async\" width=\"1024\" height=\"574\" src=\"http:\/\/sites.ipleiria.pt\/miaa\/files\/2018\/04\/Screen-Shot-2018-04-09-at-3.23.47-PM-1024x574.png\" alt=\"\" data-id=\"527\" data-link=\"http:\/\/sites.ipleiria.pt\/miaa\/projetos-integrados-de-criacao-artistica\/screen-shot-2018-04-09-at-3-23-47-pm\/\" class=\"wp-image-527\" srcset=\"https:\/\/sites.ipleiria.pt\/miaa\/files\/2018\/04\/Screen-Shot-2018-04-09-at-3.23.47-PM-1024x574.png 1024w, https:\/\/sites.ipleiria.pt\/miaa\/files\/2018\/04\/Screen-Shot-2018-04-09-at-3.23.47-PM-300x168.png 300w, https:\/\/sites.ipleiria.pt\/miaa\/files\/2018\/04\/Screen-Shot-2018-04-09-at-3.23.47-PM-768x430.png 768w, https:\/\/sites.ipleiria.pt\/miaa\/files\/2018\/04\/Screen-Shot-2018-04-09-at-3.23.47-PM-370x207.png 370w, https:\/\/sites.ipleiria.pt\/miaa\/files\/2018\/04\/Screen-Shot-2018-04-09-at-3.23.47-PM-960x538.png 960w, https:\/\/sites.ipleiria.pt\/miaa\/files\/2018\/04\/Screen-Shot-2018-04-09-at-3.23.47-PM.png 1885w\" sizes=\"auto, (max-width: 1024px) 100vw, 1024px\" \/><\/figure><\/li><li class=\"blocks-gallery-item\"><figure><img loading=\"lazy\" decoding=\"async\" width=\"1024\" height=\"581\" src=\"http:\/\/sites.ipleiria.pt\/miaa\/files\/2018\/04\/Screen-Shot-2018-04-09-at-3.23.21-PM-1024x581.png\" alt=\"\" data-id=\"526\" data-link=\"http:\/\/sites.ipleiria.pt\/miaa\/projetos-integrados-de-criacao-artistica\/screen-shot-2018-04-09-at-3-23-21-pm\/\" class=\"wp-image-526\" srcset=\"https:\/\/sites.ipleiria.pt\/miaa\/files\/2018\/04\/Screen-Shot-2018-04-09-at-3.23.21-PM-1024x581.png 1024w, https:\/\/sites.ipleiria.pt\/miaa\/files\/2018\/04\/Screen-Shot-2018-04-09-at-3.23.21-PM-300x170.png 300w, https:\/\/sites.ipleiria.pt\/miaa\/files\/2018\/04\/Screen-Shot-2018-04-09-at-3.23.21-PM-768x436.png 768w, https:\/\/sites.ipleiria.pt\/miaa\/files\/2018\/04\/Screen-Shot-2018-04-09-at-3.23.21-PM-370x210.png 370w, https:\/\/sites.ipleiria.pt\/miaa\/files\/2018\/04\/Screen-Shot-2018-04-09-at-3.23.21-PM-960x545.png 960w, https:\/\/sites.ipleiria.pt\/miaa\/files\/2018\/04\/Screen-Shot-2018-04-09-at-3.23.21-PM.png 1855w\" sizes=\"auto, (max-width: 1024px) 100vw, 1024px\" \/><\/figure><\/li><li class=\"blocks-gallery-item\"><figure><img loading=\"lazy\" decoding=\"async\" width=\"1024\" height=\"598\" src=\"http:\/\/sites.ipleiria.pt\/miaa\/files\/2018\/04\/Screen-Shot-2018-04-09-at-3.22.53-PM-1024x598.png\" alt=\"\" data-id=\"525\" data-link=\"http:\/\/sites.ipleiria.pt\/miaa\/projetos-integrados-de-criacao-artistica\/screen-shot-2018-04-09-at-3-22-53-pm\/\" class=\"wp-image-525\" srcset=\"https:\/\/sites.ipleiria.pt\/miaa\/files\/2018\/04\/Screen-Shot-2018-04-09-at-3.22.53-PM-1024x598.png 1024w, https:\/\/sites.ipleiria.pt\/miaa\/files\/2018\/04\/Screen-Shot-2018-04-09-at-3.22.53-PM-300x175.png 300w, https:\/\/sites.ipleiria.pt\/miaa\/files\/2018\/04\/Screen-Shot-2018-04-09-at-3.22.53-PM-768x449.png 768w, https:\/\/sites.ipleiria.pt\/miaa\/files\/2018\/04\/Screen-Shot-2018-04-09-at-3.22.53-PM-370x216.png 370w, https:\/\/sites.ipleiria.pt\/miaa\/files\/2018\/04\/Screen-Shot-2018-04-09-at-3.22.53-PM-960x561.png 960w, https:\/\/sites.ipleiria.pt\/miaa\/files\/2018\/04\/Screen-Shot-2018-04-09-at-3.22.53-PM.png 1759w\" sizes=\"auto, (max-width: 1024px) 100vw, 1024px\" \/><\/figure><\/li><li class=\"blocks-gallery-item\"><figure><img loading=\"lazy\" decoding=\"async\" width=\"1024\" height=\"579\" src=\"http:\/\/sites.ipleiria.pt\/miaa\/files\/2018\/04\/Screen-Shot-2018-04-03-at-3.33.19-PM-1024x579.png\" alt=\"\" data-id=\"512\" data-link=\"http:\/\/sites.ipleiria.pt\/miaa\/projetos-integrados-de-criacao-artistica\/screen-shot-2018-04-03-at-3-33-19-pm\/\" class=\"wp-image-512\" srcset=\"https:\/\/sites.ipleiria.pt\/miaa\/files\/2018\/04\/Screen-Shot-2018-04-03-at-3.33.19-PM-1024x579.png 1024w, https:\/\/sites.ipleiria.pt\/miaa\/files\/2018\/04\/Screen-Shot-2018-04-03-at-3.33.19-PM-300x170.png 300w, https:\/\/sites.ipleiria.pt\/miaa\/files\/2018\/04\/Screen-Shot-2018-04-03-at-3.33.19-PM-768x435.png 768w, https:\/\/sites.ipleiria.pt\/miaa\/files\/2018\/04\/Screen-Shot-2018-04-03-at-3.33.19-PM-370x209.png 370w, https:\/\/sites.ipleiria.pt\/miaa\/files\/2018\/04\/Screen-Shot-2018-04-03-at-3.33.19-PM-960x543.png 960w, https:\/\/sites.ipleiria.pt\/miaa\/files\/2018\/04\/Screen-Shot-2018-04-03-at-3.33.19-PM.png 1859w\" sizes=\"auto, (max-width: 1024px) 100vw, 1024px\" \/><\/figure><\/li><li class=\"blocks-gallery-item\"><figure><img loading=\"lazy\" decoding=\"async\" width=\"1024\" height=\"689\" src=\"http:\/\/sites.ipleiria.pt\/miaa\/files\/2018\/04\/Screen-Shot-2018-04-03-at-3.32.27-PM-1024x689.png\" alt=\"\" data-id=\"511\" data-link=\"http:\/\/sites.ipleiria.pt\/miaa\/projetos-integrados-de-criacao-artistica\/screen-shot-2018-04-03-at-3-32-27-pm\/\" class=\"wp-image-511\" srcset=\"https:\/\/sites.ipleiria.pt\/miaa\/files\/2018\/04\/Screen-Shot-2018-04-03-at-3.32.27-PM-1024x689.png 1024w, https:\/\/sites.ipleiria.pt\/miaa\/files\/2018\/04\/Screen-Shot-2018-04-03-at-3.32.27-PM-300x202.png 300w, https:\/\/sites.ipleiria.pt\/miaa\/files\/2018\/04\/Screen-Shot-2018-04-03-at-3.32.27-PM-768x517.png 768w, https:\/\/sites.ipleiria.pt\/miaa\/files\/2018\/04\/Screen-Shot-2018-04-03-at-3.32.27-PM-370x249.png 370w, https:\/\/sites.ipleiria.pt\/miaa\/files\/2018\/04\/Screen-Shot-2018-04-03-at-3.32.27-PM-960x646.png 960w, https:\/\/sites.ipleiria.pt\/miaa\/files\/2018\/04\/Screen-Shot-2018-04-03-at-3.32.27-PM.png 1579w\" sizes=\"auto, (max-width: 1024px) 100vw, 1024px\" \/><\/figure><\/li><li class=\"blocks-gallery-item\"><figure><img loading=\"lazy\" decoding=\"async\" width=\"1024\" height=\"628\" src=\"http:\/\/sites.ipleiria.pt\/miaa\/files\/2018\/04\/Screen-Shot-2018-04-03-at-3.36.16-PM-1024x628.png\" alt=\"\" data-id=\"510\" data-link=\"http:\/\/sites.ipleiria.pt\/miaa\/projetos-integrados-de-criacao-artistica\/screen-shot-2018-04-03-at-3-36-16-pm\/\" class=\"wp-image-510\" srcset=\"https:\/\/sites.ipleiria.pt\/miaa\/files\/2018\/04\/Screen-Shot-2018-04-03-at-3.36.16-PM-1024x628.png 1024w, https:\/\/sites.ipleiria.pt\/miaa\/files\/2018\/04\/Screen-Shot-2018-04-03-at-3.36.16-PM-300x184.png 300w, https:\/\/sites.ipleiria.pt\/miaa\/files\/2018\/04\/Screen-Shot-2018-04-03-at-3.36.16-PM-768x471.png 768w, https:\/\/sites.ipleiria.pt\/miaa\/files\/2018\/04\/Screen-Shot-2018-04-03-at-3.36.16-PM-370x227.png 370w, https:\/\/sites.ipleiria.pt\/miaa\/files\/2018\/04\/Screen-Shot-2018-04-03-at-3.36.16-PM-960x588.png 960w, https:\/\/sites.ipleiria.pt\/miaa\/files\/2018\/04\/Screen-Shot-2018-04-03-at-3.36.16-PM.png 1659w\" sizes=\"auto, (max-width: 1024px) 100vw, 1024px\" \/><\/figure><\/li><li class=\"blocks-gallery-item\"><figure><img loading=\"lazy\" decoding=\"async\" width=\"1024\" height=\"561\" src=\"http:\/\/sites.ipleiria.pt\/miaa\/files\/2018\/04\/Screen-Shot-2018-04-03-at-3.35.35-PM-1024x561.png\" alt=\"\" data-id=\"509\" data-link=\"http:\/\/sites.ipleiria.pt\/miaa\/projetos-integrados-de-criacao-artistica\/screen-shot-2018-04-03-at-3-35-35-pm\/\" class=\"wp-image-509\" srcset=\"https:\/\/sites.ipleiria.pt\/miaa\/files\/2018\/04\/Screen-Shot-2018-04-03-at-3.35.35-PM-1024x561.png 1024w, https:\/\/sites.ipleiria.pt\/miaa\/files\/2018\/04\/Screen-Shot-2018-04-03-at-3.35.35-PM-300x164.png 300w, https:\/\/sites.ipleiria.pt\/miaa\/files\/2018\/04\/Screen-Shot-2018-04-03-at-3.35.35-PM-768x421.png 768w, https:\/\/sites.ipleiria.pt\/miaa\/files\/2018\/04\/Screen-Shot-2018-04-03-at-3.35.35-PM-370x203.png 370w, https:\/\/sites.ipleiria.pt\/miaa\/files\/2018\/04\/Screen-Shot-2018-04-03-at-3.35.35-PM-960x526.png 960w, https:\/\/sites.ipleiria.pt\/miaa\/files\/2018\/04\/Screen-Shot-2018-04-03-at-3.35.35-PM.png 1796w\" sizes=\"auto, (max-width: 1024px) 100vw, 1024px\" \/><\/figure><\/li><li class=\"blocks-gallery-item\"><figure><img loading=\"lazy\" decoding=\"async\" width=\"1024\" height=\"590\" src=\"http:\/\/sites.ipleiria.pt\/miaa\/files\/2018\/04\/Screen-Shot-2018-04-03-at-3.34.45-PM-1024x590.png\" alt=\"\" data-id=\"508\" data-link=\"http:\/\/sites.ipleiria.pt\/miaa\/projetos-integrados-de-criacao-artistica\/screen-shot-2018-04-03-at-3-34-45-pm\/\" class=\"wp-image-508\" srcset=\"https:\/\/sites.ipleiria.pt\/miaa\/files\/2018\/04\/Screen-Shot-2018-04-03-at-3.34.45-PM-1024x590.png 1024w, https:\/\/sites.ipleiria.pt\/miaa\/files\/2018\/04\/Screen-Shot-2018-04-03-at-3.34.45-PM-300x173.png 300w, https:\/\/sites.ipleiria.pt\/miaa\/files\/2018\/04\/Screen-Shot-2018-04-03-at-3.34.45-PM-768x443.png 768w, https:\/\/sites.ipleiria.pt\/miaa\/files\/2018\/04\/Screen-Shot-2018-04-03-at-3.34.45-PM-370x213.png 370w, https:\/\/sites.ipleiria.pt\/miaa\/files\/2018\/04\/Screen-Shot-2018-04-03-at-3.34.45-PM-960x553.png 960w, https:\/\/sites.ipleiria.pt\/miaa\/files\/2018\/04\/Screen-Shot-2018-04-03-at-3.34.45-PM.png 1461w\" sizes=\"auto, (max-width: 1024px) 100vw, 1024px\" \/><\/figure><\/li><li class=\"blocks-gallery-item\"><figure><img loading=\"lazy\" decoding=\"async\" width=\"1024\" height=\"562\" src=\"http:\/\/sites.ipleiria.pt\/miaa\/files\/2018\/04\/Screen-Shot-2018-04-03-at-3.34.29-PM-1024x562.png\" alt=\"\" data-id=\"507\" data-link=\"http:\/\/sites.ipleiria.pt\/miaa\/projetos-integrados-de-criacao-artistica\/screen-shot-2018-04-03-at-3-34-29-pm\/\" class=\"wp-image-507\" srcset=\"https:\/\/sites.ipleiria.pt\/miaa\/files\/2018\/04\/Screen-Shot-2018-04-03-at-3.34.29-PM-1024x562.png 1024w, https:\/\/sites.ipleiria.pt\/miaa\/files\/2018\/04\/Screen-Shot-2018-04-03-at-3.34.29-PM-300x165.png 300w, https:\/\/sites.ipleiria.pt\/miaa\/files\/2018\/04\/Screen-Shot-2018-04-03-at-3.34.29-PM-768x422.png 768w, https:\/\/sites.ipleiria.pt\/miaa\/files\/2018\/04\/Screen-Shot-2018-04-03-at-3.34.29-PM-370x203.png 370w, https:\/\/sites.ipleiria.pt\/miaa\/files\/2018\/04\/Screen-Shot-2018-04-03-at-3.34.29-PM-960x527.png 960w, https:\/\/sites.ipleiria.pt\/miaa\/files\/2018\/04\/Screen-Shot-2018-04-03-at-3.34.29-PM.png 1795w\" sizes=\"auto, (max-width: 1024px) 100vw, 1024px\" \/><\/figure><\/li><\/ul>\n","protected":false},"excerpt":{"rendered":"<p>2019\/ 2020 2017\/ 2018<\/p>\n","protected":false},"author":2694,"featured_media":0,"parent":0,"menu_order":0,"comment_status":"closed","ping_status":"closed","template":"templates\/full-width.php","meta":{"footnotes":""},"class_list":["post-506","page","type-page","status-publish","hentry"],"_links":{"self":[{"href":"https:\/\/sites.ipleiria.pt\/miaa\/wp-json\/wp\/v2\/pages\/506","targetHints":{"allow":["GET"]}}],"collection":[{"href":"https:\/\/sites.ipleiria.pt\/miaa\/wp-json\/wp\/v2\/pages"}],"about":[{"href":"https:\/\/sites.ipleiria.pt\/miaa\/wp-json\/wp\/v2\/types\/page"}],"author":[{"embeddable":true,"href":"https:\/\/sites.ipleiria.pt\/miaa\/wp-json\/wp\/v2\/users\/2694"}],"replies":[{"embeddable":true,"href":"https:\/\/sites.ipleiria.pt\/miaa\/wp-json\/wp\/v2\/comments?post=506"}],"version-history":[{"count":15,"href":"https:\/\/sites.ipleiria.pt\/miaa\/wp-json\/wp\/v2\/pages\/506\/revisions"}],"predecessor-version":[{"id":704,"href":"https:\/\/sites.ipleiria.pt\/miaa\/wp-json\/wp\/v2\/pages\/506\/revisions\/704"}],"wp:attachment":[{"href":"https:\/\/sites.ipleiria.pt\/miaa\/wp-json\/wp\/v2\/media?parent=506"}],"curies":[{"name":"wp","href":"https:\/\/api.w.org\/{rel}","templated":true}]}}