{"id":539,"date":"2018-04-25T16:34:13","date_gmt":"2018-04-25T16:34:13","guid":{"rendered":"http:\/\/sites.ipleiria.pt\/miaa\/?page_id=539"},"modified":"2019-01-30T16:48:44","modified_gmt":"2019-01-30T16:48:44","slug":"visita-guiada-ao-mimo-museu-da-imagem-em-movimento-2","status":"publish","type":"page","link":"https:\/\/sites.ipleiria.pt\/miaa\/visita-guiada-ao-mimo-museu-da-imagem-em-movimento-2\/","title":{"rendered":"Festa dos Museus (Leiria) 2018"},"content":{"rendered":"<p>Visita guiada ao <strong>m|i|mo &#8211; museu da imagem em movimento<\/strong><\/p>\n<p>no \u00e2mbito da <em><span style=\"line-height: 1.5\">UC Laborat\u00f3rio de Fotografia e V\u00eddeo<\/span><\/em><\/p>\n<p><img loading=\"lazy\" decoding=\"async\" class=\"alignleft size-large wp-image-541\" src=\"http:\/\/sites.ipleiria.pt\/miaa\/files\/2018\/04\/IMG_20180418_215448-1024x768.jpg\" alt=\"\" width=\"970\" height=\"728\" srcset=\"https:\/\/sites.ipleiria.pt\/miaa\/files\/2018\/04\/IMG_20180418_215448-1024x768.jpg 1024w, https:\/\/sites.ipleiria.pt\/miaa\/files\/2018\/04\/IMG_20180418_215448-300x225.jpg 300w, https:\/\/sites.ipleiria.pt\/miaa\/files\/2018\/04\/IMG_20180418_215448-768x576.jpg 768w, https:\/\/sites.ipleiria.pt\/miaa\/files\/2018\/04\/IMG_20180418_215448-370x278.jpg 370w, https:\/\/sites.ipleiria.pt\/miaa\/files\/2018\/04\/IMG_20180418_215448-960x720.jpg 960w, https:\/\/sites.ipleiria.pt\/miaa\/files\/2018\/04\/IMG_20180418_215448.jpg 1417w\" sizes=\"auto, (max-width: 970px) 100vw, 970px\" \/> <img loading=\"lazy\" decoding=\"async\" class=\"alignleft size-large wp-image-542\" src=\"http:\/\/sites.ipleiria.pt\/miaa\/files\/2018\/04\/IMG_20180418_215545-1024x768.jpg\" alt=\"\" width=\"970\" height=\"728\" srcset=\"https:\/\/sites.ipleiria.pt\/miaa\/files\/2018\/04\/IMG_20180418_215545-1024x768.jpg 1024w, https:\/\/sites.ipleiria.pt\/miaa\/files\/2018\/04\/IMG_20180418_215545-300x225.jpg 300w, https:\/\/sites.ipleiria.pt\/miaa\/files\/2018\/04\/IMG_20180418_215545-768x576.jpg 768w, https:\/\/sites.ipleiria.pt\/miaa\/files\/2018\/04\/IMG_20180418_215545-370x278.jpg 370w, https:\/\/sites.ipleiria.pt\/miaa\/files\/2018\/04\/IMG_20180418_215545-960x720.jpg 960w, https:\/\/sites.ipleiria.pt\/miaa\/files\/2018\/04\/IMG_20180418_215545.jpg 1417w\" sizes=\"auto, (max-width: 970px) 100vw, 970px\" \/><\/p>\n<p><span>Save<\/span><span>Save<\/span><\/p>\n","protected":false},"excerpt":{"rendered":"<p>Visita guiada ao m|i|mo &#8211; museu da imagem em movimento no \u00e2mbito da UC Laborat\u00f3rio de Fotografia e V\u00eddeo SaveSave<\/p>\n","protected":false},"author":2694,"featured_media":0,"parent":0,"menu_order":0,"comment_status":"closed","ping_status":"closed","template":"templates\/full-width.php","meta":{"footnotes":""},"class_list":["post-539","page","type-page","status-publish","hentry"],"_links":{"self":[{"href":"https:\/\/sites.ipleiria.pt\/miaa\/wp-json\/wp\/v2\/pages\/539","targetHints":{"allow":["GET"]}}],"collection":[{"href":"https:\/\/sites.ipleiria.pt\/miaa\/wp-json\/wp\/v2\/pages"}],"about":[{"href":"https:\/\/sites.ipleiria.pt\/miaa\/wp-json\/wp\/v2\/types\/page"}],"author":[{"embeddable":true,"href":"https:\/\/sites.ipleiria.pt\/miaa\/wp-json\/wp\/v2\/users\/2694"}],"replies":[{"embeddable":true,"href":"https:\/\/sites.ipleiria.pt\/miaa\/wp-json\/wp\/v2\/comments?post=539"}],"version-history":[{"count":6,"href":"https:\/\/sites.ipleiria.pt\/miaa\/wp-json\/wp\/v2\/pages\/539\/revisions"}],"predecessor-version":[{"id":623,"href":"https:\/\/sites.ipleiria.pt\/miaa\/wp-json\/wp\/v2\/pages\/539\/revisions\/623"}],"wp:attachment":[{"href":"https:\/\/sites.ipleiria.pt\/miaa\/wp-json\/wp\/v2\/media?parent=539"}],"curies":[{"name":"wp","href":"https:\/\/api.w.org\/{rel}","templated":true}]}}