{"id":549,"date":"2018-04-25T16:41:03","date_gmt":"2018-04-25T16:41:03","guid":{"rendered":"http:\/\/sites.ipleiria.pt\/miaa\/?page_id=549"},"modified":"2022-05-05T14:34:40","modified_gmt":"2022-05-05T14:34:40","slug":"maio-criativo","status":"publish","type":"page","link":"https:\/\/sites.ipleiria.pt\/miaa\/maio-criativo\/","title":{"rendered":"Maio Criativo"},"content":{"rendered":"\n<figure class=\"wp-block-gallery has-nested-images columns-default wp-block-gallery-1 is-layout-flex wp-block-gallery-is-layout-flex\">\n<figure class=\"wp-block-image\"><img loading=\"lazy\" decoding=\"async\" width=\"1000\" height=\"288\" data-id=\"559\" src=\"http:\/\/sites.ipleiria.pt\/miaa\/files\/2018\/05\/Banner_Maio_Criativo_07-1.png\" alt=\"\" class=\"wp-image-559\" srcset=\"https:\/\/sites.ipleiria.pt\/miaa\/files\/2018\/05\/Banner_Maio_Criativo_07-1.png 1000w, https:\/\/sites.ipleiria.pt\/miaa\/files\/2018\/05\/Banner_Maio_Criativo_07-1-300x86.png 300w, https:\/\/sites.ipleiria.pt\/miaa\/files\/2018\/05\/Banner_Maio_Criativo_07-1-768x221.png 768w, https:\/\/sites.ipleiria.pt\/miaa\/files\/2018\/05\/Banner_Maio_Criativo_07-1-370x107.png 370w, https:\/\/sites.ipleiria.pt\/miaa\/files\/2018\/05\/Banner_Maio_Criativo_07-1-960x276.png 960w\" sizes=\"auto, (max-width: 1000px) 100vw, 1000px\" \/><\/figure>\n\n\n\n<figure class=\"wp-block-image\"><a href=\"https:\/\/sites.ipleiria.pt\/maiocriativo\/\"><img loading=\"lazy\" decoding=\"async\" width=\"800\" height=\"400\" data-id=\"711\" src=\"https:\/\/sites.ipleiria.pt\/miaa\/files\/2020\/02\/Sem-Ti\u0301tulo-1-e1554993941689-1.jpg\" alt=\"\" class=\"wp-image-711\" srcset=\"https:\/\/sites.ipleiria.pt\/miaa\/files\/2020\/02\/Sem-Ti\u0301tulo-1-e1554993941689-1.jpg 800w, https:\/\/sites.ipleiria.pt\/miaa\/files\/2020\/02\/Sem-Ti\u0301tulo-1-e1554993941689-1-300x150.jpg 300w, https:\/\/sites.ipleiria.pt\/miaa\/files\/2020\/02\/Sem-Ti\u0301tulo-1-e1554993941689-1-768x384.jpg 768w, https:\/\/sites.ipleiria.pt\/miaa\/files\/2020\/02\/Sem-Ti\u0301tulo-1-e1554993941689-1-370x185.jpg 370w\" sizes=\"auto, (max-width: 800px) 100vw, 800px\" \/><\/a><\/figure>\n<\/figure>\n\n\n\n<figure class=\"wp-block-image size-large is-resized\"><a href=\"https:\/\/sites.ipleiria.pt\/maiocriativo2022\/\"><img loading=\"lazy\" decoding=\"async\" src=\"https:\/\/sites.ipleiria.pt\/miaa\/files\/2022\/05\/mc22-1-2-1024x363.jpg\" alt=\"\" class=\"wp-image-759\" width=\"459\" height=\"162\" srcset=\"https:\/\/sites.ipleiria.pt\/miaa\/files\/2022\/05\/mc22-1-2-1024x363.jpg 1024w, https:\/\/sites.ipleiria.pt\/miaa\/files\/2022\/05\/mc22-1-2-300x106.jpg 300w, https:\/\/sites.ipleiria.pt\/miaa\/files\/2022\/05\/mc22-1-2-768x272.jpg 768w, https:\/\/sites.ipleiria.pt\/miaa\/files\/2022\/05\/mc22-1-2-1536x544.jpg 1536w, https:\/\/sites.ipleiria.pt\/miaa\/files\/2022\/05\/mc22-1-2-2048x726.jpg 2048w, https:\/\/sites.ipleiria.pt\/miaa\/files\/2022\/05\/mc22-1-2-370x131.jpg 370w, https:\/\/sites.ipleiria.pt\/miaa\/files\/2022\/05\/mc22-1-2-960x340.jpg 960w\" sizes=\"auto, (max-width: 459px) 100vw, 459px\" \/><\/a><\/figure>\n\n\n\n<figure class=\"wp-block-image size-large is-resized\"><a href=\"https:\/\/sites.ipleiria.pt\/maiocriativo2021\/\"><img loading=\"lazy\" decoding=\"async\" src=\"https:\/\/sites.ipleiria.pt\/miaa\/files\/2022\/05\/MaioCriativo-2-1-1024x512.jpg\" alt=\"\" class=\"wp-image-761\" width=\"456\" height=\"228\" srcset=\"https:\/\/sites.ipleiria.pt\/miaa\/files\/2022\/05\/MaioCriativo-2-1-1024x512.jpg 1024w, https:\/\/sites.ipleiria.pt\/miaa\/files\/2022\/05\/MaioCriativo-2-1-300x150.jpg 300w, https:\/\/sites.ipleiria.pt\/miaa\/files\/2022\/05\/MaioCriativo-2-1-768x384.jpg 768w, https:\/\/sites.ipleiria.pt\/miaa\/files\/2022\/05\/MaioCriativo-2-1-370x185.jpg 370w, https:\/\/sites.ipleiria.pt\/miaa\/files\/2022\/05\/MaioCriativo-2-1-960x480.jpg 960w, https:\/\/sites.ipleiria.pt\/miaa\/files\/2022\/05\/MaioCriativo-2-1.jpg 1200w\" sizes=\"auto, (max-width: 456px) 100vw, 456px\" \/><\/a><\/figure>\n\n\n<p><strong>Maio Criativo<\/strong>: iniciativa dos estudantes e docentes do Mestrado de Interven\u00e7\u00e3o e Anima\u00e7\u00e3o Art\u00edsticas (MIAA)<\/p>\n<p>Desta forma, durante o m\u00eas de maio, acontecem em v\u00e1rios espa\u00e7os da ESECS:<\/p>\n<ul>\n<li>Exposi\u00e7\u00f5es\u2026<\/li>\n<li>Aulas Abertas\u2026<\/li>\n<li>Ateliers para estudantes da ESECS e alunos de escolas vizinhas\u2026<\/li>\n<li>Performances de estudantes\u2026<\/li>\n<li>Performances de grupos locais\u2026<\/li>\n<li>Talks\/Confer\u00eancias\/ Mesas Redondas<\/li>\n<\/ul>\n<p><em>\u2026 e, cuidado\u2026 a imagina\u00e7\u00e3o andar\u00e1 \u00e0 solta\u2026<\/em><\/p>\n<p><a href=\"http:\/\/sites.ipleiria.pt\/maiocriativo\/\">http:\/\/sites.ipleiria.pt\/maiocriativo\/<\/a><\/p>","protected":false},"excerpt":{"rendered":"<p>Maio Criativo: iniciativa dos estudantes e docentes do Mestrado de Interven\u00e7\u00e3o e Anima\u00e7\u00e3o Art\u00edsticas (MIAA) Desta forma, durante o m\u00eas de maio, acontecem em v\u00e1rios espa\u00e7os da ESECS: Exposi\u00e7\u00f5es\u2026 Aulas&#8230;<\/p>\n","protected":false},"author":2694,"featured_media":0,"parent":0,"menu_order":0,"comment_status":"closed","ping_status":"closed","template":"templates\/full-width.php","meta":{"footnotes":""},"class_list":["post-549","page","type-page","status-publish","hentry"],"_links":{"self":[{"href":"https:\/\/sites.ipleiria.pt\/miaa\/wp-json\/wp\/v2\/pages\/549","targetHints":{"allow":["GET"]}}],"collection":[{"href":"https:\/\/sites.ipleiria.pt\/miaa\/wp-json\/wp\/v2\/pages"}],"about":[{"href":"https:\/\/sites.ipleiria.pt\/miaa\/wp-json\/wp\/v2\/types\/page"}],"author":[{"embeddable":true,"href":"https:\/\/sites.ipleiria.pt\/miaa\/wp-json\/wp\/v2\/users\/2694"}],"replies":[{"embeddable":true,"href":"https:\/\/sites.ipleiria.pt\/miaa\/wp-json\/wp\/v2\/comments?post=549"}],"version-history":[{"count":8,"href":"https:\/\/sites.ipleiria.pt\/miaa\/wp-json\/wp\/v2\/pages\/549\/revisions"}],"predecessor-version":[{"id":764,"href":"https:\/\/sites.ipleiria.pt\/miaa\/wp-json\/wp\/v2\/pages\/549\/revisions\/764"}],"wp:attachment":[{"href":"https:\/\/sites.ipleiria.pt\/miaa\/wp-json\/wp\/v2\/media?parent=549"}],"curies":[{"name":"wp","href":"https:\/\/api.w.org\/{rel}","templated":true}]}}