{"id":567,"date":"2018-07-02T12:12:35","date_gmt":"2018-07-02T12:12:35","guid":{"rendered":"http:\/\/sites.ipleiria.pt\/miaa\/?page_id=567"},"modified":"2019-01-30T16:54:09","modified_gmt":"2019-01-30T16:54:09","slug":"exposicao-ilusao-do-real","status":"publish","type":"page","link":"https:\/\/sites.ipleiria.pt\/miaa\/exposicao-ilusao-do-real\/","title":{"rendered":"Exposi\u00e7\u00e3o #ILUS\u00c3O DO REAL"},"content":{"rendered":"<p><a href=\"http:\/\/www.festivalaporta.pt\/\"><img loading=\"lazy\" decoding=\"async\" class=\"wp-image-568 size-large aligncenter\" src=\"http:\/\/sites.ipleiria.pt\/miaa\/files\/2018\/07\/Screen-Shot-2018-07-02-at-1.04.38-PM-1024x377.png\" alt=\"\" width=\"970\" height=\"357\" srcset=\"https:\/\/sites.ipleiria.pt\/miaa\/files\/2018\/07\/Screen-Shot-2018-07-02-at-1.04.38-PM-1024x377.png 1024w, https:\/\/sites.ipleiria.pt\/miaa\/files\/2018\/07\/Screen-Shot-2018-07-02-at-1.04.38-PM-300x110.png 300w, https:\/\/sites.ipleiria.pt\/miaa\/files\/2018\/07\/Screen-Shot-2018-07-02-at-1.04.38-PM-768x283.png 768w, https:\/\/sites.ipleiria.pt\/miaa\/files\/2018\/07\/Screen-Shot-2018-07-02-at-1.04.38-PM-370x136.png 370w, https:\/\/sites.ipleiria.pt\/miaa\/files\/2018\/07\/Screen-Shot-2018-07-02-at-1.04.38-PM-960x354.png 960w, https:\/\/sites.ipleiria.pt\/miaa\/files\/2018\/07\/Screen-Shot-2018-07-02-at-1.04.38-PM.png 1192w\" sizes=\"auto, (max-width: 970px) 100vw, 970px\" \/><\/a><\/p>\n<p>O 1\u00ba ano do MIAA, no \u00e2mbito da UC Laborat\u00f3rio de Fotografia e V\u00eddeo, realizou a exposi\u00e7\u00e3o coletiva <em>#ILUS\u00c3O DO REAL,\u00a0<\/em>patente na Casa Pl\u00e1stica &#8211; <a href=\"http:\/\/www.festivalaporta.pt\/\">Festival a Porta 2018<\/a><\/p>\n<p><img loading=\"lazy\" decoding=\"async\" class=\"size-full wp-image-570 aligncenter\" src=\"http:\/\/sites.ipleiria.pt\/miaa\/files\/2018\/07\/Screen-Shot-2018-07-02-at-1.11.00-PM.png\" alt=\"\" width=\"560\" height=\"741\" srcset=\"https:\/\/sites.ipleiria.pt\/miaa\/files\/2018\/07\/Screen-Shot-2018-07-02-at-1.11.00-PM.png 560w, https:\/\/sites.ipleiria.pt\/miaa\/files\/2018\/07\/Screen-Shot-2018-07-02-at-1.11.00-PM-227x300.png 227w, https:\/\/sites.ipleiria.pt\/miaa\/files\/2018\/07\/Screen-Shot-2018-07-02-at-1.11.00-PM-370x490.png 370w\" sizes=\"auto, (max-width: 560px) 100vw, 560px\" \/><\/p>\n<p><em><strong>#ILUS\u00c3ODO REAL<\/strong><\/em><\/p>\n<p>Por vezes, a mensagem mais importante surge se olharmos em volta e virmos todo o enquadramento em redor, numa vis\u00e3o mais abrangente e intr\u00ednseca ao nosso real.<\/p>\n<p>Na exposi\u00e7\u00e3o de fotografia<em> #ILUS\u00c3ODO REAL<\/em>, realizada no \u00e2mbito do Mestrado de Interven\u00e7\u00e3o e Anima\u00e7\u00e3o Art\u00edsticas da ESECS \u2013 IPL, pretendemos promover um debate em torno da capta\u00e7\u00e3o e uso da imagem espec\u00edficamente nas redes sociais, nomeadamente o <em>Instagram<\/em>, muitas vezes ficcionada pela sua sele\u00e7\u00e3o de enquadramento e manipula\u00e7\u00e3o ao n\u00edvel da perspectiva e de elementos que a comp\u00f5em. Sugere-se, deste modo, uma reflex\u00e3o sobre fotografia e a sua utiliza\u00e7\u00e3o nas redes sociais, e a sua finalidade de mostrar uma realidade individual que omite, intencionalmente, a realidade total do indiv\u00edduo e do momento que vive. Questionamos o porqu\u00ea desta necessidade de manipula\u00e7\u00e3o. Questionamos se o resultado, desprovido da sua totalidade, ser\u00e1 realmente um fruto e\/ ou criador da felicidade de quem fotografa. A perspectiva manipulada de quem v\u00ea contribui para o preenchimento de bem estar de quem fotografa e partilha o momento captado? N\u00e3o ser\u00e1 a realidade, tal como \u00e9, mais bela, por ser, simplesmente, mais verdadeira?<\/p>\n<p>A exposi\u00e7\u00e3o \u00e9 composta por 10 trabalhos, realizados por cada estudante do Mestrado, tendo sido o tema interpretado livremente, resultando numa mostra de trabalhos fotogr\u00e1ficos colectiva, sob a mesma premissa: a capta\u00e7\u00e3o da fotografia para partilha nas redes transmite a realidade de cada um? Ou o desejo e idealiza\u00e7\u00e3o dessa realidade?<\/p>\n<p><img loading=\"lazy\" decoding=\"async\" class=\"size-full wp-image-573 aligncenter\" src=\"http:\/\/sites.ipleiria.pt\/miaa\/files\/2018\/07\/IMG_20180625_114910.jpg\" alt=\"\" width=\"3264\" height=\"2448\" srcset=\"https:\/\/sites.ipleiria.pt\/miaa\/files\/2018\/07\/IMG_20180625_114910.jpg 3264w, https:\/\/sites.ipleiria.pt\/miaa\/files\/2018\/07\/IMG_20180625_114910-300x225.jpg 300w, https:\/\/sites.ipleiria.pt\/miaa\/files\/2018\/07\/IMG_20180625_114910-768x576.jpg 768w, https:\/\/sites.ipleiria.pt\/miaa\/files\/2018\/07\/IMG_20180625_114910-1024x768.jpg 1024w, https:\/\/sites.ipleiria.pt\/miaa\/files\/2018\/07\/IMG_20180625_114910-370x278.jpg 370w, https:\/\/sites.ipleiria.pt\/miaa\/files\/2018\/07\/IMG_20180625_114910-960x720.jpg 960w\" sizes=\"auto, (max-width: 3264px) 100vw, 3264px\" \/><\/p>\n","protected":false},"excerpt":{"rendered":"<p>O 1\u00ba ano do MIAA, no \u00e2mbito da UC Laborat\u00f3rio de Fotografia e V\u00eddeo, realizou a exposi\u00e7\u00e3o coletiva #ILUS\u00c3O DO REAL,\u00a0patente na Casa Pl\u00e1stica &#8211; Festival a Porta 2018 #ILUS\u00c3ODO&#8230;<\/p>\n","protected":false},"author":2694,"featured_media":0,"parent":0,"menu_order":0,"comment_status":"closed","ping_status":"closed","template":"templates\/full-width.php","meta":{"footnotes":""},"class_list":["post-567","page","type-page","status-publish","hentry"],"_links":{"self":[{"href":"https:\/\/sites.ipleiria.pt\/miaa\/wp-json\/wp\/v2\/pages\/567","targetHints":{"allow":["GET"]}}],"collection":[{"href":"https:\/\/sites.ipleiria.pt\/miaa\/wp-json\/wp\/v2\/pages"}],"about":[{"href":"https:\/\/sites.ipleiria.pt\/miaa\/wp-json\/wp\/v2\/types\/page"}],"author":[{"embeddable":true,"href":"https:\/\/sites.ipleiria.pt\/miaa\/wp-json\/wp\/v2\/users\/2694"}],"replies":[{"embeddable":true,"href":"https:\/\/sites.ipleiria.pt\/miaa\/wp-json\/wp\/v2\/comments?post=567"}],"version-history":[{"count":9,"href":"https:\/\/sites.ipleiria.pt\/miaa\/wp-json\/wp\/v2\/pages\/567\/revisions"}],"predecessor-version":[{"id":635,"href":"https:\/\/sites.ipleiria.pt\/miaa\/wp-json\/wp\/v2\/pages\/567\/revisions\/635"}],"wp:attachment":[{"href":"https:\/\/sites.ipleiria.pt\/miaa\/wp-json\/wp\/v2\/media?parent=567"}],"curies":[{"name":"wp","href":"https:\/\/api.w.org\/{rel}","templated":true}]}}