{"id":68,"date":"2017-06-26T12:04:52","date_gmt":"2017-06-26T12:04:52","guid":{"rendered":"http:\/\/sites.ipleiria.pt\/miaa\/?page_id=68"},"modified":"2019-01-30T16:49:58","modified_gmt":"2019-01-30T16:49:58","slug":"aula-aberta-experiencias-de-intervencao-social-e-artistica-em-milao","status":"publish","type":"page","link":"https:\/\/sites.ipleiria.pt\/miaa\/aula-aberta-experiencias-de-intervencao-social-e-artistica-em-milao\/","title":{"rendered":"Experi\u00eancias de Interven\u00e7\u00e3o Social e Art\u00edstica em Mil\u00e3o"},"content":{"rendered":"<p><img loading=\"lazy\" decoding=\"async\" class=\"aligncenter size-full wp-image-35\" src=\"http:\/\/sites.ipleiria.pt\/miaa\/files\/2017\/06\/aula_aberta_final.jpg\" alt=\"\" width=\"800\" height=\"600\" srcset=\"https:\/\/sites.ipleiria.pt\/miaa\/files\/2017\/06\/aula_aberta_final.jpg 800w, https:\/\/sites.ipleiria.pt\/miaa\/files\/2017\/06\/aula_aberta_final-300x225.jpg 300w, https:\/\/sites.ipleiria.pt\/miaa\/files\/2017\/06\/aula_aberta_final-768x576.jpg 768w, https:\/\/sites.ipleiria.pt\/miaa\/files\/2017\/06\/aula_aberta_final-370x278.jpg 370w\" sizes=\"auto, (max-width: 800px) 100vw, 800px\" \/><\/p>\n","protected":false},"excerpt":{"rendered":"","protected":false},"author":2694,"featured_media":0,"parent":0,"menu_order":0,"comment_status":"closed","ping_status":"closed","template":"templates\/full-width.php","meta":{"footnotes":""},"class_list":["post-68","page","type-page","status-publish","hentry"],"_links":{"self":[{"href":"https:\/\/sites.ipleiria.pt\/miaa\/wp-json\/wp\/v2\/pages\/68","targetHints":{"allow":["GET"]}}],"collection":[{"href":"https:\/\/sites.ipleiria.pt\/miaa\/wp-json\/wp\/v2\/pages"}],"about":[{"href":"https:\/\/sites.ipleiria.pt\/miaa\/wp-json\/wp\/v2\/types\/page"}],"author":[{"embeddable":true,"href":"https:\/\/sites.ipleiria.pt\/miaa\/wp-json\/wp\/v2\/users\/2694"}],"replies":[{"embeddable":true,"href":"https:\/\/sites.ipleiria.pt\/miaa\/wp-json\/wp\/v2\/comments?post=68"}],"version-history":[{"count":3,"href":"https:\/\/sites.ipleiria.pt\/miaa\/wp-json\/wp\/v2\/pages\/68\/revisions"}],"predecessor-version":[{"id":626,"href":"https:\/\/sites.ipleiria.pt\/miaa\/wp-json\/wp\/v2\/pages\/68\/revisions\/626"}],"wp:attachment":[{"href":"https:\/\/sites.ipleiria.pt\/miaa\/wp-json\/wp\/v2\/media?parent=68"}],"curies":[{"name":"wp","href":"https:\/\/api.w.org\/{rel}","templated":true}]}}