{"id":71,"date":"2017-06-26T12:05:33","date_gmt":"2017-06-26T12:05:33","guid":{"rendered":"http:\/\/sites.ipleiria.pt\/miaa\/?page_id=71"},"modified":"2017-06-26T12:06:04","modified_gmt":"2017-06-26T12:06:04","slug":"71-2","status":"publish","type":"page","link":"https:\/\/sites.ipleiria.pt\/miaa\/71-2\/","title":{"rendered":"1.\u00ba Caderno de Interven\u00e7\u00e3o Cultural e Educa\u00e7\u00e3o Art\u00edstica"},"content":{"rendered":"<p><a href=\"https:\/\/www.ipleiria.pt\/esecs\/edicoes\/1-o-volume-cadernos-de-intervencao-cultural-e-educacao-artistica\">https:\/\/www.ipleiria.pt\/esecs\/edicoes\/1-o-volume-cadernos-de-intervencao-cultural-e-educacao-artistica<\/a><\/p>\n<p>&#8220;Come\u00e7amos, neste 1\u00ba Caderno, por um conjunto de reflex\u00f5es realizadas por algumas estudantes no contexto da Unidade Curricular de Pr\u00e1ticas Art\u00edsticas Contempor\u00e2neas, do 1\u00ba ano do Mestrado em Interven\u00e7\u00e3o e Anima\u00e7\u00e3o Art\u00edsticas,da Escola Superior de Educa\u00e7\u00e3o e Ci\u00eancias Sociais, do Instituto Polit\u00e9cnico de Leiria (ESECS\/IPL). Este mestrado teve a sua 1\u00aa edi\u00e7\u00e3o no ano letivo de 2014-2015 e tem, neste momento, todos os seus estudantes a fazer investiga\u00e7\u00e3o na \u00e1rea da Interven\u00e7\u00e3o Cultural e da Educa\u00e7\u00e3o Art\u00edstica.&#8221;<\/p>\n<p>Maria de S\u00e3o Pedro Lopes (Coordenadora do Mestrado de Interven\u00e7\u00e3o e Anima\u00e7\u00e3o Art\u00edsticas)<\/p>\n","protected":false},"excerpt":{"rendered":"<p>https:\/\/www.ipleiria.pt\/esecs\/edicoes\/1-o-volume-cadernos-de-intervencao-cultural-e-educacao-artistica &#8220;Come\u00e7amos, neste 1\u00ba Caderno, por um conjunto de reflex\u00f5es realizadas por algumas estudantes no contexto da Unidade Curricular de Pr\u00e1ticas Art\u00edsticas Contempor\u00e2neas, do 1\u00ba ano do Mestrado em Interven\u00e7\u00e3o&#8230;<\/p>\n","protected":false},"author":2694,"featured_media":0,"parent":0,"menu_order":0,"comment_status":"closed","ping_status":"closed","template":"","meta":{"footnotes":""},"class_list":["post-71","page","type-page","status-publish","hentry"],"_links":{"self":[{"href":"https:\/\/sites.ipleiria.pt\/miaa\/wp-json\/wp\/v2\/pages\/71","targetHints":{"allow":["GET"]}}],"collection":[{"href":"https:\/\/sites.ipleiria.pt\/miaa\/wp-json\/wp\/v2\/pages"}],"about":[{"href":"https:\/\/sites.ipleiria.pt\/miaa\/wp-json\/wp\/v2\/types\/page"}],"author":[{"embeddable":true,"href":"https:\/\/sites.ipleiria.pt\/miaa\/wp-json\/wp\/v2\/users\/2694"}],"replies":[{"embeddable":true,"href":"https:\/\/sites.ipleiria.pt\/miaa\/wp-json\/wp\/v2\/comments?post=71"}],"version-history":[{"count":2,"href":"https:\/\/sites.ipleiria.pt\/miaa\/wp-json\/wp\/v2\/pages\/71\/revisions"}],"predecessor-version":[{"id":75,"href":"https:\/\/sites.ipleiria.pt\/miaa\/wp-json\/wp\/v2\/pages\/71\/revisions\/75"}],"wp:attachment":[{"href":"https:\/\/sites.ipleiria.pt\/miaa\/wp-json\/wp\/v2\/media?parent=71"}],"curies":[{"name":"wp","href":"https:\/\/api.w.org\/{rel}","templated":true}]}}