{"id":80,"date":"2017-06-26T12:07:24","date_gmt":"2017-06-26T12:07:24","guid":{"rendered":"http:\/\/sites.ipleiria.pt\/miaa\/?page_id=80"},"modified":"2017-06-26T12:07:47","modified_gmt":"2017-06-26T12:07:47","slug":"80-2","status":"publish","type":"page","link":"https:\/\/sites.ipleiria.pt\/miaa\/80-2\/","title":{"rendered":"Projeto de investiga\u00e7\u00e3o Laborat\u00f3rio de Cria\u00e7\u00e3o Art\u00edstica (LCA)"},"content":{"rendered":"<p><em>Laborat\u00f3rio de Cria\u00e7\u00e3o Art\u00edstica<\/em> (LCA) foi um projeto subsidiado pela Funda\u00e7\u00e3o Calouste Gulbenkian e implementado em parceria com a Escola de Dan\u00e7a Clara Le\u00e3o e a Escola Superior de Educa\u00e7\u00e3o e Ci\u00eancias Sociais (ESECS) do Instituto Polit\u00e9cnico de Leiria (IPL). Foi um projeto dirigido a estudantes do ensino superior da zona geogr\u00e1fica de Leiria, que tinha como objetivo principal <strong><em>desenvolver a literacia art\u00edstica entre estudantes do ensino superior<\/em><\/strong>. Foi uma iniciativa dos docentes das \u00e1reas art\u00edsticas da Licenciatura em Anima\u00e7\u00e3o Cultural da ESECS\/IPL.<\/p>\n<p>Ao longo da sua implementa\u00e7\u00e3o, durante o ano letivo de 2012\/2013, a equipa docente envolvida foi recolhendo dados de todo o processo, n\u00e3o s\u00f3 para a sua avalia\u00e7\u00e3o, mas tamb\u00e9m para compreender de forma mais aprofundada <strong>qual o impacte desta experi\u00eancia art\u00edstica no grupo de estudantes envolvidos<\/strong>.<\/p>\n<p><a href=\"http:\/\/sites.ipleiria.pt\/laboratorio\/\">http:\/\/sites.ipleiria.pt\/laboratorio\/<\/a><\/p>\n","protected":false},"excerpt":{"rendered":"<p>Laborat\u00f3rio de Cria\u00e7\u00e3o Art\u00edstica (LCA) foi um projeto subsidiado pela Funda\u00e7\u00e3o Calouste Gulbenkian e implementado em parceria com a Escola de Dan\u00e7a Clara Le\u00e3o e a Escola Superior de Educa\u00e7\u00e3o&#8230;<\/p>\n","protected":false},"author":2694,"featured_media":0,"parent":0,"menu_order":0,"comment_status":"closed","ping_status":"closed","template":"","meta":{"footnotes":""},"class_list":["post-80","page","type-page","status-publish","hentry"],"_links":{"self":[{"href":"https:\/\/sites.ipleiria.pt\/miaa\/wp-json\/wp\/v2\/pages\/80","targetHints":{"allow":["GET"]}}],"collection":[{"href":"https:\/\/sites.ipleiria.pt\/miaa\/wp-json\/wp\/v2\/pages"}],"about":[{"href":"https:\/\/sites.ipleiria.pt\/miaa\/wp-json\/wp\/v2\/types\/page"}],"author":[{"embeddable":true,"href":"https:\/\/sites.ipleiria.pt\/miaa\/wp-json\/wp\/v2\/users\/2694"}],"replies":[{"embeddable":true,"href":"https:\/\/sites.ipleiria.pt\/miaa\/wp-json\/wp\/v2\/comments?post=80"}],"version-history":[{"count":2,"href":"https:\/\/sites.ipleiria.pt\/miaa\/wp-json\/wp\/v2\/pages\/80\/revisions"}],"predecessor-version":[{"id":83,"href":"https:\/\/sites.ipleiria.pt\/miaa\/wp-json\/wp\/v2\/pages\/80\/revisions\/83"}],"wp:attachment":[{"href":"https:\/\/sites.ipleiria.pt\/miaa\/wp-json\/wp\/v2\/media?parent=80"}],"curies":[{"name":"wp","href":"https:\/\/api.w.org\/{rel}","templated":true}]}}