{"id":97,"date":"2017-06-26T12:18:10","date_gmt":"2017-06-26T12:18:10","guid":{"rendered":"http:\/\/sites.ipleiria.pt\/miaa\/?page_id=97"},"modified":"2019-01-30T16:44:43","modified_gmt":"2019-01-30T16:44:43","slug":"v-congresso-iberoamericano-de-animacao-sociocultural-da-participacao-na-cultura-a-cultura-da-participacao-2","status":"publish","type":"page","link":"https:\/\/sites.ipleiria.pt\/miaa\/v-congresso-iberoamericano-de-animacao-sociocultural-da-participacao-na-cultura-a-cultura-da-participacao-2\/","title":{"rendered":"V Congresso Iberoamericano de Anima\u00e7\u00e3o Sociocultural: Da participa\u00e7\u00e3o na cultura \u00e0 cultura da participa\u00e7\u00e3o"},"content":{"rendered":"<p><a href=\"http:\/\/sites.ipleiria.pt\/congressoria\/\"><img loading=\"lazy\" decoding=\"async\" class=\"aligncenter size-full wp-image-148\" src=\"http:\/\/sites.ipleiria.pt\/miaa\/files\/2017\/06\/cabecalho.jpg\" alt=\"\" width=\"980\" height=\"225\" srcset=\"https:\/\/sites.ipleiria.pt\/miaa\/files\/2017\/06\/cabecalho.jpg 980w, https:\/\/sites.ipleiria.pt\/miaa\/files\/2017\/06\/cabecalho-300x69.jpg 300w, https:\/\/sites.ipleiria.pt\/miaa\/files\/2017\/06\/cabecalho-768x176.jpg 768w\" sizes=\"auto, (max-width: 980px) 100vw, 980px\" \/><\/a><\/p>\n<p>. Participa\u00e7\u00e3o dos estudantes no <strong>V Congresso Iberoamericano de Anima\u00e7\u00e3o Sociocultural: <em>Da participa\u00e7\u00e3o na cultura \u00e0 cultura da participa\u00e7\u00e3o<\/em><\/strong>, realizado em outubro de 2014, na Escola Superior de Educa\u00e7\u00e3o e Ci\u00eancias Sociais do Instituto Polit\u00e9cnico de Leiria (<a href=\"http:\/\/sites.ipleiria.pt\/congressoria\/\">http:\/\/sites.ipleiria.pt\/congressoria\/<\/a>)<\/p>\n<p>. Alguns dos estudantes representaram as institui\u00e7\u00f5es onde trabalham na Feira de Anima\u00e7\u00e3o, que foi organizada em paralelo a este <strong>V Congresso Iberoamericano de Anima\u00e7\u00e3o Sociocultural<\/strong>, no Mercado de Santana (Leiria),<\/p>\n","protected":false},"excerpt":{"rendered":"<p>. Participa\u00e7\u00e3o dos estudantes no V Congresso Iberoamericano de Anima\u00e7\u00e3o Sociocultural: Da participa\u00e7\u00e3o na cultura \u00e0 cultura da participa\u00e7\u00e3o, realizado em outubro de 2014, na Escola Superior de Educa\u00e7\u00e3o e&#8230;<\/p>\n","protected":false},"author":2694,"featured_media":0,"parent":0,"menu_order":0,"comment_status":"closed","ping_status":"closed","template":"templates\/full-width.php","meta":{"footnotes":""},"class_list":["post-97","page","type-page","status-publish","hentry"],"_links":{"self":[{"href":"https:\/\/sites.ipleiria.pt\/miaa\/wp-json\/wp\/v2\/pages\/97","targetHints":{"allow":["GET"]}}],"collection":[{"href":"https:\/\/sites.ipleiria.pt\/miaa\/wp-json\/wp\/v2\/pages"}],"about":[{"href":"https:\/\/sites.ipleiria.pt\/miaa\/wp-json\/wp\/v2\/types\/page"}],"author":[{"embeddable":true,"href":"https:\/\/sites.ipleiria.pt\/miaa\/wp-json\/wp\/v2\/users\/2694"}],"replies":[{"embeddable":true,"href":"https:\/\/sites.ipleiria.pt\/miaa\/wp-json\/wp\/v2\/comments?post=97"}],"version-history":[{"count":3,"href":"https:\/\/sites.ipleiria.pt\/miaa\/wp-json\/wp\/v2\/pages\/97\/revisions"}],"predecessor-version":[{"id":615,"href":"https:\/\/sites.ipleiria.pt\/miaa\/wp-json\/wp\/v2\/pages\/97\/revisions\/615"}],"wp:attachment":[{"href":"https:\/\/sites.ipleiria.pt\/miaa\/wp-json\/wp\/v2\/media?parent=97"}],"curies":[{"name":"wp","href":"https:\/\/api.w.org\/{rel}","templated":true}]}}