{"id":10,"date":"2017-11-27T11:56:01","date_gmt":"2017-11-27T11:56:01","guid":{"rendered":"http:\/\/sites.ipleiria.pt\/miea\/?page_id=10"},"modified":"2018-01-05T16:13:12","modified_gmt":"2018-01-05T16:13:12","slug":"organizacao","status":"publish","type":"page","link":"https:\/\/sites.ipleiria.pt\/miea\/organizacao\/","title":{"rendered":"Organiza\u00e7\u00e3o"},"content":{"rendered":"<p><strong>Comiss\u00e3o Organizadora<\/strong><\/p>\n<p>Catarina Lob\u00e3o<\/p>\n<p>Jaime Ribeiro<\/p>\n<p>Jenny Gil Sousa<\/p>\n<p>Lu\u00eds Soares Lu\u00eds<\/p>\n<p>Sara M\u00f3nico Lopes<\/p>\n<p>T\u00e2nia Mota<\/p>\n<p>&nbsp;<\/p>\n<p><strong>Comiss\u00e3o Cient\u00edfica<\/strong><\/p>\n<p>Ana Isabel Fernandes Querido<\/p>\n<p>Carlos Sequeira<\/p>\n<p>Catarina Lob\u00e3o<\/p>\n<p>Celia Maria Jord\u00e3o Sim\u00f5es Silva<\/p>\n<p>Fernando Paulo Oliveira Magalh\u00e3es<\/p>\n<p>Florentino Bl\u00e1zquez Entonado (UMEX &#8211; Badajoz)<\/p>\n<p>Jaime Ribeiro<\/p>\n<p>Jenny Gil Sousa<\/p>\n<p>Jo\u00e3o Manuel Gra\u00e7a Frade<\/p>\n<p>Jos\u00e9 Alves Guerreiro<\/p>\n<p>Jos\u00e9 Carlos Quaresma Coelho<\/p>\n<p>Lu\u00eds Jacob<\/p>\n<p>Lu\u00eds Soares Lu\u00eds<\/p>\n<p>Lu\u00edsa Maria Gaspar Pimentel<\/p>\n<p>Maria dos Anjos Dixe<\/p>\n<p>Maria Gra\u00e7a Po\u00e7as Santos<\/p>\n<p>Maria Isabel Pereira<\/p>\n<p>Maria Isabel Varregoso<\/p>\n<p>M\u00f3nica Bra\u00fana Alencar Costa Le\u00e3o<\/p>\n<p>Rui Miguel Duarte Santos<\/p>\n<p>Sandra Amado<\/p>\n<p>Sara M\u00f3nico Lopes<\/p>\n<p>Sofia Silva<\/p>\n<p>Susana Margarida Rodrigues Cust\u00f3dio<\/p>\n","protected":false},"excerpt":{"rendered":"<p>Comiss\u00e3o Organizadora Catarina Lob\u00e3o Jaime Ribeiro Jenny Gil Sousa Lu\u00eds Soares Lu\u00eds Sara M\u00f3nico Lopes T\u00e2nia Mota &nbsp; Comiss\u00e3o Cient\u00edfica Ana Isabel Fernandes Querido Carlos Sequeira Catarina Lob\u00e3o Celia Maria Jord\u00e3o Sim\u00f5es Silva Fernando Paulo Oliveira Magalh\u00e3es Florentino Bl\u00e1zquez Entonado&hellip;  <\/p>\n<p class=\"more-link\"><a href=\"https:\/\/sites.ipleiria.pt\/miea\/organizacao\/\">Continue reading <span class=\"meta-nav\">&rarr;<\/span><\/a><\/p>\n","protected":false},"author":66,"featured_media":0,"parent":0,"menu_order":0,"comment_status":"closed","ping_status":"closed","template":"","meta":{"footnotes":""},"class_list":["post-10","page","type-page","status-publish","hentry"],"_links":{"self":[{"href":"https:\/\/sites.ipleiria.pt\/miea\/wp-json\/wp\/v2\/pages\/10","targetHints":{"allow":["GET"]}}],"collection":[{"href":"https:\/\/sites.ipleiria.pt\/miea\/wp-json\/wp\/v2\/pages"}],"about":[{"href":"https:\/\/sites.ipleiria.pt\/miea\/wp-json\/wp\/v2\/types\/page"}],"author":[{"embeddable":true,"href":"https:\/\/sites.ipleiria.pt\/miea\/wp-json\/wp\/v2\/users\/66"}],"replies":[{"embeddable":true,"href":"https:\/\/sites.ipleiria.pt\/miea\/wp-json\/wp\/v2\/comments?post=10"}],"version-history":[{"count":9,"href":"https:\/\/sites.ipleiria.pt\/miea\/wp-json\/wp\/v2\/pages\/10\/revisions"}],"predecessor-version":[{"id":112,"href":"https:\/\/sites.ipleiria.pt\/miea\/wp-json\/wp\/v2\/pages\/10\/revisions\/112"}],"wp:attachment":[{"href":"https:\/\/sites.ipleiria.pt\/miea\/wp-json\/wp\/v2\/media?parent=10"}],"curies":[{"name":"wp","href":"https:\/\/api.w.org\/{rel}","templated":true}]}}