{"id":14,"date":"2017-11-27T11:56:22","date_gmt":"2017-11-27T11:56:22","guid":{"rendered":"http:\/\/sites.ipleiria.pt\/miea\/?page_id=14"},"modified":"2018-01-05T16:14:35","modified_gmt":"2018-01-05T16:14:35","slug":"submissao","status":"publish","type":"page","link":"https:\/\/sites.ipleiria.pt\/miea\/submissao\/","title":{"rendered":"Submiss\u00e3o"},"content":{"rendered":"<p><strong>CHAMADA DE TRABALHOS<\/strong><\/p>\n<p><strong>Datas importantes:<\/strong><\/p>\n<p>Submiss\u00e3o de resumos (com <em>peer review<\/em>) &#8211; at\u00e9 31 outubro de 2017 (1 call) \u2013 17 novembro (2 call) &#8211; 11 dezembro (3 call)<\/p>\n<p><a href=\"https:\/\/easychair.org\/account\/signin.cgi?key=62335756.lKeCVdSgVG4AyZtH\">Aceda aqui ao formul\u00e1rio<\/a><\/p>\n<p>Notifica\u00e7\u00e3o aos autores \u2013 at\u00e9\u00a015 janeiro de 2018<\/p>\n<p>Inscri\u00e7\u00f5es na confer\u00eancia &#8211; at\u00e9\u00a018 fevereiro de 2018<\/p>\n<p>Data da Confer\u00eancia \u2013 21 fevereiro de 2018<\/p>\n<p>Limite de submiss\u00e3o de trabalhos completos (que tiveram o resumo aceite) \u2013\u00a031 janeiro de 2018<\/p>\n","protected":false},"excerpt":{"rendered":"<p>CHAMADA DE TRABALHOS Datas importantes: Submiss\u00e3o de resumos (com peer review) &#8211; at\u00e9 31 outubro de 2017 (1 call) \u2013 17 novembro (2 call) &#8211; 11 dezembro (3 call) Aceda aqui ao formul\u00e1rio Notifica\u00e7\u00e3o aos autores \u2013 at\u00e9\u00a015 janeiro de&hellip;  <\/p>\n<p class=\"more-link\"><a href=\"https:\/\/sites.ipleiria.pt\/miea\/submissao\/\">Continue reading <span class=\"meta-nav\">&rarr;<\/span><\/a><\/p>\n","protected":false},"author":66,"featured_media":0,"parent":0,"menu_order":0,"comment_status":"closed","ping_status":"closed","template":"","meta":{"footnotes":""},"class_list":["post-14","page","type-page","status-publish","hentry"],"_links":{"self":[{"href":"https:\/\/sites.ipleiria.pt\/miea\/wp-json\/wp\/v2\/pages\/14","targetHints":{"allow":["GET"]}}],"collection":[{"href":"https:\/\/sites.ipleiria.pt\/miea\/wp-json\/wp\/v2\/pages"}],"about":[{"href":"https:\/\/sites.ipleiria.pt\/miea\/wp-json\/wp\/v2\/types\/page"}],"author":[{"embeddable":true,"href":"https:\/\/sites.ipleiria.pt\/miea\/wp-json\/wp\/v2\/users\/66"}],"replies":[{"embeddable":true,"href":"https:\/\/sites.ipleiria.pt\/miea\/wp-json\/wp\/v2\/comments?post=14"}],"version-history":[{"count":8,"href":"https:\/\/sites.ipleiria.pt\/miea\/wp-json\/wp\/v2\/pages\/14\/revisions"}],"predecessor-version":[{"id":113,"href":"https:\/\/sites.ipleiria.pt\/miea\/wp-json\/wp\/v2\/pages\/14\/revisions\/113"}],"wp:attachment":[{"href":"https:\/\/sites.ipleiria.pt\/miea\/wp-json\/wp\/v2\/media?parent=14"}],"curies":[{"name":"wp","href":"https:\/\/api.w.org\/{rel}","templated":true}]}}