{"id":100,"date":"2015-09-02T15:34:18","date_gmt":"2015-09-02T15:34:18","guid":{"rendered":"http:\/\/sites.ipleiria.pt\/nide\/?page_id=100"},"modified":"2015-09-02T15:34:24","modified_gmt":"2015-09-02T15:34:24","slug":"ec","status":"publish","type":"page","link":"https:\/\/sites.ipleiria.pt\/nide\/linhas-de-investigacao\/ec\/","title":{"rendered":"Educa\u00e7\u00e3o em Ci\u00eancias"},"content":{"rendered":"","protected":false},"excerpt":{"rendered":"","protected":false},"author":471,"featured_media":0,"parent":59,"menu_order":0,"comment_status":"closed","ping_status":"closed","template":"","meta":{"footnotes":""},"class_list":["post-100","page","type-page","status-publish","hentry"],"_links":{"self":[{"href":"https:\/\/sites.ipleiria.pt\/nide\/wp-json\/wp\/v2\/pages\/100","targetHints":{"allow":["GET"]}}],"collection":[{"href":"https:\/\/sites.ipleiria.pt\/nide\/wp-json\/wp\/v2\/pages"}],"about":[{"href":"https:\/\/sites.ipleiria.pt\/nide\/wp-json\/wp\/v2\/types\/page"}],"author":[{"embeddable":true,"href":"https:\/\/sites.ipleiria.pt\/nide\/wp-json\/wp\/v2\/users\/471"}],"replies":[{"embeddable":true,"href":"https:\/\/sites.ipleiria.pt\/nide\/wp-json\/wp\/v2\/comments?post=100"}],"version-history":[{"count":1,"href":"https:\/\/sites.ipleiria.pt\/nide\/wp-json\/wp\/v2\/pages\/100\/revisions"}],"predecessor-version":[{"id":101,"href":"https:\/\/sites.ipleiria.pt\/nide\/wp-json\/wp\/v2\/pages\/100\/revisions\/101"}],"up":[{"embeddable":true,"href":"https:\/\/sites.ipleiria.pt\/nide\/wp-json\/wp\/v2\/pages\/59"}],"wp:attachment":[{"href":"https:\/\/sites.ipleiria.pt\/nide\/wp-json\/wp\/v2\/media?parent=100"}],"curies":[{"name":"wp","href":"https:\/\/api.w.org\/{rel}","templated":true}]}}