{"id":64,"date":"2015-03-06T16:29:55","date_gmt":"2015-03-06T16:29:55","guid":{"rendered":"http:\/\/sites.ipleiria.pt\/nide\/?page_id=64"},"modified":"2016-04-07T08:00:12","modified_gmt":"2016-04-07T08:00:12","slug":"icea","status":"publish","type":"page","link":"https:\/\/sites.ipleiria.pt\/nide\/linhas-de-investigacao\/icea\/","title":{"rendered":"Interven\u00e7\u00e3o Cultural e Educa\u00e7\u00e3o Art\u00edstica"},"content":{"rendered":"<h1 style=\"text-align: center\"><a href=\"http:\/\/sites.ipleiria.pt\/nide\/files\/2015\/03\/IntervencaoEducacaoArtisticaContextosEscolares.png\" rel=\"attachment wp-att-87\"><img loading=\"lazy\" decoding=\"async\" class=\"alignnone wp-image-87\" src=\"http:\/\/sites.ipleiria.pt\/nide\/files\/2015\/03\/IntervencaoEducacaoArtisticaContextosEscolares-300x180.png\" alt=\"IntervencaoEducacaoArtisticaContextosEscolares\" width=\"227\" height=\"143\" \/><\/a><\/h1>\n<h1>Objetivos<\/h1>\n<ul>\n<li>Desenvolver projetos de investiga\u00e7\u00e3o nas \u00e1reas da Interven\u00e7\u00e3o Cultural e Educa\u00e7\u00e3o Art\u00edstica (ICEA)<\/li>\n<li>Estimular o debate e o pensamento cr\u00edtico no campo da Interven\u00e7\u00e3o Cultural e Educa\u00e7\u00e3o Art\u00edstica (ICEA) atrav\u00e9s de diversas iniciativas cient\u00edficas;<\/li>\n<li>Divulgar a investiga\u00e7\u00e3o produzida no \u00e2mbito da ICEA atrav\u00e9s da publica\u00e7\u00e3o dos estudos realizados, particularmente, em meios sujeitos \u00e0 revis\u00e3o por pares, assim como atrav\u00e9s da organiza\u00e7\u00e3o e participa\u00e7\u00e3o em eventos cient\u00edficos, nomeadamente, confer\u00eancias, semin\u00e1rios e encontros de forma\u00e7\u00e3o.<\/li>\n<li>Promover o treino de jovens investigadores, envolvendo-os nos projetos, nas publica\u00e7\u00f5es, etc.<\/li>\n<li>Partilhar com a comunidade educativa e o p\u00fablico em geral o trabalho desenvolvido na linha de investiga\u00e7\u00e3o ICEA<\/li>\n<\/ul>\n<p>&nbsp;<\/p>\n<h1>Projetos em curso<\/h1>\n<ul>\n<li><a href=\"http:\/\/sites.ipleiria.pt\/nide\/linhas-de-investigacao\/icea\/eace\/\">Educa\u00e7\u00e3o Art\u00edstica em Contextos Escolares<br \/>\n<\/a><em><span style=\"color: #999999\">Jenny Sousa, Ana Fontes,\u00a0Maria Kowalski,\u00a0Maria de S\u00e3o Pedro<\/span><\/em><\/li>\n<li><a href=\"http:\/\/sites.ipleiria.pt\/nide\/linhas-de-investigacao\/icea\/ctrep\/%20\">Conce\u00e7\u00f5es do tempo entre reclusos de um estabelecimento prisional<\/a><\/li>\n<\/ul>\n<h1><\/h1>\n<h1>Projetos\u00a0conclu\u00eddos<\/h1>\n<ul>\n<li><a href=\"http:\/\/sites.ipleiria.pt\/nide\/linhas-de-investigacao\/icea\/lca\/%20\">Laborat\u00f3rio de Cria\u00e7\u00e3o Art\u00edstica (LCA)<\/a><br \/>\n<em>L\u00facia Magueta, Maria de S\u00e3o Pedro e restante equipa de LCA<\/em><\/li>\n<\/ul>\n<h1>Investiga\u00e7\u00e3o e Forma\u00e7\u00e3o<\/h1>\n<ul>\n<li>Mestrado de Interven\u00e7\u00e3o e Anima\u00e7\u00e3o Art\u00edsticas (MIAA)<br \/>\n<em><span style=\"color: #999999\">Projetos de investiga\u00e7\u00e3o associados \u00e0s UC do mestrado e aos relat\u00f3rios finais<\/span><\/em><\/li>\n<li>Licenciatura em Educa\u00e7\u00e3o B\u00e1sica<br \/>\n<em><span style=\"color: #999999\">UC da \u00e1rea de educa\u00e7\u00e3o art\u00edstica<\/span><\/em><\/li>\n<\/ul>\n<p>&nbsp;<\/p>\n<p>&nbsp;<\/p>\n","protected":false},"excerpt":{"rendered":"<p>Objetivos Desenvolver projetos de investiga\u00e7\u00e3o nas \u00e1reas da Interven\u00e7\u00e3o Cultural e Educa\u00e7\u00e3o Art\u00edstica (ICEA) Estimular o debate e o pensamento cr\u00edtico no campo da Interven\u00e7\u00e3o Cultural e Educa\u00e7\u00e3o Art\u00edstica (ICEA) atrav\u00e9s de diversas iniciativas cient\u00edficas; Divulgar a investiga\u00e7\u00e3o produzida no &hellip; <a href=\"https:\/\/sites.ipleiria.pt\/nide\/linhas-de-investigacao\/icea\/\">Continuar a ler <span class=\"meta-nav\">&rarr;<\/span><\/a><\/p>\n","protected":false},"author":471,"featured_media":0,"parent":59,"menu_order":0,"comment_status":"closed","ping_status":"closed","template":"","meta":{"footnotes":""},"class_list":["post-64","page","type-page","status-publish","hentry"],"_links":{"self":[{"href":"https:\/\/sites.ipleiria.pt\/nide\/wp-json\/wp\/v2\/pages\/64","targetHints":{"allow":["GET"]}}],"collection":[{"href":"https:\/\/sites.ipleiria.pt\/nide\/wp-json\/wp\/v2\/pages"}],"about":[{"href":"https:\/\/sites.ipleiria.pt\/nide\/wp-json\/wp\/v2\/types\/page"}],"author":[{"embeddable":true,"href":"https:\/\/sites.ipleiria.pt\/nide\/wp-json\/wp\/v2\/users\/471"}],"replies":[{"embeddable":true,"href":"https:\/\/sites.ipleiria.pt\/nide\/wp-json\/wp\/v2\/comments?post=64"}],"version-history":[{"count":14,"href":"https:\/\/sites.ipleiria.pt\/nide\/wp-json\/wp\/v2\/pages\/64\/revisions"}],"predecessor-version":[{"id":233,"href":"https:\/\/sites.ipleiria.pt\/nide\/wp-json\/wp\/v2\/pages\/64\/revisions\/233"}],"up":[{"embeddable":true,"href":"https:\/\/sites.ipleiria.pt\/nide\/wp-json\/wp\/v2\/pages\/59"}],"wp:attachment":[{"href":"https:\/\/sites.ipleiria.pt\/nide\/wp-json\/wp\/v2\/media?parent=64"}],"curies":[{"name":"wp","href":"https:\/\/api.w.org\/{rel}","templated":true}]}}