{"id":98,"date":"2015-09-02T15:33:56","date_gmt":"2015-09-02T15:33:56","guid":{"rendered":"http:\/\/sites.ipleiria.pt\/nide\/?page_id=98"},"modified":"2015-09-03T15:06:01","modified_gmt":"2015-09-03T15:06:01","slug":"em","status":"publish","type":"page","link":"https:\/\/sites.ipleiria.pt\/nide\/linhas-de-investigacao\/em\/","title":{"rendered":"Educa\u00e7\u00e3o Matem\u00e1tica"},"content":{"rendered":"<h2>Projetos\u00a0em curso<\/h2>\n<ul>\n<li>O Conhecimento Matem\u00e1tico dos Futuros Professores<\/li>\n<li>Desafios e Matematrix<\/li>\n<\/ul>\n<h2><\/h2>\n<h2>Projetos conclu\u00eddos<\/h2>\n<ul>\n<li>O Sentido do N\u00famero nas Pr\u00e1ticas Pedag\u00f3gicas dos Futuros Professores<\/li>\n<\/ul>\n","protected":false},"excerpt":{"rendered":"<p>Projetos\u00a0em curso O Conhecimento Matem\u00e1tico dos Futuros Professores Desafios e Matematrix Projetos conclu\u00eddos O Sentido do N\u00famero nas Pr\u00e1ticas Pedag\u00f3gicas dos Futuros Professores<\/p>\n","protected":false},"author":471,"featured_media":0,"parent":59,"menu_order":0,"comment_status":"closed","ping_status":"closed","template":"","meta":{"footnotes":""},"class_list":["post-98","page","type-page","status-publish","hentry"],"_links":{"self":[{"href":"https:\/\/sites.ipleiria.pt\/nide\/wp-json\/wp\/v2\/pages\/98","targetHints":{"allow":["GET"]}}],"collection":[{"href":"https:\/\/sites.ipleiria.pt\/nide\/wp-json\/wp\/v2\/pages"}],"about":[{"href":"https:\/\/sites.ipleiria.pt\/nide\/wp-json\/wp\/v2\/types\/page"}],"author":[{"embeddable":true,"href":"https:\/\/sites.ipleiria.pt\/nide\/wp-json\/wp\/v2\/users\/471"}],"replies":[{"embeddable":true,"href":"https:\/\/sites.ipleiria.pt\/nide\/wp-json\/wp\/v2\/comments?post=98"}],"version-history":[{"count":6,"href":"https:\/\/sites.ipleiria.pt\/nide\/wp-json\/wp\/v2\/pages\/98\/revisions"}],"predecessor-version":[{"id":131,"href":"https:\/\/sites.ipleiria.pt\/nide\/wp-json\/wp\/v2\/pages\/98\/revisions\/131"}],"up":[{"embeddable":true,"href":"https:\/\/sites.ipleiria.pt\/nide\/wp-json\/wp\/v2\/pages\/59"}],"wp:attachment":[{"href":"https:\/\/sites.ipleiria.pt\/nide\/wp-json\/wp\/v2\/media?parent=98"}],"curies":[{"name":"wp","href":"https:\/\/api.w.org\/{rel}","templated":true}]}}