{"id":106,"date":"2023-08-18T15:02:29","date_gmt":"2023-08-18T15:02:29","guid":{"rendered":"https:\/\/sites.ipleiria.pt\/pca\/?page_id=106"},"modified":"2023-10-31T14:08:53","modified_gmt":"2023-10-31T14:08:53","slug":"passaporte-alumni","status":"publish","type":"page","link":"https:\/\/sites.ipleiria.pt\/pca\/pt\/passaporte-alumni\/","title":{"rendered":"Passaporte ALUMNI"},"content":{"rendered":"<p style=\"text-align: center;\"><strong>Formul\u00e1rio de Inscri\u00e7\u00e3o para o Passaporte ALUMNI<\/strong><\/p>\n<p>Ir\u00e1 receber informa\u00e7\u00e3o atualizada sobre as atividades e eventos do Polit\u00e9cnico de Leiria, assim como o <strong>Passaporte Alumni<\/strong> que lhe permitir\u00e1 ter acesso a condi\u00e7\u00f5es e descontos especiais.<\/p>\n<p>&nbsp;<\/p>\n<p style=\"text-align: center;\"><div class=\"forminator-ui forminator-custom-form forminator-custom-form-155 forminator-design--flat  forminator_ajax\" data-forminator-render=\"0\" data-form=\"forminator-module-155\" data-uid=\"69ec96b88efde\"><br\/><\/div><form\n\t\t\t\tid=\"forminator-module-155\"\n\t\t\t\tclass=\"forminator-ui forminator-custom-form forminator-custom-form-155 forminator-design--flat  forminator_ajax\"\n\t\t\t\tmethod=\"post\"\n\t\t\t\tdata-forminator-render=\"0\"\n\t\t\t\tdata-form-id=\"155\"\n\t\t\t\t data-color-option=\"default\" data-design=\"flat\" data-grid=\"open\" style=\"display: none;\"\n\t\t\t\tdata-uid=\"69ec96b88efde\"\n\t\t\t><div role=\"alert\" aria-live=\"polite\" class=\"forminator-response-message forminator-error\" aria-hidden=\"true\"><\/div><div class=\"forminator-row\"><div id=\"name-1\" class=\"forminator-field-name forminator-col forminator-col-6 \"><div class=\"forminator-field\"><label for=\"forminator-field-name-1_69ec96b88efde\" id=\"forminator-field-name-1_69ec96b88efde-label\" class=\"forminator-label\">Nome completo <span class=\"forminator-required\">*<\/span><\/label><input type=\"text\" name=\"name-1\" value=\"\" placeholder=\"\" id=\"forminator-field-name-1_69ec96b88efde\" class=\"forminator-input forminator-name--field\" aria-required=\"true\" autocomplete=\"name\" \/><\/div><\/div><div id=\"text-11\" class=\"forminator-field-text forminator-col forminator-col-6 \"><div class=\"forminator-field\"><label for=\"forminator-field-text-11_69ec96b88efde\" id=\"forminator-field-text-11_69ec96b88efde-label\" class=\"forminator-label\">N\u00ba de Documento de Identifica\u00e7\u00e3o <span class=\"forminator-required\">*<\/span><\/label><input type=\"text\" name=\"text-11\" value=\"\" placeholder=\"\" id=\"forminator-field-text-11_69ec96b88efde\" class=\"forminator-input forminator-name--field\" data-required=\"1\" maxlength=\"16\" \/><span id=\"forminator-field-text-11_69ec96b88efde-description\" class=\"forminator-description\"><span data-limit=\"16\" data-type=\"characters\">0 \/ 16<\/span><\/span><\/div><\/div><\/div><div class=\"forminator-row\"><div id=\"date-1\" class=\"forminator-field-date forminator-col forminator-col-6 \"><div class=\"forminator-field\"><label for=\"forminator-field-date-1-picker_69ec96b88efde\" id=\"forminator-field-date-1-picker_69ec96b88efde-label\" class=\"forminator-label\">Data de Nascimento <span class=\"forminator-required\">*<\/span><\/label><div class=\"forminator-input-with-icon\"><span class=\"forminator-icon-calendar\" aria-hidden=\"true\"><\/span><input autocomplete=\"off\" type=\"text\" size=\"1\" name=\"date-1\" value=\"\" placeholder=\"Escolha uma data\" id=\"forminator-field-date-1-picker_69ec96b88efde\" class=\"forminator-input forminator-datepicker\" data-required=\"1\" data-format=\"mm\/dd\/yy\" data-restrict-type=\"\" data-restrict=\"\" data-start-year=\"1926\" data-end-year=\"2126\" data-past-dates=\"enable\" data-start-of-week=\"1\" data-start-date=\"\" data-end-date=\"\" data-start-field=\"\" data-end-field=\"\" data-start-offset=\"\" data-end-offset=\"\" data-disable-date=\"\" data-disable-range=\"\" \/><\/div><\/div><\/div><div id=\"checkbox-1\" class=\"forminator-field-checkbox forminator-col forminator-col-6 \"><div role=\"group\" class=\"forminator-field required\" aria-labelledby=\"forminator-checkbox-group-forminator-field-checkbox-1-69ec96b88efde-label\"><span id=\"forminator-checkbox-group-forminator-field-checkbox-1-69ec96b88efde-label\" class=\"forminator-label\">Sexo <span class=\"forminator-required\">*<\/span><\/span><label id=\"forminator-field-checkbox-1-1-69ec96b88efde-label\" for=\"forminator-field-checkbox-1-1-69ec96b88efde\" class=\"forminator-checkbox\" title=\"Masculino\"><input type=\"checkbox\" name=\"checkbox-1[]\" value=\"one\" id=\"forminator-field-checkbox-1-1-69ec96b88efde\" aria-labelledby=\"forminator-field-checkbox-1-1-69ec96b88efde-label\" data-calculation=\"0\"   data-hidden-behavior=\"zero\"\/><span class=\"forminator-checkbox-box\" aria-hidden=\"true\"><\/span><span class=\"forminator-checkbox-label\">Masculino<\/span><\/label><label id=\"forminator-field-checkbox-1-2-69ec96b88efde-label\" for=\"forminator-field-checkbox-1-2-69ec96b88efde\" class=\"forminator-checkbox\" title=\"Feminino\"><input type=\"checkbox\" name=\"checkbox-1[]\" value=\"two\" id=\"forminator-field-checkbox-1-2-69ec96b88efde\" aria-labelledby=\"forminator-field-checkbox-1-2-69ec96b88efde-label\" data-calculation=\"0\"   data-hidden-behavior=\"zero\"\/><span class=\"forminator-checkbox-box\" aria-hidden=\"true\"><\/span><span class=\"forminator-checkbox-label\">Feminino<\/span><\/label><\/div><\/div><\/div><div class=\"forminator-row\"><div id=\"phone-1\" class=\"forminator-field-phone forminator-col forminator-col-6 \"><div class=\"forminator-field\"><label for=\"forminator-field-phone-1_69ec96b88efde\" id=\"forminator-field-phone-1_69ec96b88efde-label\" class=\"forminator-label\">Telefone <span class=\"forminator-required\">*<\/span><\/label><input type=\"text\" name=\"phone-1\" value=\"\" placeholder=\"\" id=\"forminator-field-phone-1_69ec96b88efde\" class=\"forminator-input forminator-field--phone\" data-required=\"1\" aria-required=\"true\" autocomplete=\"off\" \/><\/div><\/div><div id=\"email-1\" class=\"forminator-field-email forminator-col forminator-col-6 \"><div class=\"forminator-field\"><label for=\"forminator-field-email-1_69ec96b88efde\" id=\"forminator-field-email-1_69ec96b88efde-label\" class=\"forminator-label\">Email <span class=\"forminator-required\">*<\/span><\/label><input type=\"email\" name=\"email-1\" value=\"\" placeholder=\"\" id=\"forminator-field-email-1_69ec96b88efde\" class=\"forminator-input forminator-email--field\" data-required=\"1\" aria-required=\"true\" autocomplete=\"email\" \/><\/div><\/div><\/div><div class=\"forminator-row\"><div id=\"url-1\" class=\"forminator-field-url forminator-col forminator-col-12 \"><div class=\"forminator-field\"><label for=\"forminator-field-url-1_69ec96b88efde\" id=\"forminator-field-url-1_69ec96b88efde-label\" class=\"forminator-label\">URL para website<\/label><input type=\"url\" name=\"url-1\" value=\"\" placeholder=\"\" id=\"forminator-field-url-1_69ec96b88efde\" class=\"forminator-input forminator-website--field\" data-required=\"\" aria-required=\"false\" \/><\/div><\/div><\/div><div class=\"forminator-row\"><div id=\"text-1\" class=\"forminator-field-text forminator-col forminator-col-12 \"><div class=\"forminator-field\"><label for=\"forminator-field-text-1_69ec96b88efde\" id=\"forminator-field-text-1_69ec96b88efde-label\" class=\"forminator-label\">Morada <span class=\"forminator-required\">*<\/span><\/label><input type=\"text\" name=\"text-1\" value=\"\" placeholder=\"\" id=\"forminator-field-text-1_69ec96b88efde\" class=\"forminator-input forminator-name--field\" data-required=\"1\" \/><\/div><\/div><\/div><div class=\"forminator-row\"><div id=\"text-2\" class=\"forminator-field-text forminator-col forminator-col-6 \"><div class=\"forminator-field\"><label for=\"forminator-field-text-2_69ec96b88efde\" id=\"forminator-field-text-2_69ec96b88efde-label\" class=\"forminator-label\">C\u00f3digo Postal <span class=\"forminator-required\">*<\/span><\/label><input type=\"text\" name=\"text-2\" value=\"\" placeholder=\"\" id=\"forminator-field-text-2_69ec96b88efde\" class=\"forminator-input forminator-name--field\" data-required=\"1\" maxlength=\"8\" \/><span id=\"forminator-field-text-2_69ec96b88efde-description\" class=\"forminator-description\"><span data-limit=\"8\" data-type=\"characters\">0 \/ 8<\/span><\/span><\/div><\/div><div id=\"text-3\" class=\"forminator-field-text forminator-col forminator-col-6 \"><div class=\"forminator-field\"><label for=\"forminator-field-text-3_69ec96b88efde\" id=\"forminator-field-text-3_69ec96b88efde-label\" class=\"forminator-label\">Localidade <span class=\"forminator-required\">*<\/span><\/label><input type=\"text\" name=\"text-3\" value=\"\" placeholder=\"\" id=\"forminator-field-text-3_69ec96b88efde\" class=\"forminator-input forminator-name--field\" data-required=\"1\" \/><\/div><\/div><\/div><div class=\"forminator-row\"><div id=\"text-5\" class=\"forminator-field-text forminator-col forminator-col-4 \"><div class=\"forminator-field\"><label for=\"forminator-field-text-5_69ec96b88efde\" id=\"forminator-field-text-5_69ec96b88efde-label\" class=\"forminator-label\">Concelho <span class=\"forminator-required\">*<\/span><\/label><input type=\"text\" name=\"text-5\" value=\"\" placeholder=\"\" id=\"forminator-field-text-5_69ec96b88efde\" class=\"forminator-input forminator-name--field\" data-required=\"1\" \/><\/div><\/div><div id=\"text-4\" class=\"forminator-field-text forminator-col forminator-col-4 \"><div class=\"forminator-field\"><label for=\"forminator-field-text-4_69ec96b88efde\" id=\"forminator-field-text-4_69ec96b88efde-label\" class=\"forminator-label\">Distrito <span class=\"forminator-required\">*<\/span><\/label><input type=\"text\" name=\"text-4\" value=\"\" placeholder=\"\" id=\"forminator-field-text-4_69ec96b88efde\" class=\"forminator-input forminator-name--field\" data-required=\"1\" \/><\/div><\/div><div id=\"text-6\" class=\"forminator-field-text forminator-col forminator-col-4 \"><div class=\"forminator-field\"><label for=\"forminator-field-text-6_69ec96b88efde\" id=\"forminator-field-text-6_69ec96b88efde-label\" class=\"forminator-label\">Pa\u00eds <span class=\"forminator-required\">*<\/span><\/label><input type=\"text\" name=\"text-6\" value=\"\" placeholder=\"\" id=\"forminator-field-text-6_69ec96b88efde\" class=\"forminator-input forminator-name--field\" data-required=\"1\" \/><\/div><\/div><\/div><div class=\"forminator-row\"><div id=\"html-3\" class=\"forminator-field-html forminator-col forminator-col-12 \"><div class=\"forminator-field forminator-merge-tags\" data-field=\"html-3\"><hr><\/div><\/div><\/div><div class=\"forminator-row\"><div id=\"text-12\" class=\"forminator-field-text forminator-col forminator-col-12 \"><div class=\"forminator-field\"><label for=\"forminator-field-text-12_69ec96b88efde\" id=\"forminator-field-text-12_69ec96b88efde-label\" class=\"forminator-label\">Escola(s) que frequentou no IPLeiria: <span class=\"forminator-required\">*<\/span><\/label><input type=\"text\" name=\"text-12\" value=\"\" placeholder=\"\" id=\"forminator-field-text-12_69ec96b88efde\" class=\"forminator-input forminator-name--field\" data-required=\"1\" \/><\/div><\/div><\/div><div class=\"forminator-row\"><div id=\"textarea-3\" class=\"forminator-field-textarea forminator-col forminator-col-12 \"><div class=\"forminator-field\"><label for=\"forminator-field-textarea-3_69ec96b88efde\" id=\"forminator-field-textarea-3_69ec96b88efde-label\" class=\"forminator-label\">Curso(s): <span class=\"forminator-required\">*<\/span><\/label><textarea name=\"textarea-3\" placeholder=\"\" id=\"forminator-field-textarea-3_69ec96b88efde\" class=\"forminator-textarea\" rows=\"6\" style=\"--forminator-textarea-min-height:140px;\" ><\/textarea><\/div><\/div><\/div><div class=\"forminator-row\"><div id=\"text-14\" class=\"forminator-field-text forminator-col forminator-col-12 \"><div class=\"forminator-field\"><label for=\"forminator-field-text-14_69ec96b88efde\" id=\"forminator-field-text-14_69ec96b88efde-label\" class=\"forminator-label\">Grau(s) dos curso(s) que frequentou e\/ou concluiu no IPLeiria: <span class=\"forminator-required\">*<\/span><\/label><input type=\"text\" name=\"text-14\" value=\"\" placeholder=\"\" id=\"forminator-field-text-14_69ec96b88efde\" class=\"forminator-input forminator-name--field\" data-required=\"1\" \/><\/div><\/div><\/div><div class=\"forminator-row\"><div id=\"number-1\" class=\"forminator-field-number forminator-col forminator-col-6 \"><div class=\"forminator-field\"><label for=\"forminator-field-number-1_69ec96b88efde\" id=\"forminator-field-number-1_69ec96b88efde-label\" class=\"forminator-label\">N\u00famero de estudante:<\/label><input name=\"number-1\" value=\"\" placeholder=\"\" id=\"forminator-field-number-1_69ec96b88efde\" class=\"forminator-input forminator-number--field\" inputmode=\"decimal\" data-required=\"\" data-decimals=\"0\" aria-required=\"false\" data-inputmask=\"&#039;groupSeparator&#039;: &#039;&#039;, &#039;radixPoint&#039;: &#039;&#039;, &#039;digits&#039;: &#039;0&#039;\" data-hidden-behavior=\"zero\" type=\"number\" step=\"any\" min=\"1\" max=\"9999999\" \/><\/div><\/div><div id=\"text-13\" class=\"forminator-field-text forminator-col forminator-col-6 \"><div class=\"forminator-field\"><label for=\"forminator-field-text-13_69ec96b88efde\" id=\"forminator-field-text-13_69ec96b88efde-label\" class=\"forminator-label\">Ano em que terminou o \u00faltimo curso: <span class=\"forminator-required\">*<\/span><\/label><input type=\"text\" name=\"text-13\" value=\"\" placeholder=\"\" id=\"forminator-field-text-13_69ec96b88efde\" class=\"forminator-input forminator-name--field\" data-required=\"1\" \/><\/div><\/div><\/div><div class=\"forminator-row\"><div id=\"html-2\" class=\"forminator-field-html forminator-col forminator-col-12 \"><div class=\"forminator-field forminator-merge-tags\" data-field=\"html-2\"><hr><\/div><\/div><\/div><div class=\"forminator-row\"><div id=\"text-7\" class=\"forminator-field-text forminator-col forminator-col-12 \"><div class=\"forminator-field\"><label for=\"forminator-field-text-7_69ec96b88efde\" id=\"forminator-field-text-7_69ec96b88efde-label\" class=\"forminator-label\">Situa\u00e7\u00e3o Profissional <span class=\"forminator-required\">*<\/span><\/label><input type=\"text\" name=\"text-7\" value=\"\" placeholder=\"\" id=\"forminator-field-text-7_69ec96b88efde\" class=\"forminator-input forminator-name--field\" data-required=\"1\" \/><\/div><\/div><\/div><div class=\"forminator-row\"><div id=\"text-8\" class=\"forminator-field-text forminator-col forminator-col-12 \"><div class=\"forminator-field\"><label for=\"forminator-field-text-8_69ec96b88efde\" id=\"forminator-field-text-8_69ec96b88efde-label\" class=\"forminator-label\">A trabalhar por\/em <span class=\"forminator-required\">*<\/span><\/label><input type=\"text\" name=\"text-8\" value=\"\" placeholder=\"\" id=\"forminator-field-text-8_69ec96b88efde\" class=\"forminator-input forminator-name--field\" data-required=\"1\" \/><\/div><\/div><\/div><div class=\"forminator-row\"><div id=\"text-9\" class=\"forminator-field-text forminator-col forminator-col-6 \"><div class=\"forminator-field\"><label for=\"forminator-field-text-9_69ec96b88efde\" id=\"forminator-field-text-9_69ec96b88efde-label\" class=\"forminator-label\">Empresa\/Organiza\u00e7\u00e3o em que trabalha <span class=\"forminator-required\">*<\/span><\/label><input type=\"text\" name=\"text-9\" value=\"\" placeholder=\"\" id=\"forminator-field-text-9_69ec96b88efde\" class=\"forminator-input forminator-name--field\" data-required=\"1\" \/><\/div><\/div><div id=\"text-10\" class=\"forminator-field-text forminator-col forminator-col-6 \"><div class=\"forminator-field\"><label for=\"forminator-field-text-10_69ec96b88efde\" id=\"forminator-field-text-10_69ec96b88efde-label\" class=\"forminator-label\">Localidade\/Pa\u00eds da Empresa\/Organiza\u00e7\u00e3o <span class=\"forminator-required\">*<\/span><\/label><input type=\"text\" name=\"text-10\" value=\"\" placeholder=\"\" id=\"forminator-field-text-10_69ec96b88efde\" class=\"forminator-input forminator-name--field\" data-required=\"1\" \/><\/div><\/div><\/div><div class=\"forminator-row\"><div id=\"textarea-1\" class=\"forminator-field-textarea forminator-col forminator-col-12  forminator-textarea\"><div class=\"forminator-field\"><label for=\"forminator-field-textarea-1_69ec96b88efde\" id=\"forminator-field-textarea-1_69ec96b88efde-label\" class=\"forminator-label\">Experi\u00eancia Profissional <span class=\"forminator-required\">*<\/span><\/label><textarea name=\"textarea-1\" placeholder=\"\" id=\"forminator-field-textarea-1_69ec96b88efde\" class=\"forminator-textarea\" rows=\"6\" style=\"--forminator-textarea-min-height:140px;\" ><\/textarea><\/div><\/div><\/div><div class=\"forminator-row\"><div id=\"radio-1\" class=\"forminator-field-radio forminator-col forminator-col-12 \"><div role=\"radiogroup\" class=\"forminator-field\" aria-labelledby=\"forminator-radiogroup-radio-1-69ec96b88efde-label\"><span id=\"forminator-radiogroup-radio-1-69ec96b88efde-label\" class=\"forminator-label\">Deseja receber mensagens da Rede Alumni? <span class=\"forminator-required\">*<\/span><\/span><label id=\"forminator-field-radio-1-label-1\" for=\"forminator-field-radio-1-1-69ec96b88efde\" class=\"forminator-radio\" title=\"Sim\"><input type=\"radio\" name=\"radio-1\" value=\"one\" id=\"forminator-field-radio-1-1-69ec96b88efde\" aria-labelledby=\"forminator-field-radio-1-label-1\" data-calculation=\"0\"   data-hidden-behavior=\"zero\"\/><span class=\"forminator-radio-bullet\" aria-hidden=\"true\"><\/span><span class=\"forminator-radio-label\">Sim<\/span><\/label><label id=\"forminator-field-radio-1-label-2\" for=\"forminator-field-radio-1-2-69ec96b88efde\" class=\"forminator-radio\" title=\"N\u00e3o\"><input type=\"radio\" name=\"radio-1\" value=\"two\" id=\"forminator-field-radio-1-2-69ec96b88efde\" aria-labelledby=\"forminator-field-radio-1-label-2\" data-calculation=\"0\"   data-hidden-behavior=\"zero\"\/><span class=\"forminator-radio-bullet\" aria-hidden=\"true\"><\/span><span class=\"forminator-radio-label\">N\u00e3o<\/span><\/label><\/div><\/div><\/div><div class=\"forminator-row\"><div id=\"html-1\" class=\"forminator-field-html forminator-col forminator-col-12 \"><div class=\"forminator-field forminator-merge-tags\" data-field=\"html-1\"><label class=\"forminator-label\">Garantia da Prote\u00e7\u00e3o de Dados<\/label><p>1. O Instituto Polit\u00e9cnico de Leiria, enquanto Institui\u00e7\u00e3o de Ensino Superior P\u00fablica, necessita de recolher e tratar dados pessoais no \u00e2mbito da sua miss\u00e3o e atribui\u00e7\u00f5es, sendo o respons\u00e1vel pelo tratamento desses dados ao abrigo da legisla\u00e7\u00e3o vigente. <br><\/br><br>2. Os dados pessoais recolhidos atrav\u00e9s deste formul\u00e1rio destinam-se a ser exclusivamente tratados pela institui\u00e7\u00e3o de ensino, no \u00e2mbito das suas atribui\u00e7\u00f5es, tendo como finalidade constituir o processo de alumni e ser\u00e1 utilizada para o desenvolvimento de atividades relacionadas com os alumni no \u00e2mbito das atribui\u00e7\u00f5es legais do Polit\u00e9cnico de Leiria.<br><\/br><br>3. O titular dos dados tem o direito de aceder aos seus dados pessoais, bem como, dentro dos limites da legisla\u00e7\u00e3o, de os alterar, opor-se ao respetivo tratamento, decidir sobre o tratamento automatizado dos mesmos, retirar o consentimento e exercer os demais direitos. Caso retire o seu consentimento, tal n\u00e3o compromete a licitude do tratamento efetuado at\u00e9 essa data. Tem igualmente o direito de ser notificado, nos termos previstos na Lei, caso ocorra uma viola\u00e7\u00e3o dos seus dados pessoais, podendo reclamar perante a(s) autoridade(s). <br><\/br><br>4. Para obter mais informa\u00e7\u00e3o dos direitos que lhe assistem na qualidade de titular de dados, pode consultar a <a href=\"https:\/\/www.ipleiria.pt\/politica-de-privacidade\/\" target=\"_blank\">Pol\u00edtica de Privacidade e Tratamento de Dados Pessoais do Polit\u00e9cnico de Leiria<\/a> em www.ipleiria.pt.<\/p><\/div><\/div><\/div><input type=\"hidden\" name=\"referer_url\" value=\"\" \/><div class=\"forminator-row forminator-row-last\"><div class=\"forminator-col\"><div class=\"forminator-field\"><button class=\"forminator-button forminator-button-submit\">Enviar<\/button><\/div><\/div><\/div><input type=\"hidden\" id=\"forminator_nonce\" name=\"forminator_nonce\" value=\"c9eb1776be\" \/><input type=\"hidden\" name=\"_wp_http_referer\" value=\"\/pca\/pt\/wp-json\/wp\/v2\/pages\/106\" \/><input type=\"hidden\" name=\"form_id\" value=\"155\"><input type=\"hidden\" name=\"page_id\" value=\"106\"><input type=\"hidden\" name=\"form_type\" value=\"default\"><input type=\"hidden\" name=\"current_url\" value=\"https:\/\/sites.ipleiria.pt\/pca\/pt\/passaporte-alumni\/\"><input type=\"hidden\" name=\"render_id\" value=\"0\"><input type=\"hidden\" name=\"action\" value=\"forminator_submit_form_custom-forms\"><\/form>\n","protected":false},"excerpt":{"rendered":"<p>Formul\u00e1rio de Inscri\u00e7\u00e3o para o Passaporte ALUMNI Ir\u00e1 receber informa\u00e7\u00e3o atualizada sobre as atividades e eventos do Polit\u00e9cnico de Leiria, assim como o Passaporte Alumni que lhe permitir\u00e1 ter acesso a condi\u00e7\u00f5es e descontos especiais. &nbsp;<\/p>\n","protected":false},"author":66,"featured_media":0,"parent":0,"menu_order":0,"comment_status":"closed","ping_status":"closed","template":"","meta":{"footnotes":""},"class_list":["post-106","page","type-page","status-publish","hentry"],"_links":{"self":[{"href":"https:\/\/sites.ipleiria.pt\/pca\/pt\/wp-json\/wp\/v2\/pages\/106","targetHints":{"allow":["GET"]}}],"collection":[{"href":"https:\/\/sites.ipleiria.pt\/pca\/pt\/wp-json\/wp\/v2\/pages"}],"about":[{"href":"https:\/\/sites.ipleiria.pt\/pca\/pt\/wp-json\/wp\/v2\/types\/page"}],"author":[{"embeddable":true,"href":"https:\/\/sites.ipleiria.pt\/pca\/pt\/wp-json\/wp\/v2\/users\/66"}],"replies":[{"embeddable":true,"href":"https:\/\/sites.ipleiria.pt\/pca\/pt\/wp-json\/wp\/v2\/comments?post=106"}],"version-history":[{"count":9,"href":"https:\/\/sites.ipleiria.pt\/pca\/pt\/wp-json\/wp\/v2\/pages\/106\/revisions"}],"predecessor-version":[{"id":166,"href":"https:\/\/sites.ipleiria.pt\/pca\/pt\/wp-json\/wp\/v2\/pages\/106\/revisions\/166"}],"wp:attachment":[{"href":"https:\/\/sites.ipleiria.pt\/pca\/pt\/wp-json\/wp\/v2\/media?parent=106"}],"curies":[{"name":"wp","href":"https:\/\/api.w.org\/{rel}","templated":true}]}}