{"id":11,"date":"2019-09-30T15:43:56","date_gmt":"2019-09-30T15:43:56","guid":{"rendered":"http:\/\/sites.ipleiria.pt\/pca\/?page_id=11"},"modified":"2023-10-31T12:15:14","modified_gmt":"2023-10-31T12:15:14","slug":"info","status":"publish","type":"page","link":"https:\/\/sites.ipleiria.pt\/pca\/pt\/","title":{"rendered":"Info"},"content":{"rendered":"<p style=\"text-align: center;\">O Pr\u00e9mio Carreira Alumni visa reconhecer um diplomado\/antigo estudante de cada escola (no total 5 alumni) que se tenha distinguido pelo seu percurso profissional e c\u00edvico e que sendo um exemplo para os seus pares e para a sociedade, contribua para a consolida\u00e7\u00e3o da imagem da institui\u00e7\u00e3o enquanto refer\u00eancia.<\/p>\n<p style=\"text-align: center;\">Inscri\u00e7\u00f5es para o ano de 2023 terminaram no dia 29 de Outubro. Fique atento as informa\u00e7\u00f5es no portal do <a href=\"https:\/\/www.ipleiria.pt\/inovar\/comunidade-e-parceiros\/alumnihttps:\/\/www.ipleiria.pt\/inovar\/comunidade-e-parceiros\/alumni\" target=\"_blank\" rel=\"noopener\">PLeiria.<\/a><\/p>\n<p>&nbsp;<\/p>\n","protected":false},"excerpt":{"rendered":"<p>O Pr\u00e9mio Carreira Alumni visa reconhecer um diplomado\/antigo estudante de cada escola (no total 5 alumni) que se tenha distinguido pelo seu percurso profissional e c\u00edvico e que sendo um exemplo para os seus pares e para a sociedade, contribua para a consolida\u00e7\u00e3o da imagem da institui\u00e7\u00e3o enquanto refer\u00eancia. Inscri\u00e7\u00f5es para o ano de 2023 [&hellip;]<\/p>\n","protected":false},"author":66,"featured_media":0,"parent":0,"menu_order":0,"comment_status":"closed","ping_status":"closed","template":"","meta":{"footnotes":""},"class_list":["post-11","page","type-page","status-publish","hentry"],"_links":{"self":[{"href":"https:\/\/sites.ipleiria.pt\/pca\/pt\/wp-json\/wp\/v2\/pages\/11","targetHints":{"allow":["GET"]}}],"collection":[{"href":"https:\/\/sites.ipleiria.pt\/pca\/pt\/wp-json\/wp\/v2\/pages"}],"about":[{"href":"https:\/\/sites.ipleiria.pt\/pca\/pt\/wp-json\/wp\/v2\/types\/page"}],"author":[{"embeddable":true,"href":"https:\/\/sites.ipleiria.pt\/pca\/pt\/wp-json\/wp\/v2\/users\/66"}],"replies":[{"embeddable":true,"href":"https:\/\/sites.ipleiria.pt\/pca\/pt\/wp-json\/wp\/v2\/comments?post=11"}],"version-history":[{"count":31,"href":"https:\/\/sites.ipleiria.pt\/pca\/pt\/wp-json\/wp\/v2\/pages\/11\/revisions"}],"predecessor-version":[{"id":154,"href":"https:\/\/sites.ipleiria.pt\/pca\/pt\/wp-json\/wp\/v2\/pages\/11\/revisions\/154"}],"wp:attachment":[{"href":"https:\/\/sites.ipleiria.pt\/pca\/pt\/wp-json\/wp\/v2\/media?parent=11"}],"curies":[{"name":"wp","href":"https:\/\/api.w.org\/{rel}","templated":true}]}}