{"id":220,"date":"2024-06-28T17:08:37","date_gmt":"2024-06-28T17:08:37","guid":{"rendered":"https:\/\/sites.ipleiria.pt\/pca\/?page_id=220"},"modified":"2024-07-22T10:07:10","modified_gmt":"2024-07-22T10:07:10","slug":"premiocarreiraalumni-pt","status":"publish","type":"page","link":"https:\/\/sites.ipleiria.pt\/pca\/pt\/premiocarreiraalumni-pt\/","title":{"rendered":"Premio Carreira Alumni PT"},"content":{"rendered":"\t\t<div data-elementor-type=\"wp-page\" data-elementor-id=\"220\" class=\"elementor elementor-220\" data-elementor-post-type=\"page\">\n\t\t\t\t<div class=\"aux-parallax-section elementor-element elementor-element-bbd8b08 e-flex e-con-boxed e-con e-parent\" data-id=\"bbd8b08\" data-element_type=\"container\">\n\t\t\t\t\t<div class=\"e-con-inner\">\n\t\t\t\t<div class=\"elementor-element elementor-element-5c5f553 elementor-widget elementor-widget-text-editor\" data-id=\"5c5f553\" data-element_type=\"widget\" data-widget_type=\"text-editor.default\">\n\t\t\t\t<div class=\"elementor-widget-container\">\n\t\t\t\t\t\t\t\t\t<p style=\"text-align: center;\">O Pr\u00e9mio Carreira Alumni visa reconhecer um diplomado\/antigo estudante de cada escola (no total 5 alumni) que se tenha distinguido pelo seu percurso profissional e c\u00edvico e que sendo um exemplo para os seus pares e para a sociedade, contribua para a consolida\u00e7\u00e3o da imagem da institui\u00e7\u00e3o enquanto refer\u00eancia.<\/p><p style=\"text-align: center;\"><br \/>Inscri\u00e7\u00f5es para o ano de 2024 terminaram no dia 21 de Julho. Fique atento as informa\u00e7\u00f5es no portal do <a href=\"https:\/\/www.ipleiria.pt\/inovar\/comunidade-e-parceiros\/alumni\/\" target=\"_blank\" rel=\"noopener\">IPLeiria<\/a><\/p>\t\t\t\t\t\t\t\t<\/div>\n\t\t\t\t<\/div>\n\t\t\t\t\t<\/div>\n\t\t\t\t<\/div>\n\t\t\t\t<\/div>\n\t\t","protected":false},"excerpt":{"rendered":"<p>O Pr\u00e9mio Carreira Alumni visa reconhecer um diplomado\/antigo estudante de cada escola (no total 5 alumni) que se tenha distinguido pelo seu percurso profissional e c\u00edvico e que sendo um exemplo para os seus pares e para a sociedade, contribua para a consolida\u00e7\u00e3o da imagem da institui\u00e7\u00e3o enquanto refer\u00eancia. Inscri\u00e7\u00f5es para o ano de 2024 [&hellip;]<\/p>\n","protected":false},"author":66,"featured_media":0,"parent":0,"menu_order":0,"comment_status":"closed","ping_status":"closed","template":"","meta":{"footnotes":""},"class_list":["post-220","page","type-page","status-publish","hentry"],"_links":{"self":[{"href":"https:\/\/sites.ipleiria.pt\/pca\/pt\/wp-json\/wp\/v2\/pages\/220","targetHints":{"allow":["GET"]}}],"collection":[{"href":"https:\/\/sites.ipleiria.pt\/pca\/pt\/wp-json\/wp\/v2\/pages"}],"about":[{"href":"https:\/\/sites.ipleiria.pt\/pca\/pt\/wp-json\/wp\/v2\/types\/page"}],"author":[{"embeddable":true,"href":"https:\/\/sites.ipleiria.pt\/pca\/pt\/wp-json\/wp\/v2\/users\/66"}],"replies":[{"embeddable":true,"href":"https:\/\/sites.ipleiria.pt\/pca\/pt\/wp-json\/wp\/v2\/comments?post=220"}],"version-history":[{"count":26,"href":"https:\/\/sites.ipleiria.pt\/pca\/pt\/wp-json\/wp\/v2\/pages\/220\/revisions"}],"predecessor-version":[{"id":390,"href":"https:\/\/sites.ipleiria.pt\/pca\/pt\/wp-json\/wp\/v2\/pages\/220\/revisions\/390"}],"wp:attachment":[{"href":"https:\/\/sites.ipleiria.pt\/pca\/pt\/wp-json\/wp\/v2\/media?parent=220"}],"curies":[{"name":"wp","href":"https:\/\/api.w.org\/{rel}","templated":true}]}}