{"id":393,"date":"2025-06-05T13:47:38","date_gmt":"2025-06-05T13:47:38","guid":{"rendered":"https:\/\/sites.ipleiria.pt\/pca\/?page_id=393"},"modified":"2025-07-14T10:05:20","modified_gmt":"2025-07-14T10:05:20","slug":"pca2025-pt","status":"publish","type":"page","link":"https:\/\/sites.ipleiria.pt\/pca\/pt\/pca2025-pt\/","title":{"rendered":"PCA2025-PT"},"content":{"rendered":"\t\t<div data-elementor-type=\"wp-page\" data-elementor-id=\"393\" class=\"elementor elementor-393\" data-elementor-post-type=\"page\">\n\t\t\t\t<div class=\"aux-parallax-section elementor-element elementor-element-a528ffa e-flex e-con-boxed e-con e-parent\" data-id=\"a528ffa\" data-element_type=\"container\">\n\t\t\t\t\t<div class=\"e-con-inner\">\n\t\t\t\t<div class=\"elementor-element elementor-element-e76bde1 elementor-widget elementor-widget-text-editor\" data-id=\"e76bde1\" data-element_type=\"widget\" data-widget_type=\"text-editor.default\">\n\t\t\t\t<div class=\"elementor-widget-container\">\n\t\t\t\t\t\t\t\t\t<p style=\"text-align: justify;\"><span style=\"font-size: 14pt;\">O Pr\u00e9mio Carreira Alumni visa reconhecer um diplomado\/antigo estudante de cada escola (no total 5 alumni) que se tenha distinguido pelo seu percurso profissional e c\u00edvico e que sendo um exemplo para os seus pares e para a sociedade, contribua para a consolida\u00e7\u00e3o da imagem da institui\u00e7\u00e3o enquanto refer\u00eancia.<\/span><\/p><p style=\"text-align: justify;\"><span style=\"font-size: 14pt;\"><strong>Inscri\u00e7\u00f5es para o ano de 2025 j\u00e1 se encontram encerradas.<\/strong> Fique atento as informa\u00e7\u00f5es no portal do <a href=\"https:\/\/www.ipleiria.pt\/inovar\/comunidade-e-parceiros\/alumni\/\" target=\"_blank\" rel=\"noopener\">IPLeiria.<\/a><\/span><\/p>\t\t\t\t\t\t\t\t<\/div>\n\t\t\t\t<\/div>\n\t\t\t\t\t<\/div>\n\t\t\t\t<\/div>\n\t\t<div class=\"aux-parallax-section elementor-element elementor-element-34cda322 e-flex e-con-boxed e-con e-parent\" data-id=\"34cda322\" data-element_type=\"container\">\n\t\t\t\t\t<div class=\"e-con-inner\">\n\t\t\t\t\t<\/div>\n\t\t\t\t<\/div>\n\t\t\t\t<\/div>\n\t\t","protected":false},"excerpt":{"rendered":"<p>O Pr\u00e9mio Carreira Alumni visa reconhecer um diplomado\/antigo estudante de cada escola (no total 5 alumni) que se tenha distinguido pelo seu percurso profissional e c\u00edvico e que sendo um exemplo para os seus pares e para a sociedade, contribua para a consolida\u00e7\u00e3o da imagem da institui\u00e7\u00e3o enquanto refer\u00eancia. Inscri\u00e7\u00f5es para o ano de 2025 [&hellip;]<\/p>\n","protected":false},"author":66,"featured_media":0,"parent":0,"menu_order":0,"comment_status":"closed","ping_status":"closed","template":"","meta":{"footnotes":""},"class_list":["post-393","page","type-page","status-publish","hentry"],"_links":{"self":[{"href":"https:\/\/sites.ipleiria.pt\/pca\/pt\/wp-json\/wp\/v2\/pages\/393","targetHints":{"allow":["GET"]}}],"collection":[{"href":"https:\/\/sites.ipleiria.pt\/pca\/pt\/wp-json\/wp\/v2\/pages"}],"about":[{"href":"https:\/\/sites.ipleiria.pt\/pca\/pt\/wp-json\/wp\/v2\/types\/page"}],"author":[{"embeddable":true,"href":"https:\/\/sites.ipleiria.pt\/pca\/pt\/wp-json\/wp\/v2\/users\/66"}],"replies":[{"embeddable":true,"href":"https:\/\/sites.ipleiria.pt\/pca\/pt\/wp-json\/wp\/v2\/comments?post=393"}],"version-history":[{"count":18,"href":"https:\/\/sites.ipleiria.pt\/pca\/pt\/wp-json\/wp\/v2\/pages\/393\/revisions"}],"predecessor-version":[{"id":457,"href":"https:\/\/sites.ipleiria.pt\/pca\/pt\/wp-json\/wp\/v2\/pages\/393\/revisions\/457"}],"wp:attachment":[{"href":"https:\/\/sites.ipleiria.pt\/pca\/pt\/wp-json\/wp\/v2\/media?parent=393"}],"curies":[{"name":"wp","href":"https:\/\/api.w.org\/{rel}","templated":true}]}}