{"id":6,"date":"2018-11-29T16:39:11","date_gmt":"2018-11-29T16:39:11","guid":{"rendered":"http:\/\/sites.ipleiria.pt\/pelf\/?page_id=6"},"modified":"2018-12-10T00:44:25","modified_gmt":"2018-12-10T00:44:25","slug":"atividades","status":"publish","type":"page","link":"https:\/\/sites.ipleiria.pt\/pelf\/atividades\/","title":{"rendered":"Atividades"},"content":{"rendered":"<p class=\"p1\">Este projeto tem vindo a desenvolver diversas atividades, com vista a:<\/p>\n<ul class=\"ol1\">\n<li class=\"li1\">Compreender o n\u00edvel de literacia financeira e de inclus\u00e3o financeira dos estudantes do IPL.<\/li>\n<li class=\"li1\">Incrementar a literacia financeira da popula\u00e7\u00e3o estudante do IPL.<\/li>\n<li class=\"li1\">Proporcionar atividades junto da comunidade envolvente do IPL com vista a incrementar o n\u00edvel de literacia financeira da popula\u00e7\u00e3o.<\/li>\n<\/ul>\n<p>&nbsp;<\/p>\n<p>Para o efeito, temos\u00a0 vindo a:<\/p>\n<ul>\n<li>Desenvolver investiga\u00e7\u00e3o aplicada \u00e0 comunidade estudantil do IPL onde s\u00e3o abordados \u00edtens como: compreens\u00e3o dos conceitos financeiros b\u00e1sicos (spread, Euribor, TAEG), compreens\u00e3o dos efeitos das vari\u00e1veis econ\u00f3mico-financeiras na poupan\u00e7a e nos empr\u00e9stimos, avalia\u00e7\u00e3o da inclus\u00e3o financeira dos jovens, forma como planeiam despesas e receitas, h\u00e1bitos de gest\u00e3o das contas banc\u00e1rias e crit\u00e9rios subjacentes \u00e0s escolhas financeiras.<\/li>\n<li>Realizar a\u00e7\u00f5es de forma\u00e7\u00e3o de educa\u00e7\u00e3o financeira, que incluam metodologias de ensino diversificadas, mediante o recurso a t\u00e9cnicas ativas, experienciais e baseadas em problemas reais com os quais jovens de deparam na gest\u00e3o da sua vida quotidiana.<\/li>\n<li>Organizar confer\u00eancias e semin\u00e1rios subordinados \u00e0 tem\u00e1tica da educa\u00e7\u00e3o e literacia financeira.<\/li>\n<\/ul>\n","protected":false},"excerpt":{"rendered":"<p>Este projeto tem vindo a desenvolver diversas atividades, com vista a: Compreender o n\u00edvel de literacia financeira e de inclus\u00e3o financeira dos estudantes do IPL. Incrementar a literacia financeira da popula\u00e7\u00e3o estudante do IPL. Proporcionar atividades junto da comunidade envolvente&hellip;  <\/p>\n<p class=\"more-link\"><a href=\"https:\/\/sites.ipleiria.pt\/pelf\/atividades\/\">Continue reading <span class=\"meta-nav\">&rarr;<\/span><\/a><\/p>\n","protected":false},"author":102,"featured_media":0,"parent":0,"menu_order":0,"comment_status":"closed","ping_status":"closed","template":"","meta":{"footnotes":""},"class_list":["post-6","page","type-page","status-publish","hentry"],"_links":{"self":[{"href":"https:\/\/sites.ipleiria.pt\/pelf\/wp-json\/wp\/v2\/pages\/6","targetHints":{"allow":["GET"]}}],"collection":[{"href":"https:\/\/sites.ipleiria.pt\/pelf\/wp-json\/wp\/v2\/pages"}],"about":[{"href":"https:\/\/sites.ipleiria.pt\/pelf\/wp-json\/wp\/v2\/types\/page"}],"author":[{"embeddable":true,"href":"https:\/\/sites.ipleiria.pt\/pelf\/wp-json\/wp\/v2\/users\/102"}],"replies":[{"embeddable":true,"href":"https:\/\/sites.ipleiria.pt\/pelf\/wp-json\/wp\/v2\/comments?post=6"}],"version-history":[{"count":8,"href":"https:\/\/sites.ipleiria.pt\/pelf\/wp-json\/wp\/v2\/pages\/6\/revisions"}],"predecessor-version":[{"id":45,"href":"https:\/\/sites.ipleiria.pt\/pelf\/wp-json\/wp\/v2\/pages\/6\/revisions\/45"}],"wp:attachment":[{"href":"https:\/\/sites.ipleiria.pt\/pelf\/wp-json\/wp\/v2\/media?parent=6"}],"curies":[{"name":"wp","href":"https:\/\/api.w.org\/{rel}","templated":true}]}}