{"id":8,"date":"2018-11-29T16:39:24","date_gmt":"2018-11-29T16:39:24","guid":{"rendered":"http:\/\/sites.ipleiria.pt\/pelf\/?page_id=8"},"modified":"2018-12-10T00:59:17","modified_gmt":"2018-12-10T00:59:17","slug":"investigacao","status":"publish","type":"page","link":"https:\/\/sites.ipleiria.pt\/pelf\/investigacao\/","title":{"rendered":"Investiga\u00e7\u00e3o"},"content":{"rendered":"<p><strong>Publica\u00e7\u00f5es<\/strong><\/p>\n<ul>\n<li>Rainho, Nuno; Santos, T\u00e2nia; Sousa, Marlene; Tavares, Dina (2017) A literacia financeira e as necessidades de forma\u00e7\u00e3o dos estudantes do ensino superior. Atas da 6\u00aa Confer\u00eancia Internacional de Investiga\u00e7\u00e3o, Pr\u00e1ticas e Contextos em Educa\u00e7\u00e3o 2017. Instituto Polit\u00e9cnico de Leiria.\u00a0ISBN 978-989-8797-13-1. pp. 296-302.<\/li>\n<li>Santos, T\u00e2nia; Rainho, Nuno; Tavares, Dina; Sousa, Marlene; Jer\u00f3nimo, Miguel; Cadima, Rita (2017). Inclus\u00e3o financeira dos bolseiros do IPLeiria. Livro de Atas da 4\u00aa Confer\u00eancia Internacional para a Inclus\u00e3o \u2013 2016, Instituto Polit\u00e9cnico de Leiria. ISBN 978-989-8797-14-8. pp. 112-123.<\/li>\n<li>Rainho, Nuno; Tavares, Dina; Santos, T\u00e2nia; Jer\u00f3nimo, Miguel; Sousa, Marlene; Cadima, Rita (2015). A Educa\u00e7\u00e3o Financeira no Ensino Superior: Projeto PELF. Atas do \u201c2\u00ba Semin\u00e1rio de Investiga\u00e7\u00e3o em Educa\u00e7\u00e3o Financeira Escolar e Educa\u00e7\u00e3o Matem\u00e1tica\u201d, Universidade Nova de Lisboa. ISBN 978-972-8893-53-8.<\/li>\n<li>Rainho, Nuno; Santos, T\u00e2nia; Jer\u00f3nimo, Miguel; Sousa, Marlene; Tavares, Dina; Cadima, Rita (2015) PELF \u2013 Programa de Educa\u00e7\u00e3o para a Literacia Financeira. Atas da Confer\u00eancia Internacional Investiga\u00e7\u00e3o, Pr\u00e1ticas e Contextos em Educa\u00e7\u00e3o, Instituto Polit\u00e9cnico de Leiria. ISBN 978-989-8797-05-6.<\/li>\n<li>Santos, T\u00e2nia e Rainho, Nuno (2013) Perspetivas e Desafios para a Inclus\u00e3o Financeira dos Estudantes da Escola Superior de Educa\u00e7\u00e3o e Ci\u00eancias Sociais do Instituto Polit\u00e9cnico de Leiria. Atas da Confer\u00eancia Internacional Investiga\u00e7\u00e3o, Pr\u00e1ticas e Contextos em Educa\u00e7\u00e3o, Instituto Polit\u00e9cnico de Leiria.<\/li>\n<li>Santos, T\u00e2nia e Rainho, Nuno (2012) Inqu\u00e9rito \u00e0 Literacia Financeira dos Estudantes do Instituto Polit\u00e9cnico de Leiria. Atas da Confer\u00eancia Internacional Investiga\u00e7\u00e3o, Pr\u00e1ticas e Contextos em Educa\u00e7\u00e3o, Instituto Polit\u00e9cnico de Leiria.<\/li>\n<\/ul>\n<p><strong>Participa\u00e7\u00f5es em encontros Nacionais e Internacionais<\/strong><\/p>\n<ul>\n<li>\u201cEscola de Ver\u00e3o em Educa\u00e7\u00e3o Financeira Escolar e Educa\u00e7\u00e3o Matem\u00e1tica\u201d, que decorreu na Faculdade de Ci\u00eancias e Tecnologia da Universidade Nova de Lisboa nos dias 17 a 19 de Julho de 2017, com a apresenta\u00e7\u00e3o da comunica\u00e7\u00e3o \u201cA literacia financeira no ensino superior: estudo aplicado a estudantes da ESECS\u201d.<\/li>\n<li>\u201c4\u00aa Confer\u00eancia Internacional para a Inclus\u00e3o \u2013 2016\u201d que decorreu na Escola Superior de Educa\u00e7\u00e3o e Ci\u00eancias Sociais do Instituto Polit\u00e9cnico de Leiria nos dias 2 e 3 de Dezembro de 2016, com a apresenta\u00e7\u00e3o da comunica\u00e7\u00e3o \u201cA Inclus\u00e3o financeira dos bolseiros do IPLeiria\u201d.<\/li>\n<li>\u201c2\u00ba Semin\u00e1rio de Investiga\u00e7\u00e3o em Educa\u00e7\u00e3o Financeira Escolar e Educa\u00e7\u00e3o Matem\u00e1tica\u201d, que decorreu na Universidade Nova de Lisboa, nos dias 22 e 24 de julho de 2015 com a apresenta\u00e7\u00e3o da comunica\u00e7\u00e3o \u201cEduca\u00e7\u00e3o Financeira E Matem\u00e1tica &#8211; Um Estudo de Caso no 4.\u00ba Ano de Escolaridade\u201d.<\/li>\n<li>\u201c2\u00ba Semin\u00e1rio de Investiga\u00e7\u00e3o em Educa\u00e7\u00e3o Financeira Escolar e Educa\u00e7\u00e3o Matem\u00e1tica\u201d, que decorreu na Universidade Nova de Lisboa, nos dias 22 e 24 de julho de 2015 com a apresenta\u00e7\u00e3o da comunica\u00e7\u00e3o \u201cA Educa\u00e7\u00e3o Financeira no Ensino Superior: Projeto PELF\u201d.<\/li>\n<li>Confer\u00eancia Internacional \u201cInvestiga\u00e7\u00e3o, Pr\u00e1ticas e Contextos em Educa\u00e7\u00e3o \u2013 IPCE 2015\u201d, que decorreu na Escola Superior de Educa\u00e7\u00e3o e Ci\u00eancias Sociais do Instituto Polit\u00e9cnico de Leiria nos dias 8 e 9 de Maio de 2015, com a apresenta\u00e7\u00e3o do relato intitulado \u201cPELF \u2013 Programa de Educa\u00e7\u00e3o para a Literacia Financeira\u201d.<\/li>\n<li>5\u00aa Confer\u00eancia Internacional de Educa\u00e7\u00e3o Financeira, que decorreu na Universidade de Aveiro, nos dias 15 e 16 de Outubro de 2014, com a apresenta\u00e7\u00e3o da comunica\u00e7\u00e3o \u201cA inclus\u00e3o financeira na popula\u00e7\u00e3o universit\u00e1ria \u2013 estudo aplicado aos estudantes do IPLeiria\u201d.<\/li>\n<li>4\u00aa Confer\u00eancia Internacional de Educa\u00e7\u00e3o Financeira, que decorreu na Universidade de Aveiro, nos dias 25 e 26 de Outubro de 2013, com a apresenta\u00e7\u00e3o da comunica\u00e7\u00e3o \u201cA literacia financeira na popula\u00e7\u00e3o universit\u00e1ria\u201d.<\/li>\n<li>Confer\u00eancia Internacional \u201cInvestiga\u00e7\u00e3o, Pr\u00e1ticas e Contextos em Educa\u00e7\u00e3o \u2013 IPCE 2013\u201d, que decorreu na Escola Superior de Educa\u00e7\u00e3o e Ci\u00eancias Sociais do Instituto Polit\u00e9cnico de Leiria nos dias 10 e 11 de Maio de 2013, com a apresenta\u00e7\u00e3o da comunica\u00e7\u00e3o intitulada \u201cPerspetivas e Desafios para a Inclus\u00e3o Financeira dos Estudantes da Escola Superior de Educa\u00e7\u00e3o e Ci\u00eancias Sociais do Instituto Polit\u00e9cnico de Leiria\u201d .<\/li>\n<li>Confer\u00eancia Internacional \u201cInvestiga\u00e7\u00e3o, Pr\u00e1ticas e Contextos em Educa\u00e7\u00e3o \u2013 IPCE 2012\u201d, que decorreu na Escola Superior de Educa\u00e7\u00e3o e Ci\u00eancias Sociais do Instituto Polit\u00e9cnico de Leiria nos dias 25 e 26 de Maio de 2012, com a apresenta\u00e7\u00e3o da comunica\u00e7\u00e3o intitulada \u201cInqu\u00e9rito \u00e0 Literacia Financeira dos Estudantes do Instituto Polit\u00e9cnico de Leiria\u201d.<\/li>\n<\/ul>\n","protected":false},"excerpt":{"rendered":"<p>Publica\u00e7\u00f5es Rainho, Nuno; Santos, T\u00e2nia; Sousa, Marlene; Tavares, Dina (2017) A literacia financeira e as necessidades de forma\u00e7\u00e3o dos estudantes do ensino superior. Atas da 6\u00aa Confer\u00eancia Internacional de Investiga\u00e7\u00e3o, Pr\u00e1ticas e Contextos em Educa\u00e7\u00e3o 2017. Instituto Polit\u00e9cnico de Leiria.\u00a0ISBN&hellip;  <\/p>\n<p class=\"more-link\"><a href=\"https:\/\/sites.ipleiria.pt\/pelf\/investigacao\/\">Continue reading <span class=\"meta-nav\">&rarr;<\/span><\/a><\/p>\n","protected":false},"author":102,"featured_media":0,"parent":0,"menu_order":0,"comment_status":"closed","ping_status":"closed","template":"","meta":{"footnotes":""},"class_list":["post-8","page","type-page","status-publish","hentry"],"_links":{"self":[{"href":"https:\/\/sites.ipleiria.pt\/pelf\/wp-json\/wp\/v2\/pages\/8","targetHints":{"allow":["GET"]}}],"collection":[{"href":"https:\/\/sites.ipleiria.pt\/pelf\/wp-json\/wp\/v2\/pages"}],"about":[{"href":"https:\/\/sites.ipleiria.pt\/pelf\/wp-json\/wp\/v2\/types\/page"}],"author":[{"embeddable":true,"href":"https:\/\/sites.ipleiria.pt\/pelf\/wp-json\/wp\/v2\/users\/102"}],"replies":[{"embeddable":true,"href":"https:\/\/sites.ipleiria.pt\/pelf\/wp-json\/wp\/v2\/comments?post=8"}],"version-history":[{"count":8,"href":"https:\/\/sites.ipleiria.pt\/pelf\/wp-json\/wp\/v2\/pages\/8\/revisions"}],"predecessor-version":[{"id":49,"href":"https:\/\/sites.ipleiria.pt\/pelf\/wp-json\/wp\/v2\/pages\/8\/revisions\/49"}],"wp:attachment":[{"href":"https:\/\/sites.ipleiria.pt\/pelf\/wp-json\/wp\/v2\/media?parent=8"}],"curies":[{"name":"wp","href":"https:\/\/api.w.org\/{rel}","templated":true}]}}