{"id":128,"date":"2017-10-02T16:09:06","date_gmt":"2017-10-02T16:09:06","guid":{"rendered":"http:\/\/sites.ipleiria.pt\/pge\/?page_id=128"},"modified":"2017-10-02T16:09:06","modified_gmt":"2017-10-02T16:09:06","slug":"enquadramento","status":"publish","type":"page","link":"https:\/\/sites.ipleiria.pt\/pge\/enquadramento\/","title":{"rendered":"Recursos cient\u00edficos"},"content":{"rendered":"<p>A informa\u00e7\u00e3o disponibilizada no Portal dos G\u00e9neros Escolares assenta num trabalho de investiga\u00e7\u00e3o em Lingu\u00edstica Aplicada\/Lingu\u00edstica Educacional.<br \/>Nesta p\u00e1gina, poder\u00e1 aceder a um conjunto de artigos, comunica\u00e7\u00f5es e teses relativos aos usos escolares e acad\u00e9micos da l\u00edngua portuguesa, produzidos ou orientados por investigadores do Grupo DPDA.<\/p>\n<ul>\n<li><a href=\"http:\/\/sites.ipleiria.pt\/pge\/enquadramento\/publicacoes\/\">Publica\u00e7\u00f5es<\/a><\/li>\n<li><a href=\"http:\/\/sites.ipleiria.pt\/pge\/enquadramento\/comunicacoes\/\">Comunica\u00e7\u00f5es<\/a><\/li>\n<li><a href=\"http:\/\/sites.ipleiria.pt\/pge\/enquadramento\/dissertacoes-e-teses\/\">Disserta\u00e7\u00f5es e Teses<\/a><\/li>\n<\/ul>\n<hr \/>\n<p><img decoding=\"async\" src=\"https:\/\/sites.ipleiria.pt\/emda\/files\/2021\/07\/logotipos.001-1-e1625577648547.jpeg\" alt=\"Esta imagem tem um texto alternativo em branco, o nome da imagem \u00e9 logotipos.001-1-e1625577648547.jpeg\" \/><\/p>\n\n\n<h6 class=\"wp-block-heading\">Centro de Estudos de Lingu\u00edstica Geral e Aplicada (CELGA-ILTEC) da Universidade de Coimbra | desde 2018 | <a href=\"https:\/\/sites.ipleiria.pt\/pge\/apresentacao\/contactos\/\">contactos<\/a><\/h6>\n","protected":false},"excerpt":{"rendered":"<p>A informa\u00e7\u00e3o disponibilizada no Portal dos G\u00e9neros Escolares assenta num trabalho de investiga\u00e7\u00e3o em Lingu\u00edstica Aplicada\/Lingu\u00edstica Educacional.Nesta p\u00e1gina, poder\u00e1 aceder a um conjunto de artigos, comunica\u00e7\u00f5es e teses relativos aos usos escolares e acad\u00e9micos da l\u00edngua portuguesa, produzidos ou orientados por investigadores do Grupo DPDA. Publica\u00e7\u00f5es Comunica\u00e7\u00f5es Disserta\u00e7\u00f5es e Teses Centro de Estudos de Lingu\u00edstica&hellip;&nbsp;<a href=\"https:\/\/sites.ipleiria.pt\/pge\/enquadramento\/\" rel=\"bookmark\">Ler mais &raquo;<span class=\"screen-reader-text\">Recursos cient\u00edficos<\/span><\/a><\/p>\n","protected":false},"author":5904,"featured_media":0,"parent":0,"menu_order":0,"comment_status":"closed","ping_status":"closed","template":"","meta":{"om_disable_all_campaigns":false,"_monsterinsights_skip_tracking":false,"_monsterinsights_sitenote_active":false,"_monsterinsights_sitenote_note":"","_monsterinsights_sitenote_category":0,"neve_meta_sidebar":"","neve_meta_container":"","neve_meta_enable_content_width":"","neve_meta_content_width":0,"neve_meta_title_alignment":"","neve_meta_author_avatar":"","neve_post_elements_order":"","neve_meta_disable_header":"","neve_meta_disable_footer":"","neve_meta_disable_title":"","footnotes":""},"class_list":["post-128","page","type-page","status-publish","hentry"],"aioseo_notices":[],"_links":{"self":[{"href":"https:\/\/sites.ipleiria.pt\/pge\/wp-json\/wp\/v2\/pages\/128","targetHints":{"allow":["GET"]}}],"collection":[{"href":"https:\/\/sites.ipleiria.pt\/pge\/wp-json\/wp\/v2\/pages"}],"about":[{"href":"https:\/\/sites.ipleiria.pt\/pge\/wp-json\/wp\/v2\/types\/page"}],"author":[{"embeddable":true,"href":"https:\/\/sites.ipleiria.pt\/pge\/wp-json\/wp\/v2\/users\/5904"}],"replies":[{"embeddable":true,"href":"https:\/\/sites.ipleiria.pt\/pge\/wp-json\/wp\/v2\/comments?post=128"}],"version-history":[{"count":0,"href":"https:\/\/sites.ipleiria.pt\/pge\/wp-json\/wp\/v2\/pages\/128\/revisions"}],"wp:attachment":[{"href":"https:\/\/sites.ipleiria.pt\/pge\/wp-json\/wp\/v2\/media?parent=128"}],"curies":[{"name":"wp","href":"https:\/\/api.w.org\/{rel}","templated":true}]}}