{"id":2552,"date":"2024-11-02T12:30:22","date_gmt":"2024-11-02T12:30:22","guid":{"rendered":"https:\/\/sites.ipleiria.pt\/gdip\/?page_id=2552"},"modified":"2025-12-11T19:50:36","modified_gmt":"2025-12-11T19:50:36","slug":"quem-somos","status":"publish","type":"page","link":"https:\/\/sites.ipleiria.pt\/pge\/","title":{"rendered":"Quem somos"},"content":{"rendered":"\t\t<div data-elementor-type=\"wp-page\" data-elementor-id=\"2552\" class=\"elementor elementor-2552\">\n\t\t\t\t<div class=\"elementor-element elementor-element-ee490b1 e-grid e-con-boxed e-con e-parent\" data-id=\"ee490b1\" data-element_type=\"container\" data-settings=\"{&quot;background_background&quot;:&quot;classic&quot;}\">\n\t\t\t\t\t<div class=\"e-con-inner\">\n\t\t\t\t<div class=\"elementor-element elementor-element-d082387 elementor-widget elementor-widget-spacer\" data-id=\"d082387\" data-element_type=\"widget\" data-widget_type=\"spacer.default\">\n\t\t\t\t<div class=\"elementor-widget-container\">\n\t\t\t\t\t\t\t<div class=\"elementor-spacer\">\n\t\t\t<div class=\"elementor-spacer-inner\"><\/div>\n\t\t<\/div>\n\t\t\t\t\t\t<\/div>\n\t\t\t\t<\/div>\n\t\t\t\t\t<\/div>\n\t\t\t\t<\/div>\n\t\t<div class=\"elementor-element elementor-element-797c746 e-grid e-con-boxed e-con e-parent\" data-id=\"797c746\" data-element_type=\"container\" data-settings=\"{&quot;background_background&quot;:&quot;classic&quot;}\">\n\t\t\t\t\t<div class=\"e-con-inner\">\n\t\t<div class=\"elementor-element elementor-element-39a8b37 e-grid e-con-full e-con e-child\" data-id=\"39a8b37\" data-element_type=\"container\">\n\t\t\t\t<div class=\"elementor-element elementor-element-b0e4703 elementor-widget elementor-widget-heading\" data-id=\"b0e4703\" data-element_type=\"widget\" data-widget_type=\"heading.default\">\n\t\t\t\t<div class=\"elementor-widget-container\">\n\t\t\t\t\t<h2 class=\"elementor-heading-title elementor-size-default\">O que se entende por g\u00e9nero?<\/h2>\t\t\t\t<\/div>\n\t\t\t\t<\/div>\n\t\t\t\t<div class=\"elementor-element elementor-element-aff6358 elementor-widget elementor-widget-text-editor\" data-id=\"aff6358\" data-element_type=\"widget\" data-widget_type=\"text-editor.default\">\n\t\t\t\t<div class=\"elementor-widget-container\">\n\t\t\t\t\t\t\t\t\t<p><span data-olk-copy-source=\"MessageBody\">Um g\u00e9nero \u00e9 uma classe de textos que partilham algumas propriedades (por exemplo, a sua estrutura) e que nos permitem atingir determinados objetivos sociocomunicativos espec\u00edficos.<\/span><\/p><p><a class=\"ler-mais\" href=\"https:\/\/sites.ipleiria.pt\/pge\/genero\/\">Ler mais<\/a><\/p>\t\t\t\t\t\t\t\t<\/div>\n\t\t\t\t<\/div>\n\t\t\t\t<\/div>\n\t\t<div class=\"elementor-element elementor-element-5d2c00f e-grid e-con-full e-con e-child\" data-id=\"5d2c00f\" data-element_type=\"container\">\n\t\t\t\t<div class=\"elementor-element elementor-element-0cb0390 elementor-widget elementor-widget-heading\" data-id=\"0cb0390\" data-element_type=\"widget\" data-widget_type=\"heading.default\">\n\t\t\t\t<div class=\"elementor-widget-container\">\n\t\t\t\t\t<h2 class=\"elementor-heading-title elementor-size-default\">O que s\u00e3o g\u00e9neros escolares e acad\u00e9micos?<\/h2>\t\t\t\t<\/div>\n\t\t\t\t<\/div>\n\t\t\t\t<div class=\"elementor-element elementor-element-4041c92 elementor-widget elementor-widget-text-editor\" data-id=\"4041c92\" data-element_type=\"widget\" data-widget_type=\"text-editor.default\">\n\t\t\t\t<div class=\"elementor-widget-container\">\n\t\t\t\t\t\t\t\t\t<p><span data-olk-copy-source=\"MessageBody\">G\u00e9neros escolares e acad\u00e9micos s\u00e3o g\u00e9neros ensinados nos diversos ciclos de ensino, desde o B\u00e1sico ao Superior. Constituem exemplos o relato de procedimento e a tese de doutoramento, entre muitos outros.<\/span><\/p><p><a href=\"https:\/\/sites.ipleiria.pt\/pge\/generos\/\">Ler mais<\/a><\/p>\t\t\t\t\t\t\t\t<\/div>\n\t\t\t\t<\/div>\n\t\t\t\t<\/div>\n\t\t<div class=\"elementor-element elementor-element-cdee1d9 e-grid e-con-full e-con e-child\" data-id=\"cdee1d9\" data-element_type=\"container\">\n\t\t\t\t<div class=\"elementor-element elementor-element-452d7f4 elementor-widget elementor-widget-heading\" data-id=\"452d7f4\" data-element_type=\"widget\" data-widget_type=\"heading.default\">\n\t\t\t\t<div class=\"elementor-widget-container\">\n\t\t\t\t\t<h2 class=\"elementor-heading-title elementor-size-default\">Que recursos est\u00e3o dispon\u00edveis neste portal?<\/h2>\t\t\t\t<\/div>\n\t\t\t\t<\/div>\n\t\t\t\t<div class=\"elementor-element elementor-element-d89bee3 elementor-widget elementor-widget-text-editor\" data-id=\"d89bee3\" data-element_type=\"widget\" data-widget_type=\"text-editor.default\">\n\t\t\t\t<div class=\"elementor-widget-container\">\n\t\t\t\t\t\t\t\t\t<p><span data-olk-copy-source=\"MessageBody\">O Portal dos G\u00e9neros Escolares e Acad\u00e9micos disponibiliza, em acesso livre, um gloss\u00e1rio em permanente atualiza\u00e7\u00e3o, recursos pedag\u00f3gicos e publica\u00e7\u00f5es.<\/span><\/p><p><a href=\"https:\/\/sites.ipleiria.pt\/pge\/glossarios\/\"><span data-olk-copy-source=\"MessageBody\">Ler mais<\/span><\/a><\/p>\t\t\t\t\t\t\t\t<\/div>\n\t\t\t\t<\/div>\n\t\t\t\t<\/div>\n\t\t\t\t\t<\/div>\n\t\t\t\t<\/div>\n\t\t<div class=\"elementor-element elementor-element-b3f47e2 e-grid e-con-boxed e-con e-parent\" data-id=\"b3f47e2\" data-element_type=\"container\">\n\t\t\t\t\t<div class=\"e-con-inner\">\n\t\t<div class=\"elementor-element elementor-element-4d812eb e-con-full e-flex e-con e-child\" data-id=\"4d812eb\" data-element_type=\"container\">\n\t\t\t\t<div class=\"elementor-element elementor-element-3d4d48a elementor-widget elementor-widget-text-editor\" data-id=\"3d4d48a\" data-element_type=\"widget\" data-widget_type=\"text-editor.default\">\n\t\t\t\t<div class=\"elementor-widget-container\">\n\t\t\t\t\t\t\t\t\t<p>Eventos<\/p>\t\t\t\t\t\t\t\t<\/div>\n\t\t\t\t<\/div>\n\t\t\t\t<div class=\"elementor-element elementor-element-eda1a9e elementor-widget elementor-widget-heading\" data-id=\"eda1a9e\" data-element_type=\"widget\" data-widget_type=\"heading.default\">\n\t\t\t\t<div class=\"elementor-widget-container\">\n\t\t\t\t\t<h2 class=\"elementor-heading-title elementor-size-default\"><a href=\"https:\/\/sites.ipleiria.pt\/gdip\/recursos-2\/\">Encontros Mensais sobre Discurso Acad\u00e9mico (EMDA)<\/a><\/h2>\t\t\t\t<\/div>\n\t\t\t\t<\/div>\n\t\t\t\t<div class=\"elementor-element elementor-element-b9cae3a elementor-widget elementor-widget-text-editor\" data-id=\"b9cae3a\" data-element_type=\"widget\" data-widget_type=\"text-editor.default\">\n\t\t\t\t<div class=\"elementor-widget-container\">\n\t\t\t\t\t\t\t\t\t<p class=\"p1\">Os EMDA s\u00e3o eventos acad\u00e9micos abertos ao p\u00fablico em geral, que t\u00eam como objetivo criar um espa\u00e7o para a apresenta\u00e7\u00e3o e debate de trabalhos de descri\u00e7\u00e3o e an\u00e1lise lingu\u00edsticas do discurso e das pr\u00e1ticas discursivas acad\u00e9micas em l\u00edngua portuguesa.<\/p><p class=\"p1\"><a href=\"https:\/\/sites.ipleiria.pt\/pge\/encontros-mensais-sobre-discurso-academico\/\" target=\"_blank\" rel=\"noopener\">Reveja AQUI os v\u00eddeos dos EMDA j\u00e1 realizados.<\/a><\/p>\t\t\t\t\t\t\t\t<\/div>\n\t\t\t\t<\/div>\n\t\t\t\t<div class=\"elementor-element elementor-element-994bb63 elementor-widget elementor-widget-text-editor\" data-id=\"994bb63\" data-element_type=\"widget\" data-widget_type=\"text-editor.default\">\n\t\t\t\t<div class=\"elementor-widget-container\">\n\t\t\t\t\t\t\t\t\t<p>Pr\u00f3ximo evento: (a publicitar em breve)<\/p>\t\t\t\t\t\t\t\t<\/div>\n\t\t\t\t<\/div>\n\t\t\t\t<\/div>\n\t\t\t\t<div class=\"elementor-element elementor-element-80ca7a7 elementor-widget elementor-widget-image\" data-id=\"80ca7a7\" data-element_type=\"widget\" data-widget_type=\"image.default\">\n\t\t\t\t<div class=\"elementor-widget-container\">\n\t\t\t\t\t\t\t\t\t\t\t\t\t\t\t\t<a href=\"https:\/\/sites.ipleiria.pt\/pge\/encontros-mensais-sobre-discurso-academico\/\">\n\t\t\t\t\t\t\t<img fetchpriority=\"high\" decoding=\"async\" width=\"1448\" height=\"2048\" src=\"https:\/\/sites.ipleiria.pt\/pge\/files\/2025\/06\/EMDA-SEM25_Cartaz-1448x2048.png\" class=\"attachment-2048x2048 size-2048x2048 wp-image-4149\" alt=\"\" srcset=\"https:\/\/sites.ipleiria.pt\/pge\/files\/2025\/06\/EMDA-SEM25_Cartaz-1448x2048.png 1448w, https:\/\/sites.ipleiria.pt\/pge\/files\/2025\/06\/EMDA-SEM25_Cartaz-212x300.png 212w, https:\/\/sites.ipleiria.pt\/pge\/files\/2025\/06\/EMDA-SEM25_Cartaz-724x1024.png 724w, https:\/\/sites.ipleiria.pt\/pge\/files\/2025\/06\/EMDA-SEM25_Cartaz-768x1086.png 768w, https:\/\/sites.ipleiria.pt\/pge\/files\/2025\/06\/EMDA-SEM25_Cartaz-1086x1536.png 1086w\" sizes=\"(max-width: 1448px) 100vw, 1448px\" \/>\t\t\t\t\t\t\t\t<\/a>\n\t\t\t\t\t\t\t\t\t\t\t\t\t\t\t<\/div>\n\t\t\t\t<\/div>\n\t\t\t\t\t<\/div>\n\t\t\t\t<\/div>\n\t\t<div class=\"elementor-element elementor-element-5eef4f4 e-flex e-con-boxed e-con e-parent\" data-id=\"5eef4f4\" data-element_type=\"container\" data-settings=\"{&quot;background_background&quot;:&quot;classic&quot;}\">\n\t\t\t\t\t<div class=\"e-con-inner\">\n\t\t\t\t<div class=\"elementor-element elementor-element-3053556 elementor-widget elementor-widget-text-editor\" data-id=\"3053556\" data-element_type=\"widget\" data-widget_type=\"text-editor.default\">\n\t\t\t\t<div class=\"elementor-widget-container\">\n\t\t\t\t\t\t\t\t\t<p>Destaques<\/p>\t\t\t\t\t\t\t\t<\/div>\n\t\t\t\t<\/div>\n\t\t\t\t<div class=\"elementor-element elementor-element-6631e8f elementor-widget elementor-widget-heading\" data-id=\"6631e8f\" data-element_type=\"widget\" data-widget_type=\"heading.default\">\n\t\t\t\t<div class=\"elementor-widget-container\">\n\t\t\t\t\t<h2 class=\"elementor-heading-title elementor-size-default\">Publica\u00e7\u00f5es<\/h2>\t\t\t\t<\/div>\n\t\t\t\t<\/div>\n\t\t<div class=\"elementor-element elementor-element-7524256 e-grid e-con-full e-con e-child\" data-id=\"7524256\" data-element_type=\"container\">\n\t\t<div class=\"elementor-element elementor-element-9529496 e-grid e-con-full e-con e-child\" data-id=\"9529496\" data-element_type=\"container\">\n\t\t\t\t<div class=\"elementor-element elementor-element-ee7b47d elementor-widget elementor-widget-image\" data-id=\"ee7b47d\" data-element_type=\"widget\" data-widget_type=\"image.default\">\n\t\t\t\t<div class=\"elementor-widget-container\">\n\t\t\t\t\t\t\t\t\t\t\t\t\t\t\t\t<a href=\"https:\/\/sites.ipleiria.pt\/pge\/files\/2025\/12\/Generos-textuais-oralidade-e-escrita-no-discurso-academico-1.pdf\">\n\t\t\t\t\t\t\t<img decoding=\"async\" src=\"https:\/\/sites.ipleiria.pt\/pge\/files\/2025\/12\/Captura-de-ecra-2025-12-10-as-16.08.19.png\" title=\"Captura de ecr\u00e3 2025-12-10, \u00e0s 16.08.19\" alt=\"Captura de ecr\u00e3 2025-12-10, \u00e0s 16.08.19\" loading=\"lazy\" \/>\t\t\t\t\t\t\t\t<\/a>\n\t\t\t\t\t\t\t\t\t\t\t\t\t\t\t<\/div>\n\t\t\t\t<\/div>\n\t\t\t\t<\/div>\n\t\t<div class=\"elementor-element elementor-element-81b1a68 e-grid e-con-full e-con e-child\" data-id=\"81b1a68\" data-element_type=\"container\">\n\t\t\t\t<div class=\"elementor-element elementor-element-9305be9 elementor-widget elementor-widget-image\" data-id=\"9305be9\" data-element_type=\"widget\" data-widget_type=\"image.default\">\n\t\t\t\t<div class=\"elementor-widget-container\">\n\t\t\t\t\t\t\t\t\t\t\t\t\t\t\t\t<a href=\"https:\/\/sites.ipleiria.pt\/pge\/files\/2023\/04\/Discurso-Academico_e-book.pdf\">\n\t\t\t\t\t\t\t<img decoding=\"async\" src=\"https:\/\/sites.ipleiria.pt\/pge\/files\/2023\/04\/Captura-de-ecra-2023-04-05-as-14.11.38.png\" title=\"Captura de ecra\u0303 2023-04-05, a\u0300s 14.11.38\" alt=\"Captura de ecra\u0303 2023-04-05, a\u0300s 14.11.38\" loading=\"lazy\" \/>\t\t\t\t\t\t\t\t<\/a>\n\t\t\t\t\t\t\t\t\t\t\t\t\t\t\t<\/div>\n\t\t\t\t<\/div>\n\t\t\t\t<\/div>\n\t\t<div class=\"elementor-element elementor-element-75f241b e-grid e-con-full e-con e-child\" data-id=\"75f241b\" data-element_type=\"container\">\n\t\t\t\t<div class=\"elementor-element elementor-element-8f03f0e elementor-widget elementor-widget-image\" data-id=\"8f03f0e\" data-element_type=\"widget\" data-widget_type=\"image.default\">\n\t\t\t\t<div class=\"elementor-widget-container\">\n\t\t\t\t\t\t\t\t\t\t\t\t\t\t\t\t<a href=\"http:\/\/sites.ipleiria.pt\/pge\/files\/2025\/08\/Livro-Discurso-academico.pdf\">\n\t\t\t\t\t\t\t<img decoding=\"async\" width=\"516\" height=\"777\" src=\"https:\/\/sites.ipleiria.pt\/pge\/files\/2020\/01\/Captura-de-ecra-2020-01-18-as-12.07.17.png\" class=\"attachment-large size-large wp-image-1372\" alt=\"\" srcset=\"https:\/\/sites.ipleiria.pt\/pge\/files\/2020\/01\/Captura-de-ecra-2020-01-18-as-12.07.17.png 516w, https:\/\/sites.ipleiria.pt\/pge\/files\/2020\/01\/Captura-de-ecra-2020-01-18-as-12.07.17-199x300.png 199w\" sizes=\"(max-width: 516px) 100vw, 516px\" \/>\t\t\t\t\t\t\t\t<\/a>\n\t\t\t\t\t\t\t\t\t\t\t\t\t\t\t<\/div>\n\t\t\t\t<\/div>\n\t\t\t\t<\/div>\n\t\t<div class=\"elementor-element elementor-element-db8f364 e-grid e-con-full e-con e-child\" data-id=\"db8f364\" data-element_type=\"container\">\n\t\t\t\t<div class=\"elementor-element elementor-element-225e54e elementor-widget elementor-widget-image\" data-id=\"225e54e\" data-element_type=\"widget\" data-widget_type=\"image.default\">\n\t\t\t\t<div class=\"elementor-widget-container\">\n\t\t\t\t\t\t\t\t\t\t\t\t\t\t\t\t<a href=\"https:\/\/sites.ipleiria.pt\/pge\/files\/2025\/06\/ENDA-3.pdf\">\n\t\t\t\t\t\t\t<img decoding=\"async\" width=\"1831\" height=\"2716\" src=\"https:\/\/sites.ipleiria.pt\/pge\/files\/2025\/06\/ENDA-3-1.png\" class=\"attachment-full size-full wp-image-4148\" alt=\"\" srcset=\"https:\/\/sites.ipleiria.pt\/pge\/files\/2025\/06\/ENDA-3-1.png 1831w, https:\/\/sites.ipleiria.pt\/pge\/files\/2025\/06\/ENDA-3-1-202x300.png 202w, https:\/\/sites.ipleiria.pt\/pge\/files\/2025\/06\/ENDA-3-1-690x1024.png 690w, https:\/\/sites.ipleiria.pt\/pge\/files\/2025\/06\/ENDA-3-1-768x1139.png 768w, https:\/\/sites.ipleiria.pt\/pge\/files\/2025\/06\/ENDA-3-1-1035x1536.png 1035w, https:\/\/sites.ipleiria.pt\/pge\/files\/2025\/06\/ENDA-3-1-1381x2048.png 1381w\" sizes=\"(max-width: 1831px) 100vw, 1831px\" \/>\t\t\t\t\t\t\t\t<\/a>\n\t\t\t\t\t\t\t\t\t\t\t\t\t\t\t<\/div>\n\t\t\t\t<\/div>\n\t\t\t\t<\/div>\n\t\t\t\t<div class=\"elementor-element elementor-element-954e062 elementor-widget elementor-widget-image\" data-id=\"954e062\" data-element_type=\"widget\" data-widget_type=\"image.default\">\n\t\t\t\t<div class=\"elementor-widget-container\">\n\t\t\t\t\t\t\t\t\t\t\t\t\t\t\t\t<a href=\"https:\/\/sites.ipleiria.pt\/pge\/files\/2022\/12\/Teorias-discursivas-em-dialogo_ebook-2.pdf\">\n\t\t\t\t\t\t\t<img loading=\"lazy\" decoding=\"async\" width=\"386\" height=\"573\" src=\"https:\/\/sites.ipleiria.pt\/pge\/files\/2022\/12\/Capa_Ebook_dez_2022.png\" class=\"attachment-full size-full wp-image-2066\" alt=\"\" srcset=\"https:\/\/sites.ipleiria.pt\/pge\/files\/2022\/12\/Capa_Ebook_dez_2022.png 386w, https:\/\/sites.ipleiria.pt\/pge\/files\/2022\/12\/Capa_Ebook_dez_2022-202x300.png 202w\" sizes=\"(max-width: 386px) 100vw, 386px\" \/>\t\t\t\t\t\t\t\t<\/a>\n\t\t\t\t\t\t\t\t\t\t\t\t\t\t\t<\/div>\n\t\t\t\t<\/div>\n\t\t\t\t<\/div>\n\t\t\t\t\t<\/div>\n\t\t\t\t<\/div>\n\t\t<div class=\"elementor-element elementor-element-eff13fc e-flex e-con-boxed e-con e-parent\" data-id=\"eff13fc\" data-element_type=\"container\">\n\t\t\t\t\t<div class=\"e-con-inner\">\n\t\t<div class=\"elementor-element elementor-element-16a113c e-grid e-con-full e-con e-child\" data-id=\"16a113c\" data-element_type=\"container\">\n\t\t\t\t<div class=\"elementor-element elementor-element-a80418d elementor-widget elementor-widget-image\" data-id=\"a80418d\" data-element_type=\"widget\" data-widget_type=\"image.default\">\n\t\t\t\t<div class=\"elementor-widget-container\">\n\t\t\t\t\t\t\t\t\t\t\t\t\t\t\t<img loading=\"lazy\" decoding=\"async\" width=\"768\" height=\"527\" src=\"https:\/\/sites.ipleiria.pt\/pge\/files\/2025\/06\/grafismos-site-dpda-768x527-1.png\" class=\"attachment-large size-large wp-image-4367\" alt=\"\" srcset=\"https:\/\/sites.ipleiria.pt\/pge\/files\/2025\/06\/grafismos-site-dpda-768x527-1.png 768w, https:\/\/sites.ipleiria.pt\/pge\/files\/2025\/06\/grafismos-site-dpda-768x527-1-300x206.png 300w\" sizes=\"(max-width: 768px) 100vw, 768px\" \/>\t\t\t\t\t\t\t\t\t\t\t\t\t\t\t<\/div>\n\t\t\t\t<\/div>\n\t\t\t\t<div class=\"elementor-element elementor-element-630e2b2 elementor-widget elementor-widget-image\" data-id=\"630e2b2\" data-element_type=\"widget\" data-widget_type=\"image.default\">\n\t\t\t\t<div class=\"elementor-widget-container\">\n\t\t\t\t\t\t\t\t\t\t\t\t\t\t\t<img loading=\"lazy\" decoding=\"async\" width=\"824\" height=\"261\" src=\"https:\/\/sites.ipleiria.pt\/pge\/files\/2025\/06\/celga-iltec.png\" class=\"attachment-large size-large wp-image-4368\" alt=\"\" srcset=\"https:\/\/sites.ipleiria.pt\/pge\/files\/2025\/06\/celga-iltec.png 824w, https:\/\/sites.ipleiria.pt\/pge\/files\/2025\/06\/celga-iltec-300x95.png 300w, https:\/\/sites.ipleiria.pt\/pge\/files\/2025\/06\/celga-iltec-768x243.png 768w\" sizes=\"(max-width: 824px) 100vw, 824px\" \/>\t\t\t\t\t\t\t\t\t\t\t\t\t\t\t<\/div>\n\t\t\t\t<\/div>\n\t\t\t\t<div class=\"elementor-element elementor-element-12a0cd2 elementor-widget elementor-widget-image\" data-id=\"12a0cd2\" data-element_type=\"widget\" data-widget_type=\"image.default\">\n\t\t\t\t<div class=\"elementor-widget-container\">\n\t\t\t\t\t\t\t\t\t\t\t\t\t\t\t<img loading=\"lazy\" decoding=\"async\" width=\"400\" height=\"300\" src=\"https:\/\/sites.ipleiria.pt\/pge\/files\/2025\/06\/FLUC-Logo-institucional.png\" class=\"attachment-large size-large wp-image-4366\" alt=\"\" srcset=\"https:\/\/sites.ipleiria.pt\/pge\/files\/2025\/06\/FLUC-Logo-institucional.png 400w, https:\/\/sites.ipleiria.pt\/pge\/files\/2025\/06\/FLUC-Logo-institucional-300x225.png 300w\" sizes=\"(max-width: 400px) 100vw, 400px\" \/>\t\t\t\t\t\t\t\t\t\t\t\t\t\t\t<\/div>\n\t\t\t\t<\/div>\n\t\t\t\t<\/div>\n\t\t\t\t\t<\/div>\n\t\t\t\t<\/div>\n\t\t\t\t<\/div>\n\t\t","protected":false},"excerpt":{"rendered":"<p>O que se entende por g\u00e9nero? Um g\u00e9nero \u00e9 uma classe de textos que partilham algumas propriedades (por exemplo, a sua estrutura) e que nos permitem atingir determinados objetivos sociocomunicativos espec\u00edficos. Ler mais O que s\u00e3o g\u00e9neros escolares e acad\u00e9micos? G\u00e9neros escolares e acad\u00e9micos s\u00e3o g\u00e9neros ensinados nos diversos ciclos de ensino, desde o B\u00e1sico&hellip;&nbsp;<a href=\"https:\/\/sites.ipleiria.pt\/pge\/\" rel=\"bookmark\">Ler mais &raquo;<span class=\"screen-reader-text\">Quem somos<\/span><\/a><\/p>\n","protected":false},"author":5904,"featured_media":0,"parent":0,"menu_order":0,"comment_status":"closed","ping_status":"closed","template":"page-templates\/template-pagebuilder-full-width.php","meta":{"om_disable_all_campaigns":false,"_monsterinsights_skip_tracking":false,"_monsterinsights_sitenote_active":false,"_monsterinsights_sitenote_note":"","_monsterinsights_sitenote_category":0,"neve_meta_sidebar":"","neve_meta_container":"","neve_meta_enable_content_width":"","neve_meta_content_width":0,"neve_meta_title_alignment":"","neve_meta_author_avatar":"","neve_post_elements_order":"","neve_meta_disable_header":"","neve_meta_disable_footer":"","neve_meta_disable_title":"","footnotes":""},"class_list":["post-2552","page","type-page","status-publish","hentry"],"aioseo_notices":[],"_links":{"self":[{"href":"https:\/\/sites.ipleiria.pt\/pge\/wp-json\/wp\/v2\/pages\/2552","targetHints":{"allow":["GET"]}}],"collection":[{"href":"https:\/\/sites.ipleiria.pt\/pge\/wp-json\/wp\/v2\/pages"}],"about":[{"href":"https:\/\/sites.ipleiria.pt\/pge\/wp-json\/wp\/v2\/types\/page"}],"author":[{"embeddable":true,"href":"https:\/\/sites.ipleiria.pt\/pge\/wp-json\/wp\/v2\/users\/5904"}],"replies":[{"embeddable":true,"href":"https:\/\/sites.ipleiria.pt\/pge\/wp-json\/wp\/v2\/comments?post=2552"}],"version-history":[{"count":192,"href":"https:\/\/sites.ipleiria.pt\/pge\/wp-json\/wp\/v2\/pages\/2552\/revisions"}],"predecessor-version":[{"id":4446,"href":"https:\/\/sites.ipleiria.pt\/pge\/wp-json\/wp\/v2\/pages\/2552\/revisions\/4446"}],"wp:attachment":[{"href":"https:\/\/sites.ipleiria.pt\/pge\/wp-json\/wp\/v2\/media?parent=2552"}],"curies":[{"name":"wp","href":"https:\/\/api.w.org\/{rel}","templated":true}]}}