{"id":26,"date":"2017-09-29T14:41:40","date_gmt":"2017-09-29T14:41:40","guid":{"rendered":"http:\/\/sites.ipleiria.pt\/pge\/?page_id=26"},"modified":"2024-10-20T21:15:20","modified_gmt":"2024-10-20T21:15:20","slug":"ciencias-naturais","status":"publish","type":"page","link":"https:\/\/sites.ipleiria.pt\/pge\/recursos\/ciencias-naturais\/","title":{"rendered":"Ci\u00eancias Naturais"},"content":{"rendered":"\t\t<div data-elementor-type=\"wp-page\" data-elementor-id=\"26\" class=\"elementor elementor-26\">\n\t\t\t\t<div class=\"elementor-element elementor-element-c680916 e-flex e-con-boxed e-con e-parent\" data-id=\"c680916\" data-element_type=\"container\">\n\t\t\t\t\t<div class=\"e-con-inner\">\n\t\t\t\t<div class=\"elementor-element elementor-element-7fb2d17 elementor-widget elementor-widget-text-editor\" data-id=\"7fb2d17\" data-element_type=\"widget\" data-widget_type=\"text-editor.default\">\n\t\t\t\t<div class=\"elementor-widget-container\">\n\t\t\t\t\t\t\t\t\t<p>A l\u00edngua e o conhecimento cient\u00edfico s\u00e3o indissoci\u00e1veis. Os alunos adquirem e exprimem grande parte dos conte\u00fados program\u00e1ticos por via da l\u00edngua (a par de outras modalidades comunicativas, como as imagens ou os gestos). As especificidades lingu\u00edsticas das Ci\u00eancias Naturais s\u00e3o variadas e complexas. Envolvem os termos t\u00e9cnicos, mas n\u00e3o s\u00f3! As Ci\u00eancias Naturais t\u00eam adicionalmente os seus pr\u00f3prios g\u00e9neros (ou tipos de texto). Estes g\u00e9neros determinam tanto os textos que os alunos devem ler, como os textos que devem produzir.<\/p><p>H\u00e1, habitualmente, dois tipos de textos considerados em Did\u00e1tica das Ci\u00eancias: textos\u00a0instrucionais e textos expositivos.\u00a0Os primeiros promovem um ensino mais pr\u00e1tico e mais experimental; os segundos transmitem os conte\u00fados de uma forma mais te\u00f3rica. Esta distin\u00e7\u00e3o, apesar de \u00fatil, revela-se limitadora. Uma an\u00e1lise aos manuais de Ci\u00eancias Naturais do 2.\u00ba e 3.\u00ba ciclos do Ensino B\u00e1sico mostra que existem v\u00e1rios tipos de textos instrucionais e v\u00e1rios tipos de textos expositivos. Cada tipo (ou g\u00e9nero) tem a sua pr\u00f3pria fun\u00e7\u00e3o, estrutura, padr\u00f5es gramaticais e recursos lexicais.<\/p><p>Nesta p\u00e1gina, o professor poder\u00e1 encontrar uma diversidade de materiais relativos aos g\u00e9neros das Ci\u00eancias Naturais. Algumas perguntas a que se procura responder s\u00e3o:\u00a0<em>Quantos g\u00e9neros h\u00e1? Como se chamam? Que g\u00e9neros ocorrem com maior frequ\u00eancia? Como identificar os g\u00e9neros? Que dificuldades levantam estes g\u00e9neros aos alunos? Como trabalhar os g\u00e9neros em sala de aula?<\/em><\/p>\t\t\t\t\t\t\t\t<\/div>\n\t\t\t\t<\/div>\n\t\t\t\t\t<\/div>\n\t\t\t\t<\/div>\n\t\t<div class=\"elementor-element elementor-element-70c335d e-grid e-con-boxed e-con e-parent\" data-id=\"70c335d\" data-element_type=\"container\">\n\t\t\t\t\t<div class=\"e-con-inner\">\n\t\t<div class=\"elementor-element elementor-element-afbe096 e-con-full e-flex e-con e-child\" data-id=\"afbe096\" data-element_type=\"container\">\n\t\t\t\t<div class=\"elementor-element elementor-element-48fbe3b elementor-widget elementor-widget-heading\" data-id=\"48fbe3b\" data-element_type=\"widget\" data-widget_type=\"heading.default\">\n\t\t\t\t<div class=\"elementor-widget-container\">\n\t\t\t\t\t<h2 class=\"elementor-heading-title elementor-size-default\">1. Mapeamento dos g\u00e9neros<\/h2>\t\t\t\t<\/div>\n\t\t\t\t<\/div>\n\t\t<div class=\"elementor-element elementor-element-520b632 e-con-full e-flex e-con e-child\" data-id=\"520b632\" data-element_type=\"container\">\n\t\t\t\t<div class=\"elementor-element elementor-element-b9fcfd4 elementor-widget elementor-widget-image\" data-id=\"b9fcfd4\" data-element_type=\"widget\" data-widget_type=\"image.default\">\n\t\t\t\t<div class=\"elementor-widget-container\">\n\t\t\t\t\t\t\t\t\t\t\t\t\t\t\t\t<a href=\"https:\/\/sites.ipleiria.pt\/gdip\/files\/2020\/01\/Brochura-geral_CN.pdf\">\n\t\t\t\t\t\t\t<img fetchpriority=\"high\" decoding=\"async\" width=\"214\" height=\"300\" src=\"https:\/\/sites.ipleiria.pt\/pge\/files\/2019\/02\/imagem-brochura-mapeamento-geral-CN-1-214x300.png\" class=\"attachment-medium size-medium wp-image-1034\" alt=\"\" srcset=\"https:\/\/sites.ipleiria.pt\/pge\/files\/2019\/02\/imagem-brochura-mapeamento-geral-CN-1-214x300.png 214w, https:\/\/sites.ipleiria.pt\/pge\/files\/2019\/02\/imagem-brochura-mapeamento-geral-CN-1.png 401w\" sizes=\"(max-width: 214px) 100vw, 214px\" \/>\t\t\t\t\t\t\t\t<\/a>\n\t\t\t\t\t\t\t\t\t\t\t\t\t\t\t<\/div>\n\t\t\t\t<\/div>\n\t\t\t\t<\/div>\n\t\t\t\t<\/div>\n\t\t<div class=\"elementor-element elementor-element-b80e8e0 e-con-full e-flex e-con e-child\" data-id=\"b80e8e0\" data-element_type=\"container\">\n\t\t\t\t<div class=\"elementor-element elementor-element-d81e5d1 elementor-widget elementor-widget-text-editor\" data-id=\"d81e5d1\" data-element_type=\"widget\" data-widget_type=\"text-editor.default\">\n\t\t\t\t<div class=\"elementor-widget-container\">\n\t\t\t\t\t\t\t\t\t<p>Este texto inaugura uma cole\u00e7\u00e3o de brochuras dedicadas aos g\u00e9neros das Ci\u00eancias Naturais. A brochura introduz o conceito de \u201cg\u00e9nero\u201d e discute o papel da l\u00edngua na Did\u00e1tica das Ci\u00eancias. Apresenta 11\u00a0g\u00e9neros que ocorrem com frequ\u00eancia em manuais do 2.\u00ba e 3.\u00ba ciclos do EB. Para cada g\u00e9nero, inclui uma caracteriza\u00e7\u00e3o sum\u00e1ria e um exemplo textual.<\/p>\t\t\t\t\t\t\t\t<\/div>\n\t\t\t\t<\/div>\n\t\t\t\t<\/div>\n\t\t\t\t\t<\/div>\n\t\t\t\t<\/div>\n\t\t<div class=\"elementor-element elementor-element-e37a422 e-grid e-con-boxed e-con e-parent\" data-id=\"e37a422\" data-element_type=\"container\">\n\t\t\t\t\t<div class=\"e-con-inner\">\n\t\t\t\t<div class=\"elementor-element elementor-element-327db69 elementor-widget elementor-widget-text-editor\" data-id=\"327db69\" data-element_type=\"widget\" data-widget_type=\"text-editor.default\">\n\t\t\t\t<div class=\"elementor-widget-container\">\n\t\t\t\t\t\t\t\t\t<p>A Explica\u00e7\u00e3o Sequencial \u00e9 um g\u00e9nero muito comum nos manuais de Ci\u00eancias Naturais. Permite explicar o funcionamento de fen\u00f3menos naturais, como a fotoss\u00edntese, o ciclo da \u00e1gua ou a reprodu\u00e7\u00e3o animal. O g\u00e9nero representa os fen\u00f3menos como sequ\u00eancias de eventos, articulados entre si por nexos temporais e causais.<\/p><p>A brochura\u00a0discute a estrutura definidora da Explica\u00e7\u00e3o Sequencial, bem como os seus principais padr\u00f5es gramaticais e lexicais. Inclui exemplos comentados de textos de manuais.<\/p>\t\t\t\t\t\t\t\t<\/div>\n\t\t\t\t<\/div>\n\t\t<div class=\"elementor-element elementor-element-856f18c e-con-full e-flex e-con e-child\" data-id=\"856f18c\" data-element_type=\"container\">\n\t\t\t\t<div class=\"elementor-element elementor-element-dc66a29 elementor-widget elementor-widget-heading\" data-id=\"dc66a29\" data-element_type=\"widget\" data-widget_type=\"heading.default\">\n\t\t\t\t<div class=\"elementor-widget-container\">\n\t\t\t\t\t<h2 class=\"elementor-heading-title elementor-size-default\">2. Explica\u00e7\u00e3o Sequencial<\/h2>\t\t\t\t<\/div>\n\t\t\t\t<\/div>\n\t\t<div class=\"elementor-element elementor-element-c8634d6 e-con-full e-flex e-con e-child\" data-id=\"c8634d6\" data-element_type=\"container\">\n\t\t\t\t<div class=\"elementor-element elementor-element-90c02ba elementor-widget elementor-widget-image\" data-id=\"90c02ba\" data-element_type=\"widget\" data-widget_type=\"image.default\">\n\t\t\t\t<div class=\"elementor-widget-container\">\n\t\t\t\t\t\t\t\t\t\t\t\t\t\t\t\t<a href=\"https:\/\/sites.ipleiria.pt\/gdip\/files\/2019\/02\/Explicacao-Sequencial.pdf\">\n\t\t\t\t\t\t\t<img decoding=\"async\" width=\"214\" height=\"300\" src=\"https:\/\/sites.ipleiria.pt\/pge\/files\/2019\/02\/imagem-brochura-explicacao-sequencial-CN-1-214x300.png\" class=\"attachment-medium size-medium wp-image-1044\" alt=\"\" srcset=\"https:\/\/sites.ipleiria.pt\/pge\/files\/2019\/02\/imagem-brochura-explicacao-sequencial-CN-1-214x300.png 214w, https:\/\/sites.ipleiria.pt\/pge\/files\/2019\/02\/imagem-brochura-explicacao-sequencial-CN-1.png 399w\" sizes=\"(max-width: 214px) 100vw, 214px\" \/>\t\t\t\t\t\t\t\t<\/a>\n\t\t\t\t\t\t\t\t\t\t\t\t\t\t\t<\/div>\n\t\t\t\t<\/div>\n\t\t\t\t<\/div>\n\t\t\t\t<\/div>\n\t\t\t\t\t<\/div>\n\t\t\t\t<\/div>\n\t\t<div class=\"elementor-element elementor-element-ac65322 e-grid e-con-boxed e-con e-parent\" data-id=\"ac65322\" data-element_type=\"container\">\n\t\t\t\t\t<div class=\"e-con-inner\">\n\t\t<div class=\"elementor-element elementor-element-c4971e9 e-con-full e-flex e-con e-child\" data-id=\"c4971e9\" data-element_type=\"container\">\n\t\t\t\t<div class=\"elementor-element elementor-element-cb691d4 elementor-widget elementor-widget-heading\" data-id=\"cb691d4\" data-element_type=\"widget\" data-widget_type=\"heading.default\">\n\t\t\t\t<div class=\"elementor-widget-container\">\n\t\t\t\t\t<h2 class=\"elementor-heading-title elementor-size-default\">3. Relat\u00f3rio Composicional<\/h2>\t\t\t\t<\/div>\n\t\t\t\t<\/div>\n\t\t<div class=\"elementor-element elementor-element-a4b71f5 e-con-full e-flex e-con e-child\" data-id=\"a4b71f5\" data-element_type=\"container\">\n\t\t\t\t<div class=\"elementor-element elementor-element-f956bd2 elementor-widget elementor-widget-image\" data-id=\"f956bd2\" data-element_type=\"widget\" data-widget_type=\"image.default\">\n\t\t\t\t<div class=\"elementor-widget-container\">\n\t\t\t\t\t\t\t\t\t\t\t\t\t\t\t\t<a href=\"https:\/\/sites.ipleiria.pt\/gdip\/files\/2019\/02\/Explicacao-Sequencial.pdf\">\n\t\t\t\t\t\t\t<img decoding=\"async\" width=\"213\" height=\"300\" src=\"https:\/\/sites.ipleiria.pt\/pge\/files\/2019\/02\/imagem-brochura-relatorio-composicional-CN-213x300.png\" class=\"attachment-medium size-medium wp-image-1041\" alt=\"\" srcset=\"https:\/\/sites.ipleiria.pt\/pge\/files\/2019\/02\/imagem-brochura-relatorio-composicional-CN-213x300.png 213w, https:\/\/sites.ipleiria.pt\/pge\/files\/2019\/02\/imagem-brochura-relatorio-composicional-CN.png 400w\" sizes=\"(max-width: 213px) 100vw, 213px\" \/>\t\t\t\t\t\t\t\t<\/a>\n\t\t\t\t\t\t\t\t\t\t\t\t\t\t\t<\/div>\n\t\t\t\t<\/div>\n\t\t\t\t<\/div>\n\t\t\t\t<\/div>\n\t\t<div class=\"elementor-element elementor-element-abc025e e-con-full e-flex e-con e-child\" data-id=\"abc025e\" data-element_type=\"container\">\n\t\t\t\t<div class=\"elementor-element elementor-element-12947c8 elementor-widget elementor-widget-text-editor\" data-id=\"12947c8\" data-element_type=\"widget\" data-widget_type=\"text-editor.default\">\n\t\t\t\t<div class=\"elementor-widget-container\">\n\t\t\t\t\t\t\t\t\t<p>O Relat\u00f3rio Composicional desempenha um papel fundamental nos manuais de Ci\u00eancias Naturais, sendo utilizado para identificar e descrever a constitui\u00e7\u00e3o de entidades, sejam elas animais, plantas, estruturas terrestres ou equipamentos cient\u00edficos.<\/p><p>A brochura discute a import\u00e2ncia do Relat\u00f3rio Composicional na constru\u00e7\u00e3o e transmiss\u00e3o do conhecimento cient\u00edfico. Identifica as principais etapas e fases deste g\u00e9nero, bem como os seus padr\u00f5es gramaticais e lexicais. Inclui exemplos de textos de manuais.<\/p>\t\t\t\t\t\t\t\t<\/div>\n\t\t\t\t<\/div>\n\t\t\t\t<\/div>\n\t\t\t\t\t<\/div>\n\t\t\t\t<\/div>\n\t\t<div class=\"elementor-element elementor-element-b9ac627 e-grid e-con-boxed e-con e-parent\" data-id=\"b9ac627\" data-element_type=\"container\">\n\t\t\t\t\t<div class=\"e-con-inner\">\n\t\t\t\t<div class=\"elementor-element elementor-element-957fc42 elementor-widget elementor-widget-text-editor\" data-id=\"957fc42\" data-element_type=\"widget\" data-widget_type=\"text-editor.default\">\n\t\t\t\t<div class=\"elementor-widget-container\">\n\t\t\t\t\t\t\t\t\t<p>Esta brochura foca um terceiro g\u00e9nero essencial \u00e0 Did\u00e1tica das Ci\u00eancias: o Relat\u00f3rio Classificativo. Este g\u00e9nero tem como finalidade introduzir um sistema de classifica\u00e7\u00e3o e descrever os v\u00e1rios tipos e subtipos que o integram. A classifica\u00e7\u00e3o pode incidir sobre uma diversidade de fen\u00f3menos naturais, como animais, plantas, rochas, doen\u00e7as, entre outros. A brochura oferece uma caracteriza\u00e7\u00e3o detalhada do Relat\u00f3rio Classificativo em termos da sua fun\u00e7\u00e3o, estrutura textual e padr\u00f5es gramaticais e lexicais.<\/p><p>NOTA:\u00a0A brochura encontra-se em prepara\u00e7\u00e3o. Poder\u00e1 aceder a uma apresenta\u00e7\u00e3o sobre os textos classificativos<\/p>\t\t\t\t\t\t\t\t<\/div>\n\t\t\t\t<\/div>\n\t\t<div class=\"elementor-element elementor-element-bb06eb2 e-con-full e-flex e-con e-child\" data-id=\"bb06eb2\" data-element_type=\"container\">\n\t\t\t\t<div class=\"elementor-element elementor-element-f15561b elementor-widget elementor-widget-heading\" data-id=\"f15561b\" data-element_type=\"widget\" data-widget_type=\"heading.default\">\n\t\t\t\t<div class=\"elementor-widget-container\">\n\t\t\t\t\t<h2 class=\"elementor-heading-title elementor-size-default\">4. Relat\u00f3rio Classificativo<\/h2>\t\t\t\t<\/div>\n\t\t\t\t<\/div>\n\t\t<div class=\"elementor-element elementor-element-54ba203 e-con-full e-flex e-con e-child\" data-id=\"54ba203\" data-element_type=\"container\">\n\t\t\t\t<div class=\"elementor-element elementor-element-3f0bd93 elementor-widget elementor-widget-image\" data-id=\"3f0bd93\" data-element_type=\"widget\" data-widget_type=\"image.default\">\n\t\t\t\t<div class=\"elementor-widget-container\">\n\t\t\t\t\t\t\t\t\t\t\t\t\t\t\t\t<a href=\"https:\/\/sites.ipleiria.pt\/gdip\/files\/2017\/10\/Caels-Quaresma-e-Barbeiro_2017.pdf\">\n\t\t\t\t\t\t\t<img loading=\"lazy\" decoding=\"async\" width=\"213\" height=\"300\" src=\"https:\/\/sites.ipleiria.pt\/pge\/files\/2019\/02\/imagem-brochura-relatorio-classificativo-CN-213x300.png\" class=\"attachment-medium size-medium wp-image-1049\" alt=\"\" srcset=\"https:\/\/sites.ipleiria.pt\/pge\/files\/2019\/02\/imagem-brochura-relatorio-classificativo-CN-213x300.png 213w, https:\/\/sites.ipleiria.pt\/pge\/files\/2019\/02\/imagem-brochura-relatorio-classificativo-CN.png 398w\" sizes=\"(max-width: 213px) 100vw, 213px\" \/>\t\t\t\t\t\t\t\t<\/a>\n\t\t\t\t\t\t\t\t\t\t\t\t\t\t\t<\/div>\n\t\t\t\t<\/div>\n\t\t\t\t<\/div>\n\t\t\t\t<\/div>\n\t\t\t\t\t<\/div>\n\t\t\t\t<\/div>\n\t\t<div class=\"elementor-element elementor-element-ca9e888 e-grid e-con-boxed e-con e-parent\" data-id=\"ca9e888\" data-element_type=\"container\">\n\t\t\t\t\t<div class=\"e-con-inner\">\n\t\t<div class=\"elementor-element elementor-element-8114767 e-con-full e-flex e-con e-child\" data-id=\"8114767\" data-element_type=\"container\">\n\t\t\t\t<div class=\"elementor-element elementor-element-ea126b4 elementor-widget elementor-widget-heading\" data-id=\"ea126b4\" data-element_type=\"widget\" data-widget_type=\"heading.default\">\n\t\t\t\t<div class=\"elementor-widget-container\">\n\t\t\t\t\t<h2 class=\"elementor-heading-title elementor-size-default\">5. G\u00e9neros Procedimentais<\/h2>\t\t\t\t<\/div>\n\t\t\t\t<\/div>\n\t\t<div class=\"elementor-element elementor-element-ba0881a e-con-full e-flex e-con e-child\" data-id=\"ba0881a\" data-element_type=\"container\">\n\t\t\t\t<div class=\"elementor-element elementor-element-ca0cfb3 elementor-widget elementor-widget-image\" data-id=\"ca0cfb3\" data-element_type=\"widget\" data-widget_type=\"image.default\">\n\t\t\t\t<div class=\"elementor-widget-container\">\n\t\t\t\t\t\t\t\t\t\t\t\t\t\t\t\t<a href=\"https:\/\/sites.ipleiria.pt\/gdip\/files\/2020\/01\/Brochura-generos-procedimentais_portal.pdf\">\n\t\t\t\t\t\t\t<img loading=\"lazy\" decoding=\"async\" width=\"211\" height=\"300\" src=\"https:\/\/sites.ipleiria.pt\/pge\/files\/2019\/02\/imagem-brochura-generos-procedimentais-CN-211x300.png\" class=\"attachment-medium size-medium wp-image-1052\" alt=\"\" srcset=\"https:\/\/sites.ipleiria.pt\/pge\/files\/2019\/02\/imagem-brochura-generos-procedimentais-CN-211x300.png 211w, https:\/\/sites.ipleiria.pt\/pge\/files\/2019\/02\/imagem-brochura-generos-procedimentais-CN.png 396w\" sizes=\"(max-width: 211px) 100vw, 211px\" \/>\t\t\t\t\t\t\t\t<\/a>\n\t\t\t\t\t\t\t\t\t\t\t\t\t\t\t<\/div>\n\t\t\t\t<\/div>\n\t\t\t\t<\/div>\n\t\t\t\t<\/div>\n\t\t<div class=\"elementor-element elementor-element-daa8193 e-con-full e-flex e-con e-child\" data-id=\"daa8193\" data-element_type=\"container\">\n\t\t\t\t<div class=\"elementor-element elementor-element-c14055c elementor-widget elementor-widget-text-editor\" data-id=\"c14055c\" data-element_type=\"widget\" data-widget_type=\"text-editor.default\">\n\t\t\t\t<div class=\"elementor-widget-container\">\n\t\t\t\t\t\t\t\t\t<p>A realiza\u00e7\u00e3o de experi\u00eancias e visitas de campo constitui uma componente fundamental do ensino das Ci\u00eancias. Esta brochura apresenta 2 g\u00e9neros que viabilizam, orientam e registam o resultado de tais atividades pr\u00e1ticas: a Instru\u00e7\u00e3o e o Relato de Procedimento. Para cada g\u00e9nero, \u00e9 feita uma caracteriza\u00e7\u00e3o \u00e0 luz da sua fun\u00e7\u00e3o, estrutura e padr\u00f5es lexicogramaticais. Inclui exemplos de textos de manuais escolares.<\/p><div>\u00a0<\/div>\t\t\t\t\t\t\t\t<\/div>\n\t\t\t\t<\/div>\n\t\t\t\t<\/div>\n\t\t\t\t\t<\/div>\n\t\t\t\t<\/div>\n\t\t<div class=\"elementor-element elementor-element-ac2eae2 e-flex e-con-boxed e-con e-parent\" data-id=\"ac2eae2\" data-element_type=\"container\">\n\t\t\t\t\t<div class=\"e-con-inner\">\n\t\t\t\t<div class=\"elementor-element elementor-element-6bd038d elementor-widget elementor-widget-text-editor\" data-id=\"6bd038d\" data-element_type=\"widget\" data-widget_type=\"text-editor.default\">\n\t\t\t\t<div class=\"elementor-widget-container\">\n\t\t\t\t\t\t\t\t\t<p><a href=\"http:\/\/sites.ipleiria.pt\/pge\/recursos\/\"><span style=\"color: #ff0000\"><strong>\u21d0\u00a0<\/strong><\/span>(voltar \u00e0 p\u00e1gina Recursos)<\/a><\/p>\t\t\t\t\t\t\t\t<\/div>\n\t\t\t\t<\/div>\n\t\t\t\t\t<\/div>\n\t\t\t\t<\/div>\n\t\t\t\t<\/div>\n\t\t","protected":false},"excerpt":{"rendered":"<p>A l\u00edngua e o conhecimento cient\u00edfico s\u00e3o indissoci\u00e1veis. Os alunos adquirem e exprimem grande parte dos conte\u00fados program\u00e1ticos por via da l\u00edngua (a par de outras modalidades comunicativas, como as imagens ou os gestos). As especificidades lingu\u00edsticas das Ci\u00eancias Naturais s\u00e3o variadas e complexas. Envolvem os termos t\u00e9cnicos, mas n\u00e3o s\u00f3! As Ci\u00eancias Naturais t\u00eam&hellip;&nbsp;<a href=\"https:\/\/sites.ipleiria.pt\/pge\/recursos\/ciencias-naturais\/\" rel=\"bookmark\">Ler mais &raquo;<span class=\"screen-reader-text\">Ci\u00eancias Naturais<\/span><\/a><\/p>\n","protected":false},"author":5904,"featured_media":0,"parent":2355,"menu_order":1,"comment_status":"closed","ping_status":"closed","template":"","meta":{"om_disable_all_campaigns":false,"_monsterinsights_skip_tracking":false,"_monsterinsights_sitenote_active":false,"_monsterinsights_sitenote_note":"","_monsterinsights_sitenote_category":0,"neve_meta_sidebar":"","neve_meta_container":"","neve_meta_enable_content_width":"","neve_meta_content_width":0,"neve_meta_title_alignment":"","neve_meta_author_avatar":"","neve_post_elements_order":"","neve_meta_disable_header":"","neve_meta_disable_footer":"","neve_meta_disable_title":"","footnotes":""},"class_list":["post-26","page","type-page","status-publish","hentry"],"aioseo_notices":[],"_links":{"self":[{"href":"https:\/\/sites.ipleiria.pt\/pge\/wp-json\/wp\/v2\/pages\/26","targetHints":{"allow":["GET"]}}],"collection":[{"href":"https:\/\/sites.ipleiria.pt\/pge\/wp-json\/wp\/v2\/pages"}],"about":[{"href":"https:\/\/sites.ipleiria.pt\/pge\/wp-json\/wp\/v2\/types\/page"}],"author":[{"embeddable":true,"href":"https:\/\/sites.ipleiria.pt\/pge\/wp-json\/wp\/v2\/users\/5904"}],"replies":[{"embeddable":true,"href":"https:\/\/sites.ipleiria.pt\/pge\/wp-json\/wp\/v2\/comments?post=26"}],"version-history":[{"count":7,"href":"https:\/\/sites.ipleiria.pt\/pge\/wp-json\/wp\/v2\/pages\/26\/revisions"}],"predecessor-version":[{"id":3011,"href":"https:\/\/sites.ipleiria.pt\/pge\/wp-json\/wp\/v2\/pages\/26\/revisions\/3011"}],"up":[{"embeddable":true,"href":"https:\/\/sites.ipleiria.pt\/pge\/wp-json\/wp\/v2\/pages\/2355"}],"wp:attachment":[{"href":"https:\/\/sites.ipleiria.pt\/pge\/wp-json\/wp\/v2\/media?parent=26"}],"curies":[{"name":"wp","href":"https:\/\/api.w.org\/{rel}","templated":true}]}}