{"id":2617,"date":"2024-11-07T22:17:28","date_gmt":"2024-11-07T22:17:28","guid":{"rendered":"https:\/\/sites.ipleiria.pt\/gdip\/?page_id=2617"},"modified":"2025-06-23T14:18:22","modified_gmt":"2025-06-23T14:18:22","slug":"glossarios","status":"publish","type":"page","link":"https:\/\/sites.ipleiria.pt\/pge\/glossarios\/","title":{"rendered":"Gloss\u00e1rios"},"content":{"rendered":"\t\t<div data-elementor-type=\"wp-page\" data-elementor-id=\"2617\" class=\"elementor elementor-2617\">\n\t\t\t\t<div class=\"elementor-element elementor-element-f845d10 e-flex e-con-boxed e-con e-parent\" data-id=\"f845d10\" data-element_type=\"container\">\n\t\t\t\t\t<div class=\"e-con-inner\">\n\t\t\t\t<div class=\"elementor-element elementor-element-2c7e625 elementor-widget-divider--view-line elementor-widget elementor-widget-divider\" data-id=\"2c7e625\" data-element_type=\"widget\" data-widget_type=\"divider.default\">\n\t\t\t\t<div class=\"elementor-widget-container\">\n\t\t\t\t\t\t\t<div class=\"elementor-divider\">\n\t\t\t<span class=\"elementor-divider-separator\">\n\t\t\t\t\t\t<\/span>\n\t\t<\/div>\n\t\t\t\t\t\t<\/div>\n\t\t\t\t<\/div>\n\t\t\t\t\t<\/div>\n\t\t\t\t<\/div>\n\t\t<div class=\"elementor-element elementor-element-041ae8d e-flex e-con-boxed e-con e-parent\" data-id=\"041ae8d\" data-element_type=\"container\">\n\t\t\t\t\t<div class=\"e-con-inner\">\n\t\t<div class=\"elementor-element elementor-element-fb10107 e-con-full e-flex e-con e-child\" data-id=\"fb10107\" data-element_type=\"container\">\n\t\t\t\t<div class=\"elementor-element elementor-element-0f5e23e elementor-widget elementor-widget-image\" data-id=\"0f5e23e\" data-element_type=\"widget\" data-widget_type=\"image.default\">\n\t\t\t\t<div class=\"elementor-widget-container\">\n\t\t\t\t\t\t\t\t\t\t\t\t\t\t\t<img fetchpriority=\"high\" decoding=\"async\" width=\"866\" height=\"172\" src=\"https:\/\/sites.ipleiria.pt\/pge\/files\/2024\/12\/grafismos-site-3-27.png\" class=\"attachment-large size-large wp-image-3046\" alt=\"\" srcset=\"https:\/\/sites.ipleiria.pt\/pge\/files\/2024\/12\/grafismos-site-3-27.png 866w, https:\/\/sites.ipleiria.pt\/pge\/files\/2024\/12\/grafismos-site-3-27-300x60.png 300w, https:\/\/sites.ipleiria.pt\/pge\/files\/2024\/12\/grafismos-site-3-27-768x153.png 768w\" sizes=\"(max-width: 866px) 100vw, 866px\" \/>\t\t\t\t\t\t\t\t\t\t\t\t\t\t\t<\/div>\n\t\t\t\t<\/div>\n\t\t\t\t<\/div>\n\t\t\t\t<div class=\"elementor-element elementor-element-b4ec308 elementor-widget elementor-widget-heading\" data-id=\"b4ec308\" data-element_type=\"widget\" data-widget_type=\"heading.default\">\n\t\t\t\t<div class=\"elementor-widget-container\">\n\t\t\t\t\t<h2 class=\"elementor-heading-title elementor-size-default\">Gloss\u00e1rios<\/h2>\t\t\t\t<\/div>\n\t\t\t\t<\/div>\n\t\t\t\t\t<\/div>\n\t\t\t\t<\/div>\n\t\t<div class=\"elementor-element elementor-element-ea4c60f e-flex e-con-boxed e-con e-parent\" data-id=\"ea4c60f\" data-element_type=\"container\">\n\t\t\t\t\t<div class=\"e-con-inner\">\n\t\t\t\t<div class=\"elementor-element elementor-element-00ba578 elementor-widget elementor-widget-text-editor\" data-id=\"00ba578\" data-element_type=\"widget\" data-widget_type=\"text-editor.default\">\n\t\t\t\t<div class=\"elementor-widget-container\">\n\t\t\t\t\t\t\t\t\t<p><span data-olk-copy-source=\"MessageBody\">Este espa\u00e7o disponibiliza gloss\u00e1rios destinados a apoiar a forma\u00e7\u00e3o e a aprendizagem dos g\u00e9neros em contexto escolar e acad\u00e9mico.<\/span><\/p>\t\t\t\t\t\t\t\t<\/div>\n\t\t\t\t<\/div>\n\t\t\t\t\t<\/div>\n\t\t\t\t<\/div>\n\t\t<div class=\"elementor-element elementor-element-e656d1b e-grid e-con-boxed e-con e-parent\" data-id=\"e656d1b\" data-element_type=\"container\">\n\t\t\t\t\t<div class=\"e-con-inner\">\n\t\t<div class=\"elementor-element elementor-element-fe104dc e-con-full e-flex e-con e-child\" data-id=\"fe104dc\" data-element_type=\"container\">\n\t\t\t\t<div class=\"elementor-element elementor-element-b4424d5 elementor-widget elementor-widget-image\" data-id=\"b4424d5\" data-element_type=\"widget\" data-widget_type=\"image.default\">\n\t\t\t\t<div class=\"elementor-widget-container\">\n\t\t\t\t\t\t\t\t\t\t\t\t\t\t\t\t<a href=\"https:\/\/sites.ipleiria.pt\/pge\/conceitos\/\">\n\t\t\t\t\t\t\t<img decoding=\"async\" width=\"500\" height=\"500\" src=\"https:\/\/sites.ipleiria.pt\/pge\/files\/2024\/11\/mais-grafismos-site_Prancheta-1-02.png\" class=\"attachment-large size-large wp-image-2843\" alt=\"\" srcset=\"https:\/\/sites.ipleiria.pt\/pge\/files\/2024\/11\/mais-grafismos-site_Prancheta-1-02.png 500w, https:\/\/sites.ipleiria.pt\/pge\/files\/2024\/11\/mais-grafismos-site_Prancheta-1-02-300x300.png 300w, https:\/\/sites.ipleiria.pt\/pge\/files\/2024\/11\/mais-grafismos-site_Prancheta-1-02-150x150.png 150w\" sizes=\"(max-width: 500px) 100vw, 500px\" \/>\t\t\t\t\t\t\t\t<\/a>\n\t\t\t\t\t\t\t\t\t\t\t\t\t\t\t<\/div>\n\t\t\t\t<\/div>\n\t\t\t\t<div class=\"elementor-element elementor-element-3a36bce elementor-widget elementor-widget-heading\" data-id=\"3a36bce\" data-element_type=\"widget\" data-widget_type=\"heading.default\">\n\t\t\t\t<div class=\"elementor-widget-container\">\n\t\t\t\t\t<h2 class=\"elementor-heading-title elementor-size-default\"><a href=\"https:\/\/sites.ipleiria.pt\/pge\/conceitos\/\">Conceitos<\/a><\/h2>\t\t\t\t<\/div>\n\t\t\t\t<\/div>\n\t\t\t\t<\/div>\n\t\t<div class=\"elementor-element elementor-element-a4b7465 e-con-full e-flex e-con e-child\" data-id=\"a4b7465\" data-element_type=\"container\">\n\t\t\t\t<div class=\"elementor-element elementor-element-5344c39 elementor-widget elementor-widget-image\" data-id=\"5344c39\" data-element_type=\"widget\" data-widget_type=\"image.default\">\n\t\t\t\t<div class=\"elementor-widget-container\">\n\t\t\t\t\t\t\t\t\t\t\t\t\t\t\t\t<a href=\"https:\/\/sites.ipleiria.pt\/pge\/generos\/\">\n\t\t\t\t\t\t\t<img decoding=\"async\" width=\"500\" height=\"500\" src=\"https:\/\/sites.ipleiria.pt\/pge\/files\/2024\/11\/mais-grafismos-site_Prancheta-1-04.png\" class=\"attachment-large size-large wp-image-2845\" alt=\"\" srcset=\"https:\/\/sites.ipleiria.pt\/pge\/files\/2024\/11\/mais-grafismos-site_Prancheta-1-04.png 500w, https:\/\/sites.ipleiria.pt\/pge\/files\/2024\/11\/mais-grafismos-site_Prancheta-1-04-300x300.png 300w, https:\/\/sites.ipleiria.pt\/pge\/files\/2024\/11\/mais-grafismos-site_Prancheta-1-04-150x150.png 150w\" sizes=\"(max-width: 500px) 100vw, 500px\" \/>\t\t\t\t\t\t\t\t<\/a>\n\t\t\t\t\t\t\t\t\t\t\t\t\t\t\t<\/div>\n\t\t\t\t<\/div>\n\t\t\t\t<div class=\"elementor-element elementor-element-f4ee280 elementor-widget elementor-widget-heading\" data-id=\"f4ee280\" data-element_type=\"widget\" data-widget_type=\"heading.default\">\n\t\t\t\t<div class=\"elementor-widget-container\">\n\t\t\t\t\t<h2 class=\"elementor-heading-title elementor-size-default\"><a href=\"https:\/\/sites.ipleiria.pt\/pge\/generos\/\">G\u00e9neros<\/a><\/h2>\t\t\t\t<\/div>\n\t\t\t\t<\/div>\n\t\t\t\t<\/div>\n\t\t<div class=\"elementor-element elementor-element-96e9806 e-con-full e-flex e-con e-child\" data-id=\"96e9806\" data-element_type=\"container\">\n\t\t\t\t<div class=\"elementor-element elementor-element-850dd7c elementor-widget elementor-widget-image\" data-id=\"850dd7c\" data-element_type=\"widget\" data-widget_type=\"image.default\">\n\t\t\t\t<div class=\"elementor-widget-container\">\n\t\t\t\t\t\t\t\t\t\t\t\t\t\t\t\t<a href=\"https:\/\/sites.ipleiria.pt\/pge\/tipos-de-textos\/\">\n\t\t\t\t\t\t\t<img loading=\"lazy\" decoding=\"async\" width=\"500\" height=\"500\" src=\"https:\/\/sites.ipleiria.pt\/pge\/files\/2024\/11\/mais-grafismos-site_Prancheta-1-05.png\" class=\"attachment-large size-large wp-image-2846\" alt=\"\" srcset=\"https:\/\/sites.ipleiria.pt\/pge\/files\/2024\/11\/mais-grafismos-site_Prancheta-1-05.png 500w, https:\/\/sites.ipleiria.pt\/pge\/files\/2024\/11\/mais-grafismos-site_Prancheta-1-05-300x300.png 300w, https:\/\/sites.ipleiria.pt\/pge\/files\/2024\/11\/mais-grafismos-site_Prancheta-1-05-150x150.png 150w\" sizes=\"(max-width: 500px) 100vw, 500px\" \/>\t\t\t\t\t\t\t\t<\/a>\n\t\t\t\t\t\t\t\t\t\t\t\t\t\t\t<\/div>\n\t\t\t\t<\/div>\n\t\t\t\t<div class=\"elementor-element elementor-element-e2e90de elementor-widget elementor-widget-heading\" data-id=\"e2e90de\" data-element_type=\"widget\" data-widget_type=\"heading.default\">\n\t\t\t\t<div class=\"elementor-widget-container\">\n\t\t\t\t\t<h2 class=\"elementor-heading-title elementor-size-default\"><a href=\"https:\/\/sites.ipleiria.pt\/pge\/tipos-de-textos\/\">Tipos de <br>Textos<\/a><\/h2>\t\t\t\t<\/div>\n\t\t\t\t<\/div>\n\t\t\t\t<\/div>\n\t\t\t\t\t<\/div>\n\t\t\t\t<\/div>\n\t\t<div class=\"elementor-element elementor-element-c826dbe e-flex e-con-boxed e-con e-parent\" data-id=\"c826dbe\" data-element_type=\"container\">\n\t\t\t\t\t<div class=\"e-con-inner\">\n\t\t\t\t<div class=\"elementor-element elementor-element-d033b4d elementor-widget elementor-widget-image\" data-id=\"d033b4d\" data-element_type=\"widget\" data-widget_type=\"image.default\">\n\t\t\t\t<div class=\"elementor-widget-container\">\n\t\t\t\t\t\t\t\t\t\t\t\t\t\t\t<img loading=\"lazy\" decoding=\"async\" width=\"866\" height=\"172\" src=\"https:\/\/sites.ipleiria.pt\/pge\/files\/2024\/12\/grafismos-site-3-28.png\" class=\"attachment-large size-large wp-image-3047\" alt=\"\" srcset=\"https:\/\/sites.ipleiria.pt\/pge\/files\/2024\/12\/grafismos-site-3-28.png 866w, https:\/\/sites.ipleiria.pt\/pge\/files\/2024\/12\/grafismos-site-3-28-300x60.png 300w, https:\/\/sites.ipleiria.pt\/pge\/files\/2024\/12\/grafismos-site-3-28-768x153.png 768w\" sizes=\"(max-width: 866px) 100vw, 866px\" \/>\t\t\t\t\t\t\t\t\t\t\t\t\t\t\t<\/div>\n\t\t\t\t<\/div>\n\t\t\t\t\t<\/div>\n\t\t\t\t<\/div>\n\t\t\t\t<\/div>\n\t\t","protected":false},"excerpt":{"rendered":"<p>Gloss\u00e1rios Este espa\u00e7o disponibiliza gloss\u00e1rios destinados a apoiar a forma\u00e7\u00e3o e a aprendizagem dos g\u00e9neros em contexto escolar e acad\u00e9mico. Conceitos G\u00e9neros Tipos de Textos<\/p>\n","protected":false},"author":5904,"featured_media":0,"parent":0,"menu_order":0,"comment_status":"closed","ping_status":"closed","template":"page-templates\/template-pagebuilder-full-width.php","meta":{"om_disable_all_campaigns":false,"_monsterinsights_skip_tracking":false,"_monsterinsights_sitenote_active":false,"_monsterinsights_sitenote_note":"","_monsterinsights_sitenote_category":0,"neve_meta_sidebar":"","neve_meta_container":"","neve_meta_enable_content_width":"","neve_meta_content_width":0,"neve_meta_title_alignment":"","neve_meta_author_avatar":"","neve_post_elements_order":"","neve_meta_disable_header":"","neve_meta_disable_footer":"","neve_meta_disable_title":"","footnotes":""},"class_list":["post-2617","page","type-page","status-publish","hentry"],"aioseo_notices":[],"_links":{"self":[{"href":"https:\/\/sites.ipleiria.pt\/pge\/wp-json\/wp\/v2\/pages\/2617","targetHints":{"allow":["GET"]}}],"collection":[{"href":"https:\/\/sites.ipleiria.pt\/pge\/wp-json\/wp\/v2\/pages"}],"about":[{"href":"https:\/\/sites.ipleiria.pt\/pge\/wp-json\/wp\/v2\/types\/page"}],"author":[{"embeddable":true,"href":"https:\/\/sites.ipleiria.pt\/pge\/wp-json\/wp\/v2\/users\/5904"}],"replies":[{"embeddable":true,"href":"https:\/\/sites.ipleiria.pt\/pge\/wp-json\/wp\/v2\/comments?post=2617"}],"version-history":[{"count":98,"href":"https:\/\/sites.ipleiria.pt\/pge\/wp-json\/wp\/v2\/pages\/2617\/revisions"}],"predecessor-version":[{"id":4321,"href":"https:\/\/sites.ipleiria.pt\/pge\/wp-json\/wp\/v2\/pages\/2617\/revisions\/4321"}],"wp:attachment":[{"href":"https:\/\/sites.ipleiria.pt\/pge\/wp-json\/wp\/v2\/media?parent=2617"}],"curies":[{"name":"wp","href":"https:\/\/api.w.org\/{rel}","templated":true}]}}