{"id":2707,"date":"2024-11-18T10:37:06","date_gmt":"2024-11-18T10:37:06","guid":{"rendered":"https:\/\/sites.ipleiria.pt\/gdip\/?page_id=2707"},"modified":"2025-07-18T09:23:29","modified_gmt":"2025-07-18T09:23:29","slug":"contactos","status":"publish","type":"page","link":"https:\/\/sites.ipleiria.pt\/pge\/contactos\/","title":{"rendered":"Contactos"},"content":{"rendered":"\t\t<div data-elementor-type=\"wp-page\" data-elementor-id=\"2707\" class=\"elementor elementor-2707\">\n\t\t\t\t<div class=\"elementor-element elementor-element-8f8e338 e-flex e-con-boxed e-con e-parent\" data-id=\"8f8e338\" data-element_type=\"container\">\n\t\t\t\t\t<div class=\"e-con-inner\">\n\t\t\t\t<div class=\"elementor-element elementor-element-9c245dc elementor-widget-divider--view-line elementor-widget elementor-widget-divider\" data-id=\"9c245dc\" data-element_type=\"widget\" data-widget_type=\"divider.default\">\n\t\t\t\t<div class=\"elementor-widget-container\">\n\t\t\t\t\t\t\t<div class=\"elementor-divider\">\n\t\t\t<span class=\"elementor-divider-separator\">\n\t\t\t\t\t\t<\/span>\n\t\t<\/div>\n\t\t\t\t\t\t<\/div>\n\t\t\t\t<\/div>\n\t\t\t\t\t<\/div>\n\t\t\t\t<\/div>\n\t\t<div class=\"elementor-element elementor-element-74839e7 e-flex e-con-boxed e-con e-parent\" data-id=\"74839e7\" data-element_type=\"container\">\n\t\t\t\t\t<div class=\"e-con-inner\">\n\t\t<div class=\"elementor-element elementor-element-1847afb e-con-full e-flex e-con e-child\" data-id=\"1847afb\" data-element_type=\"container\">\n\t\t\t\t<div class=\"elementor-element elementor-element-17fcc4f elementor-widget elementor-widget-image\" data-id=\"17fcc4f\" data-element_type=\"widget\" data-widget_type=\"image.default\">\n\t\t\t\t<div class=\"elementor-widget-container\">\n\t\t\t\t\t\t\t\t\t\t\t\t\t\t\t<img fetchpriority=\"high\" decoding=\"async\" width=\"866\" height=\"172\" src=\"https:\/\/sites.ipleiria.pt\/pge\/files\/2024\/12\/grafismos-site-3-27.png\" class=\"attachment-large size-large wp-image-3046\" alt=\"\" srcset=\"https:\/\/sites.ipleiria.pt\/pge\/files\/2024\/12\/grafismos-site-3-27.png 866w, https:\/\/sites.ipleiria.pt\/pge\/files\/2024\/12\/grafismos-site-3-27-300x60.png 300w, https:\/\/sites.ipleiria.pt\/pge\/files\/2024\/12\/grafismos-site-3-27-768x153.png 768w\" sizes=\"(max-width: 866px) 100vw, 866px\" \/>\t\t\t\t\t\t\t\t\t\t\t\t\t\t\t<\/div>\n\t\t\t\t<\/div>\n\t\t\t\t<\/div>\n\t\t\t\t<div class=\"elementor-element elementor-element-dce9a7a elementor-widget elementor-widget-heading\" data-id=\"dce9a7a\" data-element_type=\"widget\" data-widget_type=\"heading.default\">\n\t\t\t\t<div class=\"elementor-widget-container\">\n\t\t\t\t\t<h2 class=\"elementor-heading-title elementor-size-default\">Contactos<\/h2>\t\t\t\t<\/div>\n\t\t\t\t<\/div>\n\t\t\t\t\t<\/div>\n\t\t\t\t<\/div>\n\t\t<div class=\"elementor-element elementor-element-3d30cbf8 e-flex e-con-boxed e-con e-parent\" data-id=\"3d30cbf8\" data-element_type=\"container\" data-settings=\"{&quot;background_background&quot;:&quot;classic&quot;}\">\n\t\t\t\t\t<div class=\"e-con-inner\">\n\t\t\t\t<div class=\"elementor-element elementor-element-7b870929 elementor-widget elementor-widget-image\" data-id=\"7b870929\" data-element_type=\"widget\" data-widget_type=\"image.default\">\n\t\t\t\t<div class=\"elementor-widget-container\">\n\t\t\t\t\t\t\t\t\t\t\t\t\t\t\t<img decoding=\"async\" width=\"300\" height=\"206\" src=\"https:\/\/sites.ipleiria.pt\/pge\/files\/2024\/11\/grafismos-site-dpda-300x206.png\" class=\"attachment-medium size-medium wp-image-2828\" alt=\"\" srcset=\"https:\/\/sites.ipleiria.pt\/pge\/files\/2024\/11\/grafismos-site-dpda-300x206.png 300w, https:\/\/sites.ipleiria.pt\/pge\/files\/2024\/11\/grafismos-site-dpda-1024x703.png 1024w, https:\/\/sites.ipleiria.pt\/pge\/files\/2024\/11\/grafismos-site-dpda-768x527.png 768w, https:\/\/sites.ipleiria.pt\/pge\/files\/2024\/11\/grafismos-site-dpda-1536x1055.png 1536w, https:\/\/sites.ipleiria.pt\/pge\/files\/2024\/11\/grafismos-site-dpda.png 1918w\" sizes=\"(max-width: 300px) 100vw, 300px\" \/>\t\t\t\t\t\t\t\t\t\t\t\t\t\t\t<\/div>\n\t\t\t\t<\/div>\n\t\t\t\t<div class=\"elementor-element elementor-element-30d09060 elementor-widget elementor-widget-heading\" data-id=\"30d09060\" data-element_type=\"widget\" data-widget_type=\"heading.default\">\n\t\t\t\t<div class=\"elementor-widget-container\">\n\t\t\t\t\t<h2 class=\"elementor-heading-title elementor-size-default\"><b>Investigador respons\u00e1vel pelo grupo de trabalho Discurso e Pr\u00e1ticas Discursivas Acad\u00e9micas<\/b><br>Paulo Nunes da Silva \/ paulo.silva@uab.pt<\/h2>\t\t\t\t<\/div>\n\t\t\t\t<\/div>\n\t\t\t\t\t<\/div>\n\t\t\t\t<\/div>\n\t\t<div class=\"elementor-element elementor-element-68e1735 e-grid e-con-boxed e-con e-parent\" data-id=\"68e1735\" data-element_type=\"container\">\n\t\t\t\t\t<div class=\"e-con-inner\">\n\t\t\t\t<div class=\"elementor-element elementor-element-4fa01f40 elementor-widget elementor-widget-image\" data-id=\"4fa01f40\" data-element_type=\"widget\" data-widget_type=\"image.default\">\n\t\t\t\t<div class=\"elementor-widget-container\">\n\t\t\t\t\t\t\t\t\t\t\t\t\t\t\t<img decoding=\"async\" width=\"824\" height=\"261\" src=\"https:\/\/sites.ipleiria.pt\/pge\/files\/2024\/11\/celga-iltec.png\" class=\"attachment-large size-large wp-image-2699\" alt=\"\" srcset=\"https:\/\/sites.ipleiria.pt\/pge\/files\/2024\/11\/celga-iltec.png 824w, https:\/\/sites.ipleiria.pt\/pge\/files\/2024\/11\/celga-iltec-300x95.png 300w, https:\/\/sites.ipleiria.pt\/pge\/files\/2024\/11\/celga-iltec-768x243.png 768w\" sizes=\"(max-width: 824px) 100vw, 824px\" \/>\t\t\t\t\t\t\t\t\t\t\t\t\t\t\t<\/div>\n\t\t\t\t<\/div>\n\t\t<div class=\"elementor-element elementor-element-47eae48 e-con-full e-flex e-con e-child\" data-id=\"47eae48\" data-element_type=\"container\">\n\t\t\t\t<div class=\"elementor-element elementor-element-250e76e5 elementor-widget elementor-widget-heading\" data-id=\"250e76e5\" data-element_type=\"widget\" data-widget_type=\"heading.default\">\n\t\t\t\t<div class=\"elementor-widget-container\">\n\t\t\t\t\t<h2 class=\"elementor-heading-title elementor-size-default\"><b>Centro de Estudos de Lingu\u00edstica Geral e Aplicada (CELGA-ILTEC)<br>Faculdade de Letras da Universidade de Coimbra<\/b><br>Largo da Porta F\u00e9rrea<br>3004-530 COIMBRA<br><\/h2>\t\t\t\t<\/div>\n\t\t\t\t<\/div>\n\t\t\t\t<\/div>\n\t\t\t\t\t<\/div>\n\t\t\t\t<\/div>\n\t\t<div class=\"elementor-element elementor-element-2cdcd88 e-grid e-con-boxed e-con e-parent\" data-id=\"2cdcd88\" data-element_type=\"container\">\n\t\t\t\t\t<div class=\"e-con-inner\">\n\t\t\t\t<div class=\"elementor-element elementor-element-1a885902 elementor-widget elementor-widget-image\" data-id=\"1a885902\" data-element_type=\"widget\" data-widget_type=\"image.default\">\n\t\t\t\t<div class=\"elementor-widget-container\">\n\t\t\t\t\t\t\t\t\t\t\t\t\t\t\t<img loading=\"lazy\" decoding=\"async\" width=\"300\" height=\"225\" src=\"https:\/\/sites.ipleiria.pt\/pge\/files\/2024\/10\/FLUC-Logo-institucional-300x225.png\" class=\"attachment-medium size-medium wp-image-2476\" alt=\"\" srcset=\"https:\/\/sites.ipleiria.pt\/pge\/files\/2024\/10\/FLUC-Logo-institucional-300x225.png 300w, https:\/\/sites.ipleiria.pt\/pge\/files\/2024\/10\/FLUC-Logo-institucional.png 400w\" sizes=\"(max-width: 300px) 100vw, 300px\" \/>\t\t\t\t\t\t\t\t\t\t\t\t\t\t\t<\/div>\n\t\t\t\t<\/div>\n\t\t\t\t<div class=\"elementor-element elementor-element-32694d4a elementor-widget elementor-widget-heading\" data-id=\"32694d4a\" data-element_type=\"widget\" data-widget_type=\"heading.default\">\n\t\t\t\t<div class=\"elementor-widget-container\">\n\t\t\t\t\t<h2 class=\"elementor-heading-title elementor-size-default\"><br><br><b>Faculdade de Letras da Universidade de Coimbra<\/b><br>(+351) 239 859 900 \/ Fax: (+351) 239 836 733<br><\/h2>\t\t\t\t<\/div>\n\t\t\t\t<\/div>\n\t\t\t\t\t<\/div>\n\t\t\t\t<\/div>\n\t\t<div class=\"elementor-element elementor-element-182c46a e-flex e-con-boxed e-con e-parent\" data-id=\"182c46a\" data-element_type=\"container\">\n\t\t\t\t\t<div class=\"e-con-inner\">\n\t\t\t\t\t<\/div>\n\t\t\t\t<\/div>\n\t\t<div class=\"elementor-element elementor-element-c0a2080 e-flex e-con-boxed e-con e-parent\" data-id=\"c0a2080\" data-element_type=\"container\">\n\t\t\t\t\t<div class=\"e-con-inner\">\n\t\t\t\t<div class=\"elementor-element elementor-element-fc08364 elementor-widget elementor-widget-heading\" data-id=\"fc08364\" data-element_type=\"widget\" data-widget_type=\"heading.default\">\n\t\t\t\t<div class=\"elementor-widget-container\">\n\t\t\t\t\t<h2 class=\"elementor-heading-title elementor-size-default\">Fale connosco<\/h2>\t\t\t\t<\/div>\n\t\t\t\t<\/div>\n\t\t<div class=\"elementor-element elementor-element-e5baad3 e-con-full e-flex e-con e-child\" data-id=\"e5baad3\" data-element_type=\"container\">\n\t\t\t\t<div class=\"elementor-element elementor-element-74ac836 elementor-widget elementor-widget-everest-forms\" data-id=\"74ac836\" data-element_type=\"widget\" data-widget_type=\"everest-forms.default\">\n\t\t\t\t<div class=\"elementor-widget-container\">\n\t\t\t\t\t\t\t\t<div class=\"everest-forms\"><div class=\"evf-container default\" id=\"evf-3108\"><form id=\"evf-form-3108\" class=\"everest-form\" data-formid=\"3108\" data-ajax_submission=\"0\" data-keyboard_friendly_form=\"0\" data-form_state_type=\"\" method=\"post\" enctype=\"multipart\/form-data\" action=\"\/pge\/wp-json\/wp\/v2\/pages\/2707\"><div class=\"evf-field-container\"><input type=\"hidden\" id=\"_wpnonce3108\" name=\"_wpnonce3108\" value=\"a7ea158a1d\" \/><input type=\"hidden\" name=\"_wp_http_referer\" value=\"\/pge\/wp-json\/wp\/v2\/pages\/2707\" \/><div class=\"evf-frontend-row\" data-row=\"row_1\" conditional_rules=\"[]\"><div class=\"evf-frontend-grid evf-grid-1\" data-grid=\"grid_1\"><div id=\"evf-3108-field_ys0GeZISRs-1-container\" class=\"evf-field evf-field-first-name form-row validate-required\" data-required-field-message=\"Este campo \u00e9 obrigat\u00f3rio.\" data-field-id=\"ys0GeZISRs-1\"><label class=\"evf-field-label\" for=\"evf-3108-field_ys0GeZISRs-1\"><span class=\"evf-label\">Nome<\/span> <abbr class=\"required\" title=\"Required\">*<\/abbr><\/label><input type=\"text\" id=\"evf-3108-field_ys0GeZISRs-1\" class=\"input-text\" name=\"everest_forms[form_fields][ys0GeZISRs-1]\" required><\/div><div id=\"evf-3108-field_LbH5NxasXM-2-container\" class=\"evf-field evf-field-email form-row validate-required validate-email\" data-required-field-message=\"Coloque um endere\u00e7o de e-mail v\u00e1lido\" data-field-id=\"LbH5NxasXM-2\"><label class=\"evf-field-label\" for=\"evf-3108-field_LbH5NxasXM-2\"><span class=\"evf-label\">Email<\/span> <abbr class=\"required\" title=\"Required\">*<\/abbr><\/label><input type=\"email\" id=\"evf-3108-field_LbH5NxasXM-2\" class=\"input-text\" name=\"everest_forms[form_fields][LbH5NxasXM-2]\" required ><\/div><div id=\"evf-3108-field_66FR384cge-3-container\" class=\"evf-field evf-field-text form-row\" data-field-id=\"66FR384cge-3\"><label class=\"evf-field-label\" for=\"evf-3108-field_66FR384cge-3\"><span class=\"evf-label\">Assunto<\/span> <\/label><input type=\"text\" id=\"evf-3108-field_66FR384cge-3\" class=\"input-text\" name=\"everest_forms[form_fields][66FR384cge-3]\" ><\/div><div id=\"evf-3108-field_yhGx3FOwr2-4-container\" class=\"evf-field evf-field-textarea form-row\" data-field-id=\"yhGx3FOwr2-4\"><label class=\"evf-field-label\" for=\"evf-3108-field_yhGx3FOwr2-4\"><span class=\"evf-label\">Mensagem<\/span> <\/label><textarea id=\"evf-3108-field_yhGx3FOwr2-4\" class=\"input-text\" name=\"everest_forms[form_fields][yhGx3FOwr2-4]\"  ><\/textarea><\/div><\/div><\/div><\/div><div class=\"evf-honeypot-container evf-field-hp\"><label for=\"evf-3108-field-hp\" class=\"evf-field-label\">Message<\/label><input type=\"text\" name=\"everest_forms[hp]\" id=\"evf-3108-field-hp\" class=\"input-text\"><\/div><div class=\"evf-submit-container \" ><input type=\"hidden\" name=\"everest_forms[id]\" value=\"3108\"><input type=\"hidden\" name=\"everest_forms[author]\" value=\"5904\"><button type='submit' name='everest_forms[submit]' class='everest-forms-submit-button button evf-submit ' id='evf-submit-3108' value='evf-submit' data-process-text=\"A processar....\" conditional_rules='&quot;&quot;' conditional_id='evf-submit-3108'  id=\"evf-submit-3108\" aria-live=\"assertive\">Submeter<\/button><\/div><\/form><\/div><!-- .evf-container --><\/div>\t\t\t\t\t\t<\/div>\n\t\t\t\t<\/div>\n\t\t\t\t<\/div>\n\t\t\t\t\t<\/div>\n\t\t\t\t<\/div>\n\t\t<div class=\"elementor-element elementor-element-fa1982d e-flex e-con-boxed e-con e-parent\" data-id=\"fa1982d\" data-element_type=\"container\">\n\t\t\t\t\t<div class=\"e-con-inner\">\n\t\t<div class=\"elementor-element elementor-element-091da86 e-con-full e-flex e-con e-child\" data-id=\"091da86\" data-element_type=\"container\">\n\t\t\t\t<div class=\"elementor-element elementor-element-c503b66 elementor-widget elementor-widget-image\" data-id=\"c503b66\" data-element_type=\"widget\" data-widget_type=\"image.default\">\n\t\t\t\t<div class=\"elementor-widget-container\">\n\t\t\t\t\t\t\t\t\t\t\t\t\t\t\t<img loading=\"lazy\" decoding=\"async\" width=\"866\" height=\"172\" src=\"https:\/\/sites.ipleiria.pt\/pge\/files\/2024\/12\/grafismos-site-3-28.png\" class=\"attachment-large size-large wp-image-3047\" alt=\"\" srcset=\"https:\/\/sites.ipleiria.pt\/pge\/files\/2024\/12\/grafismos-site-3-28.png 866w, https:\/\/sites.ipleiria.pt\/pge\/files\/2024\/12\/grafismos-site-3-28-300x60.png 300w, https:\/\/sites.ipleiria.pt\/pge\/files\/2024\/12\/grafismos-site-3-28-768x153.png 768w\" sizes=\"(max-width: 866px) 100vw, 866px\" \/>\t\t\t\t\t\t\t\t\t\t\t\t\t\t\t<\/div>\n\t\t\t\t<\/div>\n\t\t\t\t<\/div>\n\t\t\t\t\t<\/div>\n\t\t\t\t<\/div>\n\t\t\t\t<\/div>\n\t\t","protected":false},"excerpt":{"rendered":"<p>Contactos Investigador respons\u00e1vel pelo grupo de trabalho Discurso e Pr\u00e1ticas Discursivas Acad\u00e9micasPaulo Nunes da Silva \/ paulo.silva@uab.pt Centro de Estudos de Lingu\u00edstica Geral e Aplicada (CELGA-ILTEC)Faculdade de Letras da Universidade de CoimbraLargo da Porta F\u00e9rrea3004-530 COIMBRA Faculdade de Letras da Universidade de Coimbra(+351) 239 859 900 \/ Fax: (+351) 239 836 733 Fale connosco Nome&hellip;&nbsp;<a href=\"https:\/\/sites.ipleiria.pt\/pge\/contactos\/\" rel=\"bookmark\">Ler mais &raquo;<span class=\"screen-reader-text\">Contactos<\/span><\/a><\/p>\n","protected":false},"author":5904,"featured_media":0,"parent":0,"menu_order":0,"comment_status":"closed","ping_status":"closed","template":"page-templates\/template-pagebuilder-full-width.php","meta":{"om_disable_all_campaigns":false,"_monsterinsights_skip_tracking":false,"_monsterinsights_sitenote_active":false,"_monsterinsights_sitenote_note":"","_monsterinsights_sitenote_category":0,"neve_meta_sidebar":"","neve_meta_container":"","neve_meta_enable_content_width":"","neve_meta_content_width":0,"neve_meta_title_alignment":"","neve_meta_author_avatar":"","neve_post_elements_order":"","neve_meta_disable_header":"","neve_meta_disable_footer":"","neve_meta_disable_title":"","footnotes":""},"class_list":["post-2707","page","type-page","status-publish","hentry"],"aioseo_notices":[],"_links":{"self":[{"href":"https:\/\/sites.ipleiria.pt\/pge\/wp-json\/wp\/v2\/pages\/2707","targetHints":{"allow":["GET"]}}],"collection":[{"href":"https:\/\/sites.ipleiria.pt\/pge\/wp-json\/wp\/v2\/pages"}],"about":[{"href":"https:\/\/sites.ipleiria.pt\/pge\/wp-json\/wp\/v2\/types\/page"}],"author":[{"embeddable":true,"href":"https:\/\/sites.ipleiria.pt\/pge\/wp-json\/wp\/v2\/users\/5904"}],"replies":[{"embeddable":true,"href":"https:\/\/sites.ipleiria.pt\/pge\/wp-json\/wp\/v2\/comments?post=2707"}],"version-history":[{"count":50,"href":"https:\/\/sites.ipleiria.pt\/pge\/wp-json\/wp\/v2\/pages\/2707\/revisions"}],"predecessor-version":[{"id":4397,"href":"https:\/\/sites.ipleiria.pt\/pge\/wp-json\/wp\/v2\/pages\/2707\/revisions\/4397"}],"wp:attachment":[{"href":"https:\/\/sites.ipleiria.pt\/pge\/wp-json\/wp\/v2\/media?parent=2707"}],"curies":[{"name":"wp","href":"https:\/\/api.w.org\/{rel}","templated":true}]}}