{"id":2785,"date":"2024-11-18T14:54:34","date_gmt":"2024-11-18T14:54:34","guid":{"rendered":"https:\/\/sites.ipleiria.pt\/gdip\/?page_id=2785"},"modified":"2025-06-23T14:26:29","modified_gmt":"2025-06-23T14:26:29","slug":"genero","status":"publish","type":"page","link":"https:\/\/sites.ipleiria.pt\/pge\/genero\/","title":{"rendered":"G\u00e9nero"},"content":{"rendered":"\t\t<div data-elementor-type=\"wp-page\" data-elementor-id=\"2785\" class=\"elementor elementor-2785\">\n\t\t\t\t<div class=\"elementor-element elementor-element-47cd4a4 e-flex e-con-boxed e-con e-parent\" data-id=\"47cd4a4\" data-element_type=\"container\">\n\t\t\t\t\t<div class=\"e-con-inner\">\n\t\t\t\t<div class=\"elementor-element elementor-element-2d5577b elementor-widget-divider--view-line elementor-widget elementor-widget-divider\" data-id=\"2d5577b\" data-element_type=\"widget\" data-widget_type=\"divider.default\">\n\t\t\t\t<div class=\"elementor-widget-container\">\n\t\t\t\t\t\t\t<div class=\"elementor-divider\">\n\t\t\t<span class=\"elementor-divider-separator\">\n\t\t\t\t\t\t<\/span>\n\t\t<\/div>\n\t\t\t\t\t\t<\/div>\n\t\t\t\t<\/div>\n\t\t\t\t\t<\/div>\n\t\t\t\t<\/div>\n\t\t<div class=\"elementor-element elementor-element-7fa17a5 e-flex e-con-boxed e-con e-parent\" data-id=\"7fa17a5\" data-element_type=\"container\">\n\t\t\t\t\t<div class=\"e-con-inner\">\n\t\t<div class=\"elementor-element elementor-element-b9dcec1 e-con-full e-flex e-con e-child\" data-id=\"b9dcec1\" data-element_type=\"container\">\n\t\t\t\t<div class=\"elementor-element elementor-element-64844d4 elementor-widget elementor-widget-image\" data-id=\"64844d4\" data-element_type=\"widget\" data-widget_type=\"image.default\">\n\t\t\t\t<div class=\"elementor-widget-container\">\n\t\t\t\t\t\t\t\t\t\t\t\t\t\t\t<img fetchpriority=\"high\" decoding=\"async\" width=\"866\" height=\"172\" src=\"https:\/\/sites.ipleiria.pt\/pge\/files\/2024\/12\/grafismos-site-3-27.png\" class=\"attachment-large size-large wp-image-3046\" alt=\"\" srcset=\"https:\/\/sites.ipleiria.pt\/pge\/files\/2024\/12\/grafismos-site-3-27.png 866w, https:\/\/sites.ipleiria.pt\/pge\/files\/2024\/12\/grafismos-site-3-27-300x60.png 300w, https:\/\/sites.ipleiria.pt\/pge\/files\/2024\/12\/grafismos-site-3-27-768x153.png 768w\" sizes=\"(max-width: 866px) 100vw, 866px\" \/>\t\t\t\t\t\t\t\t\t\t\t\t\t\t\t<\/div>\n\t\t\t\t<\/div>\n\t\t\t\t<\/div>\n\t\t\t\t<div class=\"elementor-element elementor-element-af971ce elementor-widget elementor-widget-heading\" data-id=\"af971ce\" data-element_type=\"widget\" data-widget_type=\"heading.default\">\n\t\t\t\t<div class=\"elementor-widget-container\">\n\t\t\t\t\t<h2 class=\"elementor-heading-title elementor-size-default\">G\u00e9nero<\/h2>\t\t\t\t<\/div>\n\t\t\t\t<\/div>\n\t\t\t\t\t<\/div>\n\t\t\t\t<\/div>\n\t\t<div class=\"elementor-element elementor-element-7eff912 e-flex e-con-boxed e-con e-parent\" data-id=\"7eff912\" data-element_type=\"container\">\n\t\t\t\t\t<div class=\"e-con-inner\">\n\t\t<div class=\"elementor-element elementor-element-bcc4e50 e-con-full e-flex e-con e-child\" data-id=\"bcc4e50\" data-element_type=\"container\">\n\t\t\t\t<div class=\"elementor-element elementor-element-457318b elementor-widget elementor-widget-text-editor\" data-id=\"457318b\" data-element_type=\"widget\" data-widget_type=\"text-editor.default\">\n\t\t\t\t<div class=\"elementor-widget-container\">\n\t\t\t\t\t\t\t\t\t<p>O que se entende por &#8220;<b>g\u00e9nero&#8221;<\/b>? A resposta exata a esta pergunta depende do posicionamento te\u00f3rico adotado. Comparam-se aqui, brevemente, a abordagem proposta pela Escola de Sydney, que subjaz \u00e0 maioria dos recursos atualmente dispon\u00edveis no Portal, com um conjunto de abordagens de origem europeia e americana, praticadas em Portugal e adotadas, por exemplo, no\u00a0<a href=\"https:\/\/sites.ipleiria.pt\/pge\/ensino-superior\/\">Corpus de Portugu\u00eas Acad\u00e9mico<\/a>\u00a0disponibilizado neste Portal.<\/p><p>A\u00a0<strong>Escola de Sydney<\/strong>\u00a0\u00e9 uma corrente em Estudos de G\u00e9nero informada pela Lingu\u00edstica Sist\u00e9mico-Funcional. Partindo de um trabalho de linguistas e educadores australianos na d\u00e9cada de 80 do s\u00e9culo passado, os princ\u00edpios da Escola de Sydney s\u00e3o atualmente praticados em v\u00e1rios pa\u00edses. Visam, por um lado, a identifica\u00e7\u00e3o e descri\u00e7\u00e3o dos g\u00e9neros existentes na sociedade e, por outro, a conce\u00e7\u00e3o de interven\u00e7\u00f5es pedag\u00f3gicas informadas pelo conceito de g\u00e9nero.<\/p><p>A Escola de Sydney encara os g\u00e9neros como &#8220;tipos de texto que se caracterizam pelo seu uso e pela sua estrutura&#8221;. Entende tamb\u00e9m que os g\u00e9neros est\u00e3o associados a contextos sociais e culturais espec\u00edficos. Particularmente prof\u00edcuo tem sido o trabalho sobre os g\u00e9neros utilizados em contextos educativos,\u00a0em diferentes disciplinas e n\u00edveis escolares. Fala-se, neste caso, em &#8220;g\u00e9neros escolares&#8221; ou &#8220;g\u00e9neros acad\u00e9micos&#8221;. O primeiro termo refere-se sobretudo aos g\u00e9neros presentes nos n\u00edveis de escolaridade obrigat\u00f3ria; o segundo, aos g\u00e9neros do ensino superior (para ler mais sobre a abordagem da Escola de Sydney, clique\u00a0<a href=\"https:\/\/proa.ua.pt\/index.php\/id\/article\/view\/17433\">aqui<\/a>)<\/p><p>Noutros enquadramentos te\u00f3ricos, os g\u00e9neros s\u00e3o concebidos de maneira diferente. Estas diferen\u00e7as, todavia, incidem mais nas classes contempladas e nas respetivas designa\u00e7\u00f5es e menos na defini\u00e7\u00e3o ou nos crit\u00e9rios que as permitem identificar.<\/p><p>No \u00e2mbito de disciplinas como a\u00a0<strong>Lingu\u00edstica Textual<\/strong>\u00a0e a\u00a0<strong>An\u00e1lise do Discurso<\/strong>\u00a0(escolas de l\u00edngua francesa), de teoriza\u00e7\u00f5es como o\u00a0<strong>Interacionismo Sociodiscursivo<\/strong>\u00a0e de \u00e1reas de investiga\u00e7\u00e3o como o\u00a0<strong>Ingl\u00eas para Fins Acad\u00e9micos<\/strong>, os g\u00e9neros designam classes de textos que podem ser caracterizados de acordo com crit\u00e9rios m\u00faltiplos e heterog\u00e9neos. Ou seja, propriedades situacionais (ou externas) e propriedades textuais (ou internas) contribuem para definir e delimitar os g\u00e9neros.<\/p><p>Entre as propriedades situacionais mais relevantes, contam-se a \u00e1rea de atividade socioprofissional em que um determinado g\u00e9nero \u00e9 usado, os pap\u00e9is socioprofissionais de que os indiv\u00edduos est\u00e3o investidos quando produzem um texto desse g\u00e9nero e os objetivos que com ele pretendem atingir. As propriedades textuais mais importantes incluem os temas abordados nos textos de um dado g\u00e9nero, a sua estrutura t\u00edpica e aspetos de natureza estil\u00edstico-fraseol\u00f3gica, em particular a n\u00edvel da sele\u00e7\u00e3o do l\u00e9xico e das estruturas sint\u00e1ticas.<\/p><p>Os g\u00e9neros est\u00e3o ancorados em atividades sociais e profissionais espec\u00edficas. Os membros de uma dada comunidade socioprofissional t\u00eam \u00e0 sua disposi\u00e7\u00e3o um conjunto de g\u00e9neros que podem usar para procurar atingir os objetivos inerentes a essa \u00e1rea. Por exemplo, os indiv\u00edduos que se dedicam ao jornalismo, servem-se de g\u00e9neros como a not\u00edcia, o editorial, a reportagem, a entrevista, o artigo de opini\u00e3o, a coluna, etc. Os indiv\u00edduos que desenvolvem atividades no ensino superior e na investiga\u00e7\u00e3o cient\u00edfica t\u00eam ao seu dispor g\u00e9neros escritos como o artigo cient\u00edfico, a tese de doutoramento, a disserta\u00e7\u00e3o de mestrado e o manual, e g\u00e9neros orais como a confer\u00eancia, a comunica\u00e7\u00e3o em encontro cient\u00edfico, a aula e a sess\u00e3o de tutoria, entre outros. Ao produzir um novo texto, o falante adota e adapta as propriedades t\u00edpicas do g\u00e9nero em causa. Assim, cada novo texto \u00e9 sempre constru\u00eddo com base num modelo de g\u00e9nero (ou em mais do que um).<\/p><p>Nas sociedades atuais, s\u00e3o reconhecidas comunidades discursivas que desenvolvem atividades socialmente relevantes e que se destacam tamb\u00e9m pela produ\u00e7\u00e3o de textos (orais e escritos). Al\u00e9m do jornalismo e do ensino e investiga\u00e7\u00e3o cient\u00edfica, pode-se acrescentar a justi\u00e7a, a literatura, a religi\u00e3o, a pol\u00edtica, a publicidade, entre v\u00e1rias outras \u00e1reas de atividade em que a produ\u00e7\u00e3o de textos \u00e9 um aspeto central. A cada comunidade discursiva com estas caracter\u00edsticas pode ser associado um determinado tipo de discurso, que engloba todos os textos produzidos no \u00e2mbito da respetiva \u00e1rea de atividade: o discurso jornal\u00edstico, o discurso acad\u00e9mico, o discurso jur\u00eddico, o discurso liter\u00e1rio, o discurso religioso, o discurso pol\u00edtico, o discurso publicit\u00e1rio, etc.<\/p><p>Deste modo, os g\u00e9neros podem ser integrados em determinados tipos de discurso: a not\u00edcia e o editorial no discurso jornal\u00edstico; o artigo cient\u00edfico e a confer\u00eancia no discurso acad\u00e9mico; o ac\u00f3rd\u00e3o e o c\u00f3digo no discurso jur\u00eddico; o romance e o soneto no discurso liter\u00e1rio; o serm\u00e3o e a enc\u00edclica no discurso religioso; etc.<\/p>\t\t\t\t\t\t\t\t<\/div>\n\t\t\t\t<\/div>\n\t\t\t\t<\/div>\n\t\t\t\t\t<\/div>\n\t\t\t\t<\/div>\n\t\t<div class=\"elementor-element elementor-element-4e03a1d e-flex e-con-boxed e-con e-parent\" data-id=\"4e03a1d\" data-element_type=\"container\">\n\t\t\t\t\t<div class=\"e-con-inner\">\n\t\t<div class=\"elementor-element elementor-element-3a4c227 e-con-full e-flex e-con e-child\" data-id=\"3a4c227\" data-element_type=\"container\">\n\t\t\t\t<div class=\"elementor-element elementor-element-7fad901 elementor-widget elementor-widget-image\" data-id=\"7fad901\" data-element_type=\"widget\" data-widget_type=\"image.default\">\n\t\t\t\t<div class=\"elementor-widget-container\">\n\t\t\t\t\t\t\t\t\t\t\t\t\t\t\t<img decoding=\"async\" width=\"866\" height=\"172\" src=\"https:\/\/sites.ipleiria.pt\/pge\/files\/2024\/12\/grafismos-site-3-28.png\" class=\"attachment-large size-large wp-image-3047\" alt=\"\" srcset=\"https:\/\/sites.ipleiria.pt\/pge\/files\/2024\/12\/grafismos-site-3-28.png 866w, https:\/\/sites.ipleiria.pt\/pge\/files\/2024\/12\/grafismos-site-3-28-300x60.png 300w, https:\/\/sites.ipleiria.pt\/pge\/files\/2024\/12\/grafismos-site-3-28-768x153.png 768w\" sizes=\"(max-width: 866px) 100vw, 866px\" \/>\t\t\t\t\t\t\t\t\t\t\t\t\t\t\t<\/div>\n\t\t\t\t<\/div>\n\t\t\t\t<\/div>\n\t\t\t\t\t<\/div>\n\t\t\t\t<\/div>\n\t\t\t\t<\/div>\n\t\t","protected":false},"excerpt":{"rendered":"<p>G\u00e9nero O que se entende por &#8220;g\u00e9nero&#8221;? A resposta exata a esta pergunta depende do posicionamento te\u00f3rico adotado. Comparam-se aqui, brevemente, a abordagem proposta pela Escola de Sydney, que subjaz \u00e0 maioria dos recursos atualmente dispon\u00edveis no Portal, com um conjunto de abordagens de origem europeia e americana, praticadas em Portugal e adotadas, por exemplo,&hellip;&nbsp;<a href=\"https:\/\/sites.ipleiria.pt\/pge\/genero\/\" rel=\"bookmark\">Ler mais &raquo;<span class=\"screen-reader-text\">G\u00e9nero<\/span><\/a><\/p>\n","protected":false},"author":5904,"featured_media":0,"parent":0,"menu_order":0,"comment_status":"closed","ping_status":"closed","template":"page-templates\/template-pagebuilder-full-width.php","meta":{"om_disable_all_campaigns":false,"_monsterinsights_skip_tracking":false,"_monsterinsights_sitenote_active":false,"_monsterinsights_sitenote_note":"","_monsterinsights_sitenote_category":0,"neve_meta_sidebar":"","neve_meta_container":"","neve_meta_enable_content_width":"","neve_meta_content_width":0,"neve_meta_title_alignment":"","neve_meta_author_avatar":"","neve_post_elements_order":"","neve_meta_disable_header":"","neve_meta_disable_footer":"","neve_meta_disable_title":"","footnotes":""},"class_list":["post-2785","page","type-page","status-publish","hentry"],"aioseo_notices":[],"_links":{"self":[{"href":"https:\/\/sites.ipleiria.pt\/pge\/wp-json\/wp\/v2\/pages\/2785","targetHints":{"allow":["GET"]}}],"collection":[{"href":"https:\/\/sites.ipleiria.pt\/pge\/wp-json\/wp\/v2\/pages"}],"about":[{"href":"https:\/\/sites.ipleiria.pt\/pge\/wp-json\/wp\/v2\/types\/page"}],"author":[{"embeddable":true,"href":"https:\/\/sites.ipleiria.pt\/pge\/wp-json\/wp\/v2\/users\/5904"}],"replies":[{"embeddable":true,"href":"https:\/\/sites.ipleiria.pt\/pge\/wp-json\/wp\/v2\/comments?post=2785"}],"version-history":[{"count":47,"href":"https:\/\/sites.ipleiria.pt\/pge\/wp-json\/wp\/v2\/pages\/2785\/revisions"}],"predecessor-version":[{"id":4340,"href":"https:\/\/sites.ipleiria.pt\/pge\/wp-json\/wp\/v2\/pages\/2785\/revisions\/4340"}],"wp:attachment":[{"href":"https:\/\/sites.ipleiria.pt\/pge\/wp-json\/wp\/v2\/media?parent=2785"}],"curies":[{"name":"wp","href":"https:\/\/api.w.org\/{rel}","templated":true}]}}