{"id":2838,"date":"2024-11-24T17:28:15","date_gmt":"2024-11-24T17:28:15","guid":{"rendered":"https:\/\/sites.ipleiria.pt\/gdip\/?page_id=2838"},"modified":"2025-06-20T10:33:40","modified_gmt":"2025-06-20T10:33:40","slug":"conceitos","status":"publish","type":"page","link":"https:\/\/sites.ipleiria.pt\/pge\/conceitos\/","title":{"rendered":"Conceitos"},"content":{"rendered":"\t\t<div data-elementor-type=\"wp-page\" data-elementor-id=\"2838\" class=\"elementor elementor-2838\">\n\t\t\t\t<div class=\"elementor-element elementor-element-db3a694 e-flex e-con-boxed e-con e-parent\" data-id=\"db3a694\" data-element_type=\"container\">\n\t\t\t\t\t<div class=\"e-con-inner\">\n\t\t\t\t<div class=\"elementor-element elementor-element-c702ac5 elementor-widget-divider--view-line elementor-widget elementor-widget-divider\" data-id=\"c702ac5\" data-element_type=\"widget\" data-widget_type=\"divider.default\">\n\t\t\t\t<div class=\"elementor-widget-container\">\n\t\t\t\t\t\t\t<div class=\"elementor-divider\">\n\t\t\t<span class=\"elementor-divider-separator\">\n\t\t\t\t\t\t<\/span>\n\t\t<\/div>\n\t\t\t\t\t\t<\/div>\n\t\t\t\t<\/div>\n\t\t<div class=\"elementor-element elementor-element-1259541 e-con-full e-flex e-con e-child\" data-id=\"1259541\" data-element_type=\"container\">\n\t\t\t\t<div class=\"elementor-element elementor-element-dd9f102 elementor-widget elementor-widget-image\" data-id=\"dd9f102\" data-element_type=\"widget\" data-widget_type=\"image.default\">\n\t\t\t\t<div class=\"elementor-widget-container\">\n\t\t\t\t\t\t\t\t\t\t\t\t\t\t\t<img fetchpriority=\"high\" decoding=\"async\" width=\"866\" height=\"172\" src=\"https:\/\/sites.ipleiria.pt\/pge\/files\/2024\/12\/grafismos-site-3-27.png\" class=\"attachment-large size-large wp-image-3046\" alt=\"\" srcset=\"https:\/\/sites.ipleiria.pt\/pge\/files\/2024\/12\/grafismos-site-3-27.png 866w, https:\/\/sites.ipleiria.pt\/pge\/files\/2024\/12\/grafismos-site-3-27-300x60.png 300w, https:\/\/sites.ipleiria.pt\/pge\/files\/2024\/12\/grafismos-site-3-27-768x153.png 768w\" sizes=\"(max-width: 866px) 100vw, 866px\" \/>\t\t\t\t\t\t\t\t\t\t\t\t\t\t\t<\/div>\n\t\t\t\t<\/div>\n\t\t\t\t<\/div>\n\t\t\t\t<div class=\"elementor-element elementor-element-9538dab elementor-widget elementor-widget-heading\" data-id=\"9538dab\" data-element_type=\"widget\" data-widget_type=\"heading.default\">\n\t\t\t\t<div class=\"elementor-widget-container\">\n\t\t\t\t\t<h2 class=\"elementor-heading-title elementor-size-default\">Conceitos<\/h2>\t\t\t\t<\/div>\n\t\t\t\t<\/div>\n\t\t\t\t\t<\/div>\n\t\t\t\t<\/div>\n\t\t<div class=\"elementor-element elementor-element-26805c8 e-flex e-con-boxed e-con e-parent\" data-id=\"26805c8\" data-element_type=\"container\">\n\t\t\t\t\t<div class=\"e-con-inner\">\n\t\t\t\t<div class=\"elementor-element elementor-element-c6bdd52 elementor-widget elementor-widget-text-editor\" data-id=\"c6bdd52\" data-element_type=\"widget\" data-widget_type=\"text-editor.default\">\n\t\t\t\t<div class=\"elementor-widget-container\">\n\t\t\t\t\t\t\t\t\t<p>Est\u00e3o dispon\u00edveis as defini\u00e7\u00f5es dos seguintes conceitos.<\/p><ul><li style=\"list-style-type: none;\">\u00a0<\/li><\/ul>\t\t\t\t\t\t\t\t<\/div>\n\t\t\t\t<\/div>\n\t\t\t\t\t<\/div>\n\t\t\t\t<\/div>\n\t\t<div class=\"elementor-element elementor-element-06d7d1c e-grid e-con-boxed e-con e-parent\" data-id=\"06d7d1c\" data-element_type=\"container\">\n\t\t\t\t\t<div class=\"e-con-inner\">\n\t\t<div class=\"elementor-element elementor-element-5573195 e-con-full e-flex e-con e-child\" data-id=\"5573195\" data-element_type=\"container\">\n\t\t\t\t<div class=\"elementor-element elementor-element-8ae847b elementor-widget elementor-widget-image\" data-id=\"8ae847b\" data-element_type=\"widget\" data-widget_type=\"image.default\">\n\t\t\t\t<div class=\"elementor-widget-container\">\n\t\t\t\t\t\t\t\t\t\t\t\t\t\t\t\t<a href=\"https:\/\/sites.ipleiria.pt\/pge\/familia-de-generos\/\">\n\t\t\t\t\t\t\t<img decoding=\"async\" width=\"500\" height=\"500\" src=\"https:\/\/sites.ipleiria.pt\/pge\/files\/2024\/11\/mais-grafismos-site_Prancheta-1-01.png\" class=\"attachment-large size-large wp-image-2842\" alt=\"\" srcset=\"https:\/\/sites.ipleiria.pt\/pge\/files\/2024\/11\/mais-grafismos-site_Prancheta-1-01.png 500w, https:\/\/sites.ipleiria.pt\/pge\/files\/2024\/11\/mais-grafismos-site_Prancheta-1-01-300x300.png 300w, https:\/\/sites.ipleiria.pt\/pge\/files\/2024\/11\/mais-grafismos-site_Prancheta-1-01-150x150.png 150w\" sizes=\"(max-width: 500px) 100vw, 500px\" \/>\t\t\t\t\t\t\t\t<\/a>\n\t\t\t\t\t\t\t\t\t\t\t\t\t\t\t<\/div>\n\t\t\t\t<\/div>\n\t\t\t\t<div class=\"elementor-element elementor-element-c3c8063 elementor-widget elementor-widget-heading\" data-id=\"c3c8063\" data-element_type=\"widget\" data-widget_type=\"heading.default\">\n\t\t\t\t<div class=\"elementor-widget-container\">\n\t\t\t\t\t<h2 class=\"elementor-heading-title elementor-size-default\"><a href=\"https:\/\/sites.ipleiria.pt\/pge\/familia-de-generos\/\">Fam\u00edlia<br>de g\u00e9neros<\/a><\/h2>\t\t\t\t<\/div>\n\t\t\t\t<\/div>\n\t\t\t\t<\/div>\n\t\t<div class=\"elementor-element elementor-element-0dc9fe8 e-con-full e-flex e-con e-child\" data-id=\"0dc9fe8\" data-element_type=\"container\">\n\t\t\t\t<div class=\"elementor-element elementor-element-ea8da04 elementor-widget elementor-widget-image\" data-id=\"ea8da04\" data-element_type=\"widget\" data-widget_type=\"image.default\">\n\t\t\t\t<div class=\"elementor-widget-container\">\n\t\t\t\t\t\t\t\t\t\t\t\t\t\t\t\t<a href=\"https:\/\/sites.ipleiria.pt\/pge\/genero\/\">\n\t\t\t\t\t\t\t<img decoding=\"async\" width=\"500\" height=\"500\" src=\"https:\/\/sites.ipleiria.pt\/pge\/files\/2024\/11\/mais-grafismos-site_Prancheta-1-02.png\" class=\"attachment-large size-large wp-image-2843\" alt=\"\" srcset=\"https:\/\/sites.ipleiria.pt\/pge\/files\/2024\/11\/mais-grafismos-site_Prancheta-1-02.png 500w, https:\/\/sites.ipleiria.pt\/pge\/files\/2024\/11\/mais-grafismos-site_Prancheta-1-02-300x300.png 300w, https:\/\/sites.ipleiria.pt\/pge\/files\/2024\/11\/mais-grafismos-site_Prancheta-1-02-150x150.png 150w\" sizes=\"(max-width: 500px) 100vw, 500px\" \/>\t\t\t\t\t\t\t\t<\/a>\n\t\t\t\t\t\t\t\t\t\t\t\t\t\t\t<\/div>\n\t\t\t\t<\/div>\n\t\t\t\t<div class=\"elementor-element elementor-element-6c456b1 elementor-widget elementor-widget-heading\" data-id=\"6c456b1\" data-element_type=\"widget\" data-widget_type=\"heading.default\">\n\t\t\t\t<div class=\"elementor-widget-container\">\n\t\t\t\t\t<h2 class=\"elementor-heading-title elementor-size-default\"><a href=\"https:\/\/sites.ipleiria.pt\/pge\/genero\/\">G\u00e9nero<\/a><\/h2>\t\t\t\t<\/div>\n\t\t\t\t<\/div>\n\t\t\t\t<\/div>\n\t\t<div class=\"elementor-element elementor-element-f4ae14e e-con-full e-flex e-con e-child\" data-id=\"f4ae14e\" data-element_type=\"container\">\n\t\t\t\t<div class=\"elementor-element elementor-element-015bc53 elementor-widget elementor-widget-image\" data-id=\"015bc53\" data-element_type=\"widget\" data-widget_type=\"image.default\">\n\t\t\t\t<div class=\"elementor-widget-container\">\n\t\t\t\t\t\t\t\t\t\t\t\t\t\t\t\t<a href=\"https:\/\/sites.ipleiria.pt\/pge\/genero-incluido\/\">\n\t\t\t\t\t\t\t<img loading=\"lazy\" decoding=\"async\" width=\"500\" height=\"500\" src=\"https:\/\/sites.ipleiria.pt\/pge\/files\/2024\/11\/mais-grafismos-site_Prancheta-1-03.png\" class=\"attachment-large size-large wp-image-2844\" alt=\"\" srcset=\"https:\/\/sites.ipleiria.pt\/pge\/files\/2024\/11\/mais-grafismos-site_Prancheta-1-03.png 500w, https:\/\/sites.ipleiria.pt\/pge\/files\/2024\/11\/mais-grafismos-site_Prancheta-1-03-300x300.png 300w, https:\/\/sites.ipleiria.pt\/pge\/files\/2024\/11\/mais-grafismos-site_Prancheta-1-03-150x150.png 150w\" sizes=\"(max-width: 500px) 100vw, 500px\" \/>\t\t\t\t\t\t\t\t<\/a>\n\t\t\t\t\t\t\t\t\t\t\t\t\t\t\t<\/div>\n\t\t\t\t<\/div>\n\t\t\t\t<div class=\"elementor-element elementor-element-b36d728 elementor-widget elementor-widget-heading\" data-id=\"b36d728\" data-element_type=\"widget\" data-widget_type=\"heading.default\">\n\t\t\t\t<div class=\"elementor-widget-container\">\n\t\t\t\t\t<h2 class=\"elementor-heading-title elementor-size-default\"><a href=\"https:\/\/sites.ipleiria.pt\/pge\/genero-incluido\/\">G\u00e9nero<br>inclu\u00eddo<\/a><\/h2>\t\t\t\t<\/div>\n\t\t\t\t<\/div>\n\t\t\t\t<\/div>\n\t\t<div class=\"elementor-element elementor-element-75120d8 e-con-full e-flex e-con e-child\" data-id=\"75120d8\" data-element_type=\"container\">\n\t\t\t\t<div class=\"elementor-element elementor-element-6bcbef5 elementor-widget elementor-widget-image\" data-id=\"6bcbef5\" data-element_type=\"widget\" data-widget_type=\"image.default\">\n\t\t\t\t<div class=\"elementor-widget-container\">\n\t\t\t\t\t\t\t\t\t\t\t\t\t\t\t\t<a href=\"https:\/\/sites.ipleiria.pt\/pge\/objetivo-sociocomunicativo\/\">\n\t\t\t\t\t\t\t<img loading=\"lazy\" decoding=\"async\" width=\"500\" height=\"500\" src=\"https:\/\/sites.ipleiria.pt\/pge\/files\/2024\/11\/mais-grafismos-site_Prancheta-1-04.png\" class=\"attachment-large size-large wp-image-2845\" alt=\"\" srcset=\"https:\/\/sites.ipleiria.pt\/pge\/files\/2024\/11\/mais-grafismos-site_Prancheta-1-04.png 500w, https:\/\/sites.ipleiria.pt\/pge\/files\/2024\/11\/mais-grafismos-site_Prancheta-1-04-300x300.png 300w, https:\/\/sites.ipleiria.pt\/pge\/files\/2024\/11\/mais-grafismos-site_Prancheta-1-04-150x150.png 150w\" sizes=\"(max-width: 500px) 100vw, 500px\" \/>\t\t\t\t\t\t\t\t<\/a>\n\t\t\t\t\t\t\t\t\t\t\t\t\t\t\t<\/div>\n\t\t\t\t<\/div>\n\t\t\t\t<div class=\"elementor-element elementor-element-60cb68f elementor-widget elementor-widget-heading\" data-id=\"60cb68f\" data-element_type=\"widget\" data-widget_type=\"heading.default\">\n\t\t\t\t<div class=\"elementor-widget-container\">\n\t\t\t\t\t<h2 class=\"elementor-heading-title elementor-size-default\"><a href=\"https:\/\/sites.ipleiria.pt\/pge\/objetivo-sociocomunicativo\/\">Objetivo<br>sociocomunicativo<\/a><\/h2>\t\t\t\t<\/div>\n\t\t\t\t<\/div>\n\t\t\t\t<\/div>\n\t\t\t\t\t<\/div>\n\t\t\t\t<\/div>\n\t\t<div class=\"elementor-element elementor-element-6f9d4d8 e-grid e-con-boxed e-con e-parent\" data-id=\"6f9d4d8\" data-element_type=\"container\">\n\t\t\t\t\t<div class=\"e-con-inner\">\n\t\t<div class=\"elementor-element elementor-element-54abe14 e-con-full e-flex e-con e-child\" data-id=\"54abe14\" data-element_type=\"container\">\n\t\t\t\t<div class=\"elementor-element elementor-element-267ab2b elementor-widget elementor-widget-image\" data-id=\"267ab2b\" data-element_type=\"widget\" data-widget_type=\"image.default\">\n\t\t\t\t<div class=\"elementor-widget-container\">\n\t\t\t\t\t\t\t\t\t\t\t\t\t\t\t\t<a href=\"https:\/\/sites.ipleiria.pt\/pge\/subgenero\/\">\n\t\t\t\t\t\t\t<img loading=\"lazy\" decoding=\"async\" width=\"500\" height=\"500\" src=\"https:\/\/sites.ipleiria.pt\/pge\/files\/2024\/11\/mais-grafismos-site_Prancheta-1-05.png\" class=\"attachment-large size-large wp-image-2846\" alt=\"\" srcset=\"https:\/\/sites.ipleiria.pt\/pge\/files\/2024\/11\/mais-grafismos-site_Prancheta-1-05.png 500w, https:\/\/sites.ipleiria.pt\/pge\/files\/2024\/11\/mais-grafismos-site_Prancheta-1-05-300x300.png 300w, https:\/\/sites.ipleiria.pt\/pge\/files\/2024\/11\/mais-grafismos-site_Prancheta-1-05-150x150.png 150w\" sizes=\"(max-width: 500px) 100vw, 500px\" \/>\t\t\t\t\t\t\t\t<\/a>\n\t\t\t\t\t\t\t\t\t\t\t\t\t\t\t<\/div>\n\t\t\t\t<\/div>\n\t\t\t\t<div class=\"elementor-element elementor-element-afffd5b elementor-widget elementor-widget-heading\" data-id=\"afffd5b\" data-element_type=\"widget\" data-widget_type=\"heading.default\">\n\t\t\t\t<div class=\"elementor-widget-container\">\n\t\t\t\t\t<h2 class=\"elementor-heading-title elementor-size-default\"><a href=\"https:\/\/sites.ipleiria.pt\/pge\/subgenero\/\">Subg\u00e9nero<\/a><\/h2>\t\t\t\t<\/div>\n\t\t\t\t<\/div>\n\t\t\t\t<\/div>\n\t\t<div class=\"elementor-element elementor-element-d5c442b e-con-full e-flex e-con e-child\" data-id=\"d5c442b\" data-element_type=\"container\">\n\t\t\t\t<div class=\"elementor-element elementor-element-37b7b69 elementor-widget elementor-widget-image\" data-id=\"37b7b69\" data-element_type=\"widget\" data-widget_type=\"image.default\">\n\t\t\t\t<div class=\"elementor-widget-container\">\n\t\t\t\t\t\t\t\t\t\t\t\t\t\t\t\t<a href=\"https:\/\/sites.ipleiria.pt\/pge\/texto\/\">\n\t\t\t\t\t\t\t<img loading=\"lazy\" decoding=\"async\" width=\"500\" height=\"500\" src=\"https:\/\/sites.ipleiria.pt\/pge\/files\/2024\/12\/mais-grafismos-site-1.png\" class=\"attachment-large size-large wp-image-3423\" alt=\"\" srcset=\"https:\/\/sites.ipleiria.pt\/pge\/files\/2024\/12\/mais-grafismos-site-1.png 500w, https:\/\/sites.ipleiria.pt\/pge\/files\/2024\/12\/mais-grafismos-site-1-300x300.png 300w, https:\/\/sites.ipleiria.pt\/pge\/files\/2024\/12\/mais-grafismos-site-1-150x150.png 150w\" sizes=\"(max-width: 500px) 100vw, 500px\" \/>\t\t\t\t\t\t\t\t<\/a>\n\t\t\t\t\t\t\t\t\t\t\t\t\t\t\t<\/div>\n\t\t\t\t<\/div>\n\t\t\t\t<div class=\"elementor-element elementor-element-052b4bc elementor-widget elementor-widget-heading\" data-id=\"052b4bc\" data-element_type=\"widget\" data-widget_type=\"heading.default\">\n\t\t\t\t<div class=\"elementor-widget-container\">\n\t\t\t\t\t<h2 class=\"elementor-heading-title elementor-size-default\"><a href=\"https:\/\/sites.ipleiria.pt\/pge\/texto\/\">Texto<\/a><\/h2>\t\t\t\t<\/div>\n\t\t\t\t<\/div>\n\t\t\t\t<\/div>\n\t\t\t\t\t<\/div>\n\t\t\t\t<\/div>\n\t\t<div class=\"elementor-element elementor-element-6fb126e e-flex e-con-boxed e-con e-parent\" data-id=\"6fb126e\" data-element_type=\"container\">\n\t\t\t\t\t<div class=\"e-con-inner\">\n\t\t\t\t<div class=\"elementor-element elementor-element-f35bccd elementor-widget elementor-widget-text-editor\" data-id=\"f35bccd\" data-element_type=\"widget\" data-widget_type=\"text-editor.default\">\n\t\t\t\t<div class=\"elementor-widget-container\">\n\t\t\t\t\t\t\t\t\t<p>A autoria das defini\u00e7\u00f5es \u00e9 indicada no final de cada texto.<\/p>\t\t\t\t\t\t\t\t<\/div>\n\t\t\t\t<\/div>\n\t\t\t\t\t<\/div>\n\t\t\t\t<\/div>\n\t\t<div class=\"elementor-element elementor-element-8948ac5 e-flex e-con-boxed e-con e-parent\" data-id=\"8948ac5\" data-element_type=\"container\">\n\t\t\t\t\t<div class=\"e-con-inner\">\n\t\t<div class=\"elementor-element elementor-element-8c707a6 e-con-full e-flex e-con e-child\" data-id=\"8c707a6\" data-element_type=\"container\">\n\t\t\t\t<div class=\"elementor-element elementor-element-20e4404 elementor-widget elementor-widget-image\" data-id=\"20e4404\" data-element_type=\"widget\" data-widget_type=\"image.default\">\n\t\t\t\t<div class=\"elementor-widget-container\">\n\t\t\t\t\t\t\t\t\t\t\t\t\t\t\t<img loading=\"lazy\" decoding=\"async\" width=\"866\" height=\"172\" src=\"https:\/\/sites.ipleiria.pt\/pge\/files\/2024\/12\/grafismos-site-3-28.png\" class=\"attachment-large size-large wp-image-3047\" alt=\"\" srcset=\"https:\/\/sites.ipleiria.pt\/pge\/files\/2024\/12\/grafismos-site-3-28.png 866w, https:\/\/sites.ipleiria.pt\/pge\/files\/2024\/12\/grafismos-site-3-28-300x60.png 300w, https:\/\/sites.ipleiria.pt\/pge\/files\/2024\/12\/grafismos-site-3-28-768x153.png 768w\" sizes=\"(max-width: 866px) 100vw, 866px\" \/>\t\t\t\t\t\t\t\t\t\t\t\t\t\t\t<\/div>\n\t\t\t\t<\/div>\n\t\t\t\t<\/div>\n\t\t\t\t\t<\/div>\n\t\t\t\t<\/div>\n\t\t\t\t<\/div>\n\t\t","protected":false},"excerpt":{"rendered":"<p>Conceitos Est\u00e3o dispon\u00edveis as defini\u00e7\u00f5es dos seguintes conceitos. \u00a0 Fam\u00edliade g\u00e9neros G\u00e9nero G\u00e9neroinclu\u00eddo Objetivosociocomunicativo Subg\u00e9nero Texto A autoria das defini\u00e7\u00f5es \u00e9 indicada no final de cada texto.<\/p>\n","protected":false},"author":5904,"featured_media":0,"parent":0,"menu_order":0,"comment_status":"closed","ping_status":"closed","template":"page-templates\/template-pagebuilder-full-width.php","meta":{"om_disable_all_campaigns":false,"_monsterinsights_skip_tracking":false,"_monsterinsights_sitenote_active":false,"_monsterinsights_sitenote_note":"","_monsterinsights_sitenote_category":0,"neve_meta_sidebar":"","neve_meta_container":"","neve_meta_enable_content_width":"","neve_meta_content_width":0,"neve_meta_title_alignment":"","neve_meta_author_avatar":"","neve_post_elements_order":"","neve_meta_disable_header":"","neve_meta_disable_footer":"","neve_meta_disable_title":"","footnotes":""},"class_list":["post-2838","page","type-page","status-publish","hentry"],"aioseo_notices":[],"_links":{"self":[{"href":"https:\/\/sites.ipleiria.pt\/pge\/wp-json\/wp\/v2\/pages\/2838","targetHints":{"allow":["GET"]}}],"collection":[{"href":"https:\/\/sites.ipleiria.pt\/pge\/wp-json\/wp\/v2\/pages"}],"about":[{"href":"https:\/\/sites.ipleiria.pt\/pge\/wp-json\/wp\/v2\/types\/page"}],"author":[{"embeddable":true,"href":"https:\/\/sites.ipleiria.pt\/pge\/wp-json\/wp\/v2\/users\/5904"}],"replies":[{"embeddable":true,"href":"https:\/\/sites.ipleiria.pt\/pge\/wp-json\/wp\/v2\/comments?post=2838"}],"version-history":[{"count":68,"href":"https:\/\/sites.ipleiria.pt\/pge\/wp-json\/wp\/v2\/pages\/2838\/revisions"}],"predecessor-version":[{"id":4176,"href":"https:\/\/sites.ipleiria.pt\/pge\/wp-json\/wp\/v2\/pages\/2838\/revisions\/4176"}],"wp:attachment":[{"href":"https:\/\/sites.ipleiria.pt\/pge\/wp-json\/wp\/v2\/media?parent=2838"}],"curies":[{"name":"wp","href":"https:\/\/api.w.org\/{rel}","templated":true}]}}