{"id":2909,"date":"2024-12-02T00:15:52","date_gmt":"2024-12-02T00:15:52","guid":{"rendered":"https:\/\/sites.ipleiria.pt\/gdip\/?page_id=2909"},"modified":"2025-06-23T14:24:02","modified_gmt":"2025-06-23T14:24:02","slug":"objetivo-sociocomunicativo","status":"publish","type":"page","link":"https:\/\/sites.ipleiria.pt\/pge\/objetivo-sociocomunicativo\/","title":{"rendered":"Objetivo Sociocomunicativo"},"content":{"rendered":"\t\t<div data-elementor-type=\"wp-page\" data-elementor-id=\"2909\" class=\"elementor elementor-2909\">\n\t\t\t\t<div class=\"elementor-element elementor-element-a587849 e-flex e-con-boxed e-con e-parent\" data-id=\"a587849\" data-element_type=\"container\">\n\t\t\t\t\t<div class=\"e-con-inner\">\n\t\t\t\t<div class=\"elementor-element elementor-element-489f53f elementor-widget-divider--view-line elementor-widget elementor-widget-divider\" data-id=\"489f53f\" data-element_type=\"widget\" data-widget_type=\"divider.default\">\n\t\t\t\t<div class=\"elementor-widget-container\">\n\t\t\t\t\t\t\t<div class=\"elementor-divider\">\n\t\t\t<span class=\"elementor-divider-separator\">\n\t\t\t\t\t\t<\/span>\n\t\t<\/div>\n\t\t\t\t\t\t<\/div>\n\t\t\t\t<\/div>\n\t\t\t\t\t<\/div>\n\t\t\t\t<\/div>\n\t\t<div class=\"elementor-element elementor-element-dab3402 e-flex e-con-boxed e-con e-parent\" data-id=\"dab3402\" data-element_type=\"container\">\n\t\t\t\t\t<div class=\"e-con-inner\">\n\t\t<div class=\"elementor-element elementor-element-65ed80f e-con-full e-flex e-con e-child\" data-id=\"65ed80f\" data-element_type=\"container\">\n\t\t\t\t<div class=\"elementor-element elementor-element-2e593d2 elementor-widget elementor-widget-image\" data-id=\"2e593d2\" data-element_type=\"widget\" data-widget_type=\"image.default\">\n\t\t\t\t<div class=\"elementor-widget-container\">\n\t\t\t\t\t\t\t\t\t\t\t\t\t\t\t<img fetchpriority=\"high\" decoding=\"async\" width=\"866\" height=\"172\" src=\"https:\/\/sites.ipleiria.pt\/pge\/files\/2024\/12\/grafismos-site-3-27.png\" class=\"attachment-large size-large wp-image-3046\" alt=\"\" srcset=\"https:\/\/sites.ipleiria.pt\/pge\/files\/2024\/12\/grafismos-site-3-27.png 866w, https:\/\/sites.ipleiria.pt\/pge\/files\/2024\/12\/grafismos-site-3-27-300x60.png 300w, https:\/\/sites.ipleiria.pt\/pge\/files\/2024\/12\/grafismos-site-3-27-768x153.png 768w\" sizes=\"(max-width: 866px) 100vw, 866px\" \/>\t\t\t\t\t\t\t\t\t\t\t\t\t\t\t<\/div>\n\t\t\t\t<\/div>\n\t\t\t\t<\/div>\n\t\t\t\t<div class=\"elementor-element elementor-element-e604655 elementor-widget elementor-widget-heading\" data-id=\"e604655\" data-element_type=\"widget\" data-widget_type=\"heading.default\">\n\t\t\t\t<div class=\"elementor-widget-container\">\n\t\t\t\t\t<h2 class=\"elementor-heading-title elementor-size-default\">Objetivo Sociocomunicativo<\/h2>\t\t\t\t<\/div>\n\t\t\t\t<\/div>\n\t\t\t\t\t<\/div>\n\t\t\t\t<\/div>\n\t\t<div class=\"elementor-element elementor-element-2746036 e-flex e-con-boxed e-con e-parent\" data-id=\"2746036\" data-element_type=\"container\">\n\t\t\t\t\t<div class=\"e-con-inner\">\n\t\t<div class=\"elementor-element elementor-element-4c4c889 e-con-full e-flex e-con e-child\" data-id=\"4c4c889\" data-element_type=\"container\">\n\t\t\t\t<div class=\"elementor-element elementor-element-716ec26 elementor-widget elementor-widget-text-editor\" data-id=\"716ec26\" data-element_type=\"widget\" data-widget_type=\"text-editor.default\">\n\t\t\t\t<div class=\"elementor-widget-container\">\n\t\t\t\t\t\t\t\t\t<p>O<strong><span class=\"has-inline-color has-blue-color\"> objetivo sociocomunicativo <\/span><\/strong>\u00e9 a motiva\u00e7\u00e3o social que se encontra, no discurso, associada a um determinado padr\u00e3o estrutural. Trata-se de um conceito te\u00f3rico fundamental em teorias que conceptualizam a linguagem na sua dimens\u00e3o social e cultural.\u00a0<\/p>\n<p><!-- \/wp:paragraph --><!-- wp:paragraph --><\/p>\n<p>O conceito de objetivo sociocomunicativo pode ser tamb\u00e9m referido como prop\u00f3sito sociocomunicativo e desempenha uma fun\u00e7\u00e3o importante na Lingu\u00edstica Sist\u00e9mico-Funcional (doravante LSF), mais particularmente na teoria do g\u00e9nero desenvolvida por Martin (1992) (<em>apud<\/em> Martin &amp; Rose 2008; Rose &amp; Martin 2012). Neste enquadramento te\u00f3rico particular, o conceito de objetivo sociocomunicativo define-se como a fun\u00e7\u00e3o que \u00e9 concretizada por meio de um determinado g\u00e9nero. Por outras palavras, trata-se da motiva\u00e7\u00e3o relevante numa dada cultura que se manifesta discursivamente por meio de um determinado conjunto de padr\u00f5es estruturais e de significado. O termo ingl\u00eas original \u00e9 <em>social purpose<\/em>. Na tradu\u00e7\u00e3o portuguesa usa-se o modificador \u2018sociocomunicativo\u2019 para tornar expl\u00edcita a dupla dimens\u00e3o social e comunicativa (cf. Caels, 2016, p. 21).\u00a0\u00a0<\/p>\n<p><!-- \/wp:paragraph --><!-- wp:paragraph --><\/p>\n<p>O objetivo sociocomunicativo n\u00e3o dever\u00e1 ser visto como estando associado a um determinado conjunto de atores sociais particulares ou a uma inten\u00e7\u00e3o psicol\u00f3gica particular. N\u00e3o se reporta a uma an\u00e1lise sociol\u00f3gica ou psicol\u00f3gica dos textos, e sim a uma an\u00e1lise lingu\u00edstica.\u00a0<\/p>\n<p><!-- \/wp:paragraph --><!-- wp:paragraph --><\/p>\n<p>Ao contr\u00e1rio do que sucede com a situa\u00e7\u00e3o ou o contexto em que se produzem os textos, e que podem ser sempre diferentes, o conjunto de objetivos sociocomunicativos \u00e9 relativamente restrito (cf. Gouveia, 2014). Entendendo-se que todos os textos s\u00e3o resultado de um processo cont\u00ednuo de escolhas sem\u00e2nticas num dado contexto (cf. Bache, 2013) e que, nesse \u00e2mbito, v\u00e1rios objetivos sociocomunicativos podem convergir num mesmo texto, estabelecem-se dois tipos de distin\u00e7\u00f5es.\u00a0\u00a0<\/p>\n<p><!-- \/wp:paragraph --><!-- wp:paragraph --><\/p>\n<p>Distingue-se entre o objetivo sociocomunicativo principal e o(s) secund\u00e1rio(s). O objetivo sociocomunicativo principal afigura-se como aquele que \u00e9 respons\u00e1vel pela gera\u00e7\u00e3o e configura\u00e7\u00e3o do g\u00e9nero num conjunto de etapas definidoras (ou obrigat\u00f3rias), enquanto o(s) secund\u00e1rio(s) dar\u00e1\/\u00e3o origem a pequenos momentos dentro do g\u00e9nero. Alguns autores acrescentam ainda que o primeiro se realiza por meio de padr\u00f5es de significado expl\u0131\u0301citos, ao passo que o(s) segundo(s) se realiza(m) por meio de padr\u00f5es de significado menos expl\u0131\u0301citos (cf. Silva, 2018, p. 317; Caels, 2016, p. 21). Para uma compreens\u00e3o mais detalhada sobre a rela\u00e7\u00e3o entre objetivo sociocomunicativo e etapas definidoras, sugere-se a leitura de Caels, Barbeiro e Gouveia (2020). Pode afirmar-se que a estrutura global dos textos (que inclui as escolhas l\u00e9xico-gramaticais e sem\u00e2ntico-discursivas), ou o seu objetivo sociocomunicativo principal, constitui crit\u00e9rio para definir se um conjunto de textos pertence, ou n\u00e3o, a um mesmo g\u00e9nero. Assim, os textos que partilham as mesmas etapas e, portanto, que d\u00e3o forma a um mesmo prop\u00f3sito sociocomunicativo principal, s\u00e3o agrupados como exemplares do mesmo g\u00e9nero.\u00a0\u00a0<\/p>\n<p><!-- \/wp:paragraph --><!-- wp:paragraph --><\/p>\n<p>Por fim, estabelece-se uma diferencia\u00e7\u00e3o entre objetivos sociocomunicativos mais gerais (associados \u00e0s fam\u00edlias de g\u00e9neros) e objetivos sociocomunicativos mais espec\u00edficos (associados a g\u00e9neros). Exemplos de um objetivo sociocomunicativo mais geral ser\u00e3o os seguintes: \u201cenvolver ou entreter o leitor\u201d (que se manifesta na fam\u00edlia de g\u00e9neros das Hist\u00f3rias), \u201cinformar\u201d ou \u201cavaliar\u201d. Exemplos de objetivos mais particulares ser\u00e3o: \u201cenvolver o leitor por meio da apresenta\u00e7\u00e3o e resolu\u00e7\u00e3o de uma situa\u00e7\u00e3o problem\u00e1tica\u201d (que se manifesta no g\u00e9nero narrativa), \u201cenvolver o leitor por meio da avalia\u00e7\u00e3o de comportamentos\u201d (que se manifesta no g\u00e9nero \u2018exemplum\u2019) e \u201cdebater dois pontos de vista\u201d (que se manifesta no g\u00e9nero discuss\u00e3o).\u00a0\u00a0<\/p>\n<p><!-- \/wp:paragraph --><!-- wp:paragraph --><\/p>\n<p>A explicita\u00e7\u00e3o (porventura, por parte do professor) do objetivo sociocomunicativo geral e espec\u00edfico do g\u00e9nero de um determinado texto constitui um momento imprescind\u00edvel para a sua leitura e interpreta\u00e7\u00e3o e isto sucede por duas raz\u00f5es. Por um lado, trata-se de um significado contextual e interpretativo e que, portanto, requer uma identifica\u00e7\u00e3o expl\u00edcita da rela\u00e7\u00e3o existente entre fraseados do texto e o contexto. Por outro lado, o conhecimento expl\u00edcito e a metalinguagem associados ao conceito de objetivo sociocomunicativo ampliam e refor\u00e7am as compet\u00eancias sociais dos indiv\u00edduos na cultura onde vivem as suas vidas.\u00a0\u00a0\u00a0\u00a0<\/p>\n<p><!-- \/wp:paragraph --><!-- wp:paragraph --><\/p>\n<p><strong>Refer\u00eancias<\/strong>\u00a0<\/p>\n<p><!-- \/wp:paragraph --><!-- wp:paragraph --><\/p>\n<p>Bache, C. (2013). Grammatical choice and communicative motivation: a radical system approach. In L. Fontaine, T. Bartlett, &amp; G. O\u2019Grady, <em>Systemic Functional Linguistics \u2013 Exploring Choice<\/em> (pp. 72-94). Cambridge: Cambrigde University Press.\u00a0<\/p>\n<p><!-- \/wp:paragraph --><!-- wp:paragraph --><\/p>\n<p>Caels, F. (2016). <em>Textos das Ci\u00eancias na disciplina de PLNM: uma abordagem baseada em G\u00e9nero<\/em>. Tese de doutoramento n\u00e3o publicada. Lisboa: Faculdade de Letras da Universidade de Lisboa. Dispon\u00edvel em: <a href=\"https:\/\/repositorio.ul.pt\/handle\/10451\/23642\" target=\"_blank\" rel=\"noreferrer noopener\">https:\/\/repositorio.ul.pt\/handle\/10451\/23642<\/a> (Consulta: 5\/2\/2021)\u00a0<\/p>\n<p><!-- \/wp:paragraph --><!-- wp:paragraph --><\/p>\n<p>Caels, F., Barbeiro, L. F. &amp; Gouveia, C. A. M. (2020). G\u00e9neros escolares segundo a Escola de Sydney: Prop\u00f3sitos, estruturas e realiza\u00e7\u00f5es textuais. <em>Indagatio Didactica<\/em> 12(2) : 13-32.\u00a0<\/p>\n<p><!-- \/wp:paragraph --><!-- wp:paragraph --><\/p>\n<p>Fuzer, C. (2018). Realiza\u00e7\u00f5es lingu\u00edsticas e instancia\u00e7\u00e3o de g\u00eaneros na perspetiva sist\u00eamico-funcional. <em>D.E.L.T.A., 34 <\/em>(1): 296-304. Dispon\u00edvel em: <a href=\"https:\/\/www.scielo.br\/pdf\/delta\/v34n1\/1678-460X-delta-34-01-269.pdf\" target=\"_blank\" rel=\"noreferrer noopener\">https:\/\/www.scielo.br\/pdf\/delta\/v34n1\/1678-460X-delta-34-01-269.pdf<\/a> (Consulta: 5\/2\/2021)\u00a0<\/p>\n<p><!-- \/wp:paragraph --><!-- wp:paragraph --><\/p>\n<p>Gouveia, C. A. M. (2014). Compreens\u00e3o leitora como base instrumental do ensino da produ\u00e7\u00e3o escrita. In W. Silva, J. Santos &amp; M. Melo (eds.), <em>Pesquisas em l\u00edngua(gem) e demandas do ensino b\u00e1sico<\/em>. S\u00e3o Paulo: Pontes Editora.\u00a0\u00a0<\/p>\n<p><!-- \/wp:paragraph --><!-- wp:paragraph --><\/p>\n<p>Martin, J. R. &amp; Rose, D. (2008). <em>Genre Relations: Mapping culture. <\/em>London, Oakville: Equinox.\u00a0<\/p>\n<p><!-- \/wp:paragraph --><!-- wp:paragraph --><\/p>\n<p>Rose, D. &amp; Martin, J. R. (2012). <em>Learning to write, Reading to learn: genre, knowledge and pedagogy in the Sydney School<\/em>. London: Equinox.\u00a0<\/p>\n<p><!-- \/wp:paragraph --><!-- wp:paragraph --><\/p>\n<p>Silva, E. (2018). G\u00eaneros na teoria sist\u00eamico-funcional. <em>D.E.L.T.A., 34 <\/em>(1): 305-330. Dispon\u00edvel em: <a href=\"https:\/\/www.scielo.br\/pdf\/delta\/v34n1\/1678-460X-delta-34-01-305.pdf\" target=\"_blank\" rel=\"noreferrer noopener\">https:\/\/www.scielo.br\/pdf\/delta\/v34n1\/1678-460X-delta-34-01-305.pdf<\/a> (Consulta: 5\/2\/2021)\u00a0<\/p>\n<p><!-- \/wp:paragraph --><!-- wp:paragraph --><\/p>\n<p><strong>Forma de referencia\u00e7\u00e3o sugerida<\/strong>\u00a0<\/p>\n<p><!-- \/wp:paragraph --><!-- wp:paragraph --><\/p>\n<p>Alexandre, M. F. (2021). Objetivo sociocomunicativo. <a href=\"https:\/\/sites.ipleiria.pt\/pge\/objetivo-sociocomunicativo\/\"> https:\/\/sites.ipleiria.pt\/pge\/objetivo-sociocomunicativo\/<\/a><\/p>\n<p>\u00a0<\/p>\n<p><!-- \/wp:paragraph --><!-- wp:paragraph {\"align\":\"right\"} --><\/p>\t\t\t\t\t\t\t\t<\/div>\n\t\t\t\t<\/div>\n\t\t\t\t<\/div>\n\t\t\t\t\t<\/div>\n\t\t\t\t<\/div>\n\t\t<div class=\"elementor-element elementor-element-053192e e-flex e-con-boxed e-con e-parent\" data-id=\"053192e\" data-element_type=\"container\">\n\t\t\t\t\t<div class=\"e-con-inner\">\n\t\t<div class=\"elementor-element elementor-element-b442e04 e-con-full e-flex e-con e-child\" data-id=\"b442e04\" data-element_type=\"container\">\n\t\t\t\t<div class=\"elementor-element elementor-element-685661b elementor-widget elementor-widget-image\" data-id=\"685661b\" data-element_type=\"widget\" data-widget_type=\"image.default\">\n\t\t\t\t<div class=\"elementor-widget-container\">\n\t\t\t\t\t\t\t\t\t\t\t\t\t\t\t<img decoding=\"async\" width=\"866\" height=\"172\" src=\"https:\/\/sites.ipleiria.pt\/pge\/files\/2024\/12\/grafismos-site-3-28.png\" class=\"attachment-large size-large wp-image-3047\" alt=\"\" srcset=\"https:\/\/sites.ipleiria.pt\/pge\/files\/2024\/12\/grafismos-site-3-28.png 866w, https:\/\/sites.ipleiria.pt\/pge\/files\/2024\/12\/grafismos-site-3-28-300x60.png 300w, https:\/\/sites.ipleiria.pt\/pge\/files\/2024\/12\/grafismos-site-3-28-768x153.png 768w\" sizes=\"(max-width: 866px) 100vw, 866px\" \/>\t\t\t\t\t\t\t\t\t\t\t\t\t\t\t<\/div>\n\t\t\t\t<\/div>\n\t\t\t\t<\/div>\n\t\t\t\t\t<\/div>\n\t\t\t\t<\/div>\n\t\t\t\t<\/div>\n\t\t","protected":false},"excerpt":{"rendered":"<p>Objetivo Sociocomunicativo O objetivo sociocomunicativo \u00e9 a motiva\u00e7\u00e3o social que se encontra, no discurso, associada a um determinado padr\u00e3o estrutural. Trata-se de um conceito te\u00f3rico fundamental em teorias que conceptualizam a linguagem na sua dimens\u00e3o social e cultural.\u00a0 O conceito de objetivo sociocomunicativo pode ser tamb\u00e9m referido como prop\u00f3sito sociocomunicativo e desempenha uma fun\u00e7\u00e3o importante&hellip;&nbsp;<a href=\"https:\/\/sites.ipleiria.pt\/pge\/objetivo-sociocomunicativo\/\" rel=\"bookmark\">Ler mais &raquo;<span class=\"screen-reader-text\">Objetivo Sociocomunicativo<\/span><\/a><\/p>\n","protected":false},"author":5904,"featured_media":0,"parent":0,"menu_order":0,"comment_status":"closed","ping_status":"closed","template":"page-templates\/template-pagebuilder-full-width.php","meta":{"om_disable_all_campaigns":false,"_monsterinsights_skip_tracking":false,"_monsterinsights_sitenote_active":false,"_monsterinsights_sitenote_note":"","_monsterinsights_sitenote_category":0,"neve_meta_sidebar":"","neve_meta_container":"","neve_meta_enable_content_width":"","neve_meta_content_width":0,"neve_meta_title_alignment":"","neve_meta_author_avatar":"","neve_post_elements_order":"","neve_meta_disable_header":"","neve_meta_disable_footer":"","neve_meta_disable_title":"","footnotes":""},"class_list":["post-2909","page","type-page","status-publish","hentry"],"aioseo_notices":[],"_links":{"self":[{"href":"https:\/\/sites.ipleiria.pt\/pge\/wp-json\/wp\/v2\/pages\/2909","targetHints":{"allow":["GET"]}}],"collection":[{"href":"https:\/\/sites.ipleiria.pt\/pge\/wp-json\/wp\/v2\/pages"}],"about":[{"href":"https:\/\/sites.ipleiria.pt\/pge\/wp-json\/wp\/v2\/types\/page"}],"author":[{"embeddable":true,"href":"https:\/\/sites.ipleiria.pt\/pge\/wp-json\/wp\/v2\/users\/5904"}],"replies":[{"embeddable":true,"href":"https:\/\/sites.ipleiria.pt\/pge\/wp-json\/wp\/v2\/comments?post=2909"}],"version-history":[{"count":37,"href":"https:\/\/sites.ipleiria.pt\/pge\/wp-json\/wp\/v2\/pages\/2909\/revisions"}],"predecessor-version":[{"id":4331,"href":"https:\/\/sites.ipleiria.pt\/pge\/wp-json\/wp\/v2\/pages\/2909\/revisions\/4331"}],"wp:attachment":[{"href":"https:\/\/sites.ipleiria.pt\/pge\/wp-json\/wp\/v2\/media?parent=2909"}],"curies":[{"name":"wp","href":"https:\/\/api.w.org\/{rel}","templated":true}]}}