{"id":2975,"date":"2024-12-02T01:06:14","date_gmt":"2024-12-02T01:06:14","guid":{"rendered":"https:\/\/sites.ipleiria.pt\/gdip\/?page_id=2975"},"modified":"2025-06-23T14:40:20","modified_gmt":"2025-06-23T14:40:20","slug":"artigo-cientifico","status":"publish","type":"page","link":"https:\/\/sites.ipleiria.pt\/pge\/artigo-cientifico\/","title":{"rendered":"Artigo Cient\u00edfico"},"content":{"rendered":"\t\t<div data-elementor-type=\"wp-page\" data-elementor-id=\"2975\" class=\"elementor elementor-2975\">\n\t\t\t\t<div class=\"elementor-element elementor-element-2a7d438 e-flex e-con-boxed e-con e-parent\" data-id=\"2a7d438\" data-element_type=\"container\">\n\t\t\t\t\t<div class=\"e-con-inner\">\n\t\t\t\t<div class=\"elementor-element elementor-element-89d6ac6 elementor-widget-divider--view-line elementor-widget elementor-widget-divider\" data-id=\"89d6ac6\" data-element_type=\"widget\" data-widget_type=\"divider.default\">\n\t\t\t\t<div class=\"elementor-widget-container\">\n\t\t\t\t\t\t\t<div class=\"elementor-divider\">\n\t\t\t<span class=\"elementor-divider-separator\">\n\t\t\t\t\t\t<\/span>\n\t\t<\/div>\n\t\t\t\t\t\t<\/div>\n\t\t\t\t<\/div>\n\t\t\t\t\t<\/div>\n\t\t\t\t<\/div>\n\t\t<div class=\"elementor-element elementor-element-a5c8829 e-flex e-con-boxed e-con e-parent\" data-id=\"a5c8829\" data-element_type=\"container\">\n\t\t\t\t\t<div class=\"e-con-inner\">\n\t\t<div class=\"elementor-element elementor-element-3e2c108 e-con-full e-flex e-con e-child\" data-id=\"3e2c108\" data-element_type=\"container\">\n\t\t\t\t<div class=\"elementor-element elementor-element-fc9544c elementor-widget elementor-widget-image\" data-id=\"fc9544c\" data-element_type=\"widget\" data-widget_type=\"image.default\">\n\t\t\t\t<div class=\"elementor-widget-container\">\n\t\t\t\t\t\t\t\t\t\t\t\t\t\t\t<img fetchpriority=\"high\" decoding=\"async\" width=\"866\" height=\"172\" src=\"https:\/\/sites.ipleiria.pt\/pge\/files\/2024\/12\/grafismos-site-3-27.png\" class=\"attachment-large size-large wp-image-3046\" alt=\"\" srcset=\"https:\/\/sites.ipleiria.pt\/pge\/files\/2024\/12\/grafismos-site-3-27.png 866w, https:\/\/sites.ipleiria.pt\/pge\/files\/2024\/12\/grafismos-site-3-27-300x60.png 300w, https:\/\/sites.ipleiria.pt\/pge\/files\/2024\/12\/grafismos-site-3-27-768x153.png 768w\" sizes=\"(max-width: 866px) 100vw, 866px\" \/>\t\t\t\t\t\t\t\t\t\t\t\t\t\t\t<\/div>\n\t\t\t\t<\/div>\n\t\t\t\t<\/div>\n\t\t\t\t<div class=\"elementor-element elementor-element-eb7ef05 elementor-widget elementor-widget-heading\" data-id=\"eb7ef05\" data-element_type=\"widget\" data-widget_type=\"heading.default\">\n\t\t\t\t<div class=\"elementor-widget-container\">\n\t\t\t\t\t<h2 class=\"elementor-heading-title elementor-size-default\">Artigo Cient\u00edfico<\/h2>\t\t\t\t<\/div>\n\t\t\t\t<\/div>\n\t\t\t\t\t<\/div>\n\t\t\t\t<\/div>\n\t\t<div class=\"elementor-element elementor-element-0efe38d e-flex e-con-boxed e-con e-parent\" data-id=\"0efe38d\" data-element_type=\"container\">\n\t\t\t\t\t<div class=\"e-con-inner\">\n\t\t<div class=\"elementor-element elementor-element-526f765 e-con-full e-flex e-con e-child\" data-id=\"526f765\" data-element_type=\"container\">\n\t\t\t\t<div class=\"elementor-element elementor-element-8fd089a elementor-widget elementor-widget-text-editor\" data-id=\"8fd089a\" data-element_type=\"widget\" data-widget_type=\"text-editor.default\">\n\t\t\t\t<div class=\"elementor-widget-container\">\n\t\t\t\t\t\t\t\t\t<p>Um <strong>artigo cient\u00edfico<\/strong> \u00e9 um texto que tem como objetivo divulgar conhecimento novo, produzido numa dada \u00e1rea disciplinar, e que apresenta uma investiga\u00e7\u00e3o pr\u00e9via, cujos procedimentos foram estabelecidos e validados pela comunidade acad\u00e9mica \u00e0 qual o artigo se destina. Geralmente, \u00e9 publicado em revistas especializadas e indexadas (i.e, referenciadas em bases de dados segundo uma escala de qualidade), e foi revisto de forma an\u00f3nima por especialistas da \u00e1rea.<\/p>\n<p><!-- \/wp:paragraph --><!-- wp:paragraph --><\/p>\n<p>Na sua constitui\u00e7\u00e3o, o artigo cient\u00edfico deve corresponder a determinados horizontes de expectativas:<\/p>\n<ul>\n<li>apresenta conte\u00fados pertinentes, de pendor informativo e argumentativo, uma vez que se destina a construir conhecimento novo e a convencer a comunidade disciplinar da sua validade;<\/li>\n<!-- \/wp:list-item --><!-- wp:list-item -->\n<li><span style=\"font-size: 1rem;\">organiza esses conte\u00fados conforme um dado plano de texto, que admite pelo menos duas variantes: o plano IMRD(C) ou o plano por T\u00d3PICOS (ver infra);<\/span><\/li>\n<!-- \/wp:list-item --><!-- wp:list-item -->\n<li><span style=\"font-size: 1rem;\">utiliza o registo formal<\/span>;<\/li>\n<!-- \/wp:list-item --><!-- wp:list-item -->\n<li><span style=\"font-size: 1rem;\">recorre a l\u00e9xico especializado para objetos ou conceitos (por exemplo:\u00a0<\/span><em style=\"font-size: 1rem;\">isotopia \u2013 \u00e1cido bilirrub\u00ednico \u2013 algebr\u00f3ides de Lie \u2013 fibrilha\u00e7\u00e3o auricular \u2013 infla\u00e7\u00e3o a dois d\u00edgitos<\/em><span style=\"font-size: 1rem;\">);<\/span><\/li>\n<!-- \/wp:list-item --><!-- wp:list-item -->\n<li>usa fraseologia metatextual (<em>o presente trabalho destina-se a\u2026 &#8211; aplicou-se o m\u00e9todo\u2026 &#8211; os resultados comprovam que\u2026<\/em>).<\/li>\n<!-- \/wp:list-item --><\/ul>\n<p><!-- \/wp:list --><!-- wp:paragraph --><\/p>\n<p>O artigo cient\u00edfico reconhece-se na sua disposi\u00e7\u00e3o gr\u00e1fica por estar materialmente delimitado pelo t\u00edtulo e pela identifica\u00e7\u00e3o expl\u00edcita do\/a(s) autore\/a(s), acompanhada de (i) indica\u00e7\u00f5es institucionais (afilia\u00e7\u00e3o), (ii) resumo ou\u00a0<em>abstract<\/em>[hiperliga\u00e7\u00e3o]\u00a0logo a seguir ao t\u00edtulo, e (iii) lista de refer\u00eancias bibliogr\u00e1ficas no fim. Al\u00e9m disso, ser\u00e1 sempre referenciado de acordo com determinadas normas, assim que for publicado.<\/p>\n<p><!-- \/wp:paragraph --><!-- wp:paragraph --><\/p>\n<p>Estas conven\u00e7\u00f5es traduzem indiretamente algumas das propriedades acima referidas: o t\u00edtulo e o\u00a0<em>abstract \/ resumo<\/em>permitem a classifica\u00e7\u00e3o do texto na \u00e1rea disciplinar e a identifica\u00e7\u00e3o r\u00e1pida dos seus conte\u00fados; a identifica\u00e7\u00e3o da autoria, a afilia\u00e7\u00e3o e a lista de refer\u00eancias bibliogr\u00e1ficas ajudam a validar a autoridade cient\u00edfica e conferem credibilidade ao pr\u00f3prio texto; a referencia\u00e7\u00e3o insere-o num circuito de circula\u00e7\u00e3o de conhecimento novo dentro da \u00e1rea disciplinar.<\/p>\n<p><!-- \/wp:paragraph --><!-- wp:paragraph --><\/p>\n<p>Para al\u00e9m destas propriedades comuns, os artigos cient\u00edficos possuem outras mais espec\u00edficas, decorrentes, antes de mais, dos conte\u00fados e da \u00e1rea disciplinar, que influenciam a escolha entre dois planos:<\/p>\n<p><!-- \/wp:paragraph --><!-- wp:paragraph --><\/p>\n<p><strong>Plano IMRD(C)<\/strong>, no qual os conte\u00fados resultam de investiga\u00e7\u00e3o com alguma componente pr\u00e1tica (experimenta\u00e7\u00e3o, ensaio, simula\u00e7\u00e3o computacional ou estudo de caso, por exemplo) e se distribuem por sec\u00e7\u00f5es que t\u00eam, em geral, as seguintes designa\u00e7\u00f5es (ou outras sin\u00f3nimas):\u00a0<\/p>\n<p><!-- \/wp:paragraph --><\/p>\n<ul>\n<li><em>Introdu\u00e7\u00e3o<\/em>\u00a0(contextualiza\u00e7\u00e3o, enquadramento te\u00f3rico e revis\u00e3o da bibliografia ou estado da arte, apresenta\u00e7\u00e3o de perguntas de investiga\u00e7\u00e3o e\/ou hip\u00f3teses te\u00f3ricas);<\/li>\n<\/ul>\n<ul>\n<li><em>Metodologia\u00a0<\/em>(m\u00e9todos, modelos, protocolos e\/ou procedimentos para obten\u00e7\u00e3o de dados);<\/li>\n<\/ul>\n<ul>\n<li><em>Resultados<\/em>\u00a0(descri\u00e7\u00e3o dos dados);<em>Discuss\u00e3o\u00a0<\/em>(compara\u00e7\u00e3o dos dados com outros previamente existentes, compara\u00e7\u00e3o ou contraste com o conhecimento pr\u00e9vio, tal como se apresenta na\u00a0<em>Introdu\u00e7\u00e3o<\/em>, explicita\u00e7\u00e3o do seu significado e de como respondem \u00e0s perguntas de investiga\u00e7\u00e3o, confirmando ou infirmando a hip\u00f3tese inicial);\u00a0<\/li>\n<\/ul>\n<p><!-- wp:list --><\/p>\n<ul><!-- wp:list-item -->\n<li>(eventual)\u00a0<em>Conclus\u00e3o<\/em>\u00a0(retoma dos pontos principais, enumera\u00e7\u00e3o de limita\u00e7\u00f5es da investiga\u00e7\u00e3o e\/ou do pr\u00f3prio artigo, indica\u00e7\u00e3o de futuras linhas de pesquisa).<\/li>\n<!-- \/wp:list-item --><\/ul>\n<p><!-- \/wp:list --><!-- wp:paragraph --><\/p>\n<p><strong>Plano por T\u00d3PICOS<\/strong>, no qual os conte\u00fados resultam de uma investiga\u00e7\u00e3o mais te\u00f3rica, pass\u00edvel de apresenta\u00e7\u00e3o de tipo ensa\u00edstico, como, por exemplo, os artigos que efetuam apenas uma revis\u00e3o bibliogr\u00e1fica), e cujas sec\u00e7\u00f5es, al\u00e9m da\u00a0<em>Introdu\u00e7\u00e3o<\/em>\u00a0e da\u00a0<em>Conclus\u00e3o<\/em>, dependem dos temas e subtemas a desenvolver.<\/p>\n<p><!-- \/wp:paragraph --><!-- wp:paragraph --><\/p>\n<p>Embora haja tend\u00eancia para associar o plano IMRD(C) a \u00e1reas disciplinares CTEM (Ci\u00eancias \u2013 Engenharias \u2013 Tecnologias \u2013 Matem\u00e1tica) e o plano T\u00d3PICOS a \u00e1reas disciplinares CSHH (Ci\u00eancias Sociais e Humanas \u2013 Humanidades), n\u00e3o existe exclusividade, sendo a escolha ditada por uma conjuga\u00e7\u00e3o entre o tipo de investiga\u00e7\u00e3o efetuada, a \u00e1rea cient\u00edfica, a comunidade disciplinar e o contexto de publica\u00e7\u00e3o.<\/p>\n<p><!-- \/wp:paragraph --><!-- wp:paragraph --><\/p>\n<p>No enquadramento te\u00f3rico do Interacionismo Sociodiscursivo (Bronckart, 1997), o artigo cient\u00edfico constitui um g\u00e9nero textual, reconhec\u00edvel em diversos textos emp\u00edricos pelas propriedades acima elencadas, que resultam das pr\u00e1ticas sociais de uma forma\u00e7\u00e3o sociodiscursiva \u2013 a comunidade disciplinar da respetiva \u00e1rea cient\u00edfica.<\/p>\n<p><!-- \/wp:paragraph --><!-- wp:paragraph --><\/p>\n<p>No enquadramento te\u00f3rico da Lingu\u00edstica Sist\u00e9mico-Funcional (Halliday &amp; Matthiessen, 2004), textos etiquetados como artigos cient\u00edficos podem congregar v\u00e1rios g\u00e9neros: o relato de procedimento (assim acontece com o plano IMRD(C), quando se relata uma experi\u00eancia, ou uma simula\u00e7\u00e3o, por exemplo)\u00a0[hiperliga\u00e7\u00e3o]\u00a0e o relato hist\u00f3rico (quando se reconstitui uma \u00e9poca atrav\u00e9s de uma sequ\u00eancia de eventos ligados pelo tempo)\u00a0[hiperliga\u00e7\u00e3o],\u00a0entre outros poss\u00edveis.\u00a0<\/p>\n<p><!-- \/wp:paragraph --><!-- wp:paragraph --><\/p>\n<p><strong>Leituras aconselhadas:<\/strong><\/p>\n<p><!-- \/wp:paragraph --><!-- wp:paragraph --><\/p>\n<p>Cargill, M. &amp; O\u2019Connor, P. (2013).\u00a0<em>Writing Scientific Research Articles. Strategies and Steps.<\/em>\u00a0Wiley-Blackwell.<\/p>\n<p><!-- \/wp:paragraph --><!-- wp:paragraph --><\/p>\n<p>Macagno, P. &amp; Rapanta, C. (2021).\u00a0<em>Escrita Acad\u00e9mica. Argumenta\u00e7\u00e3o. L\u00f3gica da escrita. Ideias e estilo. Artigos e papers<\/em>. Pactor.<\/p>\n<p><!-- \/wp:paragraph --><!-- wp:paragraph --><\/p>\n<p><strong>Forma de referencia\u00e7\u00e3o sugerida<\/strong><\/p>\n<p><!-- \/wp:paragraph --><!-- wp:paragraph --><\/p>\n<p>Santos, J. V. (2024). Artigo Cient\u00edfico. <a href=\"https:\/\/sites.ipleiria.pt\/pge\/artigo-cientifico\/\">https:\/\/sites.ipleiria.pt\/pge\/artigo-cientifico\/<\/a><\/p>\n<p>\u00a0<\/p>\t\t\t\t\t\t\t\t<\/div>\n\t\t\t\t<\/div>\n\t\t\t\t<\/div>\n\t\t\t\t\t<\/div>\n\t\t\t\t<\/div>\n\t\t<div class=\"elementor-element elementor-element-d0fbea8 e-flex e-con-boxed e-con e-parent\" data-id=\"d0fbea8\" data-element_type=\"container\">\n\t\t\t\t\t<div class=\"e-con-inner\">\n\t\t<div class=\"elementor-element elementor-element-1358bb1 e-con-full e-flex e-con e-child\" data-id=\"1358bb1\" data-element_type=\"container\">\n\t\t\t\t<div class=\"elementor-element elementor-element-46fee30 elementor-widget elementor-widget-image\" data-id=\"46fee30\" data-element_type=\"widget\" data-widget_type=\"image.default\">\n\t\t\t\t<div class=\"elementor-widget-container\">\n\t\t\t\t\t\t\t\t\t\t\t\t\t\t\t<img decoding=\"async\" width=\"866\" height=\"172\" src=\"https:\/\/sites.ipleiria.pt\/pge\/files\/2024\/12\/grafismos-site-3-28.png\" class=\"attachment-large size-large wp-image-3047\" alt=\"\" srcset=\"https:\/\/sites.ipleiria.pt\/pge\/files\/2024\/12\/grafismos-site-3-28.png 866w, https:\/\/sites.ipleiria.pt\/pge\/files\/2024\/12\/grafismos-site-3-28-300x60.png 300w, https:\/\/sites.ipleiria.pt\/pge\/files\/2024\/12\/grafismos-site-3-28-768x153.png 768w\" sizes=\"(max-width: 866px) 100vw, 866px\" \/>\t\t\t\t\t\t\t\t\t\t\t\t\t\t\t<\/div>\n\t\t\t\t<\/div>\n\t\t\t\t<\/div>\n\t\t\t\t\t<\/div>\n\t\t\t\t<\/div>\n\t\t\t\t<\/div>\n\t\t","protected":false},"excerpt":{"rendered":"<p>Artigo Cient\u00edfico Um artigo cient\u00edfico \u00e9 um texto que tem como objetivo divulgar conhecimento novo, produzido numa dada \u00e1rea disciplinar, e que apresenta uma investiga\u00e7\u00e3o pr\u00e9via, cujos procedimentos foram estabelecidos e validados pela comunidade acad\u00e9mica \u00e0 qual o artigo se destina. Geralmente, \u00e9 publicado em revistas especializadas e indexadas (i.e, referenciadas em bases de dados&hellip;&nbsp;<a href=\"https:\/\/sites.ipleiria.pt\/pge\/artigo-cientifico\/\" rel=\"bookmark\">Ler mais &raquo;<span class=\"screen-reader-text\">Artigo Cient\u00edfico<\/span><\/a><\/p>\n","protected":false},"author":5904,"featured_media":0,"parent":0,"menu_order":0,"comment_status":"closed","ping_status":"closed","template":"page-templates\/template-pagebuilder-full-width.php","meta":{"om_disable_all_campaigns":false,"_monsterinsights_skip_tracking":false,"_monsterinsights_sitenote_active":false,"_monsterinsights_sitenote_note":"","_monsterinsights_sitenote_category":0,"neve_meta_sidebar":"","neve_meta_container":"","neve_meta_enable_content_width":"","neve_meta_content_width":0,"neve_meta_title_alignment":"","neve_meta_author_avatar":"","neve_post_elements_order":"","neve_meta_disable_header":"","neve_meta_disable_footer":"","neve_meta_disable_title":"","footnotes":""},"class_list":["post-2975","page","type-page","status-publish","hentry"],"aioseo_notices":[],"_links":{"self":[{"href":"https:\/\/sites.ipleiria.pt\/pge\/wp-json\/wp\/v2\/pages\/2975","targetHints":{"allow":["GET"]}}],"collection":[{"href":"https:\/\/sites.ipleiria.pt\/pge\/wp-json\/wp\/v2\/pages"}],"about":[{"href":"https:\/\/sites.ipleiria.pt\/pge\/wp-json\/wp\/v2\/types\/page"}],"author":[{"embeddable":true,"href":"https:\/\/sites.ipleiria.pt\/pge\/wp-json\/wp\/v2\/users\/5904"}],"replies":[{"embeddable":true,"href":"https:\/\/sites.ipleiria.pt\/pge\/wp-json\/wp\/v2\/comments?post=2975"}],"version-history":[{"count":20,"href":"https:\/\/sites.ipleiria.pt\/pge\/wp-json\/wp\/v2\/pages\/2975\/revisions"}],"predecessor-version":[{"id":4349,"href":"https:\/\/sites.ipleiria.pt\/pge\/wp-json\/wp\/v2\/pages\/2975\/revisions\/4349"}],"wp:attachment":[{"href":"https:\/\/sites.ipleiria.pt\/pge\/wp-json\/wp\/v2\/media?parent=2975"}],"curies":[{"name":"wp","href":"https:\/\/api.w.org\/{rel}","templated":true}]}}