{"id":2993,"date":"2024-12-02T01:20:33","date_gmt":"2024-12-02T01:20:33","guid":{"rendered":"https:\/\/sites.ipleiria.pt\/gdip\/?page_id=2993"},"modified":"2025-06-23T14:39:36","modified_gmt":"2025-06-23T14:39:36","slug":"tese-de-doutoramento-2","status":"publish","type":"page","link":"https:\/\/sites.ipleiria.pt\/pge\/tese-de-doutoramento-2\/","title":{"rendered":"Tese de Doutoramento"},"content":{"rendered":"\t\t<div data-elementor-type=\"wp-page\" data-elementor-id=\"2993\" class=\"elementor elementor-2993\">\n\t\t\t\t<div class=\"elementor-element elementor-element-2550a4e e-flex e-con-boxed e-con e-parent\" data-id=\"2550a4e\" data-element_type=\"container\">\n\t\t\t\t\t<div class=\"e-con-inner\">\n\t\t\t\t<div class=\"elementor-element elementor-element-fe9ebc8 elementor-widget-divider--view-line elementor-widget elementor-widget-divider\" data-id=\"fe9ebc8\" data-element_type=\"widget\" data-widget_type=\"divider.default\">\n\t\t\t\t<div class=\"elementor-widget-container\">\n\t\t\t\t\t\t\t<div class=\"elementor-divider\">\n\t\t\t<span class=\"elementor-divider-separator\">\n\t\t\t\t\t\t<\/span>\n\t\t<\/div>\n\t\t\t\t\t\t<\/div>\n\t\t\t\t<\/div>\n\t\t\t\t\t<\/div>\n\t\t\t\t<\/div>\n\t\t<div class=\"elementor-element elementor-element-a141ee0 e-flex e-con-boxed e-con e-parent\" data-id=\"a141ee0\" data-element_type=\"container\">\n\t\t\t\t\t<div class=\"e-con-inner\">\n\t\t<div class=\"elementor-element elementor-element-8cdcb3e e-con-full e-flex e-con e-child\" data-id=\"8cdcb3e\" data-element_type=\"container\">\n\t\t\t\t<div class=\"elementor-element elementor-element-3ae9722 elementor-widget elementor-widget-image\" data-id=\"3ae9722\" data-element_type=\"widget\" data-widget_type=\"image.default\">\n\t\t\t\t<div class=\"elementor-widget-container\">\n\t\t\t\t\t\t\t\t\t\t\t\t\t\t\t<img fetchpriority=\"high\" decoding=\"async\" width=\"866\" height=\"172\" src=\"https:\/\/sites.ipleiria.pt\/pge\/files\/2024\/12\/grafismos-site-3-27.png\" class=\"attachment-large size-large wp-image-3046\" alt=\"\" srcset=\"https:\/\/sites.ipleiria.pt\/pge\/files\/2024\/12\/grafismos-site-3-27.png 866w, https:\/\/sites.ipleiria.pt\/pge\/files\/2024\/12\/grafismos-site-3-27-300x60.png 300w, https:\/\/sites.ipleiria.pt\/pge\/files\/2024\/12\/grafismos-site-3-27-768x153.png 768w\" sizes=\"(max-width: 866px) 100vw, 866px\" \/>\t\t\t\t\t\t\t\t\t\t\t\t\t\t\t<\/div>\n\t\t\t\t<\/div>\n\t\t\t\t<\/div>\n\t\t\t\t<div class=\"elementor-element elementor-element-8242506 elementor-widget elementor-widget-heading\" data-id=\"8242506\" data-element_type=\"widget\" data-widget_type=\"heading.default\">\n\t\t\t\t<div class=\"elementor-widget-container\">\n\t\t\t\t\t<h2 class=\"elementor-heading-title elementor-size-default\">Tese de Doutoramento<\/h2>\t\t\t\t<\/div>\n\t\t\t\t<\/div>\n\t\t\t\t\t<\/div>\n\t\t\t\t<\/div>\n\t\t<div class=\"elementor-element elementor-element-b6568ed e-flex e-con-boxed e-con e-parent\" data-id=\"b6568ed\" data-element_type=\"container\">\n\t\t\t\t\t<div class=\"e-con-inner\">\n\t\t<div class=\"elementor-element elementor-element-959b75d e-con-full e-flex e-con e-child\" data-id=\"959b75d\" data-element_type=\"container\">\n\t\t\t\t<div class=\"elementor-element elementor-element-1d6bac7 elementor-widget elementor-widget-text-editor\" data-id=\"1d6bac7\" data-element_type=\"widget\" data-widget_type=\"text-editor.default\">\n\t\t\t\t<div class=\"elementor-widget-container\">\n\t\t\t\t\t\t\t\t\t<p>A\u00a0<strong>tese de doutoramento<\/strong> \u00e9 um g\u00e9nero escrito do discurso acad\u00e9mico. Integra-se, em particular, no conjunto de g\u00e9neros dispon\u00edveis para os membros da comunidade discursiva que se dedica a atividades relacionadas com a investiga\u00e7\u00e3o e com o ensino superior. Tem uma dupla dimens\u00e3o, cient\u00edfica e pedag\u00f3gica, no sentido em que, por um lado, resulta de uma pesquisa cient\u00edfica, e, por outro, a sua elabora\u00e7\u00e3o e defesa oral se norteia pela obten\u00e7\u00e3o do grau de doutoramento, mediante aprova\u00e7\u00e3o em provas p\u00fablicas da investiga\u00e7\u00e3o nela exposta.<\/p>\n<p><!-- \/wp:paragraph --><!-- wp:paragraph --><\/p>\n<p>Os textos do g\u00e9nero tese de doutoramento s\u00e3o produzidos por indiv\u00edduos que, no \u00e2mbito de atividades de natureza acad\u00e9mica, assumem o papel socioprofissional de investigadores e estudantes. O objetivo de obten\u00e7\u00e3o do grau condiciona a sua elabora\u00e7\u00e3o, no sentido em que os autores t\u00eam de demonstrar possuir as compet\u00eancias necess\u00e1rias para ingressar na comunidade sociodiscursiva de uma dada \u00e1rea disciplinar. Dependendo dessa \u00e1rea, entre as compet\u00eancias a demonstrar contam-se as seguintes: descobrir causas, origens ou solu\u00e7\u00f5es para problemas de \u00edndole cient\u00edfica, conceber e realizar uma investiga\u00e7\u00e3o de tipo experimental com resultados validados e pertinentes para o avan\u00e7o do conhecimento cient\u00edfico, refletir criticamente sobre propostas te\u00f3ricas dispon\u00edveis na \u00e1rea disciplinar em quest\u00e3o, adotar um modelo te\u00f3rico-metodol\u00f3gico adequado ao objeto de estudo, proceder \u00e0 an\u00e1lise de um tema no quadro desse modelo, extrair conclus\u00f5es v\u00e1lidas da an\u00e1lise ou reflex\u00e3o efetuada, comunicar adequadamente os resultados do processo de investiga\u00e7\u00e3o, etc. Podem incluir-se tamb\u00e9m compet\u00eancias relacionadas com a concretiza\u00e7\u00e3o de um trabalho de campo (recolha de dados, constitui\u00e7\u00e3o de acervo, escava\u00e7\u00f5es, etc.) e com a conce\u00e7\u00e3o de um projeto que vise a elabora\u00e7\u00e3o\/constru\u00e7\u00e3o de um dispositivo, maquete,\u00a0<em>software<\/em>, etc.<\/p>\n<p><!-- \/wp:paragraph --><!-- wp:paragraph --><\/p>\n<p>A tese de doutoramento incide em temas espec\u00edficos da \u00e1rea disciplinar em que se realiza a pesquisa. S\u00e3o requisitos obrigat\u00f3rios que esses temas sejam considerados relevantes e que a investiga\u00e7\u00e3o produza conhecimento original, permitindo que haja avan\u00e7os nos conhecimentos da \u00e1rea em causa. Os temas selecionados e as pr\u00e1ticas da comunidade acad\u00e9mica em que o autor se situa condicionam as op\u00e7\u00f5es tomadas a respeito do plano de texto, do l\u00e9xico especializado e, at\u00e9, das estruturas fr\u00e1sicas.<\/p>\n<p><!-- \/wp:paragraph --><!-- wp:paragraph --><\/p>\n<p>Os textos deste g\u00e9nero podem apresentar planos cuja escolha \u00e9 geralmente feita de acordo com as pr\u00e1ticas habituais da \u00e1rea disciplinar e com as prefer\u00eancias de quem for respons\u00e1vel pela orienta\u00e7\u00e3o da pesquisa, al\u00e9m das op\u00e7\u00f5es individuais. Reconhecem-se habitualmente os modelos\u00a0<strong>IMRDC, Antologia<\/strong> e\u00a0<strong>T\u00f3picos<\/strong>. Uma variante consiste na combina\u00e7\u00e3o das suas propriedades, o que origina uma quarta possibilidade: o modelo\u00a0<strong>Misto<\/strong>.<\/p>\n<p><!-- \/wp:paragraph --><!-- wp:paragraph --><\/p>\n<p>A sigla <strong>IMRDC<\/strong> reporta-se a uma divis\u00e3o em sec\u00e7\u00f5es ou cap\u00edtulos: Introdu\u00e7\u00e3o, Metodologia, Resultados, Discuss\u00e3o e Conclus\u00e3o. Dos t\u00edtulos dos cap\u00edtulos pode inferir-se os tipos de conte\u00fados que incluem: enquadramento geral na Introdu\u00e7\u00e3o (apresenta\u00e7\u00e3o do tema, dos objetivos, do modelo te\u00f3rico, etc.); m\u00e9todos adotados e passos seguidos na Metodologia; dados recolhidos e respetiva interpreta\u00e7\u00e3o no cap\u00edtulo relativo aos Resultados; reflex\u00e3o e problematiza\u00e7\u00e3o dos resultados obtidos no cap\u00edtulo relativo \u00e0 Discuss\u00e3o; sistematiza\u00e7\u00e3o final nas Conclus\u00f5es (indica\u00e7\u00e3o das principais ideias a reter, sua relev\u00e2ncia, pesquisas futuras, etc.). \u00c9 um dos modelos mais frequentemente adotados em \u00e1reas disciplinares de natureza predominantemente experimental, em particular nas Ci\u00eancias (Biologia, Qu\u00edmica, F\u00edsica, Engenharias, Ci\u00eancias Farmac\u00eauticas, etc.\u00a0<\/p>\n<p><!-- \/wp:paragraph --><!-- wp:paragraph --><\/p>\n<p>A\u00a0<strong>Antologia\u00a0<\/strong>organiza a tese de doutoramento como uma compila\u00e7\u00e3o de artigos cient\u00edficos, redigidos ou exclusivamente pelo autor da tese ou em coautoria, j\u00e1 publicados em revistas cient\u00edficas, ou, pelo menos submetidos ou aceites para publica\u00e7\u00e3o. O n\u00famero de artigos \u00e9 vari\u00e1vel, oscilando habitualmente entre um m\u00ednimo de tr\u00eas e um m\u00e1ximo de seis. Estes artigos que, na tese, constituem diferentes cap\u00edtulos, s\u00e3o enquadrados por uma Introdu\u00e7\u00e3o geral e pelas Conclus\u00f5es gerais.\u00a0<\/p>\n<p><!-- \/wp:paragraph --><!-- wp:paragraph --><\/p>\n<p>A estrutura\u00e7\u00e3o por <strong>T\u00f3picos <\/strong>consiste numa organiza\u00e7\u00e3o menos previs\u00edvel dos cap\u00edtulos da tese. Al\u00e9m dos fatores acima referidos (pr\u00e1ticas da comunidade, indica\u00e7\u00f5es de orienta\u00e7\u00e3o e op\u00e7\u00f5es pessoais), \u00e9 determinada tamb\u00e9m pelo tema que constitui o objeto de estudo. As teses estruturadas desta forma incluem um cap\u00edtulo de Introdu\u00e7\u00e3o e um outro relativo \u00e0s Conclus\u00f5es, que n\u00e3o s\u00e3o necessariamente designados por estas etiquetas. Os restantes cap\u00edtulos podem incidir em temas diversificados, nomeadamente em aspetos parcelares do objeto de estudo que permitam uma reflex\u00e3o aprofundada e consequente sobre o tema abordado. A estrutura\u00e7\u00e3o por t\u00f3picos \u00e9 mais frequentemente associada a \u00e1reas disciplinares das Ci\u00eancias Sociais e Humanas (Direito, Sociologia, Economia) e das Humanidades (Hist\u00f3ria, Literatura, Artes).<\/p>\n<p><!-- \/wp:paragraph --><!-- wp:paragraph --><\/p>\n<p>Por fim, no modelo <strong>Misto<\/strong>, a combina\u00e7\u00e3o de propriedades dos outros modelos configura-se de formas vari\u00e1veis. S\u00e3o atestados casos em que a um modelo IMRDC se associam cap\u00edtulos determinados pelo tema tratado na pesquisa (ou seja, pr\u00f3prios da estrutura\u00e7\u00e3o por t\u00f3picos). Observa-se tamb\u00e9m que, numa tese organizada predominantemente segundo o modelo de estrutura\u00e7\u00e3o por t\u00f3picos, podem surgir cap\u00edtulos como a Metodologia, os Resultados ou a Discuss\u00e3o, os quais s\u00e3o t\u00edpicos do modelo IMRDC ou de cada um dos cap\u00edtulos\/artigos do modelo antol\u00f3gico. Entre outros casos poss\u00edveis, verifica-se tamb\u00e9m que, em teses globalmente organizadas segundo o modelo IMRDC, s\u00e3o inseridos cap\u00edtulos correspondentes a artigos publicados, aceites ou submetidos para publica\u00e7\u00e3o em revistas cient\u00edficas. A estrutura\u00e7\u00e3o que segue um modelo misto pode, por isso, ser encontrada em qualquer \u00e1rea disciplinar.<\/p>\n<p><!-- \/wp:paragraph --><!-- wp:paragraph --><\/p>\n<p>As teses de doutoramento evidenciam tamb\u00e9m propriedades espec\u00edficas de natureza estil\u00edstico-fraseol\u00f3gica. Nos textos deste g\u00e9nero, espera-se que seja adotado um estilo formal e tendencialmente objetivo, que, em simult\u00e2neo, seja claro, preciso e inequ\u00edvoco na maneira como os conte\u00fados s\u00e3o expostos. Estes requisitos concretizam-se em aspetos como a sele\u00e7\u00e3o de l\u00e9xico espec\u00edfico de cada uma das \u00e1reas disciplinares no seio das quais a pesquisa \u00e9 desenvolvida, mas, de igual modo, na sintaxe (em particular, no que diz respeito \u00e0 sele\u00e7\u00e3o de estruturas de coordena\u00e7\u00e3o e de subordina\u00e7\u00e3o, assim como \u00e0 extens\u00e3o das frases) e na pontua\u00e7\u00e3o (caracterizada pela sobriedade, em contraste com a expressividade muitas vezes atestada nos textos de natureza predominantemente subjetiva). Em todos os casos, espera-se que estejam em conformidade com as propriedades t\u00edpicas dos textos do discurso acad\u00e9mico, permitindo a leitura e a interpreta\u00e7\u00e3o inequ\u00edvoca dos conte\u00fados manifestados.<\/p>\n<p><!-- \/wp:paragraph --><!-- wp:paragraph --><\/p>\n<p>No \u00e2mbito da componente estil\u00edstica, diferentes \u00e1reas do conhecimento concretizam de modos diversos os valores de clareza e rigor j\u00e1 mencionados. Nas disciplinas de pendor experimental (Biologia, Qu\u00edmica, F\u00edsica, Engenharias, Ci\u00eancias Farmac\u00eauticas, Medicina), h\u00e1 a tend\u00eancia para redigir frases mais curtas e adotar um estilo impessoal, de que est\u00e3o ausentes de\u00edticos indiciais (como verbos e pronomes de 1.\u00aa pessoa do singular e do plural, ou adverbiais temporais e espaciais que denunciem uma\u00a0<em>origo<\/em> ancorada na situa\u00e7\u00e3o de comunica\u00e7\u00e3o). Noutras \u00e1reas disciplinares de natureza predominantemente reflexivo-argumentativa, como as das Ci\u00eancias Sociais e Humanas (Hist\u00f3ria, Sociologia, Direito, etc.) e das Humanidades (Literatura, Artes, Arquitetura, etc.), \u00e9 comum observar-se um estilo que pode ser mais personalizado, em graus vari\u00e1veis. Nestes casos, o texto pode conter marcas relativas ao autor (formas verbais e pronominais de 1.\u00aa pessoa do singular ou do plural) e \u00e0s circunst\u00e2ncias temporais, espaciais ou outras em que a pesquisa foi desenvolvida e em que \u00e9 comunicada. Dependendo da \u00e1rea disciplinar, do tema abordado e das op\u00e7\u00f5es do investigador, \u00e9 comum o texto da tese incluir imagens, tabelas, quadros, gr\u00e1ficos, etc., que sistematizem os conte\u00fados que s\u00e3o objeto de reflex\u00e3o.<\/p>\n<p><!-- \/wp:paragraph --><!-- wp:paragraph --><\/p>\n<p>Entre os mecanismos de coes\u00e3o usados, merecem destaque as remiss\u00f5es internas (que antecipam conte\u00fados a ser referidos adiante ou remetem para outros j\u00e1 mencionados), as cadeias referenciais, a substitui\u00e7\u00e3o (em particular, por sinon\u00edmia e por hiperon\u00edmia\/hipon\u00edmia), assim como a sele\u00e7\u00e3o e uso abundante de conectores l\u00f3gico-causais.<\/p>\n<p><!-- \/wp:paragraph --><!-- wp:paragraph --><\/p>\n<p>Todos os exemplares de teses de doutoramento assinalam o g\u00e9nero em que se inserem de forma expl\u00edcita, atrav\u00e9s de marcadores que s\u00e3o etiquetas autorreferenciais na capa e na folha de rosto. Conforme as pr\u00e1ticas acad\u00e9micas das universidades h\u00e1 um conjunto de informa\u00e7\u00f5es que devem obrigatoriamente a\u00ed figurar: designa\u00e7\u00e3o da institui\u00e7\u00e3o que confere o grau (departamento, faculdade, universidade); nome do\/a autor\/a; t\u00edtulo (e, eventualmente, subt\u00edtulo) da tese; \u00e1rea cient\u00edfica e especialidade da tese; nome do\/a(s) orientador(e\/as) cient\u00edfico\/a(s); ano de submiss\u00e3o da tese.<\/p>\n<p><!-- \/wp:paragraph --><!-- wp:paragraph --><\/p>\n<p>Al\u00e9m da capa e da folha de rosto, diversos outros textos enquadram os cap\u00edtulos da tese de doutoramento. Previamente a esses cap\u00edtulos, as teses incluem quase sempre Resumo e Palavras-chave (na l\u00edngua em que \u00e9 redigida a tese e noutras l\u00ednguas, em especial o ingl\u00eas), Agradecimentos, \u00cdndice geral, e, eventualmente, \u00cdndices diversos (de imagens, de tabelas, de quadros, de gr\u00e1ficos, etc.) e Listas v\u00e1rias (de abreviaturas, de f\u00f3rmulas, etc.). Ap\u00f3s o cap\u00edtulo final da tese\u00b8 constam as Refer\u00eancias bibliogr\u00e1ficas e ocorrem frequentemente Anexos diversos (question\u00e1rios, f\u00f3rmulas, mapas, imagens,\u00a0<em>corpus<\/em>de textos analisados, etc.).<\/p>\n<p><!-- \/wp:paragraph --><!-- wp:paragraph --><\/p>\n<p>Os exemplares do g\u00e9nero tese de doutoramento encontram-se em suporte papel e\/ou em suporte digital. Nos \u00faltimos anos, as institui\u00e7\u00f5es de ensino superior t\u00eam vindo a adotar preferencialmente o suporte digital, por raz\u00f5es diversas, de que se destaca a facilidade na circula\u00e7\u00e3o, na consulta e na disponibiliza\u00e7\u00e3o\u00a0<em>online<\/em> de textos nesse suporte, al\u00e9m dos custos financeiros e ecol\u00f3gicos associados \u00e0 impress\u00e3o e fotoc\u00f3pia de textos extensos. Assim, \u00e9 cada vez mais usual que, depois de ser obtida a aprova\u00e7\u00e3o nas provas p\u00fablicas, um exemplar da tese em suporte digital fique acess\u00edvel\u00a0<em>online<\/em> num reposit\u00f3rio institucional aberto ao p\u00fablico em geral, seja de imediato (com o consentimento do autor do texto) ou ap\u00f3s um per\u00edodo de tempo definido pela institui\u00e7\u00e3o.<\/p>\n<p><!-- \/wp:paragraph --><!-- wp:paragraph --><\/p>\n<p>A descri\u00e7\u00e3o efetuada responde a crit\u00e9rios de descri\u00e7\u00e3o e classifica\u00e7\u00e3o geralmente adotados no \u00e2mbito da An\u00e1lise do Discurso (Maingueneau, 2014), da Teoria do Texto e da Lingu\u00edstica Textual (em particular, na An\u00e1lise Textual dos Discursos, segundo Adam, 2008) e no Interacionismo Sociodiscursivo (Bronckart, 1997).<\/p>\n<p><!-- \/wp:paragraph --><!-- wp:group --><\/p>\n<div class=\"wp-block-group\">\n<div class=\"wp-block-group__inner-container\">\n<p><!-- wp:paragraph --><\/p>\n<p><strong>Refer\u00eancias<\/strong><\/p>\n<p><!-- \/wp:paragraph --><!-- wp:paragraph --><\/p>\n<p>Adam, J.-M. (2008). <em>La linguistique textuelle. Introduction \u00e0 l\u2019analyse textuelle des discours<\/em>. 2.e \u00e9d. Armand Colin.<br \/>Bronckart, J.-P. (1997). <em>Activit\u00e9 langagi\u00e8re, textes et discours<\/em>. Delachaux et Niestl\u00e9.<br \/>Maingueneau, D. (2014). <em>Discours et analyse du discours<\/em>. Armand Colin.<\/p>\n<p><!-- \/wp:paragraph --><\/p>\n<\/div>\n<\/div>\n<p><!-- \/wp:group --><!-- wp:paragraph --><\/p>\n<p><strong>Forma de referencia\u00e7\u00e3o sugerida<\/strong><\/p>\n<p><!-- \/wp:paragraph --><!-- wp:paragraph --><\/p>\n<p>Silva, P. N. (2021). Tese de doutoramento. <a href=\"https:\/\/sites.ipleiria.pt\/pge\/tese-de-doutoramento\/\">https:\/\/sites.ipleiria.pt\/pge\/tese-de-doutoramento\/<\/a><\/p>\n<p>\u00a0<\/p>\n<p><!-- \/wp:paragraph --><!-- wp:paragraph {\"align\":\"right\"} --><\/p>\t\t\t\t\t\t\t\t<\/div>\n\t\t\t\t<\/div>\n\t\t\t\t<\/div>\n\t\t\t\t\t<\/div>\n\t\t\t\t<\/div>\n\t\t<div class=\"elementor-element elementor-element-6c97145 e-flex e-con-boxed e-con e-parent\" data-id=\"6c97145\" data-element_type=\"container\">\n\t\t\t\t\t<div class=\"e-con-inner\">\n\t\t<div class=\"elementor-element elementor-element-ddb893f e-con-full e-flex e-con e-child\" data-id=\"ddb893f\" data-element_type=\"container\">\n\t\t\t\t<div class=\"elementor-element elementor-element-1f24e55 elementor-widget elementor-widget-image\" data-id=\"1f24e55\" data-element_type=\"widget\" data-widget_type=\"image.default\">\n\t\t\t\t<div class=\"elementor-widget-container\">\n\t\t\t\t\t\t\t\t\t\t\t\t\t\t\t<img decoding=\"async\" width=\"866\" height=\"172\" src=\"https:\/\/sites.ipleiria.pt\/pge\/files\/2024\/12\/grafismos-site-3-28.png\" class=\"attachment-large size-large wp-image-3047\" alt=\"\" srcset=\"https:\/\/sites.ipleiria.pt\/pge\/files\/2024\/12\/grafismos-site-3-28.png 866w, https:\/\/sites.ipleiria.pt\/pge\/files\/2024\/12\/grafismos-site-3-28-300x60.png 300w, https:\/\/sites.ipleiria.pt\/pge\/files\/2024\/12\/grafismos-site-3-28-768x153.png 768w\" sizes=\"(max-width: 866px) 100vw, 866px\" \/>\t\t\t\t\t\t\t\t\t\t\t\t\t\t\t<\/div>\n\t\t\t\t<\/div>\n\t\t\t\t<\/div>\n\t\t\t\t\t<\/div>\n\t\t\t\t<\/div>\n\t\t\t\t<\/div>\n\t\t","protected":false},"excerpt":{"rendered":"<p>Tese de Doutoramento A\u00a0tese de doutoramento \u00e9 um g\u00e9nero escrito do discurso acad\u00e9mico. Integra-se, em particular, no conjunto de g\u00e9neros dispon\u00edveis para os membros da comunidade discursiva que se dedica a atividades relacionadas com a investiga\u00e7\u00e3o e com o ensino superior. Tem uma dupla dimens\u00e3o, cient\u00edfica e pedag\u00f3gica, no sentido em que, por um lado,&hellip;&nbsp;<a href=\"https:\/\/sites.ipleiria.pt\/pge\/tese-de-doutoramento-2\/\" rel=\"bookmark\">Ler mais &raquo;<span class=\"screen-reader-text\">Tese de Doutoramento<\/span><\/a><\/p>\n","protected":false},"author":5904,"featured_media":0,"parent":0,"menu_order":0,"comment_status":"closed","ping_status":"closed","template":"page-templates\/template-pagebuilder-full-width.php","meta":{"om_disable_all_campaigns":false,"_monsterinsights_skip_tracking":false,"_monsterinsights_sitenote_active":false,"_monsterinsights_sitenote_note":"","_monsterinsights_sitenote_category":0,"neve_meta_sidebar":"","neve_meta_container":"","neve_meta_enable_content_width":"","neve_meta_content_width":0,"neve_meta_title_alignment":"","neve_meta_author_avatar":"","neve_post_elements_order":"","neve_meta_disable_header":"","neve_meta_disable_footer":"","neve_meta_disable_title":"","footnotes":""},"class_list":["post-2993","page","type-page","status-publish","hentry"],"aioseo_notices":[],"_links":{"self":[{"href":"https:\/\/sites.ipleiria.pt\/pge\/wp-json\/wp\/v2\/pages\/2993","targetHints":{"allow":["GET"]}}],"collection":[{"href":"https:\/\/sites.ipleiria.pt\/pge\/wp-json\/wp\/v2\/pages"}],"about":[{"href":"https:\/\/sites.ipleiria.pt\/pge\/wp-json\/wp\/v2\/types\/page"}],"author":[{"embeddable":true,"href":"https:\/\/sites.ipleiria.pt\/pge\/wp-json\/wp\/v2\/users\/5904"}],"replies":[{"embeddable":true,"href":"https:\/\/sites.ipleiria.pt\/pge\/wp-json\/wp\/v2\/comments?post=2993"}],"version-history":[{"count":20,"href":"https:\/\/sites.ipleiria.pt\/pge\/wp-json\/wp\/v2\/pages\/2993\/revisions"}],"predecessor-version":[{"id":4343,"href":"https:\/\/sites.ipleiria.pt\/pge\/wp-json\/wp\/v2\/pages\/2993\/revisions\/4343"}],"wp:attachment":[{"href":"https:\/\/sites.ipleiria.pt\/pge\/wp-json\/wp\/v2\/media?parent=2993"}],"curies":[{"name":"wp","href":"https:\/\/api.w.org\/{rel}","templated":true}]}}