{"id":3254,"date":"2024-12-08T00:02:25","date_gmt":"2024-12-08T00:02:25","guid":{"rendered":"https:\/\/sites.ipleiria.pt\/gdip\/?page_id=3254"},"modified":"2025-06-20T14:41:30","modified_gmt":"2025-06-20T14:41:30","slug":"publicacoes","status":"publish","type":"page","link":"https:\/\/sites.ipleiria.pt\/pge\/publicacoes\/","title":{"rendered":"Publica\u00e7\u00f5es"},"content":{"rendered":"\t\t<div data-elementor-type=\"wp-page\" data-elementor-id=\"3254\" class=\"elementor elementor-3254\">\n\t\t\t\t<div class=\"elementor-element elementor-element-3602e33 e-flex e-con-boxed e-con e-parent\" data-id=\"3602e33\" data-element_type=\"container\">\n\t\t\t\t\t<div class=\"e-con-inner\">\n\t\t\t\t<div class=\"elementor-element elementor-element-4f0876d elementor-widget-divider--view-line elementor-widget elementor-widget-divider\" data-id=\"4f0876d\" data-element_type=\"widget\" data-widget_type=\"divider.default\">\n\t\t\t\t<div class=\"elementor-widget-container\">\n\t\t\t\t\t\t\t<div class=\"elementor-divider\">\n\t\t\t<span class=\"elementor-divider-separator\">\n\t\t\t\t\t\t<\/span>\n\t\t<\/div>\n\t\t\t\t\t\t<\/div>\n\t\t\t\t<\/div>\n\t\t\t\t\t<\/div>\n\t\t\t\t<\/div>\n\t\t<div class=\"elementor-element elementor-element-6460302 e-flex e-con-boxed e-con e-parent\" data-id=\"6460302\" data-element_type=\"container\">\n\t\t\t\t\t<div class=\"e-con-inner\">\n\t\t<div class=\"elementor-element elementor-element-bdb6a63 e-con-full e-flex e-con e-child\" data-id=\"bdb6a63\" data-element_type=\"container\">\n\t\t\t\t<div class=\"elementor-element elementor-element-4cbf232 elementor-widget elementor-widget-image\" data-id=\"4cbf232\" data-element_type=\"widget\" data-widget_type=\"image.default\">\n\t\t\t\t<div class=\"elementor-widget-container\">\n\t\t\t\t\t\t\t\t\t\t\t\t\t\t\t<img fetchpriority=\"high\" decoding=\"async\" width=\"866\" height=\"172\" src=\"https:\/\/sites.ipleiria.pt\/pge\/files\/2024\/12\/grafismos-site-3-27.png\" class=\"attachment-large size-large wp-image-3046\" alt=\"\" srcset=\"https:\/\/sites.ipleiria.pt\/pge\/files\/2024\/12\/grafismos-site-3-27.png 866w, https:\/\/sites.ipleiria.pt\/pge\/files\/2024\/12\/grafismos-site-3-27-300x60.png 300w, https:\/\/sites.ipleiria.pt\/pge\/files\/2024\/12\/grafismos-site-3-27-768x153.png 768w\" sizes=\"(max-width: 866px) 100vw, 866px\" \/>\t\t\t\t\t\t\t\t\t\t\t\t\t\t\t<\/div>\n\t\t\t\t<\/div>\n\t\t\t\t<\/div>\n\t\t\t\t<div class=\"elementor-element elementor-element-980f64d elementor-widget elementor-widget-heading\" data-id=\"980f64d\" data-element_type=\"widget\" data-widget_type=\"heading.default\">\n\t\t\t\t<div class=\"elementor-widget-container\">\n\t\t\t\t\t<h2 class=\"elementor-heading-title elementor-size-default\">Publica\u00e7\u00f5es<\/h2>\t\t\t\t<\/div>\n\t\t\t\t<\/div>\n\t\t\t\t\t<\/div>\n\t\t\t\t<\/div>\n\t\t<div class=\"elementor-element elementor-element-6f30fe4 e-flex e-con-boxed e-con e-parent\" data-id=\"6f30fe4\" data-element_type=\"container\">\n\t\t\t\t\t<div class=\"e-con-inner\">\n\t\t<div class=\"elementor-element elementor-element-af50e82 e-con-full e-flex e-con e-child\" data-id=\"af50e82\" data-element_type=\"container\">\n\t\t\t\t<div class=\"elementor-element elementor-element-7500416 elementor-widget elementor-widget-text-editor\" data-id=\"7500416\" data-element_type=\"widget\" data-widget_type=\"text-editor.default\">\n\t\t\t\t<div class=\"elementor-widget-container\">\n\t\t\t\t\t\t\t\t\t<p><span data-olk-copy-source=\"MessageBody\">Nesta p\u00e1gina, est\u00e3o dispon\u00edveis diversos recursos publicados pela equipa do Portal, designadamente livros, cap\u00edtulos de livros e artigos em peri\u00f3dicos.<\/span><\/p>\t\t\t\t\t\t\t\t<\/div>\n\t\t\t\t<\/div>\n\t\t\t\t<\/div>\n\t\t\t\t\t<\/div>\n\t\t\t\t<\/div>\n\t\t<div class=\"elementor-element elementor-element-a754915 e-grid e-con-boxed e-con e-parent\" data-id=\"a754915\" data-element_type=\"container\">\n\t\t\t\t\t<div class=\"e-con-inner\">\n\t\t<div class=\"elementor-element elementor-element-1c42719 e-con-full e-flex e-con e-child\" data-id=\"1c42719\" data-element_type=\"container\">\n\t\t\t\t<div class=\"elementor-element elementor-element-7f4cbb8 elementor-widget elementor-widget-image\" data-id=\"7f4cbb8\" data-element_type=\"widget\" data-widget_type=\"image.default\">\n\t\t\t\t<div class=\"elementor-widget-container\">\n\t\t\t\t\t\t\t\t\t\t\t\t\t\t\t\t<a href=\"https:\/\/sites.ipleiria.pt\/pge\/publicacoes-2\/\">\n\t\t\t\t\t\t\t<img decoding=\"async\" width=\"500\" height=\"500\" src=\"https:\/\/sites.ipleiria.pt\/pge\/files\/2024\/11\/mais-grafismos-site_Prancheta-1-02.png\" class=\"attachment-large size-large wp-image-2843\" alt=\"\" srcset=\"https:\/\/sites.ipleiria.pt\/pge\/files\/2024\/11\/mais-grafismos-site_Prancheta-1-02.png 500w, https:\/\/sites.ipleiria.pt\/pge\/files\/2024\/11\/mais-grafismos-site_Prancheta-1-02-300x300.png 300w, https:\/\/sites.ipleiria.pt\/pge\/files\/2024\/11\/mais-grafismos-site_Prancheta-1-02-150x150.png 150w\" sizes=\"(max-width: 500px) 100vw, 500px\" \/>\t\t\t\t\t\t\t\t<\/a>\n\t\t\t\t\t\t\t\t\t\t\t\t\t\t\t<\/div>\n\t\t\t\t<\/div>\n\t\t\t\t<div class=\"elementor-element elementor-element-e388a50 elementor-widget elementor-widget-text-editor\" data-id=\"e388a50\" data-element_type=\"widget\" data-widget_type=\"text-editor.default\">\n\t\t\t\t<div class=\"elementor-widget-container\">\n\t\t\t\t\t\t\t\t\t<p>Publica\u00e7\u00f5es<\/p>\t\t\t\t\t\t\t\t<\/div>\n\t\t\t\t<\/div>\n\t\t\t\t<\/div>\n\t\t<div class=\"elementor-element elementor-element-e8d068e e-con-full e-flex e-con e-child\" data-id=\"e8d068e\" data-element_type=\"container\">\n\t\t\t\t<div class=\"elementor-element elementor-element-0f277c0 elementor-widget elementor-widget-image\" data-id=\"0f277c0\" data-element_type=\"widget\" data-widget_type=\"image.default\">\n\t\t\t\t<div class=\"elementor-widget-container\">\n\t\t\t\t\t\t\t\t\t\t\t\t\t\t\t\t<a href=\"https:\/\/sites.ipleiria.pt\/pge\/comunicacoes\/\">\n\t\t\t\t\t\t\t<img decoding=\"async\" width=\"500\" height=\"500\" src=\"https:\/\/sites.ipleiria.pt\/pge\/files\/2024\/11\/mais-grafismos-site_Prancheta-1-05.png\" class=\"attachment-large size-large wp-image-2846\" alt=\"\" srcset=\"https:\/\/sites.ipleiria.pt\/pge\/files\/2024\/11\/mais-grafismos-site_Prancheta-1-05.png 500w, https:\/\/sites.ipleiria.pt\/pge\/files\/2024\/11\/mais-grafismos-site_Prancheta-1-05-300x300.png 300w, https:\/\/sites.ipleiria.pt\/pge\/files\/2024\/11\/mais-grafismos-site_Prancheta-1-05-150x150.png 150w\" sizes=\"(max-width: 500px) 100vw, 500px\" \/>\t\t\t\t\t\t\t\t<\/a>\n\t\t\t\t\t\t\t\t\t\t\t\t\t\t\t<\/div>\n\t\t\t\t<\/div>\n\t\t\t\t<div class=\"elementor-element elementor-element-98efc2f elementor-widget elementor-widget-text-editor\" data-id=\"98efc2f\" data-element_type=\"widget\" data-widget_type=\"text-editor.default\">\n\t\t\t\t<div class=\"elementor-widget-container\">\n\t\t\t\t\t\t\t\t\t<p>Comunica\u00e7\u00f5es<\/p>\t\t\t\t\t\t\t\t<\/div>\n\t\t\t\t<\/div>\n\t\t\t\t<\/div>\n\t\t<div class=\"elementor-element elementor-element-ede82c7 e-con-full e-flex e-con e-child\" data-id=\"ede82c7\" data-element_type=\"container\">\n\t\t\t\t<div class=\"elementor-element elementor-element-fa8e7d5 elementor-widget elementor-widget-image\" data-id=\"fa8e7d5\" data-element_type=\"widget\" data-widget_type=\"image.default\">\n\t\t\t\t<div class=\"elementor-widget-container\">\n\t\t\t\t\t\t\t\t\t\t\t\t\t\t\t\t<a href=\"https:\/\/sites.ipleiria.pt\/pge\/dissertacoes-e-teses\/\">\n\t\t\t\t\t\t\t<img loading=\"lazy\" decoding=\"async\" width=\"500\" height=\"500\" src=\"https:\/\/sites.ipleiria.pt\/pge\/files\/2024\/12\/mais-grafismos-site-1.png\" class=\"attachment-large size-large wp-image-3423\" alt=\"\" srcset=\"https:\/\/sites.ipleiria.pt\/pge\/files\/2024\/12\/mais-grafismos-site-1.png 500w, https:\/\/sites.ipleiria.pt\/pge\/files\/2024\/12\/mais-grafismos-site-1-300x300.png 300w, https:\/\/sites.ipleiria.pt\/pge\/files\/2024\/12\/mais-grafismos-site-1-150x150.png 150w\" sizes=\"(max-width: 500px) 100vw, 500px\" \/>\t\t\t\t\t\t\t\t<\/a>\n\t\t\t\t\t\t\t\t\t\t\t\t\t\t\t<\/div>\n\t\t\t\t<\/div>\n\t\t\t\t<div class=\"elementor-element elementor-element-f01e79c elementor-widget elementor-widget-text-editor\" data-id=\"f01e79c\" data-element_type=\"widget\" data-widget_type=\"text-editor.default\">\n\t\t\t\t<div class=\"elementor-widget-container\">\n\t\t\t\t\t\t\t\t\t<p>Disserta\u00e7\u00f5es<\/p><p>e Teses<\/p>\t\t\t\t\t\t\t\t<\/div>\n\t\t\t\t<\/div>\n\t\t\t\t<\/div>\n\t\t\t\t\t<\/div>\n\t\t\t\t<\/div>\n\t\t<div class=\"elementor-element elementor-element-6adecd6 e-flex e-con-boxed e-con e-parent\" data-id=\"6adecd6\" data-element_type=\"container\">\n\t\t\t\t\t<div class=\"e-con-inner\">\n\t\t\t\t<div class=\"elementor-element elementor-element-7bab87c elementor-widget elementor-widget-image\" data-id=\"7bab87c\" data-element_type=\"widget\" data-widget_type=\"image.default\">\n\t\t\t\t<div class=\"elementor-widget-container\">\n\t\t\t\t\t\t\t\t\t\t\t\t\t\t\t<img loading=\"lazy\" decoding=\"async\" width=\"866\" height=\"172\" src=\"https:\/\/sites.ipleiria.pt\/pge\/files\/2024\/12\/grafismos-site-3-28.png\" class=\"attachment-large size-large wp-image-3047\" alt=\"\" srcset=\"https:\/\/sites.ipleiria.pt\/pge\/files\/2024\/12\/grafismos-site-3-28.png 866w, https:\/\/sites.ipleiria.pt\/pge\/files\/2024\/12\/grafismos-site-3-28-300x60.png 300w, https:\/\/sites.ipleiria.pt\/pge\/files\/2024\/12\/grafismos-site-3-28-768x153.png 768w\" sizes=\"(max-width: 866px) 100vw, 866px\" \/>\t\t\t\t\t\t\t\t\t\t\t\t\t\t\t<\/div>\n\t\t\t\t<\/div>\n\t\t\t\t\t<\/div>\n\t\t\t\t<\/div>\n\t\t\t\t<\/div>\n\t\t","protected":false},"excerpt":{"rendered":"<p>Publica\u00e7\u00f5es Nesta p\u00e1gina, est\u00e3o dispon\u00edveis diversos recursos publicados pela equipa do Portal, designadamente livros, cap\u00edtulos de livros e artigos em peri\u00f3dicos. Publica\u00e7\u00f5es Comunica\u00e7\u00f5es Disserta\u00e7\u00f5es e Teses<\/p>\n","protected":false},"author":5904,"featured_media":0,"parent":0,"menu_order":0,"comment_status":"closed","ping_status":"closed","template":"page-templates\/template-pagebuilder-full-width.php","meta":{"om_disable_all_campaigns":false,"_monsterinsights_skip_tracking":false,"_monsterinsights_sitenote_active":false,"_monsterinsights_sitenote_note":"","_monsterinsights_sitenote_category":0,"neve_meta_sidebar":"","neve_meta_container":"","neve_meta_enable_content_width":"","neve_meta_content_width":0,"neve_meta_title_alignment":"","neve_meta_author_avatar":"","neve_post_elements_order":"","neve_meta_disable_header":"","neve_meta_disable_footer":"","neve_meta_disable_title":"","footnotes":""},"class_list":["post-3254","page","type-page","status-publish","hentry"],"aioseo_notices":[],"_links":{"self":[{"href":"https:\/\/sites.ipleiria.pt\/pge\/wp-json\/wp\/v2\/pages\/3254","targetHints":{"allow":["GET"]}}],"collection":[{"href":"https:\/\/sites.ipleiria.pt\/pge\/wp-json\/wp\/v2\/pages"}],"about":[{"href":"https:\/\/sites.ipleiria.pt\/pge\/wp-json\/wp\/v2\/types\/page"}],"author":[{"embeddable":true,"href":"https:\/\/sites.ipleiria.pt\/pge\/wp-json\/wp\/v2\/users\/5904"}],"replies":[{"embeddable":true,"href":"https:\/\/sites.ipleiria.pt\/pge\/wp-json\/wp\/v2\/comments?post=3254"}],"version-history":[{"count":25,"href":"https:\/\/sites.ipleiria.pt\/pge\/wp-json\/wp\/v2\/pages\/3254\/revisions"}],"predecessor-version":[{"id":4253,"href":"https:\/\/sites.ipleiria.pt\/pge\/wp-json\/wp\/v2\/pages\/3254\/revisions\/4253"}],"wp:attachment":[{"href":"https:\/\/sites.ipleiria.pt\/pge\/wp-json\/wp\/v2\/media?parent=3254"}],"curies":[{"name":"wp","href":"https:\/\/api.w.org\/{rel}","templated":true}]}}