{"id":3289,"date":"2024-12-08T16:40:48","date_gmt":"2024-12-08T16:40:48","guid":{"rendered":"https:\/\/sites.ipleiria.pt\/gdip\/?page_id=3289"},"modified":"2025-06-20T14:44:16","modified_gmt":"2025-06-20T14:44:16","slug":"eventos-2","status":"publish","type":"page","link":"https:\/\/sites.ipleiria.pt\/pge\/eventos-2\/","title":{"rendered":"Eventos"},"content":{"rendered":"\t\t<div data-elementor-type=\"wp-page\" data-elementor-id=\"3289\" class=\"elementor elementor-3289\">\n\t\t\t\t<div class=\"elementor-element elementor-element-cf2febf e-flex e-con-boxed e-con e-parent\" data-id=\"cf2febf\" data-element_type=\"container\">\n\t\t\t\t\t<div class=\"e-con-inner\">\n\t\t\t\t<div class=\"elementor-element elementor-element-24c41bc elementor-widget-divider--view-line elementor-widget elementor-widget-divider\" data-id=\"24c41bc\" data-element_type=\"widget\" data-widget_type=\"divider.default\">\n\t\t\t\t<div class=\"elementor-widget-container\">\n\t\t\t\t\t\t\t<div class=\"elementor-divider\">\n\t\t\t<span class=\"elementor-divider-separator\">\n\t\t\t\t\t\t<\/span>\n\t\t<\/div>\n\t\t\t\t\t\t<\/div>\n\t\t\t\t<\/div>\n\t\t\t\t\t<\/div>\n\t\t\t\t<\/div>\n\t\t<div class=\"elementor-element elementor-element-62defa5 e-flex e-con-boxed e-con e-parent\" data-id=\"62defa5\" data-element_type=\"container\">\n\t\t\t\t\t<div class=\"e-con-inner\">\n\t\t<div class=\"elementor-element elementor-element-608f7cd e-con-full e-flex e-con e-child\" data-id=\"608f7cd\" data-element_type=\"container\">\n\t\t\t\t<div class=\"elementor-element elementor-element-17e7022 elementor-widget elementor-widget-image\" data-id=\"17e7022\" data-element_type=\"widget\" data-widget_type=\"image.default\">\n\t\t\t\t<div class=\"elementor-widget-container\">\n\t\t\t\t\t\t\t\t\t\t\t\t\t\t\t<img fetchpriority=\"high\" decoding=\"async\" width=\"866\" height=\"172\" src=\"https:\/\/sites.ipleiria.pt\/pge\/files\/2024\/12\/grafismos-site-3-27.png\" class=\"attachment-large size-large wp-image-3046\" alt=\"\" srcset=\"https:\/\/sites.ipleiria.pt\/pge\/files\/2024\/12\/grafismos-site-3-27.png 866w, https:\/\/sites.ipleiria.pt\/pge\/files\/2024\/12\/grafismos-site-3-27-300x60.png 300w, https:\/\/sites.ipleiria.pt\/pge\/files\/2024\/12\/grafismos-site-3-27-768x153.png 768w\" sizes=\"(max-width: 866px) 100vw, 866px\" \/>\t\t\t\t\t\t\t\t\t\t\t\t\t\t\t<\/div>\n\t\t\t\t<\/div>\n\t\t\t\t<\/div>\n\t\t\t\t<div class=\"elementor-element elementor-element-85b0e5e elementor-widget elementor-widget-heading\" data-id=\"85b0e5e\" data-element_type=\"widget\" data-widget_type=\"heading.default\">\n\t\t\t\t<div class=\"elementor-widget-container\">\n\t\t\t\t\t<h2 class=\"elementor-heading-title elementor-size-default\">Eventos<\/h2>\t\t\t\t<\/div>\n\t\t\t\t<\/div>\n\t\t\t\t\t<\/div>\n\t\t\t\t<\/div>\n\t\t<div class=\"elementor-element elementor-element-7e4ff88 e-flex e-con-boxed e-con e-parent\" data-id=\"7e4ff88\" data-element_type=\"container\">\n\t\t\t\t\t<div class=\"e-con-inner\">\n\t\t<div class=\"elementor-element elementor-element-140345a e-con-full e-flex e-con e-child\" data-id=\"140345a\" data-element_type=\"container\">\n\t\t\t\t<div class=\"elementor-element elementor-element-f17a3d3 elementor-widget elementor-widget-text-editor\" data-id=\"f17a3d3\" data-element_type=\"widget\" data-widget_type=\"text-editor.default\">\n\t\t\t\t<div class=\"elementor-widget-container\">\n\t\t\t\t\t\t\t\t\t<p><span data-olk-copy-source=\"MessageBody\">Nesta p\u00e1gina, s\u00e3o apresentadas v\u00e1rias atividades p\u00fablicas desenvolvidas pelo grupo Discurso e Pr\u00e1ticas Discursivas Acad\u00e9micas (DPDA), nomeadamente v\u00eddeos de todas as edi\u00e7\u00f5es dos Encontros Mensais sobre Discurso Acad\u00e9mico (EMDA), cartazes e informa\u00e7\u00f5es sobre os Encontros Nacionais sobre Discurso Acad\u00e9mico (ENDA) j\u00e1 realizados e outras iniciativas concretizadas.<\/span><\/p>\t\t\t\t\t\t\t\t<\/div>\n\t\t\t\t<\/div>\n\t\t\t\t<\/div>\n\t\t\t\t\t<\/div>\n\t\t\t\t<\/div>\n\t\t<div class=\"elementor-element elementor-element-f327db0 e-grid e-con-boxed e-con e-parent\" data-id=\"f327db0\" data-element_type=\"container\">\n\t\t\t\t\t<div class=\"e-con-inner\">\n\t\t<div class=\"elementor-element elementor-element-ba255a5 e-con-full e-flex e-con e-child\" data-id=\"ba255a5\" data-element_type=\"container\">\n\t\t\t\t<div class=\"elementor-element elementor-element-cc899b0 elementor-widget elementor-widget-image\" data-id=\"cc899b0\" data-element_type=\"widget\" data-widget_type=\"image.default\">\n\t\t\t\t<div class=\"elementor-widget-container\">\n\t\t\t\t\t\t\t\t\t\t\t\t\t\t\t\t<a href=\"https:\/\/sites.ipleiria.pt\/pge\/encontros-mensais-sobre-discurso-academico\/\">\n\t\t\t\t\t\t\t<img decoding=\"async\" width=\"500\" height=\"500\" src=\"https:\/\/sites.ipleiria.pt\/pge\/files\/2024\/11\/mais-grafismos-site_Prancheta-1-02.png\" class=\"attachment-large size-large wp-image-2843\" alt=\"\" srcset=\"https:\/\/sites.ipleiria.pt\/pge\/files\/2024\/11\/mais-grafismos-site_Prancheta-1-02.png 500w, https:\/\/sites.ipleiria.pt\/pge\/files\/2024\/11\/mais-grafismos-site_Prancheta-1-02-300x300.png 300w, https:\/\/sites.ipleiria.pt\/pge\/files\/2024\/11\/mais-grafismos-site_Prancheta-1-02-150x150.png 150w\" sizes=\"(max-width: 500px) 100vw, 500px\" \/>\t\t\t\t\t\t\t\t<\/a>\n\t\t\t\t\t\t\t\t\t\t\t\t\t\t\t<\/div>\n\t\t\t\t<\/div>\n\t\t\t\t<div class=\"elementor-element elementor-element-80134de elementor-widget elementor-widget-text-editor\" data-id=\"80134de\" data-element_type=\"widget\" data-widget_type=\"text-editor.default\">\n\t\t\t\t<div class=\"elementor-widget-container\">\n\t\t\t\t\t\t\t\t\t<p>EMDA<\/p>\t\t\t\t\t\t\t\t<\/div>\n\t\t\t\t<\/div>\n\t\t\t\t<\/div>\n\t\t<div class=\"elementor-element elementor-element-246eb2d e-con-full e-flex e-con e-child\" data-id=\"246eb2d\" data-element_type=\"container\">\n\t\t\t\t<div class=\"elementor-element elementor-element-a4e20c0 elementor-widget elementor-widget-image\" data-id=\"a4e20c0\" data-element_type=\"widget\" data-widget_type=\"image.default\">\n\t\t\t\t<div class=\"elementor-widget-container\">\n\t\t\t\t\t\t\t\t\t\t\t\t\t\t\t\t<a href=\"https:\/\/sites.ipleiria.pt\/pge\/encontros-nacionais-sobre-discurso-academico\/\">\n\t\t\t\t\t\t\t<img decoding=\"async\" width=\"500\" height=\"500\" src=\"https:\/\/sites.ipleiria.pt\/pge\/files\/2024\/11\/mais-grafismos-site_Prancheta-1-05.png\" class=\"attachment-large size-large wp-image-2846\" alt=\"\" srcset=\"https:\/\/sites.ipleiria.pt\/pge\/files\/2024\/11\/mais-grafismos-site_Prancheta-1-05.png 500w, https:\/\/sites.ipleiria.pt\/pge\/files\/2024\/11\/mais-grafismos-site_Prancheta-1-05-300x300.png 300w, https:\/\/sites.ipleiria.pt\/pge\/files\/2024\/11\/mais-grafismos-site_Prancheta-1-05-150x150.png 150w\" sizes=\"(max-width: 500px) 100vw, 500px\" \/>\t\t\t\t\t\t\t\t<\/a>\n\t\t\t\t\t\t\t\t\t\t\t\t\t\t\t<\/div>\n\t\t\t\t<\/div>\n\t\t\t\t<div class=\"elementor-element elementor-element-4518338 elementor-widget elementor-widget-text-editor\" data-id=\"4518338\" data-element_type=\"widget\" data-widget_type=\"text-editor.default\">\n\t\t\t\t<div class=\"elementor-widget-container\">\n\t\t\t\t\t\t\t\t\t<p>ENDA<\/p>\t\t\t\t\t\t\t\t<\/div>\n\t\t\t\t<\/div>\n\t\t\t\t<\/div>\n\t\t<div class=\"elementor-element elementor-element-bbf1bcb e-con-full e-flex e-con e-child\" data-id=\"bbf1bcb\" data-element_type=\"container\">\n\t\t\t\t<div class=\"elementor-element elementor-element-d31d205 elementor-widget elementor-widget-image\" data-id=\"d31d205\" data-element_type=\"widget\" data-widget_type=\"image.default\">\n\t\t\t\t<div class=\"elementor-widget-container\">\n\t\t\t\t\t\t\t\t\t\t\t\t\t\t\t\t<a href=\"https:\/\/sites.ipleiria.pt\/pge\/outros\/\">\n\t\t\t\t\t\t\t<img loading=\"lazy\" decoding=\"async\" width=\"500\" height=\"500\" src=\"https:\/\/sites.ipleiria.pt\/pge\/files\/2024\/12\/mais-grafismos-site-1.png\" class=\"attachment-large size-large wp-image-3423\" alt=\"\" srcset=\"https:\/\/sites.ipleiria.pt\/pge\/files\/2024\/12\/mais-grafismos-site-1.png 500w, https:\/\/sites.ipleiria.pt\/pge\/files\/2024\/12\/mais-grafismos-site-1-300x300.png 300w, https:\/\/sites.ipleiria.pt\/pge\/files\/2024\/12\/mais-grafismos-site-1-150x150.png 150w\" sizes=\"(max-width: 500px) 100vw, 500px\" \/>\t\t\t\t\t\t\t\t<\/a>\n\t\t\t\t\t\t\t\t\t\t\t\t\t\t\t<\/div>\n\t\t\t\t<\/div>\n\t\t\t\t<div class=\"elementor-element elementor-element-6016041 elementor-widget elementor-widget-text-editor\" data-id=\"6016041\" data-element_type=\"widget\" data-widget_type=\"text-editor.default\">\n\t\t\t\t<div class=\"elementor-widget-container\">\n\t\t\t\t\t\t\t\t\t<p>Outros<\/p>\t\t\t\t\t\t\t\t<\/div>\n\t\t\t\t<\/div>\n\t\t\t\t<\/div>\n\t\t\t\t\t<\/div>\n\t\t\t\t<\/div>\n\t\t<div class=\"elementor-element elementor-element-db60efd e-flex e-con-boxed e-con e-parent\" data-id=\"db60efd\" data-element_type=\"container\">\n\t\t\t\t\t<div class=\"e-con-inner\">\n\t\t<div class=\"elementor-element elementor-element-3f867c4 e-con-full e-flex e-con e-child\" data-id=\"3f867c4\" data-element_type=\"container\">\n\t\t\t\t<div class=\"elementor-element elementor-element-c1f5824 elementor-widget elementor-widget-image\" data-id=\"c1f5824\" data-element_type=\"widget\" data-widget_type=\"image.default\">\n\t\t\t\t<div class=\"elementor-widget-container\">\n\t\t\t\t\t\t\t\t\t\t\t\t\t\t\t<img loading=\"lazy\" decoding=\"async\" width=\"866\" height=\"172\" src=\"https:\/\/sites.ipleiria.pt\/pge\/files\/2024\/12\/grafismos-site-3-28.png\" class=\"attachment-large size-large wp-image-3047\" alt=\"\" srcset=\"https:\/\/sites.ipleiria.pt\/pge\/files\/2024\/12\/grafismos-site-3-28.png 866w, https:\/\/sites.ipleiria.pt\/pge\/files\/2024\/12\/grafismos-site-3-28-300x60.png 300w, https:\/\/sites.ipleiria.pt\/pge\/files\/2024\/12\/grafismos-site-3-28-768x153.png 768w\" sizes=\"(max-width: 866px) 100vw, 866px\" \/>\t\t\t\t\t\t\t\t\t\t\t\t\t\t\t<\/div>\n\t\t\t\t<\/div>\n\t\t\t\t<\/div>\n\t\t\t\t\t<\/div>\n\t\t\t\t<\/div>\n\t\t\t\t<\/div>\n\t\t","protected":false},"excerpt":{"rendered":"<p>Eventos Nesta p\u00e1gina, s\u00e3o apresentadas v\u00e1rias atividades p\u00fablicas desenvolvidas pelo grupo Discurso e Pr\u00e1ticas Discursivas Acad\u00e9micas (DPDA), nomeadamente v\u00eddeos de todas as edi\u00e7\u00f5es dos Encontros Mensais sobre Discurso Acad\u00e9mico (EMDA), cartazes e informa\u00e7\u00f5es sobre os Encontros Nacionais sobre Discurso Acad\u00e9mico (ENDA) j\u00e1 realizados e outras iniciativas concretizadas. EMDA ENDA Outros<\/p>\n","protected":false},"author":5904,"featured_media":0,"parent":0,"menu_order":0,"comment_status":"closed","ping_status":"closed","template":"page-templates\/template-pagebuilder-full-width.php","meta":{"om_disable_all_campaigns":false,"_monsterinsights_skip_tracking":false,"_monsterinsights_sitenote_active":false,"_monsterinsights_sitenote_note":"","_monsterinsights_sitenote_category":0,"neve_meta_sidebar":"","neve_meta_container":"","neve_meta_enable_content_width":"","neve_meta_content_width":0,"neve_meta_title_alignment":"","neve_meta_author_avatar":"","neve_post_elements_order":"","neve_meta_disable_header":"","neve_meta_disable_footer":"","neve_meta_disable_title":"","footnotes":""},"class_list":["post-3289","page","type-page","status-publish","hentry"],"aioseo_notices":[],"_links":{"self":[{"href":"https:\/\/sites.ipleiria.pt\/pge\/wp-json\/wp\/v2\/pages\/3289","targetHints":{"allow":["GET"]}}],"collection":[{"href":"https:\/\/sites.ipleiria.pt\/pge\/wp-json\/wp\/v2\/pages"}],"about":[{"href":"https:\/\/sites.ipleiria.pt\/pge\/wp-json\/wp\/v2\/types\/page"}],"author":[{"embeddable":true,"href":"https:\/\/sites.ipleiria.pt\/pge\/wp-json\/wp\/v2\/users\/5904"}],"replies":[{"embeddable":true,"href":"https:\/\/sites.ipleiria.pt\/pge\/wp-json\/wp\/v2\/comments?post=3289"}],"version-history":[{"count":19,"href":"https:\/\/sites.ipleiria.pt\/pge\/wp-json\/wp\/v2\/pages\/3289\/revisions"}],"predecessor-version":[{"id":4256,"href":"https:\/\/sites.ipleiria.pt\/pge\/wp-json\/wp\/v2\/pages\/3289\/revisions\/4256"}],"wp:attachment":[{"href":"https:\/\/sites.ipleiria.pt\/pge\/wp-json\/wp\/v2\/media?parent=3289"}],"curies":[{"name":"wp","href":"https:\/\/api.w.org\/{rel}","templated":true}]}}