{"id":4193,"date":"2025-06-20T14:01:39","date_gmt":"2025-06-20T14:01:39","guid":{"rendered":"https:\/\/sites.ipleiria.pt\/pge\/?page_id=4193"},"modified":"2025-06-23T14:13:13","modified_gmt":"2025-06-23T14:13:13","slug":"texto-argumentativo","status":"publish","type":"page","link":"https:\/\/sites.ipleiria.pt\/pge\/texto-argumentativo\/","title":{"rendered":"Texto Argumentativo"},"content":{"rendered":"\t\t<div data-elementor-type=\"wp-page\" data-elementor-id=\"4193\" class=\"elementor elementor-4193\">\n\t\t\t\t<div class=\"elementor-element elementor-element-4acc6af e-flex e-con-boxed e-con e-parent\" data-id=\"4acc6af\" data-element_type=\"container\">\n\t\t\t\t\t<div class=\"e-con-inner\">\n\t\t<div class=\"elementor-element elementor-element-e135ab4 e-con-full e-flex e-con e-child\" data-id=\"e135ab4\" data-element_type=\"container\">\n\t\t\t\t<div class=\"elementor-element elementor-element-a894603 elementor-widget-divider--view-line elementor-widget elementor-widget-divider\" data-id=\"a894603\" data-element_type=\"widget\" data-widget_type=\"divider.default\">\n\t\t\t\t<div class=\"elementor-widget-container\">\n\t\t\t\t\t\t\t<div class=\"elementor-divider\">\n\t\t\t<span class=\"elementor-divider-separator\">\n\t\t\t\t\t\t<\/span>\n\t\t<\/div>\n\t\t\t\t\t\t<\/div>\n\t\t\t\t<\/div>\n\t\t\t\t<\/div>\n\t\t<div class=\"elementor-element elementor-element-9727e6b e-con-full e-flex e-con e-child\" data-id=\"9727e6b\" data-element_type=\"container\">\n\t\t<div class=\"elementor-element elementor-element-7b3c142 e-con-full e-flex e-con e-child\" data-id=\"7b3c142\" data-element_type=\"container\">\n\t\t\t\t<div class=\"elementor-element elementor-element-8e9f00a elementor-widget elementor-widget-image\" data-id=\"8e9f00a\" data-element_type=\"widget\" data-widget_type=\"image.default\">\n\t\t\t\t<div class=\"elementor-widget-container\">\n\t\t\t\t\t\t\t\t\t\t\t\t\t\t\t<img fetchpriority=\"high\" decoding=\"async\" width=\"866\" height=\"172\" src=\"https:\/\/sites.ipleiria.pt\/pge\/files\/2024\/12\/grafismos-site-3-27.png\" class=\"attachment-large size-large wp-image-3046\" alt=\"\" srcset=\"https:\/\/sites.ipleiria.pt\/pge\/files\/2024\/12\/grafismos-site-3-27.png 866w, https:\/\/sites.ipleiria.pt\/pge\/files\/2024\/12\/grafismos-site-3-27-300x60.png 300w, https:\/\/sites.ipleiria.pt\/pge\/files\/2024\/12\/grafismos-site-3-27-768x153.png 768w\" sizes=\"(max-width: 866px) 100vw, 866px\" \/>\t\t\t\t\t\t\t\t\t\t\t\t\t\t\t<\/div>\n\t\t\t\t<\/div>\n\t\t\t\t<\/div>\n\t\t\t\t<div class=\"elementor-element elementor-element-ddc7465 elementor-widget elementor-widget-heading\" data-id=\"ddc7465\" data-element_type=\"widget\" data-widget_type=\"heading.default\">\n\t\t\t\t<div class=\"elementor-widget-container\">\n\t\t\t\t\t<h2 class=\"elementor-heading-title elementor-size-default\">Tipo de texto argumentativo<\/h2>\t\t\t\t<\/div>\n\t\t\t\t<\/div>\n\t\t\t\t<\/div>\n\t\t<div class=\"elementor-element elementor-element-d3e5a24 e-con-full e-flex e-con e-child\" data-id=\"d3e5a24\" data-element_type=\"container\">\n\t\t\t\t<div class=\"elementor-element elementor-element-5684944 elementor-widget elementor-widget-text-editor\" data-id=\"5684944\" data-element_type=\"widget\" data-widget_type=\"text-editor.default\">\n\t\t\t\t<div class=\"elementor-widget-container\">\n\t\t\t\t\t\t\t\t\t<p style=\"font-weight: 400;\">Na ace\u00e7\u00e3o exposta nesta entrada, o tipo \u201c<strong>argumentativo\u201d<\/strong> refere-se a textos cujo objetivo principal consiste em convencer ou persuadir os destinat\u00e1rios a adotar uma determinada posi\u00e7\u00e3o ou a agir de determinada maneira. Nesta conce\u00e7\u00e3o, os tipos de textos (ver <strong>Tipo de texto<\/strong>) s\u00e3o definidos com base em dois crit\u00e9rios: no mecanismo cognitivo envolvido na produ\u00e7\u00e3o textual e no objetivo sociocomunicativo que o seu autor visa atingir. Em textos de tipo argumentativo, o processo de persuas\u00e3o assenta no mecanismo cognitivo de avalia\u00e7\u00e3o, num primeiro momento, seguido da tomada de posi\u00e7\u00e3o relativamente a um dado assunto. Por isso, o autor procura selecionar os argumentos mais fortes e v\u00e1lidos que apoiem a sua tese, o que envolve a considera\u00e7\u00e3o de valores e cren\u00e7as do locutor e da sua audi\u00eancia, dado que isso influencia a sele\u00e7\u00e3o dos argumentos expostos.<\/p><p style=\"font-weight: 400;\">Na maior parte dos casos, identificar o seu objetivo e o mecanismo cognitivo que lhe subjaz requer o reconhecimento da organiza\u00e7\u00e3o textual dos conte\u00fados e de alguns mecanismos lingu\u00edsticos que nele ocorrem. No que diz respeito \u00e0 estrutura\u00e7\u00e3o, em textos deste tipo, s\u00e3o apresentadas ideias com a inten\u00e7\u00e3o de promover uma dada tese ou conclus\u00e3o. Assim, em cada texto argumentativo, exp\u00f5e-se uma ou mais premissas que s\u00e3o usadas como argumentos que fundamentam determinada opini\u00e3o ou ponto de vista.<\/p><p style=\"font-weight: 400;\">Quanto aos mecanismos lingu\u00edsticos mais frequentemente atestados em textos deste tipo, contam-se os conectores de significado l\u00f3gico-causal (<em>porque, por isso, desse modo, portanto, pois, <\/em>etc.) e concessivo (<em>embora, apesar de<\/em>, <em>ainda que, mesmo que,<\/em> etc.), que relacionam os conte\u00fados manifestados, ligando, por exemplo, as premissas e as conclus\u00f5es ou articulando argumentos e contra-argumentos. Tamb\u00e9m s\u00e3o usados modificadores de atenua\u00e7\u00e3o (<em>possivelmente, na minha opini\u00e3o<\/em>, etc.) e de intensifica\u00e7\u00e3o (<em>indiscutivelmente, sem d\u00favida, <\/em>etc.), que suavizam ou fortalecem o impacto das asser\u00e7\u00f5es. De igual modo, predomina geralmente o uso de formas verbais flexionadas no presente do indicativo, com valor gen\u00e9rico ou gn\u00f3mico, o que contribui para refor\u00e7ar a assertividade e a objetividade dos conte\u00fados expostos.<\/p><p style=\"font-weight: 400;\">Apesar das caracter\u00edsticas espec\u00edficas inerentes aos textos argumentativos, a sua identifica\u00e7\u00e3o pode n\u00e3o ser evidente, sobretudo quando se combinam com outros tipos. Os textos expositivos, por exemplo, tamb\u00e9m apresentam, regra geral, uma estrutura l\u00f3gica reconhec\u00edvel e incluem mecanismos lingu\u00edsticos semelhantes. Nesse sentido, \u00e9 recomend\u00e1vel identificar o principal objetivo inerente a cada tipo textual, ainda que eles possam sobrepor-se parcialmente: convencer ou persuadir os destinat\u00e1rios (no caso do texto argumentativo) e inform\u00e1-los ou esclarec\u00ea-los acerca de um dado t\u00f3pico (no caso do texto expositivo).<\/p><p style=\"font-weight: 400;\">A este prop\u00f3sito, vale a pena acrescentar que a estrutura de um texto predominantemente argumentativo reflete o objetivo de apresentar argumentos que fundamentam uma tese, mesmo que segmentos de outros tipos textuais (como o narrativo ou o descritivo) possam ser usados para ilustrar ou contextualizar a argumenta\u00e7\u00e3o exposta. Assim, na maioria dos casos, deve dizer-se que um texto \u00e9 predominantemente de tipo argumentativo; no entanto, nele, podem ocorrer tamb\u00e9m segmentos de tipo narrativo, descritivo ou expositivo.<\/p><p style=\"font-weight: 400;\">Procurando cruzar os conceitos de tipo de texto (ver <strong>Tipo de texto<\/strong>) e de g\u00e9nero (ver <strong>G\u00e9nero<\/strong>), observa-se que os textos de alguns g\u00e9neros s\u00e3o predominantemente de tipo argumentativo, como, por exemplo, a interven\u00e7\u00e3o ou discurso pol\u00edtico (em campanha eleitoral, na assembleia da rep\u00fablica, em confer\u00eancia de imprensa, etc.), o editorial, o artigo de opini\u00e3o, o an\u00fancio publicit\u00e1rio e o ensaio acad\u00e9mico. Em todos eles, o principal objetivo e o mecanismo cognitivo subjacente correspondem aos do tipo argumentativo, embora possam tamb\u00e9m conter segmentos textuais de outros tipos.<\/p><p style=\"font-weight: 400;\">Esta conce\u00e7\u00e3o corresponde \u00e0 perspetiva das chamadas Gram\u00e1ticas Textuais. No \u00e2mbito dessa \u00e1rea de investiga\u00e7\u00e3o, Egon Werlich (1983) prop\u00f4s uma classifica\u00e7\u00e3o textual que prev\u00ea cinco tipos de textos: narrativo, descritivo, argumentativo, expositivo e instrucional (ver <strong>Tipo de texto<\/strong>).<\/p><p style=\"font-weight: 400;\"><strong>Refer\u00eancia<\/strong><\/p><p style=\"font-weight: 400;\">Silva, P. N. (2012).<em> Tipologias textuais. Como classificar textos e sequ\u00eancias<\/em>. Livraria Almedina\/CELGA.<\/p><p style=\"font-weight: 400;\">Werlich, E. (1983). <em>A textual grammar of English<\/em> (2<sup>nd<\/sup> ed.). Quelle &amp; Meyer.<\/p><p style=\"font-weight: 400;\"><strong>Forma de referencia\u00e7\u00e3o sugerida<\/strong><\/p><p style=\"font-weight: 400;\">Silva, P. N. (2025). Tipo de texto argumentativo. <a href=\"https:\/\/sites.ipleiria.pt\/pge\/texto-argumentativo\/\">https:\/\/sites.ipleiria.pt\/pge\/texto-argumentativo\/<\/a><\/p>\t\t\t\t\t\t\t\t<\/div>\n\t\t\t\t<\/div>\n\t\t\t\t<\/div>\n\t\t<div class=\"elementor-element elementor-element-158b400 e-con-full e-flex e-con e-child\" data-id=\"158b400\" data-element_type=\"container\">\n\t\t<div class=\"elementor-element elementor-element-2000dc5 e-con-full e-flex e-con e-child\" data-id=\"2000dc5\" data-element_type=\"container\">\n\t\t\t\t<div class=\"elementor-element elementor-element-d834260 elementor-widget elementor-widget-image\" data-id=\"d834260\" data-element_type=\"widget\" data-widget_type=\"image.default\">\n\t\t\t\t<div class=\"elementor-widget-container\">\n\t\t\t\t\t\t\t\t\t\t\t\t\t\t\t<img decoding=\"async\" width=\"866\" height=\"172\" src=\"https:\/\/sites.ipleiria.pt\/pge\/files\/2024\/12\/grafismos-site-3-28.png\" class=\"attachment-large size-large wp-image-3047\" alt=\"\" srcset=\"https:\/\/sites.ipleiria.pt\/pge\/files\/2024\/12\/grafismos-site-3-28.png 866w, https:\/\/sites.ipleiria.pt\/pge\/files\/2024\/12\/grafismos-site-3-28-300x60.png 300w, https:\/\/sites.ipleiria.pt\/pge\/files\/2024\/12\/grafismos-site-3-28-768x153.png 768w\" sizes=\"(max-width: 866px) 100vw, 866px\" \/>\t\t\t\t\t\t\t\t\t\t\t\t\t\t\t<\/div>\n\t\t\t\t<\/div>\n\t\t\t\t<\/div>\n\t\t\t\t<\/div>\n\t\t\t\t\t<\/div>\n\t\t\t\t<\/div>\n\t\t\t\t<\/div>\n\t\t","protected":false},"excerpt":{"rendered":"<p>Tipo de texto argumentativo Na ace\u00e7\u00e3o exposta nesta entrada, o tipo \u201cargumentativo\u201d refere-se a textos cujo objetivo principal consiste em convencer ou persuadir os destinat\u00e1rios a adotar uma determinada posi\u00e7\u00e3o ou a agir de determinada maneira. Nesta conce\u00e7\u00e3o, os tipos de textos (ver Tipo de texto) s\u00e3o definidos com base em dois crit\u00e9rios: no mecanismo&hellip;&nbsp;<a href=\"https:\/\/sites.ipleiria.pt\/pge\/texto-argumentativo\/\" rel=\"bookmark\">Ler mais &raquo;<span class=\"screen-reader-text\">Texto Argumentativo<\/span><\/a><\/p>\n","protected":false},"author":102,"featured_media":0,"parent":0,"menu_order":0,"comment_status":"closed","ping_status":"closed","template":"page-templates\/template-pagebuilder-full-width.php","meta":{"om_disable_all_campaigns":false,"_monsterinsights_skip_tracking":false,"_monsterinsights_sitenote_active":false,"_monsterinsights_sitenote_note":"","_monsterinsights_sitenote_category":0,"neve_meta_sidebar":"","neve_meta_container":"","neve_meta_enable_content_width":"","neve_meta_content_width":0,"neve_meta_title_alignment":"","neve_meta_author_avatar":"","neve_post_elements_order":"","neve_meta_disable_header":"","neve_meta_disable_footer":"","neve_meta_disable_title":"","footnotes":""},"class_list":["post-4193","page","type-page","status-publish","hentry"],"aioseo_notices":[],"_links":{"self":[{"href":"https:\/\/sites.ipleiria.pt\/pge\/wp-json\/wp\/v2\/pages\/4193","targetHints":{"allow":["GET"]}}],"collection":[{"href":"https:\/\/sites.ipleiria.pt\/pge\/wp-json\/wp\/v2\/pages"}],"about":[{"href":"https:\/\/sites.ipleiria.pt\/pge\/wp-json\/wp\/v2\/types\/page"}],"author":[{"embeddable":true,"href":"https:\/\/sites.ipleiria.pt\/pge\/wp-json\/wp\/v2\/users\/102"}],"replies":[{"embeddable":true,"href":"https:\/\/sites.ipleiria.pt\/pge\/wp-json\/wp\/v2\/comments?post=4193"}],"version-history":[{"count":8,"href":"https:\/\/sites.ipleiria.pt\/pge\/wp-json\/wp\/v2\/pages\/4193\/revisions"}],"predecessor-version":[{"id":4303,"href":"https:\/\/sites.ipleiria.pt\/pge\/wp-json\/wp\/v2\/pages\/4193\/revisions\/4303"}],"wp:attachment":[{"href":"https:\/\/sites.ipleiria.pt\/pge\/wp-json\/wp\/v2\/media?parent=4193"}],"curies":[{"name":"wp","href":"https:\/\/api.w.org\/{rel}","templated":true}]}}