{"id":16,"date":"2012-11-21T17:42:30","date_gmt":"2012-11-21T17:42:30","guid":{"rendered":"http:\/\/sites.ipleiria.pt\/pimpumplay\/?page_id=16"},"modified":"2012-11-23T09:46:02","modified_gmt":"2012-11-23T09:46:02","slug":"playing-leiria","status":"publish","type":"page","link":"https:\/\/sites.ipleiria.pt\/pimpumplay\/playing-leiria\/","title":{"rendered":"Programa do Playing Leiria"},"content":{"rendered":"<table width=\"848\" border=\"1\">\n<tbody>\n<tr>\n<td style=\"text-align: center\"><strong>Hora<\/strong><\/td>\n<td style=\"text-align: center\"><strong>Dia 23<\/strong><\/td>\n<td style=\"text-align: center\"><strong>Dia 24<\/strong><\/td>\n<td style=\"text-align: center\"><strong>Dia 25<\/strong><\/td>\n<\/tr>\n<tr bgcolor=\"#99ccff\">\n<td>\u00a009h30<\/td>\n<td>Workshops de xadrez<\/td>\n<td>Workshops de xadrez<\/td>\n<td>Workshops de xadrez<br \/>\nMomentos Gymboree<\/td>\n<\/tr>\n<tr>\n<td>\u00a010h00<\/td>\n<td>Momentos Gymboree<\/td>\n<td>Atividades desportivas Bairro dos Anjos<\/td>\n<td>Mini-torneio de xadrez<br \/>\n(sujeito a inscri\u00e7\u00e3o e confirma\u00e7\u00e3o)<\/td>\n<\/tr>\n<tr bgcolor=\"#99ccff\">\n<td>\u00a010h30<\/td>\n<td>Aprende com Os Malmequeres<\/td>\n<td>Dinamiza\u00e7\u00f5es LeiriaCon<\/td>\n<td>Atividades desportivas Bairro dos Anjos<\/td>\n<\/tr>\n<tr>\n<td>\u00a011h00<\/td>\n<td>Apresenta\u00e7\u00e3o 5\u00ba Imp\u00e9rio (escolas)<\/td>\n<td>Hist\u00f3rias animadas com bonecos de l\u00e3<\/td>\n<td>Apresenta\u00e7\u00e3o 5\u00ba Imp\u00e9rio<\/td>\n<\/tr>\n<tr bgcolor=\"#99ccff\">\n<td>\u00a011h30<\/td>\n<td>Hist\u00f3rias animadas com bonecos de l\u00e3<\/td>\n<td>Apresenta\u00e7\u00e3o de jogos Editora Gostar<\/td>\n<td>Hist\u00f3rias animadas com bonecos de l\u00e3<\/td>\n<\/tr>\n<tr>\n<td>\u00a012h00<\/td>\n<td>Jogos tradicionais<\/td>\n<td>Jogos tradicionais<\/td>\n<td>Apresenta\u00e7\u00e3o de jogos Editora Gostar<\/td>\n<\/tr>\n<tr bgcolor=\"#99ccff\">\n<td>\u00a012h30<\/td>\n<td><\/td>\n<td><\/td>\n<td>Jogos tradicionais<\/td>\n<\/tr>\n<tr>\n<td><\/td>\n<td><\/td>\n<td><\/td>\n<td><\/td>\n<\/tr>\n<tr bgcolor=\"#99ccff\">\n<td>\u00a014h00<\/td>\n<td>Aprende com Os Malmequeres<\/td>\n<td>Hist\u00f3rias animadas com bonecos de l\u00e3<\/td>\n<td>Hist\u00f3rias animadas com bonecos de l\u00e3<\/td>\n<\/tr>\n<tr>\n<td>\u00a014h30<\/td>\n<td>Momentos Gymboree<\/td>\n<td><\/td>\n<td>Momentos Gymboree<\/td>\n<\/tr>\n<tr bgcolor=\"#99ccff\">\n<td>15h00<\/td>\n<td>Apresenta\u00e7\u00e3o 5\u00ba Imp\u00e9rio (escolas)<\/td>\n<td>Apresenta\u00e7\u00e3o 5\u00ba Imp\u00e9rio<\/td>\n<td>Jogos tradicionais<\/td>\n<\/tr>\n<tr>\n<td>15h30<\/td>\n<td>Jogos tradicionais<\/td>\n<td>Jogos tradicionais<\/td>\n<td><\/td>\n<\/tr>\n<tr bgcolor=\"#99ccff\">\n<td>16h00<\/td>\n<td>Dinamiza\u00e7\u00f5es LeiriaCon<\/td>\n<td><\/td>\n<td>Apresenta\u00e7\u00e3o 5\u00ba Imp\u00e9rio<\/td>\n<\/tr>\n<tr>\n<td>16h30<\/td>\n<td>Jogos tradicionais<\/td>\n<td>Apresenta\u00e7\u00e3o de jogos Editora Gostar<\/td>\n<td>Jogos tradicionais<\/td>\n<\/tr>\n<tr bgcolor=\"#99ccff\">\n<td>17h00<\/td>\n<td>Apresenta\u00e7\u00e3o de jogos Editora Gostar<\/td>\n<td>Atividades desportivas Bairro dos Anjos<\/td>\n<td>Apresenta\u00e7\u00e3o de jogos Editora Gostar<\/td>\n<\/tr>\n<tr>\n<td>17h30<\/td>\n<td><\/td>\n<td><\/td>\n<td>Dinamiza\u00e7\u00f5es LeiriaCon<\/td>\n<\/tr>\n<tr bgcolor=\"#99ccff\">\n<td>18h00<\/td>\n<td>Apresenta\u00e7\u00e3o 5\u00ba Imp\u00e9rio<\/td>\n<td>Apresenta\u00e7\u00e3o 5\u00ba Imp\u00e9rio<\/td>\n<td><\/td>\n<\/tr>\n<tr>\n<td>19h00<\/td>\n<td><\/td>\n<td>Dinamiza\u00e7\u00f5es LeiriaCon<\/td>\n<td><\/td>\n<\/tr>\n<tr bgcolor=\"#99ccff\">\n<td>19h30<\/td>\n<td>Oficina: DMUSE<br \/>\n(sujeito a inscri\u00e7\u00e3o)<\/td>\n<td><\/td>\n<td><\/td>\n<\/tr>\n<tr>\n<td>21h00<\/td>\n<td>Encerramento<\/td>\n<td>Encerramento<\/td>\n<td>Encerramento<\/td>\n<\/tr>\n<\/tbody>\n<\/table>\n<p><a href=\"http:\/\/sites.ipleiria.pt\/pimpumplay\/files\/2012\/11\/ProgramaPlayingLeiria1.pdf\">Programa detalhado do Festival Playing Leiria<\/a><\/p>\n","protected":false},"excerpt":{"rendered":"<p>Hora Dia 23 Dia 24 Dia 25 \u00a009h30 Workshops de xadrez Workshops de xadrez Workshops de xadrez Momentos Gymboree \u00a010h00 Momentos Gymboree Atividades desportivas Bairro dos Anjos Mini-torneio de xadrez (sujeito a inscri\u00e7\u00e3o e confirma\u00e7\u00e3o) \u00a010h30 Aprende com Os Malmequeres &hellip; <a href=\"https:\/\/sites.ipleiria.pt\/pimpumplay\/playing-leiria\/\">Continue reading <span class=\"meta-nav\">&rarr;<\/span><\/a><\/p>\n","protected":false},"author":102,"featured_media":0,"parent":0,"menu_order":2,"comment_status":"closed","ping_status":"closed","template":"sidebar-page.php","meta":{"footnotes":""},"class_list":["post-16","page","type-page","status-publish","hentry"],"_links":{"self":[{"href":"https:\/\/sites.ipleiria.pt\/pimpumplay\/wp-json\/wp\/v2\/pages\/16","targetHints":{"allow":["GET"]}}],"collection":[{"href":"https:\/\/sites.ipleiria.pt\/pimpumplay\/wp-json\/wp\/v2\/pages"}],"about":[{"href":"https:\/\/sites.ipleiria.pt\/pimpumplay\/wp-json\/wp\/v2\/types\/page"}],"author":[{"embeddable":true,"href":"https:\/\/sites.ipleiria.pt\/pimpumplay\/wp-json\/wp\/v2\/users\/102"}],"replies":[{"embeddable":true,"href":"https:\/\/sites.ipleiria.pt\/pimpumplay\/wp-json\/wp\/v2\/comments?post=16"}],"version-history":[{"count":10,"href":"https:\/\/sites.ipleiria.pt\/pimpumplay\/wp-json\/wp\/v2\/pages\/16\/revisions"}],"predecessor-version":[{"id":67,"href":"https:\/\/sites.ipleiria.pt\/pimpumplay\/wp-json\/wp\/v2\/pages\/16\/revisions\/67"}],"wp:attachment":[{"href":"https:\/\/sites.ipleiria.pt\/pimpumplay\/wp-json\/wp\/v2\/media?parent=16"}],"curies":[{"name":"wp","href":"https:\/\/api.w.org\/{rel}","templated":true}]}}