{"id":18,"date":"2012-11-21T17:42:51","date_gmt":"2012-11-21T17:42:51","guid":{"rendered":"http:\/\/sites.ipleiria.pt\/pimpumplay\/?page_id=18"},"modified":"2012-11-25T17:56:43","modified_gmt":"2012-11-25T17:56:43","slug":"ficha-tecnica","status":"publish","type":"page","link":"https:\/\/sites.ipleiria.pt\/pimpumplay\/ficha-tecnica\/","title":{"rendered":"Ficha T\u00e9cnica"},"content":{"rendered":"<p><strong>Organiza\u00e7\u00e3o<\/strong>:<br \/>\nPimPumPlay<\/p>\n<p><strong>Cobertura dos eventos:<br \/>\n<\/strong>Escola Superior de Educa\u00e7\u00e3o e Ci\u00eancias Sociais &#8211; Instituto Polit\u00e9cnico de Leiria<br \/>\nEquipa de alunos\u00a0de Comunica\u00e7\u00e3o Social e Educa\u00e7\u00e3o Multim\u00e9dia:<\/p>\n<ul>\n<li>Ad\u00e9lia Fernandes<\/li>\n<li>Ana Sofia Nascimento<\/li>\n<li>Andresa Gromicho Cardoso<\/li>\n<li>Daniela Peralta<\/li>\n<li>Helena Isabel da Silva Cotovio<\/li>\n<li>Jana\u00edna Leite<\/li>\n<li>Joana Ribeiro<\/li>\n<li>M\u00e1rcio Lopes<\/li>\n<li>Marco Paredes<\/li>\n<li>Maria Moura<\/li>\n<li>Mariana Lopes<\/li>\n<li>Nuno Crespo<\/li>\n<li>Nuno Miguel Fernandes Ribeiro<\/li>\n<li>Patr\u00edcia Rocha<\/li>\n<li>Pedro Tiago<\/li>\n<li>Sofia Macedo<\/li>\n<\/ul>\n<p><strong>Apoios Playing Leiria<\/strong><br \/>\n<img loading=\"lazy\" decoding=\"async\" class=\"alignleft  wp-image-69\" src=\"http:\/\/sites.ipleiria.pt\/pimpumplay\/files\/2012\/11\/logos.jpg\" alt=\"\" width=\"583\" height=\"110\" srcset=\"https:\/\/sites.ipleiria.pt\/pimpumplay\/files\/2012\/11\/logos.jpg 583w, https:\/\/sites.ipleiria.pt\/pimpumplay\/files\/2012\/11\/logos-300x56.jpg 300w, https:\/\/sites.ipleiria.pt\/pimpumplay\/files\/2012\/11\/logos-500x94.jpg 500w\" sizes=\"auto, (max-width: 583px) 100vw, 583px\" \/><\/p>\n<p><strong>Apoios Semin\u00e1rio<\/strong><\/p>\n<div><strong><img loading=\"lazy\" decoding=\"async\" class=\"alignleft  wp-image-73\" src=\"http:\/\/sites.ipleiria.pt\/pimpumplay\/files\/2012\/11\/seminario.jpg\" alt=\"\" width=\"583\" height=\"148\" srcset=\"https:\/\/sites.ipleiria.pt\/pimpumplay\/files\/2012\/11\/seminario.jpg 583w, https:\/\/sites.ipleiria.pt\/pimpumplay\/files\/2012\/11\/seminario-300x76.jpg 300w, https:\/\/sites.ipleiria.pt\/pimpumplay\/files\/2012\/11\/seminario-500x126.jpg 500w\" sizes=\"auto, (max-width: 583px) 100vw, 583px\" \/><\/strong><\/div>\n","protected":false},"excerpt":{"rendered":"<p>Organiza\u00e7\u00e3o: PimPumPlay Cobertura dos eventos: Escola Superior de Educa\u00e7\u00e3o e Ci\u00eancias Sociais &#8211; Instituto Polit\u00e9cnico de Leiria Equipa de alunos\u00a0de Comunica\u00e7\u00e3o Social e Educa\u00e7\u00e3o Multim\u00e9dia: Ad\u00e9lia Fernandes Ana Sofia Nascimento Andresa Gromicho Cardoso Daniela Peralta Helena Isabel da Silva Cotovio &hellip; <a href=\"https:\/\/sites.ipleiria.pt\/pimpumplay\/ficha-tecnica\/\">Continue reading <span class=\"meta-nav\">&rarr;<\/span><\/a><\/p>\n","protected":false},"author":102,"featured_media":0,"parent":0,"menu_order":3,"comment_status":"closed","ping_status":"closed","template":"sidebar-page.php","meta":{"footnotes":""},"class_list":["post-18","page","type-page","status-publish","hentry"],"_links":{"self":[{"href":"https:\/\/sites.ipleiria.pt\/pimpumplay\/wp-json\/wp\/v2\/pages\/18","targetHints":{"allow":["GET"]}}],"collection":[{"href":"https:\/\/sites.ipleiria.pt\/pimpumplay\/wp-json\/wp\/v2\/pages"}],"about":[{"href":"https:\/\/sites.ipleiria.pt\/pimpumplay\/wp-json\/wp\/v2\/types\/page"}],"author":[{"embeddable":true,"href":"https:\/\/sites.ipleiria.pt\/pimpumplay\/wp-json\/wp\/v2\/users\/102"}],"replies":[{"embeddable":true,"href":"https:\/\/sites.ipleiria.pt\/pimpumplay\/wp-json\/wp\/v2\/comments?post=18"}],"version-history":[{"count":18,"href":"https:\/\/sites.ipleiria.pt\/pimpumplay\/wp-json\/wp\/v2\/pages\/18\/revisions"}],"predecessor-version":[{"id":173,"href":"https:\/\/sites.ipleiria.pt\/pimpumplay\/wp-json\/wp\/v2\/pages\/18\/revisions\/173"}],"wp:attachment":[{"href":"https:\/\/sites.ipleiria.pt\/pimpumplay\/wp-json\/wp\/v2\/media?parent=18"}],"curies":[{"name":"wp","href":"https:\/\/api.w.org\/{rel}","templated":true}]}}