{"id":2,"date":"2012-11-20T15:02:29","date_gmt":"2012-11-20T15:02:29","guid":{"rendered":"http:\/\/sites.ipleiria.pt\/pimpumplay\/?page_id=2"},"modified":"2012-11-23T09:45:56","modified_gmt":"2012-11-23T09:45:56","slug":"pagina-exemplo","status":"publish","type":"page","link":"https:\/\/sites.ipleiria.pt\/pimpumplay\/pagina-exemplo\/","title":{"rendered":"Programa do Semin\u00e1rio"},"content":{"rendered":"<table width=\"848px\">\n<tbody>\n<tr>\n<td style=\"text-align: center\" colspan=\"2\"><strong>sexta-feira | 23 de novembro<\/strong><\/td>\n<td style=\"text-align: center\"><strong>\u00a0<\/strong><\/td>\n<td style=\"text-align: center\" colspan=\"2\"><strong>s\u00e1bado | 24 de novembro<\/strong><\/td>\n<td><\/td>\n<\/tr>\n<tr bgcolor=\"#99ccff\">\n<td>08h30<\/td>\n<td>Secretariado<\/td>\n<td><\/td>\n<td><\/td>\n<td><\/td>\n<\/tr>\n<tr>\n<td>09h30<\/td>\n<td>Confer\u00eancia de Abertura<\/td>\n<td><\/td>\n<td>09h00<\/td>\n<td>Painel Azul<br \/>\nLet&#8217;s play&#8230;onde,quando e porqu\u00ea?<\/td>\n<\/tr>\n<tr bgcolor=\"#99ccff\">\n<td>10h30<\/td>\n<td>Intervalo<\/td>\n<td><\/td>\n<td>10h50<\/td>\n<td>Intervalo<\/td>\n<\/tr>\n<tr>\n<td>11h00<\/td>\n<td>Painel Amarelo<br \/>\nBrincar e jogar atrav\u00e9s dos tempos<\/td>\n<td><\/td>\n<td>11h20<\/td>\n<td>Painel Azul<br \/>\nLet&#8217;s play&#8230;onde,quando e porqu\u00ea?<\/td>\n<\/tr>\n<tr bgcolor=\"#99ccff\">\n<td>12h30<\/td>\n<td>Almo\u00e7o<\/td>\n<td><\/td>\n<td>12h45<\/td>\n<td>Almo\u00e7o<\/td>\n<\/tr>\n<tr>\n<td>14h00<\/td>\n<td>Workshops + Comunica\u00e7\u00f5es Livres + V\u00eddeos<\/td>\n<td><\/td>\n<td>14h00<\/td>\n<td>Workshops + Comunica\u00e7\u00f5es Livres + V\u00eddeos<\/td>\n<\/tr>\n<tr bgcolor=\"#99ccff\">\n<td>15h30<\/td>\n<td>Workshops + Comunica\u00e7\u00f5es Livres + V\u00eddeos<\/td>\n<td><\/td>\n<td>15h30<\/td>\n<td>Apresenta\u00e7\u00e3o dos posters pelos autores<br \/>\nWorkshops + V\u00eddeos<\/td>\n<\/tr>\n<tr>\n<td>17h00<\/td>\n<td>Intervalo<\/td>\n<td><\/td>\n<td>17h00<\/td>\n<td>Intervalo<\/td>\n<\/tr>\n<tr bgcolor=\"#99ccff\">\n<td>17h30<\/td>\n<td>Painel Verde<br \/>\nNovas formas e contextos de jogar e brincar<\/td>\n<td><\/td>\n<td>17h15<\/td>\n<td>Painel Vermelho<br \/>\nA brincar se constr\u00f3i o Mundo<\/td>\n<\/tr>\n<tr>\n<td>19h00<\/td>\n<td>Sess\u00e3o de encerramento<\/td>\n<td><\/td>\n<td>19h00<\/td>\n<td>Sess\u00e3o de encerramento<\/td>\n<\/tr>\n<\/tbody>\n<\/table>\n<p><a href=\"http:\/\/sites.ipleiria.pt\/pimpumplay\/files\/2012\/11\/programaSeminario.pdf\">Programa detalhado do Semin\u00e1rio<\/a><\/p>\n","protected":false},"excerpt":{"rendered":"<p>sexta-feira | 23 de novembro \u00a0 s\u00e1bado | 24 de novembro 08h30 Secretariado 09h30 Confer\u00eancia de Abertura 09h00 Painel Azul Let&#8217;s play&#8230;onde,quando e porqu\u00ea? 10h30 Intervalo 10h50 Intervalo 11h00 Painel Amarelo Brincar e jogar atrav\u00e9s dos tempos 11h20 Painel Azul &hellip; <a href=\"https:\/\/sites.ipleiria.pt\/pimpumplay\/pagina-exemplo\/\">Continue reading <span class=\"meta-nav\">&rarr;<\/span><\/a><\/p>\n","protected":false},"author":102,"featured_media":0,"parent":0,"menu_order":1,"comment_status":"closed","ping_status":"closed","template":"sidebar-page.php","meta":{"footnotes":""},"class_list":["post-2","page","type-page","status-publish","hentry"],"_links":{"self":[{"href":"https:\/\/sites.ipleiria.pt\/pimpumplay\/wp-json\/wp\/v2\/pages\/2","targetHints":{"allow":["GET"]}}],"collection":[{"href":"https:\/\/sites.ipleiria.pt\/pimpumplay\/wp-json\/wp\/v2\/pages"}],"about":[{"href":"https:\/\/sites.ipleiria.pt\/pimpumplay\/wp-json\/wp\/v2\/types\/page"}],"author":[{"embeddable":true,"href":"https:\/\/sites.ipleiria.pt\/pimpumplay\/wp-json\/wp\/v2\/users\/102"}],"replies":[{"embeddable":true,"href":"https:\/\/sites.ipleiria.pt\/pimpumplay\/wp-json\/wp\/v2\/comments?post=2"}],"version-history":[{"count":15,"href":"https:\/\/sites.ipleiria.pt\/pimpumplay\/wp-json\/wp\/v2\/pages\/2\/revisions"}],"predecessor-version":[{"id":66,"href":"https:\/\/sites.ipleiria.pt\/pimpumplay\/wp-json\/wp\/v2\/pages\/2\/revisions\/66"}],"wp:attachment":[{"href":"https:\/\/sites.ipleiria.pt\/pimpumplay\/wp-json\/wp\/v2\/media?parent=2"}],"curies":[{"name":"wp","href":"https:\/\/api.w.org\/{rel}","templated":true}]}}